{"id":947,"date":"2022-01-16T15:18:13","date_gmt":"2022-01-16T15:18:13","guid":{"rendered":"https:\/\/covid19-a-savoir.net\/?page_id=947"},"modified":"2022-01-16T16:17:30","modified_gmt":"2022-01-16T16:17:30","slug":"doctothon-special-enfants-temoignages-suite","status":"publish","type":"page","link":"https:\/\/covid19-a-savoir.net\/index.php\/doctothon-special-enfants-temoignages-suite\/","title":{"rendered":"Doctothon \u2013 Sp\u00e9cial enfants \u2013 TEMOIGNAGES (suite)"},"content":{"rendered":"<div id=\"dslc-theme-content\"><div id=\"dslc-theme-content-inner\">\n<p class=\"has-vivid-red-color has-text-color has-large-font-size\"><strong>Dr DARTEYE \u2013 p\u00e9diatre sp\u00e9cialiste en neurologie des enfants<\/strong><\/p>\n\n\n\n<figure class=\"wp-block-audio\"><audio controls src=\"https:\/\/covid19-a-savoir.net\/wp-content\/uploads\/2022\/01\/Dr-DARTEYE-pediatre-specialiste-neurologie-enfant-2.mp3\"><\/audio><\/figure>\n\n\n\n<p class=\"has-vivid-red-color has-text-color has-large-font-size\"><strong>Dr Benoit OCHS \u2013 m\u00e9decin \u2013 t\u00e9moigne de cas v\u00e9cus<\/strong><\/p>\n\n\n\n<p>M\u00e9decin qui a des ennuis avec l\u2019ordre des m\u00e9decins \u2013 Proc\u00e9dure au tribunal<\/p>\n\n\n\n<figure class=\"wp-block-audio\"><audio controls src=\"https:\/\/covid19-a-savoir.net\/wp-content\/uploads\/2022\/01\/Dr-DARTEYE-pediatre-specialiste-neurologie-enfant-3.mp3\"><\/audio><\/figure>\n\n\n\n<p class=\"has-vivid-red-color has-text-color has-large-font-size\"><strong>Dr NALPAS RIBIN &#8211; explique l&rsquo;addiction et le conditionnement<\/strong><\/p>\n\n\n\n<figure class=\"wp-block-audio\"><audio controls src=\"https:\/\/covid19-a-savoir.net\/wp-content\/uploads\/2022\/01\/Dr-NALPAS-RIBIN-addiction-et-conditionnement.mp3\"><\/audio><\/figure>\n\n\n\n<p class=\"has-vivid-red-color has-text-color has-large-font-size\"><strong>Laurent MONTESINA &#8211; r\u00e9animateur &#8211; Message fort aux parents<\/strong><\/p>\n\n\n\n<p class=\"has-medium-font-size\"><strong>Licenci\u00e9 pour ne pas \u00eatre vaccin\u00e9<\/strong><\/p>\n\n\n\n<figure class=\"wp-block-audio\"><audio controls src=\"https:\/\/covid19-a-savoir.net\/wp-content\/uploads\/2022\/01\/Dr-Laurent-MONTESINA-reanimateur-message-fort-aux-parents.mp3\"><\/audio><\/figure>\n<\/div><\/div>","protected":false},"excerpt":{"rendered":"<p>Dr DARTEYE \u2013 p\u00e9diatre sp\u00e9cialiste en neurologie des enfants Dr Benoit OCHS \u2013 m\u00e9decin \u2013 t\u00e9moigne de cas v\u00e9cus M\u00e9decin&#8230; <a href=\"https:\/\/covid19-a-savoir.net\/index.php\/doctothon-special-enfants-temoignages-suite\/\" class=\"readmore\">Read more<span class=\"screen-reader-text\">Doctothon \u2013 Sp\u00e9cial enfants \u2013 TEMOIGNAGES (suite)<\/span><span class=\"fa fa-angle-double-right\" aria-hidden=\"true\"><\/span><\/a><\/p>\n","protected":false},"author":1,"featured_media":0,"parent":0,"menu_order":0,"comment_status":"closed","ping_status":"closed","template":"","meta":{"footnotes":""},"yoast_head":"<!-- This site is optimized with the Yoast SEO plugin v23.2 - https:\/\/yoast.com\/wordpress\/plugins\/seo\/ -->\n<title>Doctothon \u2013 Sp\u00e9cial enfants \u2013 TEMOIGNAGES (suite) - Actualit\u00e9s, , .... Apr\u00e8s la p\u00e9riode &quot;covid19&quot;<\/title>\n<meta name=\"robots\" content=\"index, follow, max-snippet:-1, max-image-preview:large, max-video-preview:-1\" \/>\n<link rel=\"canonical\" href=\"https:\/\/covid19-a-savoir.net\/index.php\/doctothon-special-enfants-temoignages-suite\/\" \/>\n<meta property=\"og:locale\" content=\"fr_FR\" \/>\n<meta property=\"og:type\" content=\"article\" \/>\n<meta property=\"og:title\" content=\"Doctothon \u2013 Sp\u00e9cial enfants \u2013 TEMOIGNAGES (suite) - Actualit\u00e9s, , .... Apr\u00e8s la p\u00e9riode &quot;covid19&quot;\" \/>\n<meta property=\"og:description\" content=\"Dr DARTEYE \u2013 p\u00e9diatre sp\u00e9cialiste en neurologie des enfants Dr Benoit OCHS \u2013 m\u00e9decin \u2013 t\u00e9moigne de cas v\u00e9cus M\u00e9decin... Read moreDoctothon \u2013 Sp\u00e9cial enfants \u2013 TEMOIGNAGES (suite)\" \/>\n<meta property=\"og:url\" content=\"https:\/\/covid19-a-savoir.net\/index.php\/doctothon-special-enfants-temoignages-suite\/\" \/>\n<meta property=\"og:site_name\" content=\"Actualit\u00e9s, , .... Apr\u00e8s la p\u00e9riode &quot;covid19&quot;\" \/>\n<meta property=\"article:modified_time\" content=\"2022-01-16T16:17:30+00:00\" \/>\n<meta name=\"twitter:card\" content=\"summary_large_image\" \/>\n<script type=\"application\/ld+json\" class=\"yoast-schema-graph\">{\"@context\":\"https:\/\/schema.org\",\"@graph\":[{\"@type\":\"WebPage\",\"@id\":\"https:\/\/covid19-a-savoir.net\/index.php\/doctothon-special-enfants-temoignages-suite\/\",\"url\":\"https:\/\/covid19-a-savoir.net\/index.php\/doctothon-special-enfants-temoignages-suite\/\",\"name\":\"Doctothon \u2013 Sp\u00e9cial enfants \u2013 TEMOIGNAGES (suite) - Actualit\u00e9s, , .... Apr\u00e8s la p\u00e9riode &quot;covid19&quot;\",\"isPartOf\":{\"@id\":\"https:\/\/covid19-a-savoir.net\/#website\"},\"datePublished\":\"2022-01-16T15:18:13+00:00\",\"dateModified\":\"2022-01-16T16:17:30+00:00\",\"breadcrumb\":{\"@id\":\"https:\/\/covid19-a-savoir.net\/index.php\/doctothon-special-enfants-temoignages-suite\/#breadcrumb\"},\"inLanguage\":\"fr-FR\",\"potentialAction\":[{\"@type\":\"ReadAction\",\"target\":[\"https:\/\/covid19-a-savoir.net\/index.php\/doctothon-special-enfants-temoignages-suite\/\"]}]},{\"@type\":\"BreadcrumbList\",\"@id\":\"https:\/\/covid19-a-savoir.net\/index.php\/doctothon-special-enfants-temoignages-suite\/#breadcrumb\",\"itemListElement\":[{\"@type\":\"ListItem\",\"position\":1,\"name\":\"Accueil\",\"item\":\"https:\/\/covid19-a-savoir.net\/\"},{\"@type\":\"ListItem\",\"position\":2,\"name\":\"Doctothon \u2013 Sp\u00e9cial enfants \u2013 TEMOIGNAGES (suite)\"}]},{\"@type\":\"WebSite\",\"@id\":\"https:\/\/covid19-a-savoir.net\/#website\",\"url\":\"https:\/\/covid19-a-savoir.net\/\",\"name\":\"Actualit\u00e9s, , .... Apr\u00e8s la p\u00e9riode &quot;covid19&quot;\",\"description\":\"DES V\u00c9RIT\u00c9S QUI D\u00c9RANGENT\",\"publisher\":{\"@id\":\"https:\/\/covid19-a-savoir.net\/#\/schema\/person\/53265987e4424cc7dde2f857d2b378cf\"},\"potentialAction\":[{\"@type\":\"SearchAction\",\"target\":{\"@type\":\"EntryPoint\",\"urlTemplate\":\"https:\/\/covid19-a-savoir.net\/?s={search_term_string}\"},\"query-input\":\"required name=search_term_string\"}],\"inLanguage\":\"fr-FR\"},{\"@type\":[\"Person\",\"Organization\"],\"@id\":\"https:\/\/covid19-a-savoir.net\/#\/schema\/person\/53265987e4424cc7dde2f857d2b378cf\",\"name\":\"GS\",\"image\":{\"@type\":\"ImageObject\",\"inLanguage\":\"fr-FR\",\"@id\":\"https:\/\/covid19-a-savoir.net\/#\/schema\/person\/image\/\",\"url\":\"https:\/\/covid19-a-savoir.net\/wp-content\/uploads\/2022\/07\/dans-ce-monde-312x312-1.png\",\"contentUrl\":\"https:\/\/covid19-a-savoir.net\/wp-content\/uploads\/2022\/07\/dans-ce-monde-312x312-1.png\",\"width\":312,\"height\":312,\"caption\":\"GS\"},\"logo\":{\"@id\":\"https:\/\/covid19-a-savoir.net\/#\/schema\/person\/image\/\"},\"sameAs\":[\"http:\/\/covid19-a-savoir.net\"]}]}<\/script>\n<!-- \/ Yoast SEO plugin. -->","yoast_head_json":{"title":"Doctothon \u2013 Sp\u00e9cial enfants \u2013 TEMOIGNAGES (suite) - Actualit\u00e9s, , .... Apr\u00e8s la p\u00e9riode &quot;covid19&quot;","robots":{"index":"index","follow":"follow","max-snippet":"max-snippet:-1","max-image-preview":"max-image-preview:large","max-video-preview":"max-video-preview:-1"},"canonical":"https:\/\/covid19-a-savoir.net\/index.php\/doctothon-special-enfants-temoignages-suite\/","og_locale":"fr_FR","og_type":"article","og_title":"Doctothon \u2013 Sp\u00e9cial enfants \u2013 TEMOIGNAGES (suite) - Actualit\u00e9s, , .... Apr\u00e8s la p\u00e9riode &quot;covid19&quot;","og_description":"Dr DARTEYE \u2013 p\u00e9diatre sp\u00e9cialiste en neurologie des enfants Dr Benoit OCHS \u2013 m\u00e9decin \u2013 t\u00e9moigne de cas v\u00e9cus M\u00e9decin... Read moreDoctothon \u2013 Sp\u00e9cial enfants \u2013 TEMOIGNAGES (suite)","og_url":"https:\/\/covid19-a-savoir.net\/index.php\/doctothon-special-enfants-temoignages-suite\/","og_site_name":"Actualit\u00e9s, , .... Apr\u00e8s la p\u00e9riode &quot;covid19&quot;","article_modified_time":"2022-01-16T16:17:30+00:00","twitter_card":"summary_large_image","schema":{"@context":"https:\/\/schema.org","@graph":[{"@type":"WebPage","@id":"https:\/\/covid19-a-savoir.net\/index.php\/doctothon-special-enfants-temoignages-suite\/","url":"https:\/\/covid19-a-savoir.net\/index.php\/doctothon-special-enfants-temoignages-suite\/","name":"Doctothon \u2013 Sp\u00e9cial enfants \u2013 TEMOIGNAGES (suite) - Actualit\u00e9s, , .... Apr\u00e8s la p\u00e9riode &quot;covid19&quot;","isPartOf":{"@id":"https:\/\/covid19-a-savoir.net\/#website"},"datePublished":"2022-01-16T15:18:13+00:00","dateModified":"2022-01-16T16:17:30+00:00","breadcrumb":{"@id":"https:\/\/covid19-a-savoir.net\/index.php\/doctothon-special-enfants-temoignages-suite\/#breadcrumb"},"inLanguage":"fr-FR","potentialAction":[{"@type":"ReadAction","target":["https:\/\/covid19-a-savoir.net\/index.php\/doctothon-special-enfants-temoignages-suite\/"]}]},{"@type":"BreadcrumbList","@id":"https:\/\/covid19-a-savoir.net\/index.php\/doctothon-special-enfants-temoignages-suite\/#breadcrumb","itemListElement":[{"@type":"ListItem","position":1,"name":"Accueil","item":"https:\/\/covid19-a-savoir.net\/"},{"@type":"ListItem","position":2,"name":"Doctothon \u2013 Sp\u00e9cial enfants \u2013 TEMOIGNAGES (suite)"}]},{"@type":"WebSite","@id":"https:\/\/covid19-a-savoir.net\/#website","url":"https:\/\/covid19-a-savoir.net\/","name":"Actualit\u00e9s, , .... Apr\u00e8s la p\u00e9riode &quot;covid19&quot;","description":"DES V\u00c9RIT\u00c9S QUI D\u00c9RANGENT","publisher":{"@id":"https:\/\/covid19-a-savoir.net\/#\/schema\/person\/53265987e4424cc7dde2f857d2b378cf"},"potentialAction":[{"@type":"SearchAction","target":{"@type":"EntryPoint","urlTemplate":"https:\/\/covid19-a-savoir.net\/?s={search_term_string}"},"query-input":"required name=search_term_string"}],"inLanguage":"fr-FR"},{"@type":["Person","Organization"],"@id":"https:\/\/covid19-a-savoir.net\/#\/schema\/person\/53265987e4424cc7dde2f857d2b378cf","name":"GS","image":{"@type":"ImageObject","inLanguage":"fr-FR","@id":"https:\/\/covid19-a-savoir.net\/#\/schema\/person\/image\/","url":"https:\/\/covid19-a-savoir.net\/wp-content\/uploads\/2022\/07\/dans-ce-monde-312x312-1.png","contentUrl":"https:\/\/covid19-a-savoir.net\/wp-content\/uploads\/2022\/07\/dans-ce-monde-312x312-1.png","width":312,"height":312,"caption":"GS"},"logo":{"@id":"https:\/\/covid19-a-savoir.net\/#\/schema\/person\/image\/"},"sameAs":["http:\/\/covid19-a-savoir.net"]}]}},"jetpack_sharing_enabled":true,"_links":{"self":[{"href":"https:\/\/covid19-a-savoir.net\/index.php\/wp-json\/wp\/v2\/pages\/947"}],"collection":[{"href":"https:\/\/covid19-a-savoir.net\/index.php\/wp-json\/wp\/v2\/pages"}],"about":[{"href":"https:\/\/covid19-a-savoir.net\/index.php\/wp-json\/wp\/v2\/types\/page"}],"author":[{"embeddable":true,"href":"https:\/\/covid19-a-savoir.net\/index.php\/wp-json\/wp\/v2\/users\/1"}],"replies":[{"embeddable":true,"href":"https:\/\/covid19-a-savoir.net\/index.php\/wp-json\/wp\/v2\/comments?post=947"}],"version-history":[{"count":8,"href":"https:\/\/covid19-a-savoir.net\/index.php\/wp-json\/wp\/v2\/pages\/947\/revisions"}],"predecessor-version":[{"id":966,"href":"https:\/\/covid19-a-savoir.net\/index.php\/wp-json\/wp\/v2\/pages\/947\/revisions\/966"}],"wp:attachment":[{"href":"https:\/\/covid19-a-savoir.net\/index.php\/wp-json\/wp\/v2\/media?parent=947"}],"curies":[{"name":"wp","href":"https:\/\/api.w.org\/{rel}","templated":true}]}}