{"id":897,"date":"2022-01-16T12:00:33","date_gmt":"2022-01-16T12:00:33","guid":{"rendered":"https:\/\/covid19-a-savoir.net\/?page_id=897"},"modified":"2022-01-16T15:22:43","modified_gmt":"2022-01-16T15:22:43","slug":"doctothon-special-enfants-temoignages-de-jeunes","status":"publish","type":"page","link":"https:\/\/covid19-a-savoir.net\/index.php\/doctothon-special-enfants-temoignages-de-jeunes\/","title":{"rendered":"Doctothon \u2013 Sp\u00e9cial enfants &#8211; TEMOIGNAGES DE JEUNES"},"content":{"rendered":"<div id=\"dslc-theme-content\"><div id=\"dslc-theme-content-inner\">\n<figure class=\"wp-block-image size-full\"><img fetchpriority=\"high\" decoding=\"async\" width=\"559\" height=\"282\" src=\"https:\/\/covid19-a-savoir.net\/wp-content\/uploads\/2022\/01\/docto-enfant-temoignage.jpg\" alt=\"\" class=\"wp-image-917\" srcset=\"https:\/\/covid19-a-savoir.net\/wp-content\/uploads\/2022\/01\/docto-enfant-temoignage.jpg 559w, https:\/\/covid19-a-savoir.net\/wp-content\/uploads\/2022\/01\/docto-enfant-temoignage-300x151.jpg 300w\" sizes=\"(max-width: 559px) 100vw, 559px\" \/><\/figure>\n\n\n\n<p class=\"has-vivid-red-color has-text-color has-large-font-size\"><strong>ILAN 16 ANS<\/strong><\/p>\n\n\n\n<p>T\u00e9moignage extrait du DOCTOTHON du 15\/12\/2022<\/p>\n\n\n\n<figure class=\"wp-block-audio\"><audio controls src=\"https:\/\/covid19-a-savoir.net\/wp-content\/uploads\/2022\/01\/ILAN-16-ans-DOCTOTHON-temoignage.mp3\"><\/audio><\/figure>\n\n\n\n<p class=\"has-vivid-red-color has-text-color has-large-font-size\"><strong>DAVID &#8211; Kin\u00e9 &#8211; en tant que papa et parents<\/strong><\/p>\n\n\n\n<figure class=\"wp-block-audio\"><audio controls src=\"blob:https:\/\/covid19-a-savoir.net\/bc9530d9-5f3b-4253-b93f-ab2cc90d709d\"><\/audio><\/figure>\n\n\n\n<p class=\"has-vivid-red-color has-text-color has-large-font-size\"><strong>ERIC &#8211; Docteur &#8211; MESSAGE AUX PARENTS<\/strong><\/p>\n\n\n\n<figure class=\"wp-block-audio\"><audio controls src=\"blob:https:\/\/covid19-a-savoir.net\/7d6d3b40-9b02-478c-93a2-87b9965752ab\"><\/audio><\/figure>\n\n\n\n<p class=\"has-vivid-red-color has-text-color has-large-font-size\"><strong>FLO+ARTHUR ( 12ans et 14ans) + maman<\/strong><\/p>\n\n\n\n<figure class=\"wp-block-audio\"><audio controls src=\"https:\/\/covid19-a-savoir.net\/wp-content\/uploads\/2022\/01\/FLOARTHUR-12ans-et-14ans-plus-maman.mp3\"><\/audio><\/figure>\n\n\n\n<p class=\"has-vivid-red-color has-text-color has-large-font-size\"><strong>St\u00e9fan CUVELIER &#8211; en qualit\u00e9 de papa de 2 enfants<\/strong><\/p>\n\n\n\n<figure class=\"wp-block-audio\"><audio controls src=\"https:\/\/covid19-a-savoir.net\/wp-content\/uploads\/2022\/01\/Stefan-CUVELIER-en-tant-que-papa-de-2-enfants.mp3\"><\/audio><\/figure>\n\n\n\n<p class=\"has-vivid-red-color has-text-color has-large-font-size\"><strong>Une ORTHOPHONISTE qui t\u00e9moigne<\/strong><\/p>\n\n\n\n<figure class=\"wp-block-audio\"><audio controls src=\"https:\/\/covid19-a-savoir.net\/wp-content\/uploads\/2022\/01\/ORTHOPHONISTE-qui-temoigne.mp3\"><\/audio><\/figure>\n\n\n\n<p class=\"has-vivid-red-color has-text-color has-large-font-size\"><strong>REGIS &#8211; ado &#8211; d\u00e9c\u00e9s cousine 39 ans apr\u00e8s son vax<\/strong><\/p>\n\n\n\n<figure class=\"wp-block-audio\"><audio controls src=\"https:\/\/covid19-a-savoir.net\/wp-content\/uploads\/2022\/01\/REGIS-ado-deces-cousine-39ans-apres-vax.mp3\"><\/audio><\/figure>\n\n\n\n<p class=\"has-vivid-red-color has-text-color has-large-font-size\"><strong>Dr PERRAIN &#8211; anonyme &#8211; (car les m\u00e9decins sont musel\u00e9s&#8230;&#8230;..)<\/strong><\/p>\n\n\n\n<figure class=\"wp-block-audio\"><audio controls src=\"https:\/\/covid19-a-savoir.net\/wp-content\/uploads\/2022\/01\/DR-PERRAIN-ANONYME-MEDEC-MUSELE.mp3\"><\/audio><\/figure>\n\n\n\n<p class=\"has-vivid-red-color has-text-color has-large-font-size\"><\/p>\n\n\n\n<p><\/p>\n\n\n\n<p class=\"has-text-align-center has-vivid-green-cyan-color has-text-color has-large-font-size\"><a href=\"https:\/\/covid19-a-savoir.net\/index.php\/doctothon-special-enfants-temoignages-suite\/\"><strong>SUITE 2<\/strong><\/a><\/p>\n<\/div><\/div>","protected":false},"excerpt":{"rendered":"<p>ILAN 16 ANS T\u00e9moignage extrait du DOCTOTHON du 15\/12\/2022 DAVID &#8211; Kin\u00e9 &#8211; en tant que papa et parents ERIC&#8230; <a href=\"https:\/\/covid19-a-savoir.net\/index.php\/doctothon-special-enfants-temoignages-de-jeunes\/\" class=\"readmore\">Read more<span class=\"screen-reader-text\">Doctothon \u2013 Sp\u00e9cial enfants &#8211; TEMOIGNAGES DE JEUNES<\/span><span class=\"fa fa-angle-double-right\" aria-hidden=\"true\"><\/span><\/a><\/p>\n","protected":false},"author":1,"featured_media":0,"parent":0,"menu_order":0,"comment_status":"closed","ping_status":"closed","template":"","meta":{"footnotes":""},"yoast_head":"<!-- This site is optimized with the Yoast SEO plugin v23.2 - https:\/\/yoast.com\/wordpress\/plugins\/seo\/ -->\n<title>Doctothon \u2013 Sp\u00e9cial enfants - TEMOIGNAGES DE JEUNES - Actualit\u00e9s, , .... Apr\u00e8s la p\u00e9riode &quot;covid19&quot;<\/title>\n<meta name=\"robots\" content=\"index, follow, max-snippet:-1, max-image-preview:large, max-video-preview:-1\" \/>\n<link rel=\"canonical\" href=\"https:\/\/covid19-a-savoir.net\/index.php\/doctothon-special-enfants-temoignages-de-jeunes\/\" \/>\n<meta property=\"og:locale\" content=\"fr_FR\" \/>\n<meta property=\"og:type\" content=\"article\" \/>\n<meta property=\"og:title\" content=\"Doctothon \u2013 Sp\u00e9cial enfants - TEMOIGNAGES DE JEUNES - Actualit\u00e9s, , .... Apr\u00e8s la p\u00e9riode &quot;covid19&quot;\" \/>\n<meta property=\"og:description\" content=\"ILAN 16 ANS T\u00e9moignage extrait du DOCTOTHON du 15\/12\/2022 DAVID &#8211; Kin\u00e9 &#8211; en tant que papa et parents ERIC... Read moreDoctothon \u2013 Sp\u00e9cial enfants &#8211; TEMOIGNAGES DE JEUNES\" \/>\n<meta property=\"og:url\" content=\"https:\/\/covid19-a-savoir.net\/index.php\/doctothon-special-enfants-temoignages-de-jeunes\/\" \/>\n<meta property=\"og:site_name\" content=\"Actualit\u00e9s, , .... Apr\u00e8s la p\u00e9riode &quot;covid19&quot;\" \/>\n<meta property=\"article:modified_time\" content=\"2022-01-16T15:22:43+00:00\" \/>\n<meta property=\"og:image\" content=\"https:\/\/covid19-a-savoir.net\/wp-content\/uploads\/2022\/01\/docto-enfant-temoignage.jpg\" \/>\n<meta name=\"twitter:card\" content=\"summary_large_image\" \/>\n<script type=\"application\/ld+json\" class=\"yoast-schema-graph\">{\"@context\":\"https:\/\/schema.org\",\"@graph\":[{\"@type\":\"WebPage\",\"@id\":\"https:\/\/covid19-a-savoir.net\/index.php\/doctothon-special-enfants-temoignages-de-jeunes\/\",\"url\":\"https:\/\/covid19-a-savoir.net\/index.php\/doctothon-special-enfants-temoignages-de-jeunes\/\",\"name\":\"Doctothon \u2013 Sp\u00e9cial enfants - TEMOIGNAGES DE JEUNES - Actualit\u00e9s, , .... Apr\u00e8s la p\u00e9riode &quot;covid19&quot;\",\"isPartOf\":{\"@id\":\"https:\/\/covid19-a-savoir.net\/#website\"},\"primaryImageOfPage\":{\"@id\":\"https:\/\/covid19-a-savoir.net\/index.php\/doctothon-special-enfants-temoignages-de-jeunes\/#primaryimage\"},\"image\":{\"@id\":\"https:\/\/covid19-a-savoir.net\/index.php\/doctothon-special-enfants-temoignages-de-jeunes\/#primaryimage\"},\"thumbnailUrl\":\"https:\/\/covid19-a-savoir.net\/wp-content\/uploads\/2022\/01\/docto-enfant-temoignage.jpg\",\"datePublished\":\"2022-01-16T12:00:33+00:00\",\"dateModified\":\"2022-01-16T15:22:43+00:00\",\"breadcrumb\":{\"@id\":\"https:\/\/covid19-a-savoir.net\/index.php\/doctothon-special-enfants-temoignages-de-jeunes\/#breadcrumb\"},\"inLanguage\":\"fr-FR\",\"potentialAction\":[{\"@type\":\"ReadAction\",\"target\":[\"https:\/\/covid19-a-savoir.net\/index.php\/doctothon-special-enfants-temoignages-de-jeunes\/\"]}]},{\"@type\":\"ImageObject\",\"inLanguage\":\"fr-FR\",\"@id\":\"https:\/\/covid19-a-savoir.net\/index.php\/doctothon-special-enfants-temoignages-de-jeunes\/#primaryimage\",\"url\":\"https:\/\/covid19-a-savoir.net\/wp-content\/uploads\/2022\/01\/docto-enfant-temoignage.jpg\",\"contentUrl\":\"https:\/\/covid19-a-savoir.net\/wp-content\/uploads\/2022\/01\/docto-enfant-temoignage.jpg\",\"width\":559,\"height\":282},{\"@type\":\"BreadcrumbList\",\"@id\":\"https:\/\/covid19-a-savoir.net\/index.php\/doctothon-special-enfants-temoignages-de-jeunes\/#breadcrumb\",\"itemListElement\":[{\"@type\":\"ListItem\",\"position\":1,\"name\":\"Accueil\",\"item\":\"https:\/\/covid19-a-savoir.net\/\"},{\"@type\":\"ListItem\",\"position\":2,\"name\":\"Doctothon \u2013 Sp\u00e9cial enfants &#8211; TEMOIGNAGES DE JEUNES\"}]},{\"@type\":\"WebSite\",\"@id\":\"https:\/\/covid19-a-savoir.net\/#website\",\"url\":\"https:\/\/covid19-a-savoir.net\/\",\"name\":\"Actualit\u00e9s, , .... Apr\u00e8s la p\u00e9riode &quot;covid19&quot;\",\"description\":\"DES V\u00c9RIT\u00c9S QUI D\u00c9RANGENT\",\"publisher\":{\"@id\":\"https:\/\/covid19-a-savoir.net\/#\/schema\/person\/53265987e4424cc7dde2f857d2b378cf\"},\"potentialAction\":[{\"@type\":\"SearchAction\",\"target\":{\"@type\":\"EntryPoint\",\"urlTemplate\":\"https:\/\/covid19-a-savoir.net\/?s={search_term_string}\"},\"query-input\":\"required name=search_term_string\"}],\"inLanguage\":\"fr-FR\"},{\"@type\":[\"Person\",\"Organization\"],\"@id\":\"https:\/\/covid19-a-savoir.net\/#\/schema\/person\/53265987e4424cc7dde2f857d2b378cf\",\"name\":\"GS\",\"image\":{\"@type\":\"ImageObject\",\"inLanguage\":\"fr-FR\",\"@id\":\"https:\/\/covid19-a-savoir.net\/#\/schema\/person\/image\/\",\"url\":\"https:\/\/covid19-a-savoir.net\/wp-content\/uploads\/2022\/07\/dans-ce-monde-312x312-1.png\",\"contentUrl\":\"https:\/\/covid19-a-savoir.net\/wp-content\/uploads\/2022\/07\/dans-ce-monde-312x312-1.png\",\"width\":312,\"height\":312,\"caption\":\"GS\"},\"logo\":{\"@id\":\"https:\/\/covid19-a-savoir.net\/#\/schema\/person\/image\/\"},\"sameAs\":[\"http:\/\/covid19-a-savoir.net\"]}]}<\/script>\n<!-- \/ Yoast SEO plugin. -->","yoast_head_json":{"title":"Doctothon \u2013 Sp\u00e9cial enfants - TEMOIGNAGES DE JEUNES - Actualit\u00e9s, , .... Apr\u00e8s la p\u00e9riode &quot;covid19&quot;","robots":{"index":"index","follow":"follow","max-snippet":"max-snippet:-1","max-image-preview":"max-image-preview:large","max-video-preview":"max-video-preview:-1"},"canonical":"https:\/\/covid19-a-savoir.net\/index.php\/doctothon-special-enfants-temoignages-de-jeunes\/","og_locale":"fr_FR","og_type":"article","og_title":"Doctothon \u2013 Sp\u00e9cial enfants - TEMOIGNAGES DE JEUNES - Actualit\u00e9s, , .... Apr\u00e8s la p\u00e9riode &quot;covid19&quot;","og_description":"ILAN 16 ANS T\u00e9moignage extrait du DOCTOTHON du 15\/12\/2022 DAVID &#8211; Kin\u00e9 &#8211; en tant que papa et parents ERIC... Read moreDoctothon \u2013 Sp\u00e9cial enfants &#8211; TEMOIGNAGES DE JEUNES","og_url":"https:\/\/covid19-a-savoir.net\/index.php\/doctothon-special-enfants-temoignages-de-jeunes\/","og_site_name":"Actualit\u00e9s, , .... Apr\u00e8s la p\u00e9riode &quot;covid19&quot;","article_modified_time":"2022-01-16T15:22:43+00:00","og_image":[{"url":"https:\/\/covid19-a-savoir.net\/wp-content\/uploads\/2022\/01\/docto-enfant-temoignage.jpg"}],"twitter_card":"summary_large_image","schema":{"@context":"https:\/\/schema.org","@graph":[{"@type":"WebPage","@id":"https:\/\/covid19-a-savoir.net\/index.php\/doctothon-special-enfants-temoignages-de-jeunes\/","url":"https:\/\/covid19-a-savoir.net\/index.php\/doctothon-special-enfants-temoignages-de-jeunes\/","name":"Doctothon \u2013 Sp\u00e9cial enfants - TEMOIGNAGES DE JEUNES - Actualit\u00e9s, , .... Apr\u00e8s la p\u00e9riode &quot;covid19&quot;","isPartOf":{"@id":"https:\/\/covid19-a-savoir.net\/#website"},"primaryImageOfPage":{"@id":"https:\/\/covid19-a-savoir.net\/index.php\/doctothon-special-enfants-temoignages-de-jeunes\/#primaryimage"},"image":{"@id":"https:\/\/covid19-a-savoir.net\/index.php\/doctothon-special-enfants-temoignages-de-jeunes\/#primaryimage"},"thumbnailUrl":"https:\/\/covid19-a-savoir.net\/wp-content\/uploads\/2022\/01\/docto-enfant-temoignage.jpg","datePublished":"2022-01-16T12:00:33+00:00","dateModified":"2022-01-16T15:22:43+00:00","breadcrumb":{"@id":"https:\/\/covid19-a-savoir.net\/index.php\/doctothon-special-enfants-temoignages-de-jeunes\/#breadcrumb"},"inLanguage":"fr-FR","potentialAction":[{"@type":"ReadAction","target":["https:\/\/covid19-a-savoir.net\/index.php\/doctothon-special-enfants-temoignages-de-jeunes\/"]}]},{"@type":"ImageObject","inLanguage":"fr-FR","@id":"https:\/\/covid19-a-savoir.net\/index.php\/doctothon-special-enfants-temoignages-de-jeunes\/#primaryimage","url":"https:\/\/covid19-a-savoir.net\/wp-content\/uploads\/2022\/01\/docto-enfant-temoignage.jpg","contentUrl":"https:\/\/covid19-a-savoir.net\/wp-content\/uploads\/2022\/01\/docto-enfant-temoignage.jpg","width":559,"height":282},{"@type":"BreadcrumbList","@id":"https:\/\/covid19-a-savoir.net\/index.php\/doctothon-special-enfants-temoignages-de-jeunes\/#breadcrumb","itemListElement":[{"@type":"ListItem","position":1,"name":"Accueil","item":"https:\/\/covid19-a-savoir.net\/"},{"@type":"ListItem","position":2,"name":"Doctothon \u2013 Sp\u00e9cial enfants &#8211; TEMOIGNAGES DE JEUNES"}]},{"@type":"WebSite","@id":"https:\/\/covid19-a-savoir.net\/#website","url":"https:\/\/covid19-a-savoir.net\/","name":"Actualit\u00e9s, , .... Apr\u00e8s la p\u00e9riode &quot;covid19&quot;","description":"DES V\u00c9RIT\u00c9S QUI D\u00c9RANGENT","publisher":{"@id":"https:\/\/covid19-a-savoir.net\/#\/schema\/person\/53265987e4424cc7dde2f857d2b378cf"},"potentialAction":[{"@type":"SearchAction","target":{"@type":"EntryPoint","urlTemplate":"https:\/\/covid19-a-savoir.net\/?s={search_term_string}"},"query-input":"required name=search_term_string"}],"inLanguage":"fr-FR"},{"@type":["Person","Organization"],"@id":"https:\/\/covid19-a-savoir.net\/#\/schema\/person\/53265987e4424cc7dde2f857d2b378cf","name":"GS","image":{"@type":"ImageObject","inLanguage":"fr-FR","@id":"https:\/\/covid19-a-savoir.net\/#\/schema\/person\/image\/","url":"https:\/\/covid19-a-savoir.net\/wp-content\/uploads\/2022\/07\/dans-ce-monde-312x312-1.png","contentUrl":"https:\/\/covid19-a-savoir.net\/wp-content\/uploads\/2022\/07\/dans-ce-monde-312x312-1.png","width":312,"height":312,"caption":"GS"},"logo":{"@id":"https:\/\/covid19-a-savoir.net\/#\/schema\/person\/image\/"},"sameAs":["http:\/\/covid19-a-savoir.net"]}]}},"jetpack_sharing_enabled":true,"_links":{"self":[{"href":"https:\/\/covid19-a-savoir.net\/index.php\/wp-json\/wp\/v2\/pages\/897"}],"collection":[{"href":"https:\/\/covid19-a-savoir.net\/index.php\/wp-json\/wp\/v2\/pages"}],"about":[{"href":"https:\/\/covid19-a-savoir.net\/index.php\/wp-json\/wp\/v2\/types\/page"}],"author":[{"embeddable":true,"href":"https:\/\/covid19-a-savoir.net\/index.php\/wp-json\/wp\/v2\/users\/1"}],"replies":[{"embeddable":true,"href":"https:\/\/covid19-a-savoir.net\/index.php\/wp-json\/wp\/v2\/comments?post=897"}],"version-history":[{"count":21,"href":"https:\/\/covid19-a-savoir.net\/index.php\/wp-json\/wp\/v2\/pages\/897\/revisions"}],"predecessor-version":[{"id":955,"href":"https:\/\/covid19-a-savoir.net\/index.php\/wp-json\/wp\/v2\/pages\/897\/revisions\/955"}],"wp:attachment":[{"href":"https:\/\/covid19-a-savoir.net\/index.php\/wp-json\/wp\/v2\/media?parent=897"}],"curies":[{"name":"wp","href":"https:\/\/api.w.org\/{rel}","templated":true}]}}