{"id":729,"date":"2021-12-27T00:19:04","date_gmt":"2021-12-27T00:19:04","guid":{"rendered":"https:\/\/covid19-a-savoir.net\/?page_id=729"},"modified":"2022-04-13T11:43:59","modified_gmt":"2022-04-13T11:43:59","slug":"vaincre-lanxiete","status":"publish","type":"page","link":"https:\/\/covid19-a-savoir.net\/index.php\/vaincre-lanxiete\/","title":{"rendered":"Vaincre l&rsquo;anxiet\u00e9"},"content":{"rendered":"<div id=\"dslc-theme-content\"><div id=\"dslc-theme-content-inner\">\n<p class=\"has-medium-font-size\"><strong>La souffrance caus\u00e9e par l\u2019angoisse n&rsquo;est pas in\u00e9vitable \u2013 suivez ces conseils pour vous en sortir<\/strong><\/p>\n\n\n\n<p><\/p>\n\n\n\n<p class=\"has-medium-font-size\">L&rsquo;angoisse devient de plus en plus r\u00e9pandue dans la soci\u00e9t\u00e9 moderne. Il y a beaucoup de choses que vous pouvez faire pour vous d\u00e9barrasser de l&rsquo;angoisse dans votre vie, souvenez vous toujours de \u00e7a. Ces conseils sont le meilleur chemin \u00e0 emprunter&nbsp; pour commencer \u00e0 vous sentir en paix.<\/p>\n\n\n\n<p class=\"has-medium-font-size\">R\u00e9duisez vos niveaux d&rsquo;angoisse en gardant le <strong>stress \u00e0 son minimum<\/strong>. Quand vous souffrez de niveaux \u00e9lev\u00e9s de stress, votre angoisse augmente \u00e9galement. Vous avez besoin d&rsquo;apprendre comment d\u00e9l\u00e9guer des t\u00e2ches, ce qui aide \u00e0 all\u00e9ger le stress et les pressions du travail et de la maison. Faites en sorte de consacrer quotidiennement un peu de votre temps pour votre propre personne.<\/p>\n\n\n\n<p class=\"has-medium-font-size\"><strong>La musique<\/strong> est excellente pour soulager l&rsquo;angoisse. Si vous avez l&rsquo;impression que vous souffrez d\u2019angoisse, mettez votre album pr\u00e9f\u00e9r\u00e9. \u00c9coutez soigneusement la musique. Aussit\u00f4t, votre angoisse&nbsp; sera oubli\u00e9e. Maintenez votre esprit constamment occup\u00e9 peut s\u2019av\u00e9rer tr\u00e9s utile dans le traitement de l&rsquo;angoisse.<\/p>\n\n\n\n<p class=\"has-medium-font-size\">Pour \u00eatre certain que votre angoisse ne vous affecte pas outre mesure, <strong>faites de l\u2019exercice<\/strong> autant que vous pouvez chaque jour. L&rsquo;activit\u00e9 physique produit des endorphines, qui cr\u00e9ent des sentiments de relaxation et de bonheur et passent outre n&rsquo;importe quelles pens\u00e9es angoissantes. Par ailleurs, l&rsquo;activit\u00e9 physique est bonne pour votre sant\u00e9 d\u2019une fa\u00e7on g\u00e9n\u00e9rale.<\/p>\n\n\n\n<p class=\"has-medium-font-size\">Limitez le temps que vous passez \u00e0 lire ou \u00e0 regarder les informations si votre angoisse est d\u00e9clench\u00e9e par des facteurs externes. Vous pouvez rester inform\u00e9 des derniers \u00e9v\u00e9nements, mais ne passez pas tout votre temps \u00e0 faire une fixation sur les mauvaises nouvelles.<\/p>\n\n\n\n<p class=\"has-medium-font-size\">Essayez d\u2019exprimer des affirmations positives le matin pour commencer votre journ\u00e9e du bon pied. Imaginez comment vous voulez que votre journ\u00e9e se d\u00e9roule. Ensuite, Vous devez faire votre possible pour passer la journ\u00e9e dont vous avez r\u00eav\u00e9.<\/p>\n\n\n\n<p class=\"has-medium-font-size\">Construisez un syst\u00e8me de soutien fiable autour de vous. Utilisez le ou la comme un abat-voix pour discuter de votre angoisse. Parler de vos probl\u00e8mes avec une personne de confiance, compatissante&nbsp; peut vous aider \u00e0 vous sentir plus \u00e0 l\u2019aise et \u00e0 mieux appr\u00e9hender les choses. N&rsquo;\u00e9touffez jamais vos sentiments. Quand vous enfermez ces sentiments \u00e0 l&rsquo;int\u00e9rieur de vous, vous augmentez les risques d\u2019occurrence d&rsquo;une crise d\u2019angoisse.<\/p>\n\n\n\n<p class=\"has-medium-font-size\">Fixez vous tous les jours de nouveaux objectifs. Restez concentr\u00e9 sur votre but quotidien. C\u2019est la garantie que vous ne penserez pas \u00e0 votre angoisse.<\/p>\n\n\n\n<p class=\"has-medium-font-size\">Vaincre l\u2019angoisse n\u00e9cessite beaucoup d\u2019autodiscipline. Apr\u00e8s avoir r\u00e9ussi \u00e0 maitriser vos sentiments, vous pourrez mieux g\u00e9rer votre angoisse. Les sentiments n\u00e9gatifs exacerbent vos crises d\u2019angoisse et ne vous aident pas d&rsquo;une fa\u00e7on positive. Apprenez \u00e0 vous d\u00e9tacher de ces \u00e9motions et vous verrez que les choses commenceront, tout doucement, \u00e0 s\u2019am\u00e9liorer.<\/p>\n\n\n\n<p class=\"has-medium-font-size\">Pratiquez quelques techniques qui vous aideront \u00e0 respirer profond\u00e9ment. Les gens s\u2019hyper ventilent souvent pendant l&rsquo;\u00e9pisode d\u2019angoisse, aussi le mieux est de respirer \u00e0 partir du diaphragme. Vous pouvez diminuer votre angoisse en prenant des respirations int\u00e9grales, profondes, en faisant en sorte que votre abdomen monte et descend.<\/p>\n\n\n\n<p class=\"has-medium-font-size\">Commencez \u00e0 tenir&nbsp; un journal. Certains individus ont un exc\u00e8s de pens\u00e9es conserv\u00e9es dans leur esprit qui sont une source permanente de stress&nbsp; et ils n&rsquo;ont aucune m\u00e9thode pour les chasser. Quand vous pouvez d\u00e9charger toutes ces choses sur un journal, votre cerveau est lib\u00e9r\u00e9 pour penser aux choses pr\u00e9sentes, et ne s\u2019\u00e9ternise pas sur des \u00e9v\u00e9nements futurs ou pass\u00e9s qui pourraient d\u00e9clencher l&rsquo;angoisse.<\/p>\n\n\n\n<p class=\"has-medium-font-size\">Vous savez que l\u2019angoisse affecte beaucoup de personnes, mais soyez s\u00fbr aussi que vous pouvez faire beaucoup de choses pour vous en d\u00e9barrasser. Consultez un m\u00e9decin si vos sentiments d&rsquo;angoisse contr\u00f4lent votre vie, mais vous pouvez \u00e9galement utiliser cet article pour mieux la g\u00e9rer.<\/p>\n\n\n\n<p><\/p>\n\n\n\n<p><a href=\"https:\/\/www.alta-vita.com\">Pour aller plus loin<\/a><\/p>\n\n\n\n<p class=\"has-vivid-red-color has-text-color has-medium-font-size\"><strong>Agir face \u00e0 l&rsquo;anxi\u00e9t\u00e9<\/strong><\/p>\n\n\n\n<iframe width=\"560\" height=\"315\" src=\"https:\/\/www.youtube.com\/embed\/LqChjHbBLJ4\" title=\"YouTube video player\" frameborder=\"0\" allow=\"accelerometer; autoplay; clipboard-write; encrypted-media; gyroscope; picture-in-picture\" allowfullscreen><\/iframe>\n\n\n\n<p class=\"has-text-align-center has-vivid-red-color has-text-color\"><strong>INTERESSANT<\/strong><\/p>\n\n\n\n<p><strong><a href=\"https:\/\/bit.ly\/3O75whE\">Le D\u00e9passement de l&rsquo;Anxi\u00e9t\u00e9<br>Un programme recensant de nombreux exercices, habitudes et solutions permettant de gu\u00e9rir de son anxi\u00e9t\u00e9 naturellement sans avoir recours aux m\u00e9dicaments<\/a>.<\/strong><\/p>\n<\/div><\/div>","protected":false},"excerpt":{"rendered":"<p>La souffrance caus\u00e9e par l\u2019angoisse n&rsquo;est pas in\u00e9vitable \u2013 suivez ces conseils pour vous en sortir L&rsquo;angoisse devient de plus&#8230; <a href=\"https:\/\/covid19-a-savoir.net\/index.php\/vaincre-lanxiete\/\" class=\"readmore\">Read more<span class=\"screen-reader-text\">Vaincre l&rsquo;anxiet\u00e9<\/span><span class=\"fa fa-angle-double-right\" aria-hidden=\"true\"><\/span><\/a><\/p>\n","protected":false},"author":1,"featured_media":0,"parent":0,"menu_order":0,"comment_status":"closed","ping_status":"closed","template":"","meta":{"footnotes":""},"yoast_head":"<!-- This site is optimized with the Yoast SEO plugin v23.2 - https:\/\/yoast.com\/wordpress\/plugins\/seo\/ -->\n<title>Vaincre l&#039;anxiet\u00e9 - Actualit\u00e9s, , .... Apr\u00e8s la p\u00e9riode &quot;covid19&quot;<\/title>\n<meta name=\"robots\" content=\"index, follow, max-snippet:-1, max-image-preview:large, max-video-preview:-1\" \/>\n<link rel=\"canonical\" href=\"https:\/\/covid19-a-savoir.net\/index.php\/vaincre-lanxiete\/\" \/>\n<meta property=\"og:locale\" content=\"fr_FR\" \/>\n<meta property=\"og:type\" content=\"article\" \/>\n<meta property=\"og:title\" content=\"Vaincre l&#039;anxiet\u00e9 - Actualit\u00e9s, , .... Apr\u00e8s la p\u00e9riode &quot;covid19&quot;\" \/>\n<meta property=\"og:description\" content=\"La souffrance caus\u00e9e par l\u2019angoisse n&rsquo;est pas in\u00e9vitable \u2013 suivez ces conseils pour vous en sortir L&rsquo;angoisse devient de plus... Read moreVaincre l&rsquo;anxiet\u00e9\" \/>\n<meta property=\"og:url\" content=\"https:\/\/covid19-a-savoir.net\/index.php\/vaincre-lanxiete\/\" \/>\n<meta property=\"og:site_name\" content=\"Actualit\u00e9s, , .... Apr\u00e8s la p\u00e9riode &quot;covid19&quot;\" \/>\n<meta property=\"article:modified_time\" content=\"2022-04-13T11:43:59+00:00\" \/>\n<meta name=\"twitter:card\" content=\"summary_large_image\" \/>\n<meta name=\"twitter:label1\" content=\"Dur\u00e9e de lecture estim\u00e9e\" \/>\n\t<meta name=\"twitter:data1\" content=\"4 minutes\" \/>\n<script type=\"application\/ld+json\" class=\"yoast-schema-graph\">{\"@context\":\"https:\/\/schema.org\",\"@graph\":[{\"@type\":\"WebPage\",\"@id\":\"https:\/\/covid19-a-savoir.net\/index.php\/vaincre-lanxiete\/\",\"url\":\"https:\/\/covid19-a-savoir.net\/index.php\/vaincre-lanxiete\/\",\"name\":\"Vaincre l'anxiet\u00e9 - Actualit\u00e9s, , .... Apr\u00e8s la p\u00e9riode &quot;covid19&quot;\",\"isPartOf\":{\"@id\":\"https:\/\/covid19-a-savoir.net\/#website\"},\"datePublished\":\"2021-12-27T00:19:04+00:00\",\"dateModified\":\"2022-04-13T11:43:59+00:00\",\"breadcrumb\":{\"@id\":\"https:\/\/covid19-a-savoir.net\/index.php\/vaincre-lanxiete\/#breadcrumb\"},\"inLanguage\":\"fr-FR\",\"potentialAction\":[{\"@type\":\"ReadAction\",\"target\":[\"https:\/\/covid19-a-savoir.net\/index.php\/vaincre-lanxiete\/\"]}]},{\"@type\":\"BreadcrumbList\",\"@id\":\"https:\/\/covid19-a-savoir.net\/index.php\/vaincre-lanxiete\/#breadcrumb\",\"itemListElement\":[{\"@type\":\"ListItem\",\"position\":1,\"name\":\"Accueil\",\"item\":\"https:\/\/covid19-a-savoir.net\/\"},{\"@type\":\"ListItem\",\"position\":2,\"name\":\"Vaincre l&#8217;anxiet\u00e9\"}]},{\"@type\":\"WebSite\",\"@id\":\"https:\/\/covid19-a-savoir.net\/#website\",\"url\":\"https:\/\/covid19-a-savoir.net\/\",\"name\":\"Actualit\u00e9s, , .... Apr\u00e8s la p\u00e9riode &quot;covid19&quot;\",\"description\":\"DES V\u00c9RIT\u00c9S QUI D\u00c9RANGENT\",\"publisher\":{\"@id\":\"https:\/\/covid19-a-savoir.net\/#\/schema\/person\/53265987e4424cc7dde2f857d2b378cf\"},\"potentialAction\":[{\"@type\":\"SearchAction\",\"target\":{\"@type\":\"EntryPoint\",\"urlTemplate\":\"https:\/\/covid19-a-savoir.net\/?s={search_term_string}\"},\"query-input\":\"required name=search_term_string\"}],\"inLanguage\":\"fr-FR\"},{\"@type\":[\"Person\",\"Organization\"],\"@id\":\"https:\/\/covid19-a-savoir.net\/#\/schema\/person\/53265987e4424cc7dde2f857d2b378cf\",\"name\":\"GS\",\"image\":{\"@type\":\"ImageObject\",\"inLanguage\":\"fr-FR\",\"@id\":\"https:\/\/covid19-a-savoir.net\/#\/schema\/person\/image\/\",\"url\":\"https:\/\/covid19-a-savoir.net\/wp-content\/uploads\/2022\/07\/dans-ce-monde-312x312-1.png\",\"contentUrl\":\"https:\/\/covid19-a-savoir.net\/wp-content\/uploads\/2022\/07\/dans-ce-monde-312x312-1.png\",\"width\":312,\"height\":312,\"caption\":\"GS\"},\"logo\":{\"@id\":\"https:\/\/covid19-a-savoir.net\/#\/schema\/person\/image\/\"},\"sameAs\":[\"http:\/\/covid19-a-savoir.net\"]}]}<\/script>\n<!-- \/ Yoast SEO plugin. -->","yoast_head_json":{"title":"Vaincre l'anxiet\u00e9 - Actualit\u00e9s, , .... Apr\u00e8s la p\u00e9riode &quot;covid19&quot;","robots":{"index":"index","follow":"follow","max-snippet":"max-snippet:-1","max-image-preview":"max-image-preview:large","max-video-preview":"max-video-preview:-1"},"canonical":"https:\/\/covid19-a-savoir.net\/index.php\/vaincre-lanxiete\/","og_locale":"fr_FR","og_type":"article","og_title":"Vaincre l'anxiet\u00e9 - Actualit\u00e9s, , .... Apr\u00e8s la p\u00e9riode &quot;covid19&quot;","og_description":"La souffrance caus\u00e9e par l\u2019angoisse n&rsquo;est pas in\u00e9vitable \u2013 suivez ces conseils pour vous en sortir L&rsquo;angoisse devient de plus... Read moreVaincre l&rsquo;anxiet\u00e9","og_url":"https:\/\/covid19-a-savoir.net\/index.php\/vaincre-lanxiete\/","og_site_name":"Actualit\u00e9s, , .... Apr\u00e8s la p\u00e9riode &quot;covid19&quot;","article_modified_time":"2022-04-13T11:43:59+00:00","twitter_card":"summary_large_image","twitter_misc":{"Dur\u00e9e de lecture estim\u00e9e":"4 minutes"},"schema":{"@context":"https:\/\/schema.org","@graph":[{"@type":"WebPage","@id":"https:\/\/covid19-a-savoir.net\/index.php\/vaincre-lanxiete\/","url":"https:\/\/covid19-a-savoir.net\/index.php\/vaincre-lanxiete\/","name":"Vaincre l'anxiet\u00e9 - Actualit\u00e9s, , .... Apr\u00e8s la p\u00e9riode &quot;covid19&quot;","isPartOf":{"@id":"https:\/\/covid19-a-savoir.net\/#website"},"datePublished":"2021-12-27T00:19:04+00:00","dateModified":"2022-04-13T11:43:59+00:00","breadcrumb":{"@id":"https:\/\/covid19-a-savoir.net\/index.php\/vaincre-lanxiete\/#breadcrumb"},"inLanguage":"fr-FR","potentialAction":[{"@type":"ReadAction","target":["https:\/\/covid19-a-savoir.net\/index.php\/vaincre-lanxiete\/"]}]},{"@type":"BreadcrumbList","@id":"https:\/\/covid19-a-savoir.net\/index.php\/vaincre-lanxiete\/#breadcrumb","itemListElement":[{"@type":"ListItem","position":1,"name":"Accueil","item":"https:\/\/covid19-a-savoir.net\/"},{"@type":"ListItem","position":2,"name":"Vaincre l&#8217;anxiet\u00e9"}]},{"@type":"WebSite","@id":"https:\/\/covid19-a-savoir.net\/#website","url":"https:\/\/covid19-a-savoir.net\/","name":"Actualit\u00e9s, , .... Apr\u00e8s la p\u00e9riode &quot;covid19&quot;","description":"DES V\u00c9RIT\u00c9S QUI D\u00c9RANGENT","publisher":{"@id":"https:\/\/covid19-a-savoir.net\/#\/schema\/person\/53265987e4424cc7dde2f857d2b378cf"},"potentialAction":[{"@type":"SearchAction","target":{"@type":"EntryPoint","urlTemplate":"https:\/\/covid19-a-savoir.net\/?s={search_term_string}"},"query-input":"required name=search_term_string"}],"inLanguage":"fr-FR"},{"@type":["Person","Organization"],"@id":"https:\/\/covid19-a-savoir.net\/#\/schema\/person\/53265987e4424cc7dde2f857d2b378cf","name":"GS","image":{"@type":"ImageObject","inLanguage":"fr-FR","@id":"https:\/\/covid19-a-savoir.net\/#\/schema\/person\/image\/","url":"https:\/\/covid19-a-savoir.net\/wp-content\/uploads\/2022\/07\/dans-ce-monde-312x312-1.png","contentUrl":"https:\/\/covid19-a-savoir.net\/wp-content\/uploads\/2022\/07\/dans-ce-monde-312x312-1.png","width":312,"height":312,"caption":"GS"},"logo":{"@id":"https:\/\/covid19-a-savoir.net\/#\/schema\/person\/image\/"},"sameAs":["http:\/\/covid19-a-savoir.net"]}]}},"jetpack_sharing_enabled":true,"_links":{"self":[{"href":"https:\/\/covid19-a-savoir.net\/index.php\/wp-json\/wp\/v2\/pages\/729"}],"collection":[{"href":"https:\/\/covid19-a-savoir.net\/index.php\/wp-json\/wp\/v2\/pages"}],"about":[{"href":"https:\/\/covid19-a-savoir.net\/index.php\/wp-json\/wp\/v2\/types\/page"}],"author":[{"embeddable":true,"href":"https:\/\/covid19-a-savoir.net\/index.php\/wp-json\/wp\/v2\/users\/1"}],"replies":[{"embeddable":true,"href":"https:\/\/covid19-a-savoir.net\/index.php\/wp-json\/wp\/v2\/comments?post=729"}],"version-history":[{"count":2,"href":"https:\/\/covid19-a-savoir.net\/index.php\/wp-json\/wp\/v2\/pages\/729\/revisions"}],"predecessor-version":[{"id":1248,"href":"https:\/\/covid19-a-savoir.net\/index.php\/wp-json\/wp\/v2\/pages\/729\/revisions\/1248"}],"wp:attachment":[{"href":"https:\/\/covid19-a-savoir.net\/index.php\/wp-json\/wp\/v2\/media?parent=729"}],"curies":[{"name":"wp","href":"https:\/\/api.w.org\/{rel}","templated":true}]}}