{"id":718,"date":"2021-12-18T08:45:21","date_gmt":"2021-12-18T08:45:21","guid":{"rendered":"https:\/\/covid19-a-savoir.net\/?page_id=718"},"modified":"2022-02-03T06:02:39","modified_gmt":"2022-02-03T06:02:39","slug":"medecine-holistique","status":"publish","type":"page","link":"https:\/\/covid19-a-savoir.net\/index.php\/medecine-holistique\/","title":{"rendered":"m\u00e9decine holistique"},"content":{"rendered":"<div id=\"dslc-theme-content\"><div id=\"dslc-theme-content-inner\">\n<iframe width=\"560\" height=\"315\" src=\"https:\/\/www.youtube.com\/embed\/zbnnlfyIxHs\" title=\"YouTube video player\" frameborder=\"0\" allow=\"accelerometer; autoplay; clipboard-write; encrypted-media; gyroscope; picture-in-picture\" allowfullscreen=\"\"><\/iframe>\n\n\n\n<p>Michel ne trouvait pas les r\u00e9ponses qu&rsquo;il cherchait dans la m\u00e9decine classique. Il a eu envie de la faire \u00e9voluer : pour cela, il a d\u00e9cid\u00e9 de se former en naturopathie et est devenu l&rsquo;initiateur de la m\u00e9decine holistique en France, d\u00e9montrant qu&rsquo;une th\u00e9rapie efficace prend en charge la globalit\u00e9 de la maladie et soigne les causes au lieu des sympt\u00f4mes. Le r\u00e9sultat : il soigne des milliers de personnes, a form\u00e9 de nombreux naturopathes, diffuse ses connaissances et ses conseils au travers de nombreux ouvrages et a le sentiment de faire ce \u00e0 quoi il \u00e9tait destin\u00e9. Il a r\u00e9ussi \u00e0 amener une autre vision de la m\u00e9decine : \u00ab\u00a0Il faut \u00e9couter les r\u00e9actions de son corps. <\/p>\n\n\n\n<p>Toute maladie est une gu\u00e9rison qui est en train de se faire\u00a0\u00bb. Onpassealacte.fr est un site de journalisme constructif ou journal positif sur les initiatives ing\u00e9nieuses, remarquables et inspirantes r\u00e9alis\u00e9es par des citoyens \u00e0 travers des interviews vid\u00e9os : faire avancer le schmilblick et changer le monde vers plus d&rsquo;\u00e9cologie et d&rsquo;humanisme par la cr\u00e9ativit\u00e9, l&rsquo;action et l&rsquo;innovation citoyenne et individuelle.<\/p>\n\n\n\n<h4 class=\"wp-block-heading\" id=\"title\">Licence<\/h4>\n\n\n\n<p><a href=\"https:\/\/www.youtube.com\/t\/creative_commons\">Licence de paternit\u00e9 Creative Commons (r\u00e9utilisation autoris\u00e9e)<\/a><\/p>\n\n\n\n<p><\/p>\n\n\n\n<p class=\"has-vivid-red-color has-text-color has-large-font-size\"><strong>COMMENT RENFORCER SON IMMUNIT\u00c9 NATURELLEMENT<\/strong><\/p>\n\n\n\n<p><\/p>\n\n\n\n<figure class=\"wp-block-image size-full\"><img fetchpriority=\"high\" decoding=\"async\" width=\"638\" height=\"197\" src=\"https:\/\/covid19-a-savoir.net\/wp-content\/uploads\/2022\/02\/image-3.png\" alt=\"\" class=\"wp-image-1064\" srcset=\"https:\/\/covid19-a-savoir.net\/wp-content\/uploads\/2022\/02\/image-3.png 638w, https:\/\/covid19-a-savoir.net\/wp-content\/uploads\/2022\/02\/image-3-300x93.png 300w\" sizes=\"(max-width: 638px) 100vw, 638px\" \/><\/figure>\n\n\n\n<figure class=\"wp-block-image size-full\"><img decoding=\"async\" width=\"706\" height=\"424\" src=\"https:\/\/covid19-a-savoir.net\/wp-content\/uploads\/2022\/02\/image-2.png\" alt=\"\" class=\"wp-image-1063\" srcset=\"https:\/\/covid19-a-savoir.net\/wp-content\/uploads\/2022\/02\/image-2.png 706w, https:\/\/covid19-a-savoir.net\/wp-content\/uploads\/2022\/02\/image-2-300x180.png 300w\" sizes=\"(max-width: 706px) 100vw, 706px\" \/><\/figure>\n\n\n\n<iframe width=\"260\" height=\"115\" src=\"https:\/\/www.youtube.com\/embed\/hMDG76MRukw\" title=\"YouTube video player\" frameborder=\"0\" allow=\"accelerometer; autoplay; clipboard-write; encrypted-media; gyroscope; picture-in-picture\" allowfullscreen=\"\"><\/iframe>\n\n\n\n<figure class=\"wp-block-image size-full\"><img decoding=\"async\" width=\"431\" height=\"449\" src=\"https:\/\/covid19-a-savoir.net\/wp-content\/uploads\/2022\/02\/image-4.png\" alt=\"\" class=\"wp-image-1066\" srcset=\"https:\/\/covid19-a-savoir.net\/wp-content\/uploads\/2022\/02\/image-4.png 431w, https:\/\/covid19-a-savoir.net\/wp-content\/uploads\/2022\/02\/image-4-288x300.png 288w\" sizes=\"(max-width: 431px) 100vw, 431px\" \/><\/figure>\n<\/div><\/div>","protected":false},"excerpt":{"rendered":"<p>Michel ne trouvait pas les r\u00e9ponses qu&rsquo;il cherchait dans la m\u00e9decine classique. Il a eu envie de la faire \u00e9voluer&#8230; <a href=\"https:\/\/covid19-a-savoir.net\/index.php\/medecine-holistique\/\" class=\"readmore\">Read more<span class=\"screen-reader-text\">m\u00e9decine holistique<\/span><span class=\"fa fa-angle-double-right\" aria-hidden=\"true\"><\/span><\/a><\/p>\n","protected":false},"author":1,"featured_media":0,"parent":0,"menu_order":0,"comment_status":"closed","ping_status":"closed","template":"","meta":{"footnotes":""},"yoast_head":"<!-- This site is optimized with the Yoast SEO plugin v23.2 - https:\/\/yoast.com\/wordpress\/plugins\/seo\/ -->\n<title>m\u00e9decine holistique - Actualit\u00e9s, , .... Apr\u00e8s la p\u00e9riode &quot;covid19&quot;<\/title>\n<meta name=\"robots\" content=\"index, follow, max-snippet:-1, max-image-preview:large, max-video-preview:-1\" \/>\n<link rel=\"canonical\" href=\"https:\/\/covid19-a-savoir.net\/index.php\/medecine-holistique\/\" \/>\n<meta property=\"og:locale\" content=\"fr_FR\" \/>\n<meta property=\"og:type\" content=\"article\" \/>\n<meta property=\"og:title\" content=\"m\u00e9decine holistique - Actualit\u00e9s, , .... Apr\u00e8s la p\u00e9riode &quot;covid19&quot;\" \/>\n<meta property=\"og:description\" content=\"Michel ne trouvait pas les r\u00e9ponses qu&rsquo;il cherchait dans la m\u00e9decine classique. Il a eu envie de la faire \u00e9voluer... Read morem\u00e9decine holistique\" \/>\n<meta property=\"og:url\" content=\"https:\/\/covid19-a-savoir.net\/index.php\/medecine-holistique\/\" \/>\n<meta property=\"og:site_name\" content=\"Actualit\u00e9s, , .... Apr\u00e8s la p\u00e9riode &quot;covid19&quot;\" \/>\n<meta property=\"article:modified_time\" content=\"2022-02-03T06:02:39+00:00\" \/>\n<meta property=\"og:image\" content=\"https:\/\/covid19-a-savoir.net\/wp-content\/uploads\/2022\/02\/image-3.png\" \/>\n<meta name=\"twitter:card\" content=\"summary_large_image\" \/>\n<meta name=\"twitter:label1\" content=\"Dur\u00e9e de lecture estim\u00e9e\" \/>\n\t<meta name=\"twitter:data1\" content=\"1 minute\" \/>\n<script type=\"application\/ld+json\" class=\"yoast-schema-graph\">{\"@context\":\"https:\/\/schema.org\",\"@graph\":[{\"@type\":\"WebPage\",\"@id\":\"https:\/\/covid19-a-savoir.net\/index.php\/medecine-holistique\/\",\"url\":\"https:\/\/covid19-a-savoir.net\/index.php\/medecine-holistique\/\",\"name\":\"m\u00e9decine holistique - Actualit\u00e9s, , .... Apr\u00e8s la p\u00e9riode &quot;covid19&quot;\",\"isPartOf\":{\"@id\":\"https:\/\/covid19-a-savoir.net\/#website\"},\"primaryImageOfPage\":{\"@id\":\"https:\/\/covid19-a-savoir.net\/index.php\/medecine-holistique\/#primaryimage\"},\"image\":{\"@id\":\"https:\/\/covid19-a-savoir.net\/index.php\/medecine-holistique\/#primaryimage\"},\"thumbnailUrl\":\"https:\/\/covid19-a-savoir.net\/wp-content\/uploads\/2022\/02\/image-3.png\",\"datePublished\":\"2021-12-18T08:45:21+00:00\",\"dateModified\":\"2022-02-03T06:02:39+00:00\",\"breadcrumb\":{\"@id\":\"https:\/\/covid19-a-savoir.net\/index.php\/medecine-holistique\/#breadcrumb\"},\"inLanguage\":\"fr-FR\",\"potentialAction\":[{\"@type\":\"ReadAction\",\"target\":[\"https:\/\/covid19-a-savoir.net\/index.php\/medecine-holistique\/\"]}]},{\"@type\":\"ImageObject\",\"inLanguage\":\"fr-FR\",\"@id\":\"https:\/\/covid19-a-savoir.net\/index.php\/medecine-holistique\/#primaryimage\",\"url\":\"https:\/\/covid19-a-savoir.net\/wp-content\/uploads\/2022\/02\/image-3.png\",\"contentUrl\":\"https:\/\/covid19-a-savoir.net\/wp-content\/uploads\/2022\/02\/image-3.png\",\"width\":638,\"height\":197},{\"@type\":\"BreadcrumbList\",\"@id\":\"https:\/\/covid19-a-savoir.net\/index.php\/medecine-holistique\/#breadcrumb\",\"itemListElement\":[{\"@type\":\"ListItem\",\"position\":1,\"name\":\"Accueil\",\"item\":\"https:\/\/covid19-a-savoir.net\/\"},{\"@type\":\"ListItem\",\"position\":2,\"name\":\"m\u00e9decine holistique\"}]},{\"@type\":\"WebSite\",\"@id\":\"https:\/\/covid19-a-savoir.net\/#website\",\"url\":\"https:\/\/covid19-a-savoir.net\/\",\"name\":\"Actualit\u00e9s, , .... Apr\u00e8s la p\u00e9riode &quot;covid19&quot;\",\"description\":\"DES V\u00c9RIT\u00c9S QUI D\u00c9RANGENT\",\"publisher\":{\"@id\":\"https:\/\/covid19-a-savoir.net\/#\/schema\/person\/53265987e4424cc7dde2f857d2b378cf\"},\"potentialAction\":[{\"@type\":\"SearchAction\",\"target\":{\"@type\":\"EntryPoint\",\"urlTemplate\":\"https:\/\/covid19-a-savoir.net\/?s={search_term_string}\"},\"query-input\":\"required name=search_term_string\"}],\"inLanguage\":\"fr-FR\"},{\"@type\":[\"Person\",\"Organization\"],\"@id\":\"https:\/\/covid19-a-savoir.net\/#\/schema\/person\/53265987e4424cc7dde2f857d2b378cf\",\"name\":\"GS\",\"image\":{\"@type\":\"ImageObject\",\"inLanguage\":\"fr-FR\",\"@id\":\"https:\/\/covid19-a-savoir.net\/#\/schema\/person\/image\/\",\"url\":\"https:\/\/covid19-a-savoir.net\/wp-content\/uploads\/2022\/07\/dans-ce-monde-312x312-1.png\",\"contentUrl\":\"https:\/\/covid19-a-savoir.net\/wp-content\/uploads\/2022\/07\/dans-ce-monde-312x312-1.png\",\"width\":312,\"height\":312,\"caption\":\"GS\"},\"logo\":{\"@id\":\"https:\/\/covid19-a-savoir.net\/#\/schema\/person\/image\/\"},\"sameAs\":[\"http:\/\/covid19-a-savoir.net\"]}]}<\/script>\n<!-- \/ Yoast SEO plugin. -->","yoast_head_json":{"title":"m\u00e9decine holistique - Actualit\u00e9s, , .... Apr\u00e8s la p\u00e9riode &quot;covid19&quot;","robots":{"index":"index","follow":"follow","max-snippet":"max-snippet:-1","max-image-preview":"max-image-preview:large","max-video-preview":"max-video-preview:-1"},"canonical":"https:\/\/covid19-a-savoir.net\/index.php\/medecine-holistique\/","og_locale":"fr_FR","og_type":"article","og_title":"m\u00e9decine holistique - Actualit\u00e9s, , .... Apr\u00e8s la p\u00e9riode &quot;covid19&quot;","og_description":"Michel ne trouvait pas les r\u00e9ponses qu&rsquo;il cherchait dans la m\u00e9decine classique. Il a eu envie de la faire \u00e9voluer... Read morem\u00e9decine holistique","og_url":"https:\/\/covid19-a-savoir.net\/index.php\/medecine-holistique\/","og_site_name":"Actualit\u00e9s, , .... Apr\u00e8s la p\u00e9riode &quot;covid19&quot;","article_modified_time":"2022-02-03T06:02:39+00:00","og_image":[{"url":"https:\/\/covid19-a-savoir.net\/wp-content\/uploads\/2022\/02\/image-3.png"}],"twitter_card":"summary_large_image","twitter_misc":{"Dur\u00e9e de lecture estim\u00e9e":"1 minute"},"schema":{"@context":"https:\/\/schema.org","@graph":[{"@type":"WebPage","@id":"https:\/\/covid19-a-savoir.net\/index.php\/medecine-holistique\/","url":"https:\/\/covid19-a-savoir.net\/index.php\/medecine-holistique\/","name":"m\u00e9decine holistique - Actualit\u00e9s, , .... Apr\u00e8s la p\u00e9riode &quot;covid19&quot;","isPartOf":{"@id":"https:\/\/covid19-a-savoir.net\/#website"},"primaryImageOfPage":{"@id":"https:\/\/covid19-a-savoir.net\/index.php\/medecine-holistique\/#primaryimage"},"image":{"@id":"https:\/\/covid19-a-savoir.net\/index.php\/medecine-holistique\/#primaryimage"},"thumbnailUrl":"https:\/\/covid19-a-savoir.net\/wp-content\/uploads\/2022\/02\/image-3.png","datePublished":"2021-12-18T08:45:21+00:00","dateModified":"2022-02-03T06:02:39+00:00","breadcrumb":{"@id":"https:\/\/covid19-a-savoir.net\/index.php\/medecine-holistique\/#breadcrumb"},"inLanguage":"fr-FR","potentialAction":[{"@type":"ReadAction","target":["https:\/\/covid19-a-savoir.net\/index.php\/medecine-holistique\/"]}]},{"@type":"ImageObject","inLanguage":"fr-FR","@id":"https:\/\/covid19-a-savoir.net\/index.php\/medecine-holistique\/#primaryimage","url":"https:\/\/covid19-a-savoir.net\/wp-content\/uploads\/2022\/02\/image-3.png","contentUrl":"https:\/\/covid19-a-savoir.net\/wp-content\/uploads\/2022\/02\/image-3.png","width":638,"height":197},{"@type":"BreadcrumbList","@id":"https:\/\/covid19-a-savoir.net\/index.php\/medecine-holistique\/#breadcrumb","itemListElement":[{"@type":"ListItem","position":1,"name":"Accueil","item":"https:\/\/covid19-a-savoir.net\/"},{"@type":"ListItem","position":2,"name":"m\u00e9decine holistique"}]},{"@type":"WebSite","@id":"https:\/\/covid19-a-savoir.net\/#website","url":"https:\/\/covid19-a-savoir.net\/","name":"Actualit\u00e9s, , .... Apr\u00e8s la p\u00e9riode &quot;covid19&quot;","description":"DES V\u00c9RIT\u00c9S QUI D\u00c9RANGENT","publisher":{"@id":"https:\/\/covid19-a-savoir.net\/#\/schema\/person\/53265987e4424cc7dde2f857d2b378cf"},"potentialAction":[{"@type":"SearchAction","target":{"@type":"EntryPoint","urlTemplate":"https:\/\/covid19-a-savoir.net\/?s={search_term_string}"},"query-input":"required name=search_term_string"}],"inLanguage":"fr-FR"},{"@type":["Person","Organization"],"@id":"https:\/\/covid19-a-savoir.net\/#\/schema\/person\/53265987e4424cc7dde2f857d2b378cf","name":"GS","image":{"@type":"ImageObject","inLanguage":"fr-FR","@id":"https:\/\/covid19-a-savoir.net\/#\/schema\/person\/image\/","url":"https:\/\/covid19-a-savoir.net\/wp-content\/uploads\/2022\/07\/dans-ce-monde-312x312-1.png","contentUrl":"https:\/\/covid19-a-savoir.net\/wp-content\/uploads\/2022\/07\/dans-ce-monde-312x312-1.png","width":312,"height":312,"caption":"GS"},"logo":{"@id":"https:\/\/covid19-a-savoir.net\/#\/schema\/person\/image\/"},"sameAs":["http:\/\/covid19-a-savoir.net"]}]}},"jetpack_sharing_enabled":true,"_links":{"self":[{"href":"https:\/\/covid19-a-savoir.net\/index.php\/wp-json\/wp\/v2\/pages\/718"}],"collection":[{"href":"https:\/\/covid19-a-savoir.net\/index.php\/wp-json\/wp\/v2\/pages"}],"about":[{"href":"https:\/\/covid19-a-savoir.net\/index.php\/wp-json\/wp\/v2\/types\/page"}],"author":[{"embeddable":true,"href":"https:\/\/covid19-a-savoir.net\/index.php\/wp-json\/wp\/v2\/users\/1"}],"replies":[{"embeddable":true,"href":"https:\/\/covid19-a-savoir.net\/index.php\/wp-json\/wp\/v2\/comments?post=718"}],"version-history":[{"count":3,"href":"https:\/\/covid19-a-savoir.net\/index.php\/wp-json\/wp\/v2\/pages\/718\/revisions"}],"predecessor-version":[{"id":1067,"href":"https:\/\/covid19-a-savoir.net\/index.php\/wp-json\/wp\/v2\/pages\/718\/revisions\/1067"}],"wp:attachment":[{"href":"https:\/\/covid19-a-savoir.net\/index.php\/wp-json\/wp\/v2\/media?parent=718"}],"curies":[{"name":"wp","href":"https:\/\/api.w.org\/{rel}","templated":true}]}}