{"id":3445,"date":"2025-07-20T20:27:53","date_gmt":"2025-07-20T20:27:53","guid":{"rendered":"https:\/\/covid19-a-savoir.net\/?page_id=3445"},"modified":"2025-07-20T20:36:49","modified_gmt":"2025-07-20T20:36:49","slug":"du-cancer-a-la-vie-eviter-les-pieges-et-mensonges-de-big-pharma","status":"publish","type":"page","link":"https:\/\/covid19-a-savoir.net\/index.php\/du-cancer-a-la-vie-eviter-les-pieges-et-mensonges-de-big-pharma\/","title":{"rendered":"DU CANCER \u00c0 LA VIE : \u00c9VITER LES PI\u00c8GES ET MENSONGES DE BIG PHARMA\u00a0"},"content":{"rendered":"<div id=\"dslc-theme-content\"><div id=\"dslc-theme-content-inner\">\n<iframe width=\"560\" height=\"315\" src=\"https:\/\/www.youtube.com\/embed\/-xVBuS8Dbck?si=_0NiSgCwfNDvwDBJ\" title=\"YouTube video player\" frameborder=\"0\" allow=\"accelerometer; autoplay; clipboard-write; encrypted-media; gyroscope; picture-in-picture; web-share\" referrerpolicy=\"strict-origin-when-cross-origin\" allowfullscreen><\/iframe>\n\n\n\n<p class=\"has-vivid-red-color has-text-color has-link-color wp-elements-6c5648a273de41ab590335e7de0c93fe\">Les propos tenus par les invit\u00e9s de G\u00e9opolitique Profonde n&rsquo;engagent qu&rsquo;eux-m\u00eames. Notre m\u00e9dia n&rsquo;est pas responsable des opinions, d\u00e9clarations ou contenus exprim\u00e9s par les participants lors de nos \u00e9missions, y compris en direct. \u00c9tant donn\u00e9 la nature des diffusions en live, nous ne pouvons pas garantir l&rsquo;absence de d\u00e9rapages ou de propos inappropri\u00e9s. <\/p>\n\n\n\n<p class=\"has-vivid-red-color has-text-color has-link-color wp-elements-2df17b9efe4fd75a64adf776f506cb60\">Toute personne souhaitant contester ou engager des actions concernant des propos tenus par un invit\u00e9 (diffamation, incitation \u00e0 la haine, etc.) devra s&rsquo;adresser directement \u00e0 l&rsquo;auteur des d\u00e9clarations. G\u00e9opolitique Profonde d\u00e9cline toute responsabilit\u00e9 \u00e0 cet \u00e9gard. Nous nous engageons n\u00e9anmoins \u00e0 mod\u00e9rer nos contenus dans la mesure du possible et \u00e0 prendre les mesures n\u00e9cessaires en cas de signalement.<\/p>\n<\/div><\/div>","protected":false},"excerpt":{"rendered":"<p>Les propos tenus par les invit\u00e9s de G\u00e9opolitique Profonde n&rsquo;engagent qu&rsquo;eux-m\u00eames. Notre m\u00e9dia n&rsquo;est pas responsable des opinions, d\u00e9clarations ou&#8230; <a href=\"https:\/\/covid19-a-savoir.net\/index.php\/du-cancer-a-la-vie-eviter-les-pieges-et-mensonges-de-big-pharma\/\" class=\"readmore\">Read more<span class=\"screen-reader-text\">DU CANCER \u00c0 LA VIE : \u00c9VITER LES PI\u00c8GES ET MENSONGES DE BIG PHARMA\u00a0<\/span><span class=\"fa fa-angle-double-right\" aria-hidden=\"true\"><\/span><\/a><\/p>\n","protected":false},"author":1,"featured_media":0,"parent":0,"menu_order":0,"comment_status":"closed","ping_status":"closed","template":"","meta":{"footnotes":""},"yoast_head":"<!-- This site is optimized with the Yoast SEO plugin v23.2 - https:\/\/yoast.com\/wordpress\/plugins\/seo\/ -->\n<title>DU CANCER \u00c0 LA VIE : \u00c9VITER LES PI\u00c8GES ET MENSONGES DE BIG PHARMA\u00a0 - Actualit\u00e9s, , .... Apr\u00e8s la p\u00e9riode &quot;covid19&quot;<\/title>\n<meta name=\"robots\" content=\"index, follow, max-snippet:-1, max-image-preview:large, max-video-preview:-1\" \/>\n<link rel=\"canonical\" href=\"https:\/\/covid19-a-savoir.net\/index.php\/du-cancer-a-la-vie-eviter-les-pieges-et-mensonges-de-big-pharma\/\" \/>\n<meta property=\"og:locale\" content=\"fr_FR\" \/>\n<meta property=\"og:type\" content=\"article\" \/>\n<meta property=\"og:title\" content=\"DU CANCER \u00c0 LA VIE : \u00c9VITER LES PI\u00c8GES ET MENSONGES DE BIG PHARMA\u00a0 - Actualit\u00e9s, , .... Apr\u00e8s la p\u00e9riode &quot;covid19&quot;\" \/>\n<meta property=\"og:description\" content=\"Les propos tenus par les invit\u00e9s de G\u00e9opolitique Profonde n&rsquo;engagent qu&rsquo;eux-m\u00eames. Notre m\u00e9dia n&rsquo;est pas responsable des opinions, d\u00e9clarations ou... Read moreDU CANCER \u00c0 LA VIE : \u00c9VITER LES PI\u00c8GES ET MENSONGES DE BIG PHARMA\u00a0\" \/>\n<meta property=\"og:url\" content=\"https:\/\/covid19-a-savoir.net\/index.php\/du-cancer-a-la-vie-eviter-les-pieges-et-mensonges-de-big-pharma\/\" \/>\n<meta property=\"og:site_name\" content=\"Actualit\u00e9s, , .... Apr\u00e8s la p\u00e9riode &quot;covid19&quot;\" \/>\n<meta property=\"article:modified_time\" content=\"2025-07-20T20:36:49+00:00\" \/>\n<meta name=\"twitter:card\" content=\"summary_large_image\" \/>\n<meta name=\"twitter:label1\" content=\"Dur\u00e9e de lecture estim\u00e9e\" \/>\n\t<meta name=\"twitter:data1\" content=\"1 minute\" \/>\n<script type=\"application\/ld+json\" class=\"yoast-schema-graph\">{\"@context\":\"https:\/\/schema.org\",\"@graph\":[{\"@type\":\"WebPage\",\"@id\":\"https:\/\/covid19-a-savoir.net\/index.php\/du-cancer-a-la-vie-eviter-les-pieges-et-mensonges-de-big-pharma\/\",\"url\":\"https:\/\/covid19-a-savoir.net\/index.php\/du-cancer-a-la-vie-eviter-les-pieges-et-mensonges-de-big-pharma\/\",\"name\":\"DU CANCER \u00c0 LA VIE : \u00c9VITER LES PI\u00c8GES ET MENSONGES DE BIG PHARMA\u00a0 - Actualit\u00e9s, , .... Apr\u00e8s la p\u00e9riode &quot;covid19&quot;\",\"isPartOf\":{\"@id\":\"https:\/\/covid19-a-savoir.net\/#website\"},\"datePublished\":\"2025-07-20T20:27:53+00:00\",\"dateModified\":\"2025-07-20T20:36:49+00:00\",\"breadcrumb\":{\"@id\":\"https:\/\/covid19-a-savoir.net\/index.php\/du-cancer-a-la-vie-eviter-les-pieges-et-mensonges-de-big-pharma\/#breadcrumb\"},\"inLanguage\":\"fr-FR\",\"potentialAction\":[{\"@type\":\"ReadAction\",\"target\":[\"https:\/\/covid19-a-savoir.net\/index.php\/du-cancer-a-la-vie-eviter-les-pieges-et-mensonges-de-big-pharma\/\"]}]},{\"@type\":\"BreadcrumbList\",\"@id\":\"https:\/\/covid19-a-savoir.net\/index.php\/du-cancer-a-la-vie-eviter-les-pieges-et-mensonges-de-big-pharma\/#breadcrumb\",\"itemListElement\":[{\"@type\":\"ListItem\",\"position\":1,\"name\":\"Accueil\",\"item\":\"https:\/\/covid19-a-savoir.net\/\"},{\"@type\":\"ListItem\",\"position\":2,\"name\":\"DU CANCER \u00c0 LA VIE : \u00c9VITER LES PI\u00c8GES ET MENSONGES DE BIG PHARMA\u00a0\"}]},{\"@type\":\"WebSite\",\"@id\":\"https:\/\/covid19-a-savoir.net\/#website\",\"url\":\"https:\/\/covid19-a-savoir.net\/\",\"name\":\"Actualit\u00e9s, , .... Apr\u00e8s la p\u00e9riode &quot;covid19&quot;\",\"description\":\"DES V\u00c9RIT\u00c9S QUI D\u00c9RANGENT\",\"publisher\":{\"@id\":\"https:\/\/covid19-a-savoir.net\/#\/schema\/person\/53265987e4424cc7dde2f857d2b378cf\"},\"potentialAction\":[{\"@type\":\"SearchAction\",\"target\":{\"@type\":\"EntryPoint\",\"urlTemplate\":\"https:\/\/covid19-a-savoir.net\/?s={search_term_string}\"},\"query-input\":\"required name=search_term_string\"}],\"inLanguage\":\"fr-FR\"},{\"@type\":[\"Person\",\"Organization\"],\"@id\":\"https:\/\/covid19-a-savoir.net\/#\/schema\/person\/53265987e4424cc7dde2f857d2b378cf\",\"name\":\"GS\",\"image\":{\"@type\":\"ImageObject\",\"inLanguage\":\"fr-FR\",\"@id\":\"https:\/\/covid19-a-savoir.net\/#\/schema\/person\/image\/\",\"url\":\"https:\/\/covid19-a-savoir.net\/wp-content\/uploads\/2022\/07\/dans-ce-monde-312x312-1.png\",\"contentUrl\":\"https:\/\/covid19-a-savoir.net\/wp-content\/uploads\/2022\/07\/dans-ce-monde-312x312-1.png\",\"width\":312,\"height\":312,\"caption\":\"GS\"},\"logo\":{\"@id\":\"https:\/\/covid19-a-savoir.net\/#\/schema\/person\/image\/\"},\"sameAs\":[\"http:\/\/covid19-a-savoir.net\"]}]}<\/script>\n<!-- \/ Yoast SEO plugin. -->","yoast_head_json":{"title":"DU CANCER \u00c0 LA VIE : \u00c9VITER LES PI\u00c8GES ET MENSONGES DE BIG PHARMA\u00a0 - Actualit\u00e9s, , .... Apr\u00e8s la p\u00e9riode &quot;covid19&quot;","robots":{"index":"index","follow":"follow","max-snippet":"max-snippet:-1","max-image-preview":"max-image-preview:large","max-video-preview":"max-video-preview:-1"},"canonical":"https:\/\/covid19-a-savoir.net\/index.php\/du-cancer-a-la-vie-eviter-les-pieges-et-mensonges-de-big-pharma\/","og_locale":"fr_FR","og_type":"article","og_title":"DU CANCER \u00c0 LA VIE : \u00c9VITER LES PI\u00c8GES ET MENSONGES DE BIG PHARMA\u00a0 - Actualit\u00e9s, , .... Apr\u00e8s la p\u00e9riode &quot;covid19&quot;","og_description":"Les propos tenus par les invit\u00e9s de G\u00e9opolitique Profonde n&rsquo;engagent qu&rsquo;eux-m\u00eames. Notre m\u00e9dia n&rsquo;est pas responsable des opinions, d\u00e9clarations ou... Read moreDU CANCER \u00c0 LA VIE : \u00c9VITER LES PI\u00c8GES ET MENSONGES DE BIG PHARMA\u00a0","og_url":"https:\/\/covid19-a-savoir.net\/index.php\/du-cancer-a-la-vie-eviter-les-pieges-et-mensonges-de-big-pharma\/","og_site_name":"Actualit\u00e9s, , .... Apr\u00e8s la p\u00e9riode &quot;covid19&quot;","article_modified_time":"2025-07-20T20:36:49+00:00","twitter_card":"summary_large_image","twitter_misc":{"Dur\u00e9e de lecture estim\u00e9e":"1 minute"},"schema":{"@context":"https:\/\/schema.org","@graph":[{"@type":"WebPage","@id":"https:\/\/covid19-a-savoir.net\/index.php\/du-cancer-a-la-vie-eviter-les-pieges-et-mensonges-de-big-pharma\/","url":"https:\/\/covid19-a-savoir.net\/index.php\/du-cancer-a-la-vie-eviter-les-pieges-et-mensonges-de-big-pharma\/","name":"DU CANCER \u00c0 LA VIE : \u00c9VITER LES PI\u00c8GES ET MENSONGES DE BIG PHARMA\u00a0 - Actualit\u00e9s, , .... Apr\u00e8s la p\u00e9riode &quot;covid19&quot;","isPartOf":{"@id":"https:\/\/covid19-a-savoir.net\/#website"},"datePublished":"2025-07-20T20:27:53+00:00","dateModified":"2025-07-20T20:36:49+00:00","breadcrumb":{"@id":"https:\/\/covid19-a-savoir.net\/index.php\/du-cancer-a-la-vie-eviter-les-pieges-et-mensonges-de-big-pharma\/#breadcrumb"},"inLanguage":"fr-FR","potentialAction":[{"@type":"ReadAction","target":["https:\/\/covid19-a-savoir.net\/index.php\/du-cancer-a-la-vie-eviter-les-pieges-et-mensonges-de-big-pharma\/"]}]},{"@type":"BreadcrumbList","@id":"https:\/\/covid19-a-savoir.net\/index.php\/du-cancer-a-la-vie-eviter-les-pieges-et-mensonges-de-big-pharma\/#breadcrumb","itemListElement":[{"@type":"ListItem","position":1,"name":"Accueil","item":"https:\/\/covid19-a-savoir.net\/"},{"@type":"ListItem","position":2,"name":"DU CANCER \u00c0 LA VIE : \u00c9VITER LES PI\u00c8GES ET MENSONGES DE BIG PHARMA\u00a0"}]},{"@type":"WebSite","@id":"https:\/\/covid19-a-savoir.net\/#website","url":"https:\/\/covid19-a-savoir.net\/","name":"Actualit\u00e9s, , .... Apr\u00e8s la p\u00e9riode &quot;covid19&quot;","description":"DES V\u00c9RIT\u00c9S QUI D\u00c9RANGENT","publisher":{"@id":"https:\/\/covid19-a-savoir.net\/#\/schema\/person\/53265987e4424cc7dde2f857d2b378cf"},"potentialAction":[{"@type":"SearchAction","target":{"@type":"EntryPoint","urlTemplate":"https:\/\/covid19-a-savoir.net\/?s={search_term_string}"},"query-input":"required name=search_term_string"}],"inLanguage":"fr-FR"},{"@type":["Person","Organization"],"@id":"https:\/\/covid19-a-savoir.net\/#\/schema\/person\/53265987e4424cc7dde2f857d2b378cf","name":"GS","image":{"@type":"ImageObject","inLanguage":"fr-FR","@id":"https:\/\/covid19-a-savoir.net\/#\/schema\/person\/image\/","url":"https:\/\/covid19-a-savoir.net\/wp-content\/uploads\/2022\/07\/dans-ce-monde-312x312-1.png","contentUrl":"https:\/\/covid19-a-savoir.net\/wp-content\/uploads\/2022\/07\/dans-ce-monde-312x312-1.png","width":312,"height":312,"caption":"GS"},"logo":{"@id":"https:\/\/covid19-a-savoir.net\/#\/schema\/person\/image\/"},"sameAs":["http:\/\/covid19-a-savoir.net"]}]}},"jetpack_sharing_enabled":true,"_links":{"self":[{"href":"https:\/\/covid19-a-savoir.net\/index.php\/wp-json\/wp\/v2\/pages\/3445"}],"collection":[{"href":"https:\/\/covid19-a-savoir.net\/index.php\/wp-json\/wp\/v2\/pages"}],"about":[{"href":"https:\/\/covid19-a-savoir.net\/index.php\/wp-json\/wp\/v2\/types\/page"}],"author":[{"embeddable":true,"href":"https:\/\/covid19-a-savoir.net\/index.php\/wp-json\/wp\/v2\/users\/1"}],"replies":[{"embeddable":true,"href":"https:\/\/covid19-a-savoir.net\/index.php\/wp-json\/wp\/v2\/comments?post=3445"}],"version-history":[{"count":2,"href":"https:\/\/covid19-a-savoir.net\/index.php\/wp-json\/wp\/v2\/pages\/3445\/revisions"}],"predecessor-version":[{"id":3452,"href":"https:\/\/covid19-a-savoir.net\/index.php\/wp-json\/wp\/v2\/pages\/3445\/revisions\/3452"}],"wp:attachment":[{"href":"https:\/\/covid19-a-savoir.net\/index.php\/wp-json\/wp\/v2\/media?parent=3445"}],"curies":[{"name":"wp","href":"https:\/\/api.w.org\/{rel}","templated":true}]}}