{"id":3417,"date":"2025-05-02T14:18:16","date_gmt":"2025-05-02T14:18:16","guid":{"rendered":"https:\/\/covid19-a-savoir.net\/?page_id=3417"},"modified":"2025-05-02T14:18:17","modified_gmt":"2025-05-02T14:18:17","slug":"euro-numerique-ce-que-personne-ne-te-dit-sur-la-monnaie-digitale-europeenne","status":"publish","type":"page","link":"https:\/\/covid19-a-savoir.net\/index.php\/euro-numerique-ce-que-personne-ne-te-dit-sur-la-monnaie-digitale-europeenne\/","title":{"rendered":"Euro num\u00e9rique : Ce que personne ne te dit sur la monnaie digitale europ\u00e9enne"},"content":{"rendered":"<div id=\"dslc-theme-content\"><div id=\"dslc-theme-content-inner\">\n<p>\u00c9coute-moi bien, parce que je vais te balancer une v\u00e9rit\u00e9 que personne n\u2019ose dire : l\u2019euro num\u00e9rique n\u2019est <strong>pas juste un nouveau gadget financier.<\/strong> Ce n\u2019est pas \u00ab\u202fjuste un progr\u00e8s\u202f\u00bb. Non, mec. Ce truc-l\u00e0, c\u2019est litt\u00e9ralement <strong>un changement de r\u00e8gles du jeu<\/strong>. Comme si on t\u2019invitait \u00e0 rejouer Monopoly, mais cette fois la banque, c\u2019est directement le mec en costume derri\u00e8re ton \u00e9paule, qui voit <strong>chaque transaction que tu fais<\/strong>, qui <strong>peut te couper les vivres<\/strong> d\u2019un clic, et qui sourit en te disant que c\u2019est \u00ab\u202fpour ta s\u00e9curit\u00e9\u202f\u00bb. Tu crois que c\u2019est de la science-fiction\u202f? R\u00e9veille-toi. C\u2019est d\u00e9j\u00e0 en route.<\/p>\n\n\n\n<p>Et tu veux savoir ce que \u00e7a change <strong>pour toi<\/strong>, concr\u00e8tement\u202f? Imagine\u202f: tu vas acheter ton caf\u00e9 du matin, contactless, easy. Mais ce petit paiement, il <strong>ne dispara\u00eet pas dans le n\u00e9ant<\/strong>. Non, il s\u2019ajoute \u00e0 une base de donn\u00e9es o\u00f9 <strong>chaque latte, chaque kebab, chaque ticket de m\u00e9tro<\/strong> raconte ta vie. Et demain, <strong>quand les r\u00e8gles changeront<\/strong>, ce m\u00eame historique pourrait te <strong>bloquer l\u2019acc\u00e8s \u00e0 un pr\u00eat, ou m\u00eame \u00e0 un job.<\/strong> Parce qu\u2019un algorithme aura d\u00e9cid\u00e9 que \u00ab\u202ftu d\u00e9penses trop en conneries\u202f\u00bb.<\/p>\n\n\n\n<p>Ouais, je sais, \u00e7a fait flipper. Mais voil\u00e0 <strong>le vrai truc que personne ne te dit<\/strong> : <strong>\u00e7a ne d\u00e9pend pas d\u2019eux. \u00c7a d\u00e9pend de TOI.<\/strong> Parce que si tu restes passif, si tu continues \u00e0 \u00ab\u202ffaire confiance au syst\u00e8me\u202f\u00bb sans te poser de questions, tu seras exactement ce qu\u2019ils attendent : <strong>un pion pr\u00e9visible.<\/strong><\/p>\n\n\n\n<p>Mais il y a une autre voie. Une voie o\u00f9 tu reprends le contr\u00f4le. <strong>Commence d\u00e8s maintenant \u00e0 diversifier.<\/strong> Apprends \u00e0 utiliser des alternatives : <strong>crypto-monnaies, cash, \u00e9changes directs.<\/strong> Non pas parce que tu deviens un complotiste sous capuche, mais parce que <strong>celui qui d\u00e9pend d\u2019un seul syst\u00e8me est l\u2019esclave de ce syst\u00e8me.<\/strong><\/p>\n\n\n\n<p>Dans la vraie vie, \u00e7a veut dire quoi\u202f? \u00c7a veut dire <strong>payer en cash quand tu peux.<\/strong> \u00c7a veut dire <strong>ne pas tout centraliser sur une seule appli.<\/strong> \u00c7a veut dire <strong>comprendre comment fonctionne l\u2019argent, pas juste l\u2019utiliser.<\/strong> Parce que si tu veux \u00e9viter qu\u2019on t\u2019impose des limites demain, <strong>faut commencer \u00e0 poser tes propres limites aujourd\u2019hui.<\/strong><\/p>\n\n\n\n<p>Tu veux \u00eatre libre\u202f? Alors <strong>arr\u00eate de jouer au mouton.<\/strong> Pose-toi cette question simple : <strong>est-ce que tu veux \u00eatre propri\u00e9taire de ton argent, ou juste locataire\u202f?<\/strong><\/p>\n\n\n\n<p>Parce qu\u2019\u00e0 la fin, l\u2019euro num\u00e9rique, c\u2019est <strong>pas juste un outil. C\u2019est une laisse.<\/strong> Certains la trouvent pratique. Moi, je pr\u00e9f\u00e8re <strong>courir sans collier.<\/strong><\/p>\n\n\n\n<p>Alors choisis ton camp. Et si ce texte t\u2019a fait cogiter, <strong>partage-le<\/strong>. Parce que <strong>si toi tu te r\u00e9veilles, d\u2019autres le peuvent aussi.<\/strong><\/p>\n\n\n\n<p>\u2014 Guido SAVERIO<br><strong>DES V\u00c9RIT\u00c9S QUI D\u00c9RANGENT<\/strong><\/p>\n\n\n\n<p>Merci d\u2019avoir lu. Merci d\u2019oser r\u00e9fl\u00e9chir. Maintenant, <strong>fais passer le message.<\/strong><\/p>\n<\/div><\/div>","protected":false},"excerpt":{"rendered":"<p>\u00c9coute-moi bien, parce que je vais te balancer une v\u00e9rit\u00e9 que personne n\u2019ose dire : l\u2019euro num\u00e9rique n\u2019est pas juste&#8230; <a href=\"https:\/\/covid19-a-savoir.net\/index.php\/euro-numerique-ce-que-personne-ne-te-dit-sur-la-monnaie-digitale-europeenne\/\" class=\"readmore\">Read more<span class=\"screen-reader-text\">Euro num\u00e9rique : Ce que personne ne te dit sur la monnaie digitale europ\u00e9enne<\/span><span class=\"fa fa-angle-double-right\" aria-hidden=\"true\"><\/span><\/a><\/p>\n","protected":false},"author":1,"featured_media":0,"parent":0,"menu_order":0,"comment_status":"closed","ping_status":"closed","template":"","meta":{"footnotes":""},"yoast_head":"<!-- This site is optimized with the Yoast SEO plugin v23.2 - https:\/\/yoast.com\/wordpress\/plugins\/seo\/ -->\n<title>Euro num\u00e9rique : Ce que personne ne te dit sur la monnaie digitale europ\u00e9enne - Actualit\u00e9s, , .... Apr\u00e8s la p\u00e9riode &quot;covid19&quot;<\/title>\n<meta name=\"robots\" content=\"index, follow, max-snippet:-1, max-image-preview:large, max-video-preview:-1\" \/>\n<link rel=\"canonical\" href=\"https:\/\/covid19-a-savoir.net\/index.php\/euro-numerique-ce-que-personne-ne-te-dit-sur-la-monnaie-digitale-europeenne\/\" \/>\n<meta property=\"og:locale\" content=\"fr_FR\" \/>\n<meta property=\"og:type\" content=\"article\" \/>\n<meta property=\"og:title\" content=\"Euro num\u00e9rique : Ce que personne ne te dit sur la monnaie digitale europ\u00e9enne - Actualit\u00e9s, , .... Apr\u00e8s la p\u00e9riode &quot;covid19&quot;\" \/>\n<meta property=\"og:description\" content=\"\u00c9coute-moi bien, parce que je vais te balancer une v\u00e9rit\u00e9 que personne n\u2019ose dire : l\u2019euro num\u00e9rique n\u2019est pas juste... Read moreEuro num\u00e9rique : Ce que personne ne te dit sur la monnaie digitale europ\u00e9enne\" \/>\n<meta property=\"og:url\" content=\"https:\/\/covid19-a-savoir.net\/index.php\/euro-numerique-ce-que-personne-ne-te-dit-sur-la-monnaie-digitale-europeenne\/\" \/>\n<meta property=\"og:site_name\" content=\"Actualit\u00e9s, , .... Apr\u00e8s la p\u00e9riode &quot;covid19&quot;\" \/>\n<meta property=\"article:modified_time\" content=\"2025-05-02T14:18:17+00:00\" \/>\n<meta name=\"twitter:card\" content=\"summary_large_image\" \/>\n<meta name=\"twitter:label1\" content=\"Dur\u00e9e de lecture estim\u00e9e\" \/>\n\t<meta name=\"twitter:data1\" content=\"3 minutes\" \/>\n<script type=\"application\/ld+json\" class=\"yoast-schema-graph\">{\"@context\":\"https:\/\/schema.org\",\"@graph\":[{\"@type\":\"WebPage\",\"@id\":\"https:\/\/covid19-a-savoir.net\/index.php\/euro-numerique-ce-que-personne-ne-te-dit-sur-la-monnaie-digitale-europeenne\/\",\"url\":\"https:\/\/covid19-a-savoir.net\/index.php\/euro-numerique-ce-que-personne-ne-te-dit-sur-la-monnaie-digitale-europeenne\/\",\"name\":\"Euro num\u00e9rique : Ce que personne ne te dit sur la monnaie digitale europ\u00e9enne - Actualit\u00e9s, , .... Apr\u00e8s la p\u00e9riode &quot;covid19&quot;\",\"isPartOf\":{\"@id\":\"https:\/\/covid19-a-savoir.net\/#website\"},\"datePublished\":\"2025-05-02T14:18:16+00:00\",\"dateModified\":\"2025-05-02T14:18:17+00:00\",\"breadcrumb\":{\"@id\":\"https:\/\/covid19-a-savoir.net\/index.php\/euro-numerique-ce-que-personne-ne-te-dit-sur-la-monnaie-digitale-europeenne\/#breadcrumb\"},\"inLanguage\":\"fr-FR\",\"potentialAction\":[{\"@type\":\"ReadAction\",\"target\":[\"https:\/\/covid19-a-savoir.net\/index.php\/euro-numerique-ce-que-personne-ne-te-dit-sur-la-monnaie-digitale-europeenne\/\"]}]},{\"@type\":\"BreadcrumbList\",\"@id\":\"https:\/\/covid19-a-savoir.net\/index.php\/euro-numerique-ce-que-personne-ne-te-dit-sur-la-monnaie-digitale-europeenne\/#breadcrumb\",\"itemListElement\":[{\"@type\":\"ListItem\",\"position\":1,\"name\":\"Accueil\",\"item\":\"https:\/\/covid19-a-savoir.net\/\"},{\"@type\":\"ListItem\",\"position\":2,\"name\":\"Euro num\u00e9rique : Ce que personne ne te dit sur la monnaie digitale europ\u00e9enne\"}]},{\"@type\":\"WebSite\",\"@id\":\"https:\/\/covid19-a-savoir.net\/#website\",\"url\":\"https:\/\/covid19-a-savoir.net\/\",\"name\":\"Actualit\u00e9s, , .... Apr\u00e8s la p\u00e9riode &quot;covid19&quot;\",\"description\":\"DES V\u00c9RIT\u00c9S QUI D\u00c9RANGENT\",\"publisher\":{\"@id\":\"https:\/\/covid19-a-savoir.net\/#\/schema\/person\/53265987e4424cc7dde2f857d2b378cf\"},\"potentialAction\":[{\"@type\":\"SearchAction\",\"target\":{\"@type\":\"EntryPoint\",\"urlTemplate\":\"https:\/\/covid19-a-savoir.net\/?s={search_term_string}\"},\"query-input\":\"required name=search_term_string\"}],\"inLanguage\":\"fr-FR\"},{\"@type\":[\"Person\",\"Organization\"],\"@id\":\"https:\/\/covid19-a-savoir.net\/#\/schema\/person\/53265987e4424cc7dde2f857d2b378cf\",\"name\":\"GS\",\"image\":{\"@type\":\"ImageObject\",\"inLanguage\":\"fr-FR\",\"@id\":\"https:\/\/covid19-a-savoir.net\/#\/schema\/person\/image\/\",\"url\":\"https:\/\/covid19-a-savoir.net\/wp-content\/uploads\/2022\/07\/dans-ce-monde-312x312-1.png\",\"contentUrl\":\"https:\/\/covid19-a-savoir.net\/wp-content\/uploads\/2022\/07\/dans-ce-monde-312x312-1.png\",\"width\":312,\"height\":312,\"caption\":\"GS\"},\"logo\":{\"@id\":\"https:\/\/covid19-a-savoir.net\/#\/schema\/person\/image\/\"},\"sameAs\":[\"http:\/\/covid19-a-savoir.net\"]}]}<\/script>\n<!-- \/ Yoast SEO plugin. -->","yoast_head_json":{"title":"Euro num\u00e9rique : Ce que personne ne te dit sur la monnaie digitale europ\u00e9enne - Actualit\u00e9s, , .... Apr\u00e8s la p\u00e9riode &quot;covid19&quot;","robots":{"index":"index","follow":"follow","max-snippet":"max-snippet:-1","max-image-preview":"max-image-preview:large","max-video-preview":"max-video-preview:-1"},"canonical":"https:\/\/covid19-a-savoir.net\/index.php\/euro-numerique-ce-que-personne-ne-te-dit-sur-la-monnaie-digitale-europeenne\/","og_locale":"fr_FR","og_type":"article","og_title":"Euro num\u00e9rique : Ce que personne ne te dit sur la monnaie digitale europ\u00e9enne - Actualit\u00e9s, , .... Apr\u00e8s la p\u00e9riode &quot;covid19&quot;","og_description":"\u00c9coute-moi bien, parce que je vais te balancer une v\u00e9rit\u00e9 que personne n\u2019ose dire : l\u2019euro num\u00e9rique n\u2019est pas juste... Read moreEuro num\u00e9rique : Ce que personne ne te dit sur la monnaie digitale europ\u00e9enne","og_url":"https:\/\/covid19-a-savoir.net\/index.php\/euro-numerique-ce-que-personne-ne-te-dit-sur-la-monnaie-digitale-europeenne\/","og_site_name":"Actualit\u00e9s, , .... Apr\u00e8s la p\u00e9riode &quot;covid19&quot;","article_modified_time":"2025-05-02T14:18:17+00:00","twitter_card":"summary_large_image","twitter_misc":{"Dur\u00e9e de lecture estim\u00e9e":"3 minutes"},"schema":{"@context":"https:\/\/schema.org","@graph":[{"@type":"WebPage","@id":"https:\/\/covid19-a-savoir.net\/index.php\/euro-numerique-ce-que-personne-ne-te-dit-sur-la-monnaie-digitale-europeenne\/","url":"https:\/\/covid19-a-savoir.net\/index.php\/euro-numerique-ce-que-personne-ne-te-dit-sur-la-monnaie-digitale-europeenne\/","name":"Euro num\u00e9rique : Ce que personne ne te dit sur la monnaie digitale europ\u00e9enne - Actualit\u00e9s, , .... Apr\u00e8s la p\u00e9riode &quot;covid19&quot;","isPartOf":{"@id":"https:\/\/covid19-a-savoir.net\/#website"},"datePublished":"2025-05-02T14:18:16+00:00","dateModified":"2025-05-02T14:18:17+00:00","breadcrumb":{"@id":"https:\/\/covid19-a-savoir.net\/index.php\/euro-numerique-ce-que-personne-ne-te-dit-sur-la-monnaie-digitale-europeenne\/#breadcrumb"},"inLanguage":"fr-FR","potentialAction":[{"@type":"ReadAction","target":["https:\/\/covid19-a-savoir.net\/index.php\/euro-numerique-ce-que-personne-ne-te-dit-sur-la-monnaie-digitale-europeenne\/"]}]},{"@type":"BreadcrumbList","@id":"https:\/\/covid19-a-savoir.net\/index.php\/euro-numerique-ce-que-personne-ne-te-dit-sur-la-monnaie-digitale-europeenne\/#breadcrumb","itemListElement":[{"@type":"ListItem","position":1,"name":"Accueil","item":"https:\/\/covid19-a-savoir.net\/"},{"@type":"ListItem","position":2,"name":"Euro num\u00e9rique : Ce que personne ne te dit sur la monnaie digitale europ\u00e9enne"}]},{"@type":"WebSite","@id":"https:\/\/covid19-a-savoir.net\/#website","url":"https:\/\/covid19-a-savoir.net\/","name":"Actualit\u00e9s, , .... Apr\u00e8s la p\u00e9riode &quot;covid19&quot;","description":"DES V\u00c9RIT\u00c9S QUI D\u00c9RANGENT","publisher":{"@id":"https:\/\/covid19-a-savoir.net\/#\/schema\/person\/53265987e4424cc7dde2f857d2b378cf"},"potentialAction":[{"@type":"SearchAction","target":{"@type":"EntryPoint","urlTemplate":"https:\/\/covid19-a-savoir.net\/?s={search_term_string}"},"query-input":"required name=search_term_string"}],"inLanguage":"fr-FR"},{"@type":["Person","Organization"],"@id":"https:\/\/covid19-a-savoir.net\/#\/schema\/person\/53265987e4424cc7dde2f857d2b378cf","name":"GS","image":{"@type":"ImageObject","inLanguage":"fr-FR","@id":"https:\/\/covid19-a-savoir.net\/#\/schema\/person\/image\/","url":"https:\/\/covid19-a-savoir.net\/wp-content\/uploads\/2022\/07\/dans-ce-monde-312x312-1.png","contentUrl":"https:\/\/covid19-a-savoir.net\/wp-content\/uploads\/2022\/07\/dans-ce-monde-312x312-1.png","width":312,"height":312,"caption":"GS"},"logo":{"@id":"https:\/\/covid19-a-savoir.net\/#\/schema\/person\/image\/"},"sameAs":["http:\/\/covid19-a-savoir.net"]}]}},"jetpack_sharing_enabled":true,"_links":{"self":[{"href":"https:\/\/covid19-a-savoir.net\/index.php\/wp-json\/wp\/v2\/pages\/3417"}],"collection":[{"href":"https:\/\/covid19-a-savoir.net\/index.php\/wp-json\/wp\/v2\/pages"}],"about":[{"href":"https:\/\/covid19-a-savoir.net\/index.php\/wp-json\/wp\/v2\/types\/page"}],"author":[{"embeddable":true,"href":"https:\/\/covid19-a-savoir.net\/index.php\/wp-json\/wp\/v2\/users\/1"}],"replies":[{"embeddable":true,"href":"https:\/\/covid19-a-savoir.net\/index.php\/wp-json\/wp\/v2\/comments?post=3417"}],"version-history":[{"count":1,"href":"https:\/\/covid19-a-savoir.net\/index.php\/wp-json\/wp\/v2\/pages\/3417\/revisions"}],"predecessor-version":[{"id":3419,"href":"https:\/\/covid19-a-savoir.net\/index.php\/wp-json\/wp\/v2\/pages\/3417\/revisions\/3419"}],"wp:attachment":[{"href":"https:\/\/covid19-a-savoir.net\/index.php\/wp-json\/wp\/v2\/media?parent=3417"}],"curies":[{"name":"wp","href":"https:\/\/api.w.org\/{rel}","templated":true}]}}