{"id":3357,"date":"2025-03-04T22:00:47","date_gmt":"2025-03-04T22:00:47","guid":{"rendered":"https:\/\/covid19-a-savoir.net\/?page_id=3357"},"modified":"2025-03-04T22:06:22","modified_gmt":"2025-03-04T22:06:22","slug":"articles","status":"publish","type":"page","link":"https:\/\/covid19-a-savoir.net\/index.php\/articles\/","title":{"rendered":"ARTICLES"},"content":{"rendered":"<div id=\"dslc-theme-content\"><div id=\"dslc-theme-content-inner\">\n<ul>\n<li class=\"has-small-font-size\"><a href=\"https:\/\/covid19-a-savoir.net\/index.php\/voici-10-idees-insolites-pour-vous-inspirer\/\">Voici 10 id\u00e9es insolites pour vous inspirer<\/a><\/li>\n\n\n\n<li class=\"has-small-font-size\"><a href=\"https:\/\/covid19-a-savoir.net\/index.php\/voici-10-idees-dastuces-pratiques-pour-faciliter-votre-quotidien\/\">Voici 10 id\u00e9es d\u2019astuces pratiques pour faciliter votre quotidien :<\/a><\/li>\n\n\n\n<li class=\"has-small-font-size\"><a href=\"https:\/\/covid19-a-savoir.net\/index.php\/quelle-est-la-premiere-lecon-de-vie-que-vous-donneriez-a-votre-enfant\/\">Quelle est la premi\u00e8re le\u00e7on de vie que vous donneriez \u00e0 votre enfant ?<\/a><\/li>\n\n\n\n<li class=\"has-small-font-size\"><a href=\"https:\/\/covid19-a-savoir.net\/index.php\/comment-se-proteger-des-ondes-chez-vous\/\">Comment se prot\u00e9ger des ondes chez vous<\/a><\/li>\n\n\n\n<li class=\"has-small-font-size\"><a href=\"https:\/\/covid19-a-savoir.net\/index.php\/est-il-vrai-que-le-mal-quon-fait-nous-revienne-toujours\/\">Est-il vrai que le mal qu\u2019on fait nous revienne toujours ?<\/a><\/li>\n\n\n\n<li class=\"has-small-font-size\"><a href=\"https:\/\/covid19-a-savoir.net\/index.php\/et-si-garder-du-liquide-chez-soi-devenait-une-nouvelle-forme-de-securite\/\">Et si garder du liquide chez soi devenait une nouvelle forme de s\u00e9curit\u00e9 ?<\/a><\/li>\n\n\n\n<li class=\"has-small-font-size\"><a href=\"https:\/\/covid19-a-savoir.net\/index.php\/quest-ce-qui-fait-la-valeur-dune-personne-selon-vous\/\">Qu\u2019est-ce qui fait la valeur d\u2019une personne, selon vous ?<\/a><\/li>\n\n\n\n<li class=\"has-small-font-size\"><a href=\"https:\/\/covid19-a-savoir.net\/index.php\/80-faits-insolites-et-curiosites-qui-pourraient-vous-surprendre\/\">80 faits insolites et curiosit\u00e9s qui pourraient vous surprendre<\/a><\/li>\n\n\n\n<li class=\"has-small-font-size\"><a href=\"https:\/\/covid19-a-savoir.net\/index.php\/insolite-actualites-histoires-etranges-et-inattendues\/\">Insolite : actualit\u00e9s, histoires \u00e9tranges et inattendues<\/a><\/li>\n\n\n\n<li class=\"has-small-font-size\"><a href=\"https:\/\/covid19-a-savoir.net\/index.php\/insolite-actualites-histoires-etranges-et-inattendues-sur-les-pandemie\/\">Insolite : actualit\u00e9s, histoires \u00e9tranges et inattendues sur les pandemie<\/a><\/li>\n\n\n\n<li class=\"has-small-font-size\"><a href=\"https:\/\/covid19-a-savoir.net\/index.php\/voici-des-blagues-legeres-sur-les-pandemies-pour-apporter-un-peu-dhumour-a-un-sujet-serieux\/\">Voici des blagues l\u00e9g\u00e8res sur les pand\u00e9mies pour apporter un peu d\u2019humour \u00e0 un sujet s\u00e9rieux :<\/a><\/li>\n\n\n\n<li class=\"has-small-font-size\"><a href=\"https:\/\/covid19-a-savoir.net\/index.php\/jai-decouvert-la-face-cachee-de-la-celebrite\/\">J\u2019ai d\u00e9couvert la face cach\u00e9e de la c\u00e9l\u00e9brit\u00e9<\/a><\/li>\n\n\n\n<li class=\"has-small-font-size\"><a href=\"https:\/\/covid19-a-savoir.net\/index.php\/jai-decouvert-la-face-cachee-du-monde-du-travail\/\">J\u2019ai d\u00e9couvert la face cach\u00e9e du monde du travail<\/a><\/li>\n\n\n\n<li class=\"has-small-font-size\"><a href=\"https:\/\/covid19-a-savoir.net\/index.php\/jai-decouvert-la-face-cachee-des-reseaux-sociaux\/\">J\u2019ai d\u00e9couvert la face cach\u00e9e des r\u00e9seaux sociaux<\/a><\/li>\n\n\n\n<li class=\"has-small-font-size\"><a href=\"https:\/\/covid19-a-savoir.net\/index.php\/jai-decouvert-la-face-cachee-de-lamour\/\">J\u2019ai d\u00e9couvert la face cach\u00e9e de l\u2019amour<\/a><\/li>\n\n\n\n<li class=\"has-small-font-size\"><a href=\"https:\/\/covid19-a-savoir.net\/index.php\/est-ce-que-la-richesse-se-mesure-uniquement-en-argent-ou-existe-t-il-dautres-formes-de-richesse\/\">Est-ce que la richesse se mesure uniquement en argent, ou existe-t-il d\u2019autres formes de richesse,<\/a><\/li>\n\n\n\n<li class=\"has-small-font-size\"><a href=\"https:\/\/covid19-a-savoir.net\/index.php\/comment-definissez-vous-la-culture-dentreprise\/\">Comment d\u00e9finissez-vous la culture d\u2019entreprise ?<\/a><\/li>\n\n\n\n<li class=\"has-small-font-size\"><a href=\"https:\/\/covid19-a-savoir.net\/index.php\/pourquoi-les-gens-qui-fument-la-pipe-sont-rares\/\">Pourquoi les gens qui fument la pipe sont rares ?<\/a><\/li>\n\n\n\n<li class=\"has-small-font-size\"><a href=\"https:\/\/covid19-a-savoir.net\/index.php\/le-covid-ta-isole-physiquement-mais-as-tu-laisse-ton-esprit-en-quarantaine\/\">Le COVID t\u2019a isol\u00e9 physiquement, mais as-tu laiss\u00e9 ton esprit en quarantaine ?<\/a><\/li>\n\n\n\n<li class=\"has-small-font-size\"><a href=\"https:\/\/covid19-a-savoir.net\/index.php\/covid-19-le-virus-a-infecte-des-corps-mais-la-peur-a-infecte-des-societes-entieres\/\">COVID-19 : Le virus a infect\u00e9 des corps, mais la peur a infect\u00e9 des soci\u00e9t\u00e9s enti\u00e8res<\/a><\/li>\n\n\n\n<li class=\"has-small-font-size\"><a href=\"https:\/\/covid19-a-savoir.net\/index.php\/confinement-mental-le-seul-endroit-ou-le-covid-est-reste-apres-2020\/\">Confinement mental : le seul endroit o\u00f9 le COVID est rest\u00e9 apr\u00e8s 2020<\/a><\/li>\n\n\n\n<li class=\"has-small-font-size\"><a href=\"https:\/\/covid19-a-savoir.net\/index.php\/le-vrai-retour-a-la-normale-quand-on-arretera-de-croire-tout-ce-quon-nous-dit\/\">Le vrai \u2018retour \u00e0 la normale\u2019 ? Quand on arr\u00eatera de croire tout ce qu\u2019on nous dit.<\/a><\/li>\n\n\n\n<li class=\"has-small-font-size\"><a href=\"https:\/\/devenezundiamant.com\/peur-de-quitter-une-situation-stable-mais-insatisfaisante\/\">Peur de Quitter une Situation Stable mais Insatisfaisante<\/a><\/li>\n\n\n\n<li class=\"has-small-font-size\"><a href=\"https:\/\/devenezundiamant.com\/incapacite-a-rester-seule-ou-a-se-sentir-bien-dans-sa-propre-compagnie\/\">incapacit\u00e9 \u00e0 rester seule ou \u00e0 se sentir bien dans sa propre compagnie<\/a><\/li>\n\n\n\n<li class=\"has-small-font-size\"><a href=\"https:\/\/devenezundiamant.com\/recherche-constante-de-validation-ou-de-reconfort\/\">Recherche constante de validation ou de r\u00e9confort<\/a><\/li>\n\n\n\n<li class=\"has-small-font-size\"><a href=\"https:\/\/devenezundiamant.com\/difficulte-a-comprendre-ou-a-accepter-limpact-de-ses-actions-sur-autrui\/\">Difficult\u00e9 \u00e0 comprendre ou \u00e0 accepter l\u2019impact de ses actions sur autrui<\/a><\/li>\n\n\n\n<li class=\"has-small-font-size\"><a href=\"https:\/\/devenezundiamant.com\/tentation-de-prioriser-ses-besoins-au-detriment-de-lhonnetete-et-de-lintegrite\/\">Tentation de prioriser ses besoins au d\u00e9triment de l\u2019honn\u00eatet\u00e9 et de l\u2019int\u00e9grit\u00e9<\/a><\/li>\n\n\n\n<li class=\"has-small-font-size\"><a href=\"https:\/\/devenezundiamant.com\/difficulte-a-trouver-de-la-satisfaction-dans-des-relations-ou-des-activites-a-long-terme\/\">Difficult\u00e9 \u00e0 Trouver de la Satisfaction dans des Relations ou des Activit\u00e9s \u00e0 Long Terme<\/a><\/li>\n\n\n\n<li class=\"has-small-font-size\"><a href=\"https:\/\/devenezundiamant.com\/une-indecision-chronique-ou-une-peur-de-faire-le-mauvais-choix\/\">Une ind\u00e9cision chronique ou une peur de faire le mauvais choix<\/a><\/li>\n\n\n\n<li class=\"has-small-font-size\"><a href=\"https:\/\/devenezundiamant.com\/difficulte-a-sengager-pleinement-dans-une-seule-voie-ou-relation\/\">Difficult\u00e9 \u00e0 s\u2019engager pleinement dans une seule voie ou relation<\/a><\/li>\n\n\n\n<li class=\"has-small-font-size\"><a href=\"https:\/\/devenezundiamant.com\/difficultes-a-faire-confiance-aux-autres\/\">Difficult\u00e9s \u00e0 faire confiance aux autres<\/a><\/li>\n\n\n\n<li class=\"has-small-font-size\"><a href=\"https:\/\/devenezundiamant.com\/une-tendance-a-anticiper-des-jugements-ou-des-rejets\/\">Une tendance \u00e0 anticiper des jugements ou des rejets<\/a><\/li>\n\n\n\n<li class=\"has-small-font-size\"><a href=\"https:\/\/devenezundiamant.com\/un-conflit-interieur-entre-des-desirs-contradictoires\/\">Un conflit int\u00e9rieur entre des d\u00e9sirs contradictoires<\/a><\/li>\n\n\n\n<li class=\"has-small-font-size\"><a href=\"https:\/\/devenezundiamant.com\/un-besoin-excessif-detre-aime-ou-accepte-par-tous\/\">Un besoin excessif d\u2019\u00eatre aim\u00e9 ou accept\u00e9 par tous<\/a><\/li>\n\n\n\n<li class=\"has-small-font-size\"><a href=\"https:\/\/devenezundiamant.com\/une-croyance-que-la-verite-pourrait-causer-plus-de-dommages-que-de-bienfaits\/\">Une croyance que la v\u00e9rit\u00e9 pourrait causer plus de dommages que de bienfaits<\/a><\/li>\n\n\n\n<li class=\"has-small-font-size\"><a href=\"https:\/\/devenezundiamant.com\/une-tendance-a-fuir-les-conversations-difficiles-ou-a-minimiser-les-problemes\/\">Une tendance \u00e0 fuir les conversations difficiles ou \u00e0 minimiser les probl\u00e8mes<\/a><\/li>\n\n\n\n<li class=\"has-small-font-size\"><a href=\"https:\/\/devenezundiamant.com\/une-peur-de-se-sentir-vulnerable-ou-impuissant\/\">Une peur de se sentir vuln\u00e9rable ou impuissant<\/a><\/li>\n\n\n\n<li class=\"has-small-font-size\"><a href=\"https:\/\/devenezundiamant.com\/une-tendance-a-eviter-la-transparence-pour-garder-un-avantage-strategique\/\">Une tendance \u00e0 \u00e9viter la transparence pour garder un avantage strat\u00e9gique<\/a><\/li>\n\n\n\n<li class=\"has-small-font-size\"><a href=\"https:\/\/devenezundiamant.com\/un-manque-de-soutien-emotionnel-ou-despace-pour-vous-meme\/\">Un manque de soutien \u00e9motionnel ou d\u2019espace pour vous-m\u00eame<\/a><\/li>\n\n\n\n<li class=\"has-small-font-size\"><a href=\"https:\/\/devenezundiamant.com\/savoir-transformer-les-problemes-en-opportunite\/\">Savoir transformer les probl\u00e8mes en opportunit\u00e9<\/a><\/li>\n\n\n\n<li class=\"has-small-font-size\"><a href=\"https:\/\/devenezundiamant.com\/vous-avez-la-liberte-de-creer-dinnover-et-de-voir-le-fruit-de-vos-efforts-prendre-vie\/\">Vous avez la libert\u00e9 de cr\u00e9er, d\u2019innover et de voir le fruit de vos efforts prendre vie.<\/a><\/li>\n\n\n\n<li class=\"has-small-font-size\"><a href=\"https:\/\/devenezundiamant.com\/tout-dabord-parce-que-le-monde-a-besoin-de-ce-que-vous-avez-a-offrir\/\">Tout d\u2019abord, parce que le monde a besoin de ce que vous avez \u00e0 offrir.<\/a><\/li>\n\n\n\n<li class=\"has-small-font-size\"><a href=\"https:\/\/devenezundiamant.com\/demarrer-votre-business-change-la-maniere-dont-vous-vivez-chaque-jour\/\">D\u00e9marrer votre business change la mani\u00e8re dont vous vivez chaque jour.<\/a><\/li>\n\n\n\n<li class=\"has-small-font-size\"><a href=\"https:\/\/devenezundiamant.com\/le-secret-est-de-ne-pas-attendre-que-tout-soit-parfait\/\">Le secret est de ne pas attendre que tout soit parfait<\/a><\/li>\n\n\n\n<li class=\"has-small-font-size\"><a href=\"https:\/\/devenezundiamant.com\/comment-votre-activite-va-t-elle-ameliorer-votre-vie-et-celle-des-autres\/\">Comment votre activit\u00e9 va-t-elle am\u00e9liorer votre vie et celle des autres ?<\/a><\/li>\n\n\n\n<li class=\"has-small-font-size\"><a href=\"https:\/\/devenezundiamant.com\/quel-impact-souhaitez-vous-avoir-sur-les-autres-ou-sur-le-monde\/\">Quel impact souhaitez-vous avoir sur les autres ou sur le monde ?<\/a><\/li>\n\n\n\n<li class=\"has-small-font-size\"><a href=\"https:\/\/devenezundiamant.com\/le-monde-a-besoin-de-ce-que-vous-avez-a-offrir\/\">Le monde a besoin de ce que vous avez \u00e0 offrir<\/a><\/li>\n\n\n\n<li class=\"has-small-font-size\"><a href=\"https:\/\/devenezundiamant.com\/si-vous-naimez-pas-quelque-chose-changez-le\/\">Si vous n\u2019aimez pas quelque chose, changez-le.<\/a><\/li>\n\n\n\n<li class=\"has-small-font-size\"><a href=\"https:\/\/devenezundiamant.com\/pour-une-vie-meilleure-cultiver-le-bonheur-et-lepanouissement\/\">Pour une Vie Meilleure : Cultiver le Bonheur et l\u2019\u00c9panouissement<\/a><\/li>\n\n\n\n<li class=\"has-small-font-size\"><a href=\"https:\/\/devenezundiamant.com\/lenfant-et-la-peur-dapprendre\/\">L\u2019Enfant et la Peur d\u2019Apprendre<\/a><\/li>\n\n\n\n<li class=\"has-small-font-size\"><a href=\"https:\/\/devenezundiamant.com\/votre-vision-vos-talents-vos-idees-sont-des-tresors\/\">Votre vision, vos talents, vos id\u00e9es, sont des tr\u00e9sors<\/a><\/li>\n\n\n\n<li class=\"has-small-font-size\"><a href=\"https:\/\/devenezundiamant.com\/ne-sous-estimez-jamais-la-valeur-de-ce-que-vous-avez-a-offrir\/\">Ne sous-estimez jamais la valeur de ce que vous avez \u00e0 offrir.<\/a><\/li>\n\n\n\n<li class=\"has-small-font-size\"><a href=\"https:\/\/devenezundiamant.com\/votre-vision-vos-talents-vos-idees-sont-des-tresors\/\">Votre vision, vos talents, vos id\u00e9es, sont des tr\u00e9sors<\/a><\/li>\n\n\n\n<li class=\"has-small-font-size\"><a href=\"https:\/\/devenezundiamant.com\/vos-idees-votre-vision-du-monde-votre-maniere-de-voir-les-choses-peuvent-transformer-des-situations\/\">Vos id\u00e9es, votre vision du monde, votre mani\u00e8re de voir les choses peuvent transformer des situations<\/a><\/li>\n\n\n\n<li class=\"has-small-font-size\"><a href=\"https:\/\/devenezundiamant.com\/en-partageant-vos-talents-vous-devenez-une-source-de-soutien-et-dinspiration\/\">En partageant vos talents, vous devenez une source de soutien et d\u2019inspiration<\/a><\/li>\n\n\n\n<li class=\"has-small-font-size\"><a href=\"https:\/\/devenezundiamant.com\/parfois-un-simple-mot-ou-une-phrase-dans-un-livre-peut-avoir-un-impact-profond-sur-une-personne\/\">Parfois, un simple mot ou une phrase dans un livre peut avoir un impact profond sur une personne<\/a><\/li>\n\n\n\n<li class=\"has-small-font-size\"><a href=\"https:\/\/devenezundiamant.com\/il-y-a-quelque-chose-de-magique-a-lidee-que-chacun-de-nous-porte-en-soi-un-tresor-unique\/\">Il y a quelque chose de magique \u00e0 l\u2019id\u00e9e que chacun de nous porte en soi un tr\u00e9sor unique.<\/a><\/li>\n\n\n\n<li class=\"has-small-font-size\"><a href=\"https:\/\/devenezundiamant.com\/chaque-jour-des-milliers-de-personnes-font-avancer-le-monde\/\">Chaque jour, des milliers de personnes font avancer le monde<\/a><\/li>\n\n\n\n<li class=\"has-small-font-size\"><a href=\"https:\/\/devenezundiamant.com\/200-idees-pour-vous-inspirer-et-vous-rappeler-que-vous-avez-de-nombreuses-facons-de-contribuer\/\">200 id\u00e9es pour vous inspirer et vous rappeler que vous avez de nombreuses fa\u00e7ons de contribuer<\/a><\/li>\n\n\n\n<li class=\"has-small-font-size\"><a href=\"https:\/\/devenezundiamant.com\/le-pouvoir-invisible-simplifiez-limpossible-resolvez-linsoluble\/\">Le Pouvoir Invisible : Simplifiez l\u2019Impossible, R\u00e9solvez l\u2019Insoluble<\/a><\/li>\n\n\n\n<li class=\"has-small-font-size\"><a href=\"https:\/\/devenezundiamant.com\/lexpertise-en-resolution-de-problemes-ne-reside-pas-dans-des-diplomes-impressionnants-ou-des-annees-dexperience\/\">L\u2019expertise en r\u00e9solution de probl\u00e8mes ne r\u00e9side pas dans des dipl\u00f4mes impressionnants ou des ann\u00e9es d\u2019exp\u00e9rience<\/a><\/li>\n\n\n\n<li class=\"has-small-font-size\"><a href=\"https:\/\/devenezundiamant.com\/au-lieu-de-vous-demander-pourquoi-cela-arrive-t-il-demandez-vous-que-puis-je-faire-maintenant\/\">Au lieu de vous demander \u00ab Pourquoi cela arrive-t-il ? \u00bb, demandez-vous \u00ab Que puis-je faire maintenant ? \u00bb<\/a><\/li>\n\n\n\n<li class=\"has-small-font-size\"><a href=\"https:\/\/devenezundiamant.com\/chaque-probleme-a-ses-nuances-mais-certaines-strategies-universelles-peuvent-vous-aider\/\">Chaque probl\u00e8me a ses nuances, mais certaines strat\u00e9gies universelles peuvent vous aider<\/a><\/li>\n\n\n\n<li class=\"has-small-font-size\"><a href=\"https:\/\/devenezundiamant.com\/posez-vous-cette-question-puissante-quest-ce-qui-a-le-plus-dimpact-immediat-si-je-men-occupe-maintenant\/\">Posez-vous cette question puissante : \u00ab&nbsp;Qu\u2019est-ce qui a le plus d\u2019impact imm\u00e9diat si je m\u2019en occupe maintenant ?&nbsp;\u00bb<\/a><\/li>\n\n\n\n<li class=\"has-small-font-size\"><a href=\"https:\/\/devenezundiamant.com\/trouver-des-solutions-simples-cest-avant-tout-un-etat-desprit\/\">Trouver des solutions simples, c\u2019est avant tout un \u00e9tat d\u2019esprit.<\/a><\/li>\n\n\n\n<li class=\"has-small-font-size\"><a href=\"https:\/\/devenezundiamant.com\/avec-la-bonne-approche-vous-pouvez-transformer-ce-casse-tete-en-un-jeu-dassemblage-ou-chaque-piece-trouve-naturellement-sa-place\/\">Avec la bonne approche, vous pouvez transformer ce casse-t\u00eate en un jeu d\u2019assemblage o\u00f9 chaque pi\u00e8ce trouve naturellement sa place.<\/a><\/li>\n\n\n\n<li class=\"has-small-font-size\"><a href=\"https:\/\/devenezundiamant.com\/le-pouvoir-invisible-simplifiez-limpossible-resolvez-linsoluble\/\">Le Pouvoir Invisible : Simplifiez l\u2019Impossible, R\u00e9solvez l\u2019Insoluble<\/a><\/li>\n\n\n\n<li class=\"has-small-font-size\"><a href=\"https:\/\/devenezundiamant.com\/les-idees-tourbillonnent-dans-votre-esprit-mais-aucune-ne-semble-fonctionner\/\">Les id\u00e9es tourbillonnent dans votre esprit, mais aucune ne semble fonctionner<\/a><\/li>\n\n\n\n<li class=\"has-small-font-size\"><a href=\"https:\/\/devenezundiamant.com\/pourquoi-voulez-vous-creer-un-business\/\">Pourquoi voulez-vous cr\u00e9er un business ?<\/a><\/li>\n\n\n\n<li class=\"has-small-font-size\"><a href=\"https:\/\/devenezundiamant.com\/quest-ce-qui-vous-passionne-vraiment\/\">Qu\u2019est-ce qui vous passionne vraiment ?<\/a><\/li>\n\n\n\n<li class=\"has-small-font-size\"><a href=\"https:\/\/devenezundiamant.com\/limportant-est-de-rester-connecte-a-votre-pourquoi\/\">L\u2019important est de rester connect\u00e9 \u00e0 votre \u00ab&nbsp;pourquoi&nbsp;\u00bb.<\/a><\/li>\n\n\n\n<li class=\"has-small-font-size\"><a href=\"https:\/\/devenezundiamant.com\/comment-commencer\/\">Comment commencer ?<\/a><\/li>\n\n\n\n<li class=\"has-small-font-size\"><a href=\"https:\/\/devenezundiamant.com\/creer-votre-business-cest-prendre-le-controle-de-votre-avenir\/\">Cr\u00e9er votre business, c\u2019est prendre le contr\u00f4le de votre avenir.<\/a><\/li>\n\n\n\n<li class=\"has-small-font-size\"><a href=\"https:\/\/devenezundiamant.com\/utilisez-des-outils-simples-mais-puissants-pour-demarrer\/\">Utilisez des outils simples mais puissants pour d\u00e9marrer<\/a><\/li>\n<\/ul>\n<\/div><\/div>","protected":false},"excerpt":{"rendered":"","protected":false},"author":1,"featured_media":0,"parent":0,"menu_order":0,"comment_status":"closed","ping_status":"closed","template":"","meta":{"footnotes":""},"yoast_head":"<!-- This site is optimized with the Yoast SEO plugin v23.2 - https:\/\/yoast.com\/wordpress\/plugins\/seo\/ -->\n<title>ARTICLES - Actualit\u00e9s, , .... Apr\u00e8s la p\u00e9riode &quot;covid19&quot;<\/title>\n<meta name=\"robots\" content=\"index, follow, max-snippet:-1, max-image-preview:large, max-video-preview:-1\" \/>\n<link rel=\"canonical\" href=\"https:\/\/covid19-a-savoir.net\/index.php\/articles\/\" \/>\n<meta property=\"og:locale\" content=\"fr_FR\" \/>\n<meta property=\"og:type\" content=\"article\" \/>\n<meta property=\"og:title\" content=\"ARTICLES - Actualit\u00e9s, , .... Apr\u00e8s la p\u00e9riode &quot;covid19&quot;\" \/>\n<meta property=\"og:url\" content=\"https:\/\/covid19-a-savoir.net\/index.php\/articles\/\" \/>\n<meta property=\"og:site_name\" content=\"Actualit\u00e9s, , .... Apr\u00e8s la p\u00e9riode &quot;covid19&quot;\" \/>\n<meta property=\"article:modified_time\" content=\"2025-03-04T22:06:22+00:00\" \/>\n<meta name=\"twitter:card\" content=\"summary_large_image\" \/>\n<meta name=\"twitter:label1\" content=\"Dur\u00e9e de lecture estim\u00e9e\" \/>\n\t<meta name=\"twitter:data1\" content=\"5 minutes\" \/>\n<script type=\"application\/ld+json\" class=\"yoast-schema-graph\">{\"@context\":\"https:\/\/schema.org\",\"@graph\":[{\"@type\":\"WebPage\",\"@id\":\"https:\/\/covid19-a-savoir.net\/index.php\/articles\/\",\"url\":\"https:\/\/covid19-a-savoir.net\/index.php\/articles\/\",\"name\":\"ARTICLES - Actualit\u00e9s, , .... Apr\u00e8s la p\u00e9riode &quot;covid19&quot;\",\"isPartOf\":{\"@id\":\"https:\/\/covid19-a-savoir.net\/#website\"},\"datePublished\":\"2025-03-04T22:00:47+00:00\",\"dateModified\":\"2025-03-04T22:06:22+00:00\",\"breadcrumb\":{\"@id\":\"https:\/\/covid19-a-savoir.net\/index.php\/articles\/#breadcrumb\"},\"inLanguage\":\"fr-FR\",\"potentialAction\":[{\"@type\":\"ReadAction\",\"target\":[\"https:\/\/covid19-a-savoir.net\/index.php\/articles\/\"]}]},{\"@type\":\"BreadcrumbList\",\"@id\":\"https:\/\/covid19-a-savoir.net\/index.php\/articles\/#breadcrumb\",\"itemListElement\":[{\"@type\":\"ListItem\",\"position\":1,\"name\":\"Accueil\",\"item\":\"https:\/\/covid19-a-savoir.net\/\"},{\"@type\":\"ListItem\",\"position\":2,\"name\":\"ARTICLES\"}]},{\"@type\":\"WebSite\",\"@id\":\"https:\/\/covid19-a-savoir.net\/#website\",\"url\":\"https:\/\/covid19-a-savoir.net\/\",\"name\":\"Actualit\u00e9s, , .... Apr\u00e8s la p\u00e9riode &quot;covid19&quot;\",\"description\":\"DES V\u00c9RIT\u00c9S QUI D\u00c9RANGENT\",\"publisher\":{\"@id\":\"https:\/\/covid19-a-savoir.net\/#\/schema\/person\/53265987e4424cc7dde2f857d2b378cf\"},\"potentialAction\":[{\"@type\":\"SearchAction\",\"target\":{\"@type\":\"EntryPoint\",\"urlTemplate\":\"https:\/\/covid19-a-savoir.net\/?s={search_term_string}\"},\"query-input\":\"required name=search_term_string\"}],\"inLanguage\":\"fr-FR\"},{\"@type\":[\"Person\",\"Organization\"],\"@id\":\"https:\/\/covid19-a-savoir.net\/#\/schema\/person\/53265987e4424cc7dde2f857d2b378cf\",\"name\":\"GS\",\"image\":{\"@type\":\"ImageObject\",\"inLanguage\":\"fr-FR\",\"@id\":\"https:\/\/covid19-a-savoir.net\/#\/schema\/person\/image\/\",\"url\":\"https:\/\/covid19-a-savoir.net\/wp-content\/uploads\/2022\/07\/dans-ce-monde-312x312-1.png\",\"contentUrl\":\"https:\/\/covid19-a-savoir.net\/wp-content\/uploads\/2022\/07\/dans-ce-monde-312x312-1.png\",\"width\":312,\"height\":312,\"caption\":\"GS\"},\"logo\":{\"@id\":\"https:\/\/covid19-a-savoir.net\/#\/schema\/person\/image\/\"},\"sameAs\":[\"http:\/\/covid19-a-savoir.net\"]}]}<\/script>\n<!-- \/ Yoast SEO plugin. -->","yoast_head_json":{"title":"ARTICLES - Actualit\u00e9s, , .... Apr\u00e8s la p\u00e9riode &quot;covid19&quot;","robots":{"index":"index","follow":"follow","max-snippet":"max-snippet:-1","max-image-preview":"max-image-preview:large","max-video-preview":"max-video-preview:-1"},"canonical":"https:\/\/covid19-a-savoir.net\/index.php\/articles\/","og_locale":"fr_FR","og_type":"article","og_title":"ARTICLES - Actualit\u00e9s, , .... Apr\u00e8s la p\u00e9riode &quot;covid19&quot;","og_url":"https:\/\/covid19-a-savoir.net\/index.php\/articles\/","og_site_name":"Actualit\u00e9s, , .... Apr\u00e8s la p\u00e9riode &quot;covid19&quot;","article_modified_time":"2025-03-04T22:06:22+00:00","twitter_card":"summary_large_image","twitter_misc":{"Dur\u00e9e de lecture estim\u00e9e":"5 minutes"},"schema":{"@context":"https:\/\/schema.org","@graph":[{"@type":"WebPage","@id":"https:\/\/covid19-a-savoir.net\/index.php\/articles\/","url":"https:\/\/covid19-a-savoir.net\/index.php\/articles\/","name":"ARTICLES - Actualit\u00e9s, , .... Apr\u00e8s la p\u00e9riode &quot;covid19&quot;","isPartOf":{"@id":"https:\/\/covid19-a-savoir.net\/#website"},"datePublished":"2025-03-04T22:00:47+00:00","dateModified":"2025-03-04T22:06:22+00:00","breadcrumb":{"@id":"https:\/\/covid19-a-savoir.net\/index.php\/articles\/#breadcrumb"},"inLanguage":"fr-FR","potentialAction":[{"@type":"ReadAction","target":["https:\/\/covid19-a-savoir.net\/index.php\/articles\/"]}]},{"@type":"BreadcrumbList","@id":"https:\/\/covid19-a-savoir.net\/index.php\/articles\/#breadcrumb","itemListElement":[{"@type":"ListItem","position":1,"name":"Accueil","item":"https:\/\/covid19-a-savoir.net\/"},{"@type":"ListItem","position":2,"name":"ARTICLES"}]},{"@type":"WebSite","@id":"https:\/\/covid19-a-savoir.net\/#website","url":"https:\/\/covid19-a-savoir.net\/","name":"Actualit\u00e9s, , .... Apr\u00e8s la p\u00e9riode &quot;covid19&quot;","description":"DES V\u00c9RIT\u00c9S QUI D\u00c9RANGENT","publisher":{"@id":"https:\/\/covid19-a-savoir.net\/#\/schema\/person\/53265987e4424cc7dde2f857d2b378cf"},"potentialAction":[{"@type":"SearchAction","target":{"@type":"EntryPoint","urlTemplate":"https:\/\/covid19-a-savoir.net\/?s={search_term_string}"},"query-input":"required name=search_term_string"}],"inLanguage":"fr-FR"},{"@type":["Person","Organization"],"@id":"https:\/\/covid19-a-savoir.net\/#\/schema\/person\/53265987e4424cc7dde2f857d2b378cf","name":"GS","image":{"@type":"ImageObject","inLanguage":"fr-FR","@id":"https:\/\/covid19-a-savoir.net\/#\/schema\/person\/image\/","url":"https:\/\/covid19-a-savoir.net\/wp-content\/uploads\/2022\/07\/dans-ce-monde-312x312-1.png","contentUrl":"https:\/\/covid19-a-savoir.net\/wp-content\/uploads\/2022\/07\/dans-ce-monde-312x312-1.png","width":312,"height":312,"caption":"GS"},"logo":{"@id":"https:\/\/covid19-a-savoir.net\/#\/schema\/person\/image\/"},"sameAs":["http:\/\/covid19-a-savoir.net"]}]}},"jetpack_sharing_enabled":true,"_links":{"self":[{"href":"https:\/\/covid19-a-savoir.net\/index.php\/wp-json\/wp\/v2\/pages\/3357"}],"collection":[{"href":"https:\/\/covid19-a-savoir.net\/index.php\/wp-json\/wp\/v2\/pages"}],"about":[{"href":"https:\/\/covid19-a-savoir.net\/index.php\/wp-json\/wp\/v2\/types\/page"}],"author":[{"embeddable":true,"href":"https:\/\/covid19-a-savoir.net\/index.php\/wp-json\/wp\/v2\/users\/1"}],"replies":[{"embeddable":true,"href":"https:\/\/covid19-a-savoir.net\/index.php\/wp-json\/wp\/v2\/comments?post=3357"}],"version-history":[{"count":3,"href":"https:\/\/covid19-a-savoir.net\/index.php\/wp-json\/wp\/v2\/pages\/3357\/revisions"}],"predecessor-version":[{"id":3376,"href":"https:\/\/covid19-a-savoir.net\/index.php\/wp-json\/wp\/v2\/pages\/3357\/revisions\/3376"}],"wp:attachment":[{"href":"https:\/\/covid19-a-savoir.net\/index.php\/wp-json\/wp\/v2\/media?parent=3357"}],"curies":[{"name":"wp","href":"https:\/\/api.w.org\/{rel}","templated":true}]}}