{"id":3350,"date":"2025-03-04T21:57:15","date_gmt":"2025-03-04T21:57:15","guid":{"rendered":"https:\/\/covid19-a-savoir.net\/?page_id=3350"},"modified":"2025-03-04T21:57:17","modified_gmt":"2025-03-04T21:57:17","slug":"la-societe-de-consommation-tue-notre-planete-et-toi-tu-fais-quoi","status":"publish","type":"page","link":"https:\/\/covid19-a-savoir.net\/index.php\/la-societe-de-consommation-tue-notre-planete-et-toi-tu-fais-quoi\/","title":{"rendered":"La soci\u00e9t\u00e9 de consommation tue notre plan\u00e8te. Et toi, tu fais quoi ?"},"content":{"rendered":"<div id=\"dslc-theme-content\"><div id=\"dslc-theme-content-inner\">\n<p>Tu sais ce qui me tue ? Ce petit truc \u00e0 l\u2019arri\u00e8re de ta t\u00eate qui te fait sentir coupable d\u00e8s que tu penses \u00e0 la plan\u00e8te. La plan\u00e8te qui crie, suffoque sous le poids de ton canap\u00e9 IKEA, de ton smartphone dernier cri, de ta pizza livr\u00e9e \u00e0 domicile dans sa bo\u00eete en carton qui finira dans un oc\u00e9an de d\u00e9chets. Mais, tu sais quoi ? \u00c7a ne te touche pas vraiment, pas tant que \u00e7a, n\u2019est-ce pas ? Parce qu\u2019apr\u00e8s tout, c\u2019est la soci\u00e9t\u00e9 qui est responsable, pas toi. Tu es juste un spectateur dans ce grand th\u00e9\u00e2tre de la consommation.<\/p>\n\n\n\n<p>Alors, laisse-moi te poser une question. Si tu n\u2019es pas responsable, qui l\u2019est ? Ton voisin ? Le gouvernement ? Peut-\u00eatre les grandes entreprises ? Peut-\u00eatre. Mais la v\u00e9rit\u00e9, c\u2019est que chaque acte d\u2019achat, chaque produit que tu portes, chaque chose que tu consommes est une voix dans ce chaos. Tu participes \u00e0 ce cirque. <strong>Et plus tu attends, plus tu te mets la t\u00eate dans le sable.<\/strong><\/p>\n\n\n\n<h3 class=\"wp-block-heading\">Le choc de la r\u00e9alit\u00e9<\/h3>\n\n\n\n<p>Oui, je sais, c\u2019est dur \u00e0 entendre. Mais crois-moi, c\u2019est exactement ce qu\u2019il te faut pour ouvrir les yeux. Regarde autour de toi. Tu vois ces plages couvertes de plastique, ces rivi\u00e8res \u00e9touff\u00e9es par les d\u00e9chets ? Tu vois ces animaux qui se battent pour respirer un air pur ? \u00c7a t\u2019effraie ou tu es trop occup\u00e9 \u00e0 acheter le dernier gadget inutile pour te faire croire que tu es \u00ab\u00a0cool\u00a0\u00bb ? Tu es une petite pi\u00e8ce dans cette machine infernale. Mais une petite pi\u00e8ce qui peut changer la donne, tu sais.<\/p>\n\n\n\n<h3 class=\"wp-block-heading\">Le r\u00eave, c\u2019est quoi au juste ?<\/h3>\n\n\n\n<p>Le r\u00eave, c\u2019est de pouvoir vivre sur une plan\u00e8te o\u00f9 on ne se pose pas des questions sur la pollution chaque matin. Le r\u00eave, c\u2019est d\u2019aller faire une promenade dans un parc et respirer un air frais sans avoir l\u2019impression que tu vas t\u2019asphyxier. Le r\u00eave, c\u2019est de savoir que tes enfants et petits-enfants vont avoir la chance de profiter des merveilles que tu as peut-\u00eatre d\u00e9j\u00e0 oubli\u00e9es. Ce r\u00eave, tu peux l\u2019aider \u00e0 devenir r\u00e9alit\u00e9. Mais tu dois d\u2019abord <strong>arr\u00eater d&rsquo;acheter n&rsquo;importe quoi<\/strong>. Arr\u00eater de te faire s\u00e9duire par les sir\u00e8nes du marketing et d\u2019acheter ce dont tu n&rsquo;as m\u00eame pas besoin. C&rsquo;est un r\u00eave que tu peux rendre possible, d\u00e8s maintenant.<\/p>\n\n\n\n<h3 class=\"wp-block-heading\">Quelques conseils qui vont vraiment t&rsquo;aider<\/h3>\n\n\n\n<ol>\n<li><strong>R\u00e9fl\u00e9chis avant d&rsquo;acheter.<\/strong> Un achat compulsif, c\u2019est une victoire pour l\u2019industrie de la consommation. C\u2019est la plan\u00e8te qui perd \u00e0 chaque fois que tu n\u2019y penses pas. Sois un consommateur intelligent. Est-ce vraiment n\u00e9cessaire ? Est-ce que cet objet va am\u00e9liorer ta vie \u00e0 long terme ou juste te donner une petite satisfaction temporaire ?<\/li>\n\n\n\n<li><strong>R\u00e9duis, r\u00e9utilise, recycle.<\/strong> Simple mais puissant. Au lieu d\u2019accumuler des trucs, apprends \u00e0 en donner, \u00e0 les recycler, \u00e0 les r\u00e9parer. La soci\u00e9t\u00e9 veut te faire croire qu\u2019il faut toujours plus pour \u00eatre heureux. Mais le bonheur, c\u2019est souvent de n\u2019avoir pas besoin de tant de choses.<\/li>\n\n\n\n<li><strong>Soutiens les entreprises responsables.<\/strong> Ce n\u2019est pas qu\u2019une question de politique ou de mode. C\u2019est une question de survie. Choisir des entreprises qui respectent l\u2019environnement, qui utilisent des mat\u00e9riaux durables, c\u2019est un acte puissant. C\u2019est ta fa\u00e7on de dire non \u00e0 cette soci\u00e9t\u00e9 de consommation destructrice.<\/li>\n<\/ol>\n\n\n\n<h3 class=\"wp-block-heading\">Pourquoi \u00e7a change tout pour toi<\/h3>\n\n\n\n<p>Tu veux \u00eatre libre. Tu veux vivre dans un monde qui a du sens. En faisant des choix responsables, tu vas au-del\u00e0 de l\u2019achat de simples produits. Tu cr\u00e9es un impact. Tu fais partie de cette vague de changement qui fait que <strong>le monde sera encore beau dans quelques ann\u00e9es<\/strong>. Et crois-moi, \u00e7a va te donner un sentiment de satisfaction bien plus profond que tout ce que la consommation a \u00e0 offrir.<\/p>\n\n\n\n<p>Alors, la question que tu dois te poser est la suivante : <strong>Veux-tu vraiment \u00eatre un pion dans cette soci\u00e9t\u00e9 de consommation, ou veux-tu \u00eatre celui qui dit stop et prend les r\u00eanes de son avenir et de celui de la plan\u00e8te ?<\/strong><\/p>\n\n\n\n<p>C&rsquo;est \u00e0 toi de jouer.<\/p>\n\n\n\n<p><strong>Guido SAVERIO,<\/strong><\/p>\n\n\n\n<hr class=\"wp-block-separator has-alpha-channel-opacity\"\/>\n\n\n\n<p class=\"has-vivid-red-color has-text-color has-link-color wp-elements-117b4d43681c7428c67d507f4008a533\"><br><strong>Si tu as aim\u00e9 cet article, partage-le autour de toi. Fais savoir \u00e0 tes proches qu&rsquo;il est temps de r\u00e9fl\u00e9chir s\u00e9rieusement \u00e0 notre impact sur la plan\u00e8te. Merci de t&rsquo;\u00eatre arr\u00eat\u00e9 ici, de ne pas avoir simplement fait d\u00e9filer sans r\u00e9fl\u00e9chir. Tu es d\u00e9j\u00e0 sur la bonne voie.<\/strong><\/p>\n<\/div><\/div>","protected":false},"excerpt":{"rendered":"<p>Tu sais ce qui me tue ? Ce petit truc \u00e0 l\u2019arri\u00e8re de ta t\u00eate qui te fait sentir coupable&#8230; <a href=\"https:\/\/covid19-a-savoir.net\/index.php\/la-societe-de-consommation-tue-notre-planete-et-toi-tu-fais-quoi\/\" class=\"readmore\">Read more<span class=\"screen-reader-text\">La soci\u00e9t\u00e9 de consommation tue notre plan\u00e8te. Et toi, tu fais quoi ?<\/span><span class=\"fa fa-angle-double-right\" aria-hidden=\"true\"><\/span><\/a><\/p>\n","protected":false},"author":1,"featured_media":0,"parent":0,"menu_order":0,"comment_status":"closed","ping_status":"closed","template":"","meta":{"footnotes":""},"yoast_head":"<!-- This site is optimized with the Yoast SEO plugin v23.2 - https:\/\/yoast.com\/wordpress\/plugins\/seo\/ -->\n<title>La soci\u00e9t\u00e9 de consommation tue notre plan\u00e8te. Et toi, tu fais quoi ? - Actualit\u00e9s, , .... Apr\u00e8s la p\u00e9riode &quot;covid19&quot;<\/title>\n<meta name=\"robots\" content=\"index, follow, max-snippet:-1, max-image-preview:large, max-video-preview:-1\" \/>\n<link rel=\"canonical\" href=\"https:\/\/covid19-a-savoir.net\/index.php\/la-societe-de-consommation-tue-notre-planete-et-toi-tu-fais-quoi\/\" \/>\n<meta property=\"og:locale\" content=\"fr_FR\" \/>\n<meta property=\"og:type\" content=\"article\" \/>\n<meta property=\"og:title\" content=\"La soci\u00e9t\u00e9 de consommation tue notre plan\u00e8te. Et toi, tu fais quoi ? - Actualit\u00e9s, , .... Apr\u00e8s la p\u00e9riode &quot;covid19&quot;\" \/>\n<meta property=\"og:description\" content=\"Tu sais ce qui me tue ? Ce petit truc \u00e0 l\u2019arri\u00e8re de ta t\u00eate qui te fait sentir coupable... Read moreLa soci\u00e9t\u00e9 de consommation tue notre plan\u00e8te. Et toi, tu fais quoi ?\" \/>\n<meta property=\"og:url\" content=\"https:\/\/covid19-a-savoir.net\/index.php\/la-societe-de-consommation-tue-notre-planete-et-toi-tu-fais-quoi\/\" \/>\n<meta property=\"og:site_name\" content=\"Actualit\u00e9s, , .... Apr\u00e8s la p\u00e9riode &quot;covid19&quot;\" \/>\n<meta property=\"article:modified_time\" content=\"2025-03-04T21:57:17+00:00\" \/>\n<meta name=\"twitter:card\" content=\"summary_large_image\" \/>\n<meta name=\"twitter:label1\" content=\"Dur\u00e9e de lecture estim\u00e9e\" \/>\n\t<meta name=\"twitter:data1\" content=\"4 minutes\" \/>\n<script type=\"application\/ld+json\" class=\"yoast-schema-graph\">{\"@context\":\"https:\/\/schema.org\",\"@graph\":[{\"@type\":\"WebPage\",\"@id\":\"https:\/\/covid19-a-savoir.net\/index.php\/la-societe-de-consommation-tue-notre-planete-et-toi-tu-fais-quoi\/\",\"url\":\"https:\/\/covid19-a-savoir.net\/index.php\/la-societe-de-consommation-tue-notre-planete-et-toi-tu-fais-quoi\/\",\"name\":\"La soci\u00e9t\u00e9 de consommation tue notre plan\u00e8te. Et toi, tu fais quoi ? - Actualit\u00e9s, , .... Apr\u00e8s la p\u00e9riode &quot;covid19&quot;\",\"isPartOf\":{\"@id\":\"https:\/\/covid19-a-savoir.net\/#website\"},\"datePublished\":\"2025-03-04T21:57:15+00:00\",\"dateModified\":\"2025-03-04T21:57:17+00:00\",\"breadcrumb\":{\"@id\":\"https:\/\/covid19-a-savoir.net\/index.php\/la-societe-de-consommation-tue-notre-planete-et-toi-tu-fais-quoi\/#breadcrumb\"},\"inLanguage\":\"fr-FR\",\"potentialAction\":[{\"@type\":\"ReadAction\",\"target\":[\"https:\/\/covid19-a-savoir.net\/index.php\/la-societe-de-consommation-tue-notre-planete-et-toi-tu-fais-quoi\/\"]}]},{\"@type\":\"BreadcrumbList\",\"@id\":\"https:\/\/covid19-a-savoir.net\/index.php\/la-societe-de-consommation-tue-notre-planete-et-toi-tu-fais-quoi\/#breadcrumb\",\"itemListElement\":[{\"@type\":\"ListItem\",\"position\":1,\"name\":\"Accueil\",\"item\":\"https:\/\/covid19-a-savoir.net\/\"},{\"@type\":\"ListItem\",\"position\":2,\"name\":\"La soci\u00e9t\u00e9 de consommation tue notre plan\u00e8te. Et toi, tu fais quoi ?\"}]},{\"@type\":\"WebSite\",\"@id\":\"https:\/\/covid19-a-savoir.net\/#website\",\"url\":\"https:\/\/covid19-a-savoir.net\/\",\"name\":\"Actualit\u00e9s, , .... Apr\u00e8s la p\u00e9riode &quot;covid19&quot;\",\"description\":\"DES V\u00c9RIT\u00c9S QUI D\u00c9RANGENT\",\"publisher\":{\"@id\":\"https:\/\/covid19-a-savoir.net\/#\/schema\/person\/53265987e4424cc7dde2f857d2b378cf\"},\"potentialAction\":[{\"@type\":\"SearchAction\",\"target\":{\"@type\":\"EntryPoint\",\"urlTemplate\":\"https:\/\/covid19-a-savoir.net\/?s={search_term_string}\"},\"query-input\":\"required name=search_term_string\"}],\"inLanguage\":\"fr-FR\"},{\"@type\":[\"Person\",\"Organization\"],\"@id\":\"https:\/\/covid19-a-savoir.net\/#\/schema\/person\/53265987e4424cc7dde2f857d2b378cf\",\"name\":\"GS\",\"image\":{\"@type\":\"ImageObject\",\"inLanguage\":\"fr-FR\",\"@id\":\"https:\/\/covid19-a-savoir.net\/#\/schema\/person\/image\/\",\"url\":\"https:\/\/covid19-a-savoir.net\/wp-content\/uploads\/2022\/07\/dans-ce-monde-312x312-1.png\",\"contentUrl\":\"https:\/\/covid19-a-savoir.net\/wp-content\/uploads\/2022\/07\/dans-ce-monde-312x312-1.png\",\"width\":312,\"height\":312,\"caption\":\"GS\"},\"logo\":{\"@id\":\"https:\/\/covid19-a-savoir.net\/#\/schema\/person\/image\/\"},\"sameAs\":[\"http:\/\/covid19-a-savoir.net\"]}]}<\/script>\n<!-- \/ Yoast SEO plugin. -->","yoast_head_json":{"title":"La soci\u00e9t\u00e9 de consommation tue notre plan\u00e8te. Et toi, tu fais quoi ? - Actualit\u00e9s, , .... Apr\u00e8s la p\u00e9riode &quot;covid19&quot;","robots":{"index":"index","follow":"follow","max-snippet":"max-snippet:-1","max-image-preview":"max-image-preview:large","max-video-preview":"max-video-preview:-1"},"canonical":"https:\/\/covid19-a-savoir.net\/index.php\/la-societe-de-consommation-tue-notre-planete-et-toi-tu-fais-quoi\/","og_locale":"fr_FR","og_type":"article","og_title":"La soci\u00e9t\u00e9 de consommation tue notre plan\u00e8te. Et toi, tu fais quoi ? - Actualit\u00e9s, , .... Apr\u00e8s la p\u00e9riode &quot;covid19&quot;","og_description":"Tu sais ce qui me tue ? Ce petit truc \u00e0 l\u2019arri\u00e8re de ta t\u00eate qui te fait sentir coupable... Read moreLa soci\u00e9t\u00e9 de consommation tue notre plan\u00e8te. Et toi, tu fais quoi ?","og_url":"https:\/\/covid19-a-savoir.net\/index.php\/la-societe-de-consommation-tue-notre-planete-et-toi-tu-fais-quoi\/","og_site_name":"Actualit\u00e9s, , .... Apr\u00e8s la p\u00e9riode &quot;covid19&quot;","article_modified_time":"2025-03-04T21:57:17+00:00","twitter_card":"summary_large_image","twitter_misc":{"Dur\u00e9e de lecture estim\u00e9e":"4 minutes"},"schema":{"@context":"https:\/\/schema.org","@graph":[{"@type":"WebPage","@id":"https:\/\/covid19-a-savoir.net\/index.php\/la-societe-de-consommation-tue-notre-planete-et-toi-tu-fais-quoi\/","url":"https:\/\/covid19-a-savoir.net\/index.php\/la-societe-de-consommation-tue-notre-planete-et-toi-tu-fais-quoi\/","name":"La soci\u00e9t\u00e9 de consommation tue notre plan\u00e8te. Et toi, tu fais quoi ? - Actualit\u00e9s, , .... Apr\u00e8s la p\u00e9riode &quot;covid19&quot;","isPartOf":{"@id":"https:\/\/covid19-a-savoir.net\/#website"},"datePublished":"2025-03-04T21:57:15+00:00","dateModified":"2025-03-04T21:57:17+00:00","breadcrumb":{"@id":"https:\/\/covid19-a-savoir.net\/index.php\/la-societe-de-consommation-tue-notre-planete-et-toi-tu-fais-quoi\/#breadcrumb"},"inLanguage":"fr-FR","potentialAction":[{"@type":"ReadAction","target":["https:\/\/covid19-a-savoir.net\/index.php\/la-societe-de-consommation-tue-notre-planete-et-toi-tu-fais-quoi\/"]}]},{"@type":"BreadcrumbList","@id":"https:\/\/covid19-a-savoir.net\/index.php\/la-societe-de-consommation-tue-notre-planete-et-toi-tu-fais-quoi\/#breadcrumb","itemListElement":[{"@type":"ListItem","position":1,"name":"Accueil","item":"https:\/\/covid19-a-savoir.net\/"},{"@type":"ListItem","position":2,"name":"La soci\u00e9t\u00e9 de consommation tue notre plan\u00e8te. Et toi, tu fais quoi ?"}]},{"@type":"WebSite","@id":"https:\/\/covid19-a-savoir.net\/#website","url":"https:\/\/covid19-a-savoir.net\/","name":"Actualit\u00e9s, , .... Apr\u00e8s la p\u00e9riode &quot;covid19&quot;","description":"DES V\u00c9RIT\u00c9S QUI D\u00c9RANGENT","publisher":{"@id":"https:\/\/covid19-a-savoir.net\/#\/schema\/person\/53265987e4424cc7dde2f857d2b378cf"},"potentialAction":[{"@type":"SearchAction","target":{"@type":"EntryPoint","urlTemplate":"https:\/\/covid19-a-savoir.net\/?s={search_term_string}"},"query-input":"required name=search_term_string"}],"inLanguage":"fr-FR"},{"@type":["Person","Organization"],"@id":"https:\/\/covid19-a-savoir.net\/#\/schema\/person\/53265987e4424cc7dde2f857d2b378cf","name":"GS","image":{"@type":"ImageObject","inLanguage":"fr-FR","@id":"https:\/\/covid19-a-savoir.net\/#\/schema\/person\/image\/","url":"https:\/\/covid19-a-savoir.net\/wp-content\/uploads\/2022\/07\/dans-ce-monde-312x312-1.png","contentUrl":"https:\/\/covid19-a-savoir.net\/wp-content\/uploads\/2022\/07\/dans-ce-monde-312x312-1.png","width":312,"height":312,"caption":"GS"},"logo":{"@id":"https:\/\/covid19-a-savoir.net\/#\/schema\/person\/image\/"},"sameAs":["http:\/\/covid19-a-savoir.net"]}]}},"jetpack_sharing_enabled":true,"_links":{"self":[{"href":"https:\/\/covid19-a-savoir.net\/index.php\/wp-json\/wp\/v2\/pages\/3350"}],"collection":[{"href":"https:\/\/covid19-a-savoir.net\/index.php\/wp-json\/wp\/v2\/pages"}],"about":[{"href":"https:\/\/covid19-a-savoir.net\/index.php\/wp-json\/wp\/v2\/types\/page"}],"author":[{"embeddable":true,"href":"https:\/\/covid19-a-savoir.net\/index.php\/wp-json\/wp\/v2\/users\/1"}],"replies":[{"embeddable":true,"href":"https:\/\/covid19-a-savoir.net\/index.php\/wp-json\/wp\/v2\/comments?post=3350"}],"version-history":[{"count":1,"href":"https:\/\/covid19-a-savoir.net\/index.php\/wp-json\/wp\/v2\/pages\/3350\/revisions"}],"predecessor-version":[{"id":3352,"href":"https:\/\/covid19-a-savoir.net\/index.php\/wp-json\/wp\/v2\/pages\/3350\/revisions\/3352"}],"wp:attachment":[{"href":"https:\/\/covid19-a-savoir.net\/index.php\/wp-json\/wp\/v2\/media?parent=3350"}],"curies":[{"name":"wp","href":"https:\/\/api.w.org\/{rel}","templated":true}]}}