{"id":3244,"date":"2025-01-10T13:18:50","date_gmt":"2025-01-10T13:18:50","guid":{"rendered":"https:\/\/covid19-a-savoir.net\/?page_id=3244"},"modified":"2025-01-10T13:18:50","modified_gmt":"2025-01-10T13:18:50","slug":"comment-appelle-t-on-un-humoriste-en-teletravail","status":"publish","type":"page","link":"https:\/\/covid19-a-savoir.net\/index.php\/comment-appelle-t-on-un-humoriste-en-teletravail\/","title":{"rendered":"Comment appelle-t-on un humoriste en t\u00e9l\u00e9travail ?"},"content":{"rendered":"<div id=\"dslc-theme-content\"><div id=\"dslc-theme-content-inner\">\n<p class=\"has-white-color has-vivid-cyan-blue-background-color has-text-color has-background has-link-color wp-elements-df00749c5a90a3beefbf736bec602ac0\"><strong>Un comique \u00e0 distance !<\/strong><\/p>\n\n\n\n<p>C\u2019est une fa\u00e7on rigolote de d\u00e9signer ces artistes qui, m\u00eame loin des plateaux de tournage, arrivent \u00e0 faire rire leurs publics gr\u00e2ce \u00e0 la magie du num\u00e9rique. On les imagine devant leur ordinateur, en pyjama, \u00e0 jongler avec leurs blagues comme un jongleur avec ses balles. Et pourtant, malgr\u00e9 l&rsquo;\u00e9cran qui les s\u00e9pare de nous, leurs vannes nous parviennent avec la m\u00eame \u00e9nergie qu&rsquo;en face \u00e0 face.<\/p>\n\n\n\n<p>Finalement, ce t\u00e9l\u00e9travail version humour, c&rsquo;est un peu comme un spectacle priv\u00e9 dans notre salon. Pas besoin de se d\u00e9placer, juste une bonne connexion et un sourire. Voil\u00e0 la magie des \u00ab\u00a0comiques \u00e0 distance\u00a0\u00bb !<\/p>\n<\/div><\/div>","protected":false},"excerpt":{"rendered":"<p>Un comique \u00e0 distance ! C\u2019est une fa\u00e7on rigolote de d\u00e9signer ces artistes qui, m\u00eame loin des plateaux de tournage,&#8230; <a href=\"https:\/\/covid19-a-savoir.net\/index.php\/comment-appelle-t-on-un-humoriste-en-teletravail\/\" class=\"readmore\">Read more<span class=\"screen-reader-text\">Comment appelle-t-on un humoriste en t\u00e9l\u00e9travail ?<\/span><span class=\"fa fa-angle-double-right\" aria-hidden=\"true\"><\/span><\/a><\/p>\n","protected":false},"author":1,"featured_media":0,"parent":0,"menu_order":0,"comment_status":"closed","ping_status":"closed","template":"","meta":{"footnotes":""},"yoast_head":"<!-- This site is optimized with the Yoast SEO plugin v23.2 - https:\/\/yoast.com\/wordpress\/plugins\/seo\/ -->\n<title>Comment appelle-t-on un humoriste en t\u00e9l\u00e9travail ? - Actualit\u00e9s, , .... Apr\u00e8s la p\u00e9riode &quot;covid19&quot;<\/title>\n<meta name=\"robots\" content=\"index, follow, max-snippet:-1, max-image-preview:large, max-video-preview:-1\" \/>\n<link rel=\"canonical\" href=\"https:\/\/covid19-a-savoir.net\/index.php\/comment-appelle-t-on-un-humoriste-en-teletravail\/\" \/>\n<meta property=\"og:locale\" content=\"fr_FR\" \/>\n<meta property=\"og:type\" content=\"article\" \/>\n<meta property=\"og:title\" content=\"Comment appelle-t-on un humoriste en t\u00e9l\u00e9travail ? - Actualit\u00e9s, , .... Apr\u00e8s la p\u00e9riode &quot;covid19&quot;\" \/>\n<meta property=\"og:description\" content=\"Un comique \u00e0 distance ! C\u2019est une fa\u00e7on rigolote de d\u00e9signer ces artistes qui, m\u00eame loin des plateaux de tournage,... Read moreComment appelle-t-on un humoriste en t\u00e9l\u00e9travail ?\" \/>\n<meta property=\"og:url\" content=\"https:\/\/covid19-a-savoir.net\/index.php\/comment-appelle-t-on-un-humoriste-en-teletravail\/\" \/>\n<meta property=\"og:site_name\" content=\"Actualit\u00e9s, , .... Apr\u00e8s la p\u00e9riode &quot;covid19&quot;\" \/>\n<meta name=\"twitter:card\" content=\"summary_large_image\" \/>\n<meta name=\"twitter:label1\" content=\"Dur\u00e9e de lecture estim\u00e9e\" \/>\n\t<meta name=\"twitter:data1\" content=\"1 minute\" \/>\n<script type=\"application\/ld+json\" class=\"yoast-schema-graph\">{\"@context\":\"https:\/\/schema.org\",\"@graph\":[{\"@type\":\"WebPage\",\"@id\":\"https:\/\/covid19-a-savoir.net\/index.php\/comment-appelle-t-on-un-humoriste-en-teletravail\/\",\"url\":\"https:\/\/covid19-a-savoir.net\/index.php\/comment-appelle-t-on-un-humoriste-en-teletravail\/\",\"name\":\"Comment appelle-t-on un humoriste en t\u00e9l\u00e9travail ? - Actualit\u00e9s, , .... Apr\u00e8s la p\u00e9riode &quot;covid19&quot;\",\"isPartOf\":{\"@id\":\"https:\/\/covid19-a-savoir.net\/#website\"},\"datePublished\":\"2025-01-10T13:18:50+00:00\",\"dateModified\":\"2025-01-10T13:18:50+00:00\",\"breadcrumb\":{\"@id\":\"https:\/\/covid19-a-savoir.net\/index.php\/comment-appelle-t-on-un-humoriste-en-teletravail\/#breadcrumb\"},\"inLanguage\":\"fr-FR\",\"potentialAction\":[{\"@type\":\"ReadAction\",\"target\":[\"https:\/\/covid19-a-savoir.net\/index.php\/comment-appelle-t-on-un-humoriste-en-teletravail\/\"]}]},{\"@type\":\"BreadcrumbList\",\"@id\":\"https:\/\/covid19-a-savoir.net\/index.php\/comment-appelle-t-on-un-humoriste-en-teletravail\/#breadcrumb\",\"itemListElement\":[{\"@type\":\"ListItem\",\"position\":1,\"name\":\"Accueil\",\"item\":\"https:\/\/covid19-a-savoir.net\/\"},{\"@type\":\"ListItem\",\"position\":2,\"name\":\"Comment appelle-t-on un humoriste en t\u00e9l\u00e9travail ?\"}]},{\"@type\":\"WebSite\",\"@id\":\"https:\/\/covid19-a-savoir.net\/#website\",\"url\":\"https:\/\/covid19-a-savoir.net\/\",\"name\":\"Actualit\u00e9s, , .... Apr\u00e8s la p\u00e9riode &quot;covid19&quot;\",\"description\":\"DES V\u00c9RIT\u00c9S QUI D\u00c9RANGENT\",\"publisher\":{\"@id\":\"https:\/\/covid19-a-savoir.net\/#\/schema\/person\/53265987e4424cc7dde2f857d2b378cf\"},\"potentialAction\":[{\"@type\":\"SearchAction\",\"target\":{\"@type\":\"EntryPoint\",\"urlTemplate\":\"https:\/\/covid19-a-savoir.net\/?s={search_term_string}\"},\"query-input\":\"required name=search_term_string\"}],\"inLanguage\":\"fr-FR\"},{\"@type\":[\"Person\",\"Organization\"],\"@id\":\"https:\/\/covid19-a-savoir.net\/#\/schema\/person\/53265987e4424cc7dde2f857d2b378cf\",\"name\":\"GS\",\"image\":{\"@type\":\"ImageObject\",\"inLanguage\":\"fr-FR\",\"@id\":\"https:\/\/covid19-a-savoir.net\/#\/schema\/person\/image\/\",\"url\":\"https:\/\/covid19-a-savoir.net\/wp-content\/uploads\/2022\/07\/dans-ce-monde-312x312-1.png\",\"contentUrl\":\"https:\/\/covid19-a-savoir.net\/wp-content\/uploads\/2022\/07\/dans-ce-monde-312x312-1.png\",\"width\":312,\"height\":312,\"caption\":\"GS\"},\"logo\":{\"@id\":\"https:\/\/covid19-a-savoir.net\/#\/schema\/person\/image\/\"},\"sameAs\":[\"http:\/\/covid19-a-savoir.net\"]}]}<\/script>\n<!-- \/ Yoast SEO plugin. -->","yoast_head_json":{"title":"Comment appelle-t-on un humoriste en t\u00e9l\u00e9travail ? - Actualit\u00e9s, , .... Apr\u00e8s la p\u00e9riode &quot;covid19&quot;","robots":{"index":"index","follow":"follow","max-snippet":"max-snippet:-1","max-image-preview":"max-image-preview:large","max-video-preview":"max-video-preview:-1"},"canonical":"https:\/\/covid19-a-savoir.net\/index.php\/comment-appelle-t-on-un-humoriste-en-teletravail\/","og_locale":"fr_FR","og_type":"article","og_title":"Comment appelle-t-on un humoriste en t\u00e9l\u00e9travail ? - Actualit\u00e9s, , .... Apr\u00e8s la p\u00e9riode &quot;covid19&quot;","og_description":"Un comique \u00e0 distance ! C\u2019est une fa\u00e7on rigolote de d\u00e9signer ces artistes qui, m\u00eame loin des plateaux de tournage,... Read moreComment appelle-t-on un humoriste en t\u00e9l\u00e9travail ?","og_url":"https:\/\/covid19-a-savoir.net\/index.php\/comment-appelle-t-on-un-humoriste-en-teletravail\/","og_site_name":"Actualit\u00e9s, , .... Apr\u00e8s la p\u00e9riode &quot;covid19&quot;","twitter_card":"summary_large_image","twitter_misc":{"Dur\u00e9e de lecture estim\u00e9e":"1 minute"},"schema":{"@context":"https:\/\/schema.org","@graph":[{"@type":"WebPage","@id":"https:\/\/covid19-a-savoir.net\/index.php\/comment-appelle-t-on-un-humoriste-en-teletravail\/","url":"https:\/\/covid19-a-savoir.net\/index.php\/comment-appelle-t-on-un-humoriste-en-teletravail\/","name":"Comment appelle-t-on un humoriste en t\u00e9l\u00e9travail ? - Actualit\u00e9s, , .... Apr\u00e8s la p\u00e9riode &quot;covid19&quot;","isPartOf":{"@id":"https:\/\/covid19-a-savoir.net\/#website"},"datePublished":"2025-01-10T13:18:50+00:00","dateModified":"2025-01-10T13:18:50+00:00","breadcrumb":{"@id":"https:\/\/covid19-a-savoir.net\/index.php\/comment-appelle-t-on-un-humoriste-en-teletravail\/#breadcrumb"},"inLanguage":"fr-FR","potentialAction":[{"@type":"ReadAction","target":["https:\/\/covid19-a-savoir.net\/index.php\/comment-appelle-t-on-un-humoriste-en-teletravail\/"]}]},{"@type":"BreadcrumbList","@id":"https:\/\/covid19-a-savoir.net\/index.php\/comment-appelle-t-on-un-humoriste-en-teletravail\/#breadcrumb","itemListElement":[{"@type":"ListItem","position":1,"name":"Accueil","item":"https:\/\/covid19-a-savoir.net\/"},{"@type":"ListItem","position":2,"name":"Comment appelle-t-on un humoriste en t\u00e9l\u00e9travail ?"}]},{"@type":"WebSite","@id":"https:\/\/covid19-a-savoir.net\/#website","url":"https:\/\/covid19-a-savoir.net\/","name":"Actualit\u00e9s, , .... Apr\u00e8s la p\u00e9riode &quot;covid19&quot;","description":"DES V\u00c9RIT\u00c9S QUI D\u00c9RANGENT","publisher":{"@id":"https:\/\/covid19-a-savoir.net\/#\/schema\/person\/53265987e4424cc7dde2f857d2b378cf"},"potentialAction":[{"@type":"SearchAction","target":{"@type":"EntryPoint","urlTemplate":"https:\/\/covid19-a-savoir.net\/?s={search_term_string}"},"query-input":"required name=search_term_string"}],"inLanguage":"fr-FR"},{"@type":["Person","Organization"],"@id":"https:\/\/covid19-a-savoir.net\/#\/schema\/person\/53265987e4424cc7dde2f857d2b378cf","name":"GS","image":{"@type":"ImageObject","inLanguage":"fr-FR","@id":"https:\/\/covid19-a-savoir.net\/#\/schema\/person\/image\/","url":"https:\/\/covid19-a-savoir.net\/wp-content\/uploads\/2022\/07\/dans-ce-monde-312x312-1.png","contentUrl":"https:\/\/covid19-a-savoir.net\/wp-content\/uploads\/2022\/07\/dans-ce-monde-312x312-1.png","width":312,"height":312,"caption":"GS"},"logo":{"@id":"https:\/\/covid19-a-savoir.net\/#\/schema\/person\/image\/"},"sameAs":["http:\/\/covid19-a-savoir.net"]}]}},"jetpack_sharing_enabled":true,"_links":{"self":[{"href":"https:\/\/covid19-a-savoir.net\/index.php\/wp-json\/wp\/v2\/pages\/3244"}],"collection":[{"href":"https:\/\/covid19-a-savoir.net\/index.php\/wp-json\/wp\/v2\/pages"}],"about":[{"href":"https:\/\/covid19-a-savoir.net\/index.php\/wp-json\/wp\/v2\/types\/page"}],"author":[{"embeddable":true,"href":"https:\/\/covid19-a-savoir.net\/index.php\/wp-json\/wp\/v2\/users\/1"}],"replies":[{"embeddable":true,"href":"https:\/\/covid19-a-savoir.net\/index.php\/wp-json\/wp\/v2\/comments?post=3244"}],"version-history":[{"count":1,"href":"https:\/\/covid19-a-savoir.net\/index.php\/wp-json\/wp\/v2\/pages\/3244\/revisions"}],"predecessor-version":[{"id":3246,"href":"https:\/\/covid19-a-savoir.net\/index.php\/wp-json\/wp\/v2\/pages\/3244\/revisions\/3246"}],"wp:attachment":[{"href":"https:\/\/covid19-a-savoir.net\/index.php\/wp-json\/wp\/v2\/media?parent=3244"}],"curies":[{"name":"wp","href":"https:\/\/api.w.org\/{rel}","templated":true}]}}