{"id":3239,"date":"2025-01-10T13:14:33","date_gmt":"2025-01-10T13:14:33","guid":{"rendered":"https:\/\/covid19-a-savoir.net\/?page_id=3239"},"modified":"2025-01-10T13:14:35","modified_gmt":"2025-01-10T13:14:35","slug":"qua-dit-une-chaussette-a-une-autre-apres-un-an-de-pandemie","status":"publish","type":"page","link":"https:\/\/covid19-a-savoir.net\/index.php\/qua-dit-une-chaussette-a-une-autre-apres-un-an-de-pandemie\/","title":{"rendered":"Qu\u2019a dit une chaussette \u00e0 une autre apr\u00e8s un an de pand\u00e9mie ?"},"content":{"rendered":"<div id=\"dslc-theme-content\"><div id=\"dslc-theme-content-inner\">\n<p class=\"has-white-color has-vivid-cyan-blue-background-color has-text-color has-background has-link-color wp-elements-41fa1fac13affa2ae503b277ed7ff961\"><strong>\u00ab\u00a0Enfin, on travaille ensemble au lieu de rester coinc\u00e9es au fond du tiroir !\u00a0\u00bb<\/strong><\/p>\n\n\n\n<p>Apr\u00e8s un an de pand\u00e9mie, une chaussette se tourne vers son amie et lui dit :<br>\u00ab\u00a0Enfin, on travaille ensemble au lieu de rester coinc\u00e9es au fond du tiroir !\u00a0\u00bb<br>La situation \u00e9tait presque in\u00e9dite pour elles. Habituellement, elles se retrouvaient s\u00e9par\u00e9es dans l\u2019obscurit\u00e9, enferm\u00e9es dans des tiroirs o\u00f9 le temps semblait s&rsquo;\u00e9tirer \u00e9ternellement. Mais depuis la pand\u00e9mie, les chaussettes avaient pris un nouveau r\u00f4le, plus essentiel, plus solidaire. Elles passaient d\u00e9sormais leurs journ\u00e9es ensemble, au chaud, \u00e0 accompagner leurs propri\u00e9taires dans leurs petites aventures quotidiennes, confortablement install\u00e9es dans un monde r\u00e9duit. Les deux chaussettes se sourirent, reconnaissantes du fait qu&rsquo;elles n&rsquo;\u00e9taient plus seulement des accessoires oubli\u00e9s, mais de v\u00e9ritables partenaires dans ce quotidien un peu particulier.<\/p>\n<\/div><\/div>","protected":false},"excerpt":{"rendered":"<p>\u00ab\u00a0Enfin, on travaille ensemble au lieu de rester coinc\u00e9es au fond du tiroir !\u00a0\u00bb Apr\u00e8s un an de pand\u00e9mie, une&#8230; <a href=\"https:\/\/covid19-a-savoir.net\/index.php\/qua-dit-une-chaussette-a-une-autre-apres-un-an-de-pandemie\/\" class=\"readmore\">Read more<span class=\"screen-reader-text\">Qu\u2019a dit une chaussette \u00e0 une autre apr\u00e8s un an de pand\u00e9mie ?<\/span><span class=\"fa fa-angle-double-right\" aria-hidden=\"true\"><\/span><\/a><\/p>\n","protected":false},"author":1,"featured_media":0,"parent":0,"menu_order":0,"comment_status":"closed","ping_status":"closed","template":"","meta":{"footnotes":""},"yoast_head":"<!-- This site is optimized with the Yoast SEO plugin v23.2 - https:\/\/yoast.com\/wordpress\/plugins\/seo\/ -->\n<title>Qu\u2019a dit une chaussette \u00e0 une autre apr\u00e8s un an de pand\u00e9mie ? - Actualit\u00e9s, , .... Apr\u00e8s la p\u00e9riode &quot;covid19&quot;<\/title>\n<meta name=\"robots\" content=\"index, follow, max-snippet:-1, max-image-preview:large, max-video-preview:-1\" \/>\n<link rel=\"canonical\" href=\"https:\/\/covid19-a-savoir.net\/index.php\/qua-dit-une-chaussette-a-une-autre-apres-un-an-de-pandemie\/\" \/>\n<meta property=\"og:locale\" content=\"fr_FR\" \/>\n<meta property=\"og:type\" content=\"article\" \/>\n<meta property=\"og:title\" content=\"Qu\u2019a dit une chaussette \u00e0 une autre apr\u00e8s un an de pand\u00e9mie ? - Actualit\u00e9s, , .... Apr\u00e8s la p\u00e9riode &quot;covid19&quot;\" \/>\n<meta property=\"og:description\" content=\"\u00ab\u00a0Enfin, on travaille ensemble au lieu de rester coinc\u00e9es au fond du tiroir !\u00a0\u00bb Apr\u00e8s un an de pand\u00e9mie, une... Read moreQu\u2019a dit une chaussette \u00e0 une autre apr\u00e8s un an de pand\u00e9mie ?\" \/>\n<meta property=\"og:url\" content=\"https:\/\/covid19-a-savoir.net\/index.php\/qua-dit-une-chaussette-a-une-autre-apres-un-an-de-pandemie\/\" \/>\n<meta property=\"og:site_name\" content=\"Actualit\u00e9s, , .... Apr\u00e8s la p\u00e9riode &quot;covid19&quot;\" \/>\n<meta property=\"article:modified_time\" content=\"2025-01-10T13:14:35+00:00\" \/>\n<meta name=\"twitter:card\" content=\"summary_large_image\" \/>\n<meta name=\"twitter:label1\" content=\"Dur\u00e9e de lecture estim\u00e9e\" \/>\n\t<meta name=\"twitter:data1\" content=\"1 minute\" \/>\n<script type=\"application\/ld+json\" class=\"yoast-schema-graph\">{\"@context\":\"https:\/\/schema.org\",\"@graph\":[{\"@type\":\"WebPage\",\"@id\":\"https:\/\/covid19-a-savoir.net\/index.php\/qua-dit-une-chaussette-a-une-autre-apres-un-an-de-pandemie\/\",\"url\":\"https:\/\/covid19-a-savoir.net\/index.php\/qua-dit-une-chaussette-a-une-autre-apres-un-an-de-pandemie\/\",\"name\":\"Qu\u2019a dit une chaussette \u00e0 une autre apr\u00e8s un an de pand\u00e9mie ? - Actualit\u00e9s, , .... Apr\u00e8s la p\u00e9riode &quot;covid19&quot;\",\"isPartOf\":{\"@id\":\"https:\/\/covid19-a-savoir.net\/#website\"},\"datePublished\":\"2025-01-10T13:14:33+00:00\",\"dateModified\":\"2025-01-10T13:14:35+00:00\",\"breadcrumb\":{\"@id\":\"https:\/\/covid19-a-savoir.net\/index.php\/qua-dit-une-chaussette-a-une-autre-apres-un-an-de-pandemie\/#breadcrumb\"},\"inLanguage\":\"fr-FR\",\"potentialAction\":[{\"@type\":\"ReadAction\",\"target\":[\"https:\/\/covid19-a-savoir.net\/index.php\/qua-dit-une-chaussette-a-une-autre-apres-un-an-de-pandemie\/\"]}]},{\"@type\":\"BreadcrumbList\",\"@id\":\"https:\/\/covid19-a-savoir.net\/index.php\/qua-dit-une-chaussette-a-une-autre-apres-un-an-de-pandemie\/#breadcrumb\",\"itemListElement\":[{\"@type\":\"ListItem\",\"position\":1,\"name\":\"Accueil\",\"item\":\"https:\/\/covid19-a-savoir.net\/\"},{\"@type\":\"ListItem\",\"position\":2,\"name\":\"Qu\u2019a dit une chaussette \u00e0 une autre apr\u00e8s un an de pand\u00e9mie ?\"}]},{\"@type\":\"WebSite\",\"@id\":\"https:\/\/covid19-a-savoir.net\/#website\",\"url\":\"https:\/\/covid19-a-savoir.net\/\",\"name\":\"Actualit\u00e9s, , .... Apr\u00e8s la p\u00e9riode &quot;covid19&quot;\",\"description\":\"DES V\u00c9RIT\u00c9S QUI D\u00c9RANGENT\",\"publisher\":{\"@id\":\"https:\/\/covid19-a-savoir.net\/#\/schema\/person\/53265987e4424cc7dde2f857d2b378cf\"},\"potentialAction\":[{\"@type\":\"SearchAction\",\"target\":{\"@type\":\"EntryPoint\",\"urlTemplate\":\"https:\/\/covid19-a-savoir.net\/?s={search_term_string}\"},\"query-input\":\"required name=search_term_string\"}],\"inLanguage\":\"fr-FR\"},{\"@type\":[\"Person\",\"Organization\"],\"@id\":\"https:\/\/covid19-a-savoir.net\/#\/schema\/person\/53265987e4424cc7dde2f857d2b378cf\",\"name\":\"GS\",\"image\":{\"@type\":\"ImageObject\",\"inLanguage\":\"fr-FR\",\"@id\":\"https:\/\/covid19-a-savoir.net\/#\/schema\/person\/image\/\",\"url\":\"https:\/\/covid19-a-savoir.net\/wp-content\/uploads\/2022\/07\/dans-ce-monde-312x312-1.png\",\"contentUrl\":\"https:\/\/covid19-a-savoir.net\/wp-content\/uploads\/2022\/07\/dans-ce-monde-312x312-1.png\",\"width\":312,\"height\":312,\"caption\":\"GS\"},\"logo\":{\"@id\":\"https:\/\/covid19-a-savoir.net\/#\/schema\/person\/image\/\"},\"sameAs\":[\"http:\/\/covid19-a-savoir.net\"]}]}<\/script>\n<!-- \/ Yoast SEO plugin. -->","yoast_head_json":{"title":"Qu\u2019a dit une chaussette \u00e0 une autre apr\u00e8s un an de pand\u00e9mie ? - Actualit\u00e9s, , .... Apr\u00e8s la p\u00e9riode &quot;covid19&quot;","robots":{"index":"index","follow":"follow","max-snippet":"max-snippet:-1","max-image-preview":"max-image-preview:large","max-video-preview":"max-video-preview:-1"},"canonical":"https:\/\/covid19-a-savoir.net\/index.php\/qua-dit-une-chaussette-a-une-autre-apres-un-an-de-pandemie\/","og_locale":"fr_FR","og_type":"article","og_title":"Qu\u2019a dit une chaussette \u00e0 une autre apr\u00e8s un an de pand\u00e9mie ? - Actualit\u00e9s, , .... Apr\u00e8s la p\u00e9riode &quot;covid19&quot;","og_description":"\u00ab\u00a0Enfin, on travaille ensemble au lieu de rester coinc\u00e9es au fond du tiroir !\u00a0\u00bb Apr\u00e8s un an de pand\u00e9mie, une... Read moreQu\u2019a dit une chaussette \u00e0 une autre apr\u00e8s un an de pand\u00e9mie ?","og_url":"https:\/\/covid19-a-savoir.net\/index.php\/qua-dit-une-chaussette-a-une-autre-apres-un-an-de-pandemie\/","og_site_name":"Actualit\u00e9s, , .... Apr\u00e8s la p\u00e9riode &quot;covid19&quot;","article_modified_time":"2025-01-10T13:14:35+00:00","twitter_card":"summary_large_image","twitter_misc":{"Dur\u00e9e de lecture estim\u00e9e":"1 minute"},"schema":{"@context":"https:\/\/schema.org","@graph":[{"@type":"WebPage","@id":"https:\/\/covid19-a-savoir.net\/index.php\/qua-dit-une-chaussette-a-une-autre-apres-un-an-de-pandemie\/","url":"https:\/\/covid19-a-savoir.net\/index.php\/qua-dit-une-chaussette-a-une-autre-apres-un-an-de-pandemie\/","name":"Qu\u2019a dit une chaussette \u00e0 une autre apr\u00e8s un an de pand\u00e9mie ? - Actualit\u00e9s, , .... Apr\u00e8s la p\u00e9riode &quot;covid19&quot;","isPartOf":{"@id":"https:\/\/covid19-a-savoir.net\/#website"},"datePublished":"2025-01-10T13:14:33+00:00","dateModified":"2025-01-10T13:14:35+00:00","breadcrumb":{"@id":"https:\/\/covid19-a-savoir.net\/index.php\/qua-dit-une-chaussette-a-une-autre-apres-un-an-de-pandemie\/#breadcrumb"},"inLanguage":"fr-FR","potentialAction":[{"@type":"ReadAction","target":["https:\/\/covid19-a-savoir.net\/index.php\/qua-dit-une-chaussette-a-une-autre-apres-un-an-de-pandemie\/"]}]},{"@type":"BreadcrumbList","@id":"https:\/\/covid19-a-savoir.net\/index.php\/qua-dit-une-chaussette-a-une-autre-apres-un-an-de-pandemie\/#breadcrumb","itemListElement":[{"@type":"ListItem","position":1,"name":"Accueil","item":"https:\/\/covid19-a-savoir.net\/"},{"@type":"ListItem","position":2,"name":"Qu\u2019a dit une chaussette \u00e0 une autre apr\u00e8s un an de pand\u00e9mie ?"}]},{"@type":"WebSite","@id":"https:\/\/covid19-a-savoir.net\/#website","url":"https:\/\/covid19-a-savoir.net\/","name":"Actualit\u00e9s, , .... Apr\u00e8s la p\u00e9riode &quot;covid19&quot;","description":"DES V\u00c9RIT\u00c9S QUI D\u00c9RANGENT","publisher":{"@id":"https:\/\/covid19-a-savoir.net\/#\/schema\/person\/53265987e4424cc7dde2f857d2b378cf"},"potentialAction":[{"@type":"SearchAction","target":{"@type":"EntryPoint","urlTemplate":"https:\/\/covid19-a-savoir.net\/?s={search_term_string}"},"query-input":"required name=search_term_string"}],"inLanguage":"fr-FR"},{"@type":["Person","Organization"],"@id":"https:\/\/covid19-a-savoir.net\/#\/schema\/person\/53265987e4424cc7dde2f857d2b378cf","name":"GS","image":{"@type":"ImageObject","inLanguage":"fr-FR","@id":"https:\/\/covid19-a-savoir.net\/#\/schema\/person\/image\/","url":"https:\/\/covid19-a-savoir.net\/wp-content\/uploads\/2022\/07\/dans-ce-monde-312x312-1.png","contentUrl":"https:\/\/covid19-a-savoir.net\/wp-content\/uploads\/2022\/07\/dans-ce-monde-312x312-1.png","width":312,"height":312,"caption":"GS"},"logo":{"@id":"https:\/\/covid19-a-savoir.net\/#\/schema\/person\/image\/"},"sameAs":["http:\/\/covid19-a-savoir.net"]}]}},"jetpack_sharing_enabled":true,"_links":{"self":[{"href":"https:\/\/covid19-a-savoir.net\/index.php\/wp-json\/wp\/v2\/pages\/3239"}],"collection":[{"href":"https:\/\/covid19-a-savoir.net\/index.php\/wp-json\/wp\/v2\/pages"}],"about":[{"href":"https:\/\/covid19-a-savoir.net\/index.php\/wp-json\/wp\/v2\/types\/page"}],"author":[{"embeddable":true,"href":"https:\/\/covid19-a-savoir.net\/index.php\/wp-json\/wp\/v2\/users\/1"}],"replies":[{"embeddable":true,"href":"https:\/\/covid19-a-savoir.net\/index.php\/wp-json\/wp\/v2\/comments?post=3239"}],"version-history":[{"count":1,"href":"https:\/\/covid19-a-savoir.net\/index.php\/wp-json\/wp\/v2\/pages\/3239\/revisions"}],"predecessor-version":[{"id":3241,"href":"https:\/\/covid19-a-savoir.net\/index.php\/wp-json\/wp\/v2\/pages\/3239\/revisions\/3241"}],"wp:attachment":[{"href":"https:\/\/covid19-a-savoir.net\/index.php\/wp-json\/wp\/v2\/media?parent=3239"}],"curies":[{"name":"wp","href":"https:\/\/api.w.org\/{rel}","templated":true}]}}