{"id":3229,"date":"2025-01-10T13:08:13","date_gmt":"2025-01-10T13:08:13","guid":{"rendered":"https:\/\/covid19-a-savoir.net\/?page_id=3229"},"modified":"2025-01-10T13:08:14","modified_gmt":"2025-01-10T13:08:14","slug":"quest-ce-que-le-papier-toilette-a-dit-en-2020","status":"publish","type":"page","link":"https:\/\/covid19-a-savoir.net\/index.php\/quest-ce-que-le-papier-toilette-a-dit-en-2020\/","title":{"rendered":"Qu&rsquo;est-ce que le papier toilette a dit en 2020 ?"},"content":{"rendered":"<div id=\"dslc-theme-content\"><div id=\"dslc-theme-content-inner\">\n<p class=\"has-white-color has-vivid-cyan-blue-background-color has-text-color has-background has-link-color wp-elements-e712d8c05fa3530ffc506bdf9d5b21fc\"><strong>\u00ab\u00a0Jamais je n\u2019aurais cru devenir une star mondiale.\u00a0\u00bb<\/strong><\/p>\n\n\n\n<p>\u00ab\u00a0Jamais je n\u2019aurais cru devenir une star mondiale,\u00a0\u00bb se dit le papier toilette en 2020. Apr\u00e8s tout, il n&rsquo;\u00e9tait qu&rsquo;un humble objet du quotidien, une simple \u00e9vidence dans les rayons des supermarch\u00e9s. Mais cette ann\u00e9e-l\u00e0, tout a bascul\u00e9. Le monde entier a d\u00e9couvert sa v\u00e9ritable valeur, sa v\u00e9ritable importance. Les gens se sont pr\u00e9cipit\u00e9s dans les magasins comme si leur survie en d\u00e9pendait, les \u00e9tag\u00e8res se sont vid\u00e9es \u00e0 une vitesse folle. Le papier toilette, autrefois un produit banalis\u00e9, est devenu un tr\u00e9sor pris\u00e9, une denr\u00e9e aussi pr\u00e9cieuse que l&rsquo;or.<\/p>\n\n\n\n<p>Les conversations tournent autour de lui, les memes inondent Internet, et m\u00eame les politiques ont d\u00fb s\u2019y r\u00e9f\u00e9rer. En 2020, le papier toilette est pass\u00e9 du statut de banalit\u00e9 \u00e0 celui de symbole d&rsquo;incertitude. Mais aujourd\u2019hui, avec un peu de recul, il se dit qu\u2019il n\u2019a jamais eu autant de reconnaissance. Il \u00e9tait l\u00e0, fid\u00e8le, toujours pr\u00eat \u00e0 intervenir dans les moments o\u00f9 l&rsquo;on en avait le plus besoin. Comme quoi, parfois, les petites choses les plus simples finissent par nous surprendre et briller de mille feux.<\/p>\n<\/div><\/div>","protected":false},"excerpt":{"rendered":"<p>\u00ab\u00a0Jamais je n\u2019aurais cru devenir une star mondiale.\u00a0\u00bb \u00ab\u00a0Jamais je n\u2019aurais cru devenir une star mondiale,\u00a0\u00bb se dit le papier&#8230; <a href=\"https:\/\/covid19-a-savoir.net\/index.php\/quest-ce-que-le-papier-toilette-a-dit-en-2020\/\" class=\"readmore\">Read more<span class=\"screen-reader-text\">Qu&rsquo;est-ce que le papier toilette a dit en 2020 ?<\/span><span class=\"fa fa-angle-double-right\" aria-hidden=\"true\"><\/span><\/a><\/p>\n","protected":false},"author":1,"featured_media":0,"parent":0,"menu_order":0,"comment_status":"closed","ping_status":"closed","template":"","meta":{"footnotes":""},"yoast_head":"<!-- This site is optimized with the Yoast SEO plugin v23.2 - https:\/\/yoast.com\/wordpress\/plugins\/seo\/ -->\n<title>Qu&#039;est-ce que le papier toilette a dit en 2020 ? - Actualit\u00e9s, , .... Apr\u00e8s la p\u00e9riode &quot;covid19&quot;<\/title>\n<meta name=\"robots\" content=\"index, follow, max-snippet:-1, max-image-preview:large, max-video-preview:-1\" \/>\n<link rel=\"canonical\" href=\"https:\/\/covid19-a-savoir.net\/index.php\/quest-ce-que-le-papier-toilette-a-dit-en-2020\/\" \/>\n<meta property=\"og:locale\" content=\"fr_FR\" \/>\n<meta property=\"og:type\" content=\"article\" \/>\n<meta property=\"og:title\" content=\"Qu&#039;est-ce que le papier toilette a dit en 2020 ? - Actualit\u00e9s, , .... Apr\u00e8s la p\u00e9riode &quot;covid19&quot;\" \/>\n<meta property=\"og:description\" content=\"\u00ab\u00a0Jamais je n\u2019aurais cru devenir une star mondiale.\u00a0\u00bb \u00ab\u00a0Jamais je n\u2019aurais cru devenir une star mondiale,\u00a0\u00bb se dit le papier... Read moreQu&rsquo;est-ce que le papier toilette a dit en 2020 ?\" \/>\n<meta property=\"og:url\" content=\"https:\/\/covid19-a-savoir.net\/index.php\/quest-ce-que-le-papier-toilette-a-dit-en-2020\/\" \/>\n<meta property=\"og:site_name\" content=\"Actualit\u00e9s, , .... Apr\u00e8s la p\u00e9riode &quot;covid19&quot;\" \/>\n<meta property=\"article:modified_time\" content=\"2025-01-10T13:08:14+00:00\" \/>\n<meta name=\"twitter:card\" content=\"summary_large_image\" \/>\n<meta name=\"twitter:label1\" content=\"Dur\u00e9e de lecture estim\u00e9e\" \/>\n\t<meta name=\"twitter:data1\" content=\"1 minute\" \/>\n<script type=\"application\/ld+json\" class=\"yoast-schema-graph\">{\"@context\":\"https:\/\/schema.org\",\"@graph\":[{\"@type\":\"WebPage\",\"@id\":\"https:\/\/covid19-a-savoir.net\/index.php\/quest-ce-que-le-papier-toilette-a-dit-en-2020\/\",\"url\":\"https:\/\/covid19-a-savoir.net\/index.php\/quest-ce-que-le-papier-toilette-a-dit-en-2020\/\",\"name\":\"Qu'est-ce que le papier toilette a dit en 2020 ? - Actualit\u00e9s, , .... Apr\u00e8s la p\u00e9riode &quot;covid19&quot;\",\"isPartOf\":{\"@id\":\"https:\/\/covid19-a-savoir.net\/#website\"},\"datePublished\":\"2025-01-10T13:08:13+00:00\",\"dateModified\":\"2025-01-10T13:08:14+00:00\",\"breadcrumb\":{\"@id\":\"https:\/\/covid19-a-savoir.net\/index.php\/quest-ce-que-le-papier-toilette-a-dit-en-2020\/#breadcrumb\"},\"inLanguage\":\"fr-FR\",\"potentialAction\":[{\"@type\":\"ReadAction\",\"target\":[\"https:\/\/covid19-a-savoir.net\/index.php\/quest-ce-que-le-papier-toilette-a-dit-en-2020\/\"]}]},{\"@type\":\"BreadcrumbList\",\"@id\":\"https:\/\/covid19-a-savoir.net\/index.php\/quest-ce-que-le-papier-toilette-a-dit-en-2020\/#breadcrumb\",\"itemListElement\":[{\"@type\":\"ListItem\",\"position\":1,\"name\":\"Accueil\",\"item\":\"https:\/\/covid19-a-savoir.net\/\"},{\"@type\":\"ListItem\",\"position\":2,\"name\":\"Qu&rsquo;est-ce que le papier toilette a dit en 2020 ?\"}]},{\"@type\":\"WebSite\",\"@id\":\"https:\/\/covid19-a-savoir.net\/#website\",\"url\":\"https:\/\/covid19-a-savoir.net\/\",\"name\":\"Actualit\u00e9s, , .... Apr\u00e8s la p\u00e9riode &quot;covid19&quot;\",\"description\":\"DES V\u00c9RIT\u00c9S QUI D\u00c9RANGENT\",\"publisher\":{\"@id\":\"https:\/\/covid19-a-savoir.net\/#\/schema\/person\/53265987e4424cc7dde2f857d2b378cf\"},\"potentialAction\":[{\"@type\":\"SearchAction\",\"target\":{\"@type\":\"EntryPoint\",\"urlTemplate\":\"https:\/\/covid19-a-savoir.net\/?s={search_term_string}\"},\"query-input\":\"required name=search_term_string\"}],\"inLanguage\":\"fr-FR\"},{\"@type\":[\"Person\",\"Organization\"],\"@id\":\"https:\/\/covid19-a-savoir.net\/#\/schema\/person\/53265987e4424cc7dde2f857d2b378cf\",\"name\":\"GS\",\"image\":{\"@type\":\"ImageObject\",\"inLanguage\":\"fr-FR\",\"@id\":\"https:\/\/covid19-a-savoir.net\/#\/schema\/person\/image\/\",\"url\":\"https:\/\/covid19-a-savoir.net\/wp-content\/uploads\/2022\/07\/dans-ce-monde-312x312-1.png\",\"contentUrl\":\"https:\/\/covid19-a-savoir.net\/wp-content\/uploads\/2022\/07\/dans-ce-monde-312x312-1.png\",\"width\":312,\"height\":312,\"caption\":\"GS\"},\"logo\":{\"@id\":\"https:\/\/covid19-a-savoir.net\/#\/schema\/person\/image\/\"},\"sameAs\":[\"http:\/\/covid19-a-savoir.net\"]}]}<\/script>\n<!-- \/ Yoast SEO plugin. -->","yoast_head_json":{"title":"Qu'est-ce que le papier toilette a dit en 2020 ? - Actualit\u00e9s, , .... Apr\u00e8s la p\u00e9riode &quot;covid19&quot;","robots":{"index":"index","follow":"follow","max-snippet":"max-snippet:-1","max-image-preview":"max-image-preview:large","max-video-preview":"max-video-preview:-1"},"canonical":"https:\/\/covid19-a-savoir.net\/index.php\/quest-ce-que-le-papier-toilette-a-dit-en-2020\/","og_locale":"fr_FR","og_type":"article","og_title":"Qu'est-ce que le papier toilette a dit en 2020 ? - Actualit\u00e9s, , .... Apr\u00e8s la p\u00e9riode &quot;covid19&quot;","og_description":"\u00ab\u00a0Jamais je n\u2019aurais cru devenir une star mondiale.\u00a0\u00bb \u00ab\u00a0Jamais je n\u2019aurais cru devenir une star mondiale,\u00a0\u00bb se dit le papier... Read moreQu&rsquo;est-ce que le papier toilette a dit en 2020 ?","og_url":"https:\/\/covid19-a-savoir.net\/index.php\/quest-ce-que-le-papier-toilette-a-dit-en-2020\/","og_site_name":"Actualit\u00e9s, , .... Apr\u00e8s la p\u00e9riode &quot;covid19&quot;","article_modified_time":"2025-01-10T13:08:14+00:00","twitter_card":"summary_large_image","twitter_misc":{"Dur\u00e9e de lecture estim\u00e9e":"1 minute"},"schema":{"@context":"https:\/\/schema.org","@graph":[{"@type":"WebPage","@id":"https:\/\/covid19-a-savoir.net\/index.php\/quest-ce-que-le-papier-toilette-a-dit-en-2020\/","url":"https:\/\/covid19-a-savoir.net\/index.php\/quest-ce-que-le-papier-toilette-a-dit-en-2020\/","name":"Qu'est-ce que le papier toilette a dit en 2020 ? - Actualit\u00e9s, , .... Apr\u00e8s la p\u00e9riode &quot;covid19&quot;","isPartOf":{"@id":"https:\/\/covid19-a-savoir.net\/#website"},"datePublished":"2025-01-10T13:08:13+00:00","dateModified":"2025-01-10T13:08:14+00:00","breadcrumb":{"@id":"https:\/\/covid19-a-savoir.net\/index.php\/quest-ce-que-le-papier-toilette-a-dit-en-2020\/#breadcrumb"},"inLanguage":"fr-FR","potentialAction":[{"@type":"ReadAction","target":["https:\/\/covid19-a-savoir.net\/index.php\/quest-ce-que-le-papier-toilette-a-dit-en-2020\/"]}]},{"@type":"BreadcrumbList","@id":"https:\/\/covid19-a-savoir.net\/index.php\/quest-ce-que-le-papier-toilette-a-dit-en-2020\/#breadcrumb","itemListElement":[{"@type":"ListItem","position":1,"name":"Accueil","item":"https:\/\/covid19-a-savoir.net\/"},{"@type":"ListItem","position":2,"name":"Qu&rsquo;est-ce que le papier toilette a dit en 2020 ?"}]},{"@type":"WebSite","@id":"https:\/\/covid19-a-savoir.net\/#website","url":"https:\/\/covid19-a-savoir.net\/","name":"Actualit\u00e9s, , .... Apr\u00e8s la p\u00e9riode &quot;covid19&quot;","description":"DES V\u00c9RIT\u00c9S QUI D\u00c9RANGENT","publisher":{"@id":"https:\/\/covid19-a-savoir.net\/#\/schema\/person\/53265987e4424cc7dde2f857d2b378cf"},"potentialAction":[{"@type":"SearchAction","target":{"@type":"EntryPoint","urlTemplate":"https:\/\/covid19-a-savoir.net\/?s={search_term_string}"},"query-input":"required name=search_term_string"}],"inLanguage":"fr-FR"},{"@type":["Person","Organization"],"@id":"https:\/\/covid19-a-savoir.net\/#\/schema\/person\/53265987e4424cc7dde2f857d2b378cf","name":"GS","image":{"@type":"ImageObject","inLanguage":"fr-FR","@id":"https:\/\/covid19-a-savoir.net\/#\/schema\/person\/image\/","url":"https:\/\/covid19-a-savoir.net\/wp-content\/uploads\/2022\/07\/dans-ce-monde-312x312-1.png","contentUrl":"https:\/\/covid19-a-savoir.net\/wp-content\/uploads\/2022\/07\/dans-ce-monde-312x312-1.png","width":312,"height":312,"caption":"GS"},"logo":{"@id":"https:\/\/covid19-a-savoir.net\/#\/schema\/person\/image\/"},"sameAs":["http:\/\/covid19-a-savoir.net"]}]}},"jetpack_sharing_enabled":true,"_links":{"self":[{"href":"https:\/\/covid19-a-savoir.net\/index.php\/wp-json\/wp\/v2\/pages\/3229"}],"collection":[{"href":"https:\/\/covid19-a-savoir.net\/index.php\/wp-json\/wp\/v2\/pages"}],"about":[{"href":"https:\/\/covid19-a-savoir.net\/index.php\/wp-json\/wp\/v2\/types\/page"}],"author":[{"embeddable":true,"href":"https:\/\/covid19-a-savoir.net\/index.php\/wp-json\/wp\/v2\/users\/1"}],"replies":[{"embeddable":true,"href":"https:\/\/covid19-a-savoir.net\/index.php\/wp-json\/wp\/v2\/comments?post=3229"}],"version-history":[{"count":1,"href":"https:\/\/covid19-a-savoir.net\/index.php\/wp-json\/wp\/v2\/pages\/3229\/revisions"}],"predecessor-version":[{"id":3231,"href":"https:\/\/covid19-a-savoir.net\/index.php\/wp-json\/wp\/v2\/pages\/3229\/revisions\/3231"}],"wp:attachment":[{"href":"https:\/\/covid19-a-savoir.net\/index.php\/wp-json\/wp\/v2\/media?parent=3229"}],"curies":[{"name":"wp","href":"https:\/\/api.w.org\/{rel}","templated":true}]}}