{"id":3219,"date":"2025-01-10T12:58:52","date_gmt":"2025-01-10T12:58:52","guid":{"rendered":"https:\/\/covid19-a-savoir.net\/?page_id=3219"},"modified":"2025-01-10T12:58:53","modified_gmt":"2025-01-10T12:58:53","slug":"pourquoi-les-plantes-dinterieur-etaient-heureuses-pendant-la-pandemie","status":"publish","type":"page","link":"https:\/\/covid19-a-savoir.net\/index.php\/pourquoi-les-plantes-dinterieur-etaient-heureuses-pendant-la-pandemie\/","title":{"rendered":"Pourquoi les plantes d&rsquo;int\u00e9rieur \u00e9taient heureuses pendant la pand\u00e9mie ?"},"content":{"rendered":"<div id=\"dslc-theme-content\"><div id=\"dslc-theme-content-inner\">\n<p class=\"has-white-color has-vivid-cyan-blue-background-color has-text-color has-background has-link-color wp-elements-c3fa443752844d1cc4471a45050fdac8\"><strong>Parce qu\u2019elles n\u2019avaient jamais \u00e9t\u00e9 autant arros\u00e9es !<\/strong><\/p>\n\n\n\n<p>Pendant la pand\u00e9mie, les plantes d&rsquo;int\u00e9rieur ont connu un v\u00e9ritable \u00e2ge d&rsquo;or. C&rsquo;\u00e9tait comme si elles avaient enfin trouv\u00e9 leur place au centre de l&rsquo;attention. Enferm\u00e9s \u00e0 la maison, nous avons soudainement eu plus de temps pour prendre soin d&rsquo;elles, pour les arroser avec soin, les admirer et leur donner toute l&rsquo;affection qu&rsquo;elles m\u00e9ritaient. Ce n&rsquo;\u00e9tait pas juste de l&rsquo;eau qu&rsquo;elles recevaient, mais aussi une dose d&rsquo;attention qu&rsquo;elles n&rsquo;avaient jamais connue. Les journ\u00e9es devenaient plus longues, les gestes plus lents, et chaque feuille devenait un petit rayon de lumi\u00e8re dans notre quotidien souvent morose. Pour une fois, les plantes \u00e9taient les reines du salon, et elles semblaient appr\u00e9cier chaque goutte, chaque rayon de soleil qui traversait la fen\u00eatre. C\u2019\u00e9tait un v\u00e9ritable cercle vertueux : plus elles \u00e9taient choy\u00e9es, plus elles prosp\u00e9raient, et plus nous, humains, \u00e9tions heureux de les voir grandir. Elles n&rsquo;avaient jamais \u00e9t\u00e9 autant arros\u00e9es, et d&rsquo;une certaine mani\u00e8re, elles semblaient nous remercier en \u00e9gayant nos journ\u00e9es de leurs jolies couleurs et de leur calme apaisant.<\/p>\n<\/div><\/div>","protected":false},"excerpt":{"rendered":"<p>Parce qu\u2019elles n\u2019avaient jamais \u00e9t\u00e9 autant arros\u00e9es ! Pendant la pand\u00e9mie, les plantes d&rsquo;int\u00e9rieur ont connu un v\u00e9ritable \u00e2ge d&rsquo;or&#8230;. <a href=\"https:\/\/covid19-a-savoir.net\/index.php\/pourquoi-les-plantes-dinterieur-etaient-heureuses-pendant-la-pandemie\/\" class=\"readmore\">Read more<span class=\"screen-reader-text\">Pourquoi les plantes d&rsquo;int\u00e9rieur \u00e9taient heureuses pendant la pand\u00e9mie ?<\/span><span class=\"fa fa-angle-double-right\" aria-hidden=\"true\"><\/span><\/a><\/p>\n","protected":false},"author":1,"featured_media":0,"parent":0,"menu_order":0,"comment_status":"closed","ping_status":"closed","template":"","meta":{"footnotes":""},"yoast_head":"<!-- This site is optimized with the Yoast SEO plugin v23.2 - https:\/\/yoast.com\/wordpress\/plugins\/seo\/ -->\n<title>Pourquoi les plantes d&#039;int\u00e9rieur \u00e9taient heureuses pendant la pand\u00e9mie ? - Actualit\u00e9s, , .... Apr\u00e8s la p\u00e9riode &quot;covid19&quot;<\/title>\n<meta name=\"robots\" content=\"index, follow, max-snippet:-1, max-image-preview:large, max-video-preview:-1\" \/>\n<link rel=\"canonical\" href=\"https:\/\/covid19-a-savoir.net\/index.php\/pourquoi-les-plantes-dinterieur-etaient-heureuses-pendant-la-pandemie\/\" \/>\n<meta property=\"og:locale\" content=\"fr_FR\" \/>\n<meta property=\"og:type\" content=\"article\" \/>\n<meta property=\"og:title\" content=\"Pourquoi les plantes d&#039;int\u00e9rieur \u00e9taient heureuses pendant la pand\u00e9mie ? - Actualit\u00e9s, , .... Apr\u00e8s la p\u00e9riode &quot;covid19&quot;\" \/>\n<meta property=\"og:description\" content=\"Parce qu\u2019elles n\u2019avaient jamais \u00e9t\u00e9 autant arros\u00e9es ! Pendant la pand\u00e9mie, les plantes d&rsquo;int\u00e9rieur ont connu un v\u00e9ritable \u00e2ge d&rsquo;or.... Read morePourquoi les plantes d&rsquo;int\u00e9rieur \u00e9taient heureuses pendant la pand\u00e9mie ?\" \/>\n<meta property=\"og:url\" content=\"https:\/\/covid19-a-savoir.net\/index.php\/pourquoi-les-plantes-dinterieur-etaient-heureuses-pendant-la-pandemie\/\" \/>\n<meta property=\"og:site_name\" content=\"Actualit\u00e9s, , .... Apr\u00e8s la p\u00e9riode &quot;covid19&quot;\" \/>\n<meta property=\"article:modified_time\" content=\"2025-01-10T12:58:53+00:00\" \/>\n<meta name=\"twitter:card\" content=\"summary_large_image\" \/>\n<meta name=\"twitter:label1\" content=\"Dur\u00e9e de lecture estim\u00e9e\" \/>\n\t<meta name=\"twitter:data1\" content=\"1 minute\" \/>\n<script type=\"application\/ld+json\" class=\"yoast-schema-graph\">{\"@context\":\"https:\/\/schema.org\",\"@graph\":[{\"@type\":\"WebPage\",\"@id\":\"https:\/\/covid19-a-savoir.net\/index.php\/pourquoi-les-plantes-dinterieur-etaient-heureuses-pendant-la-pandemie\/\",\"url\":\"https:\/\/covid19-a-savoir.net\/index.php\/pourquoi-les-plantes-dinterieur-etaient-heureuses-pendant-la-pandemie\/\",\"name\":\"Pourquoi les plantes d'int\u00e9rieur \u00e9taient heureuses pendant la pand\u00e9mie ? - Actualit\u00e9s, , .... Apr\u00e8s la p\u00e9riode &quot;covid19&quot;\",\"isPartOf\":{\"@id\":\"https:\/\/covid19-a-savoir.net\/#website\"},\"datePublished\":\"2025-01-10T12:58:52+00:00\",\"dateModified\":\"2025-01-10T12:58:53+00:00\",\"breadcrumb\":{\"@id\":\"https:\/\/covid19-a-savoir.net\/index.php\/pourquoi-les-plantes-dinterieur-etaient-heureuses-pendant-la-pandemie\/#breadcrumb\"},\"inLanguage\":\"fr-FR\",\"potentialAction\":[{\"@type\":\"ReadAction\",\"target\":[\"https:\/\/covid19-a-savoir.net\/index.php\/pourquoi-les-plantes-dinterieur-etaient-heureuses-pendant-la-pandemie\/\"]}]},{\"@type\":\"BreadcrumbList\",\"@id\":\"https:\/\/covid19-a-savoir.net\/index.php\/pourquoi-les-plantes-dinterieur-etaient-heureuses-pendant-la-pandemie\/#breadcrumb\",\"itemListElement\":[{\"@type\":\"ListItem\",\"position\":1,\"name\":\"Accueil\",\"item\":\"https:\/\/covid19-a-savoir.net\/\"},{\"@type\":\"ListItem\",\"position\":2,\"name\":\"Pourquoi les plantes d&rsquo;int\u00e9rieur \u00e9taient heureuses pendant la pand\u00e9mie ?\"}]},{\"@type\":\"WebSite\",\"@id\":\"https:\/\/covid19-a-savoir.net\/#website\",\"url\":\"https:\/\/covid19-a-savoir.net\/\",\"name\":\"Actualit\u00e9s, , .... Apr\u00e8s la p\u00e9riode &quot;covid19&quot;\",\"description\":\"DES V\u00c9RIT\u00c9S QUI D\u00c9RANGENT\",\"publisher\":{\"@id\":\"https:\/\/covid19-a-savoir.net\/#\/schema\/person\/53265987e4424cc7dde2f857d2b378cf\"},\"potentialAction\":[{\"@type\":\"SearchAction\",\"target\":{\"@type\":\"EntryPoint\",\"urlTemplate\":\"https:\/\/covid19-a-savoir.net\/?s={search_term_string}\"},\"query-input\":\"required name=search_term_string\"}],\"inLanguage\":\"fr-FR\"},{\"@type\":[\"Person\",\"Organization\"],\"@id\":\"https:\/\/covid19-a-savoir.net\/#\/schema\/person\/53265987e4424cc7dde2f857d2b378cf\",\"name\":\"GS\",\"image\":{\"@type\":\"ImageObject\",\"inLanguage\":\"fr-FR\",\"@id\":\"https:\/\/covid19-a-savoir.net\/#\/schema\/person\/image\/\",\"url\":\"https:\/\/covid19-a-savoir.net\/wp-content\/uploads\/2022\/07\/dans-ce-monde-312x312-1.png\",\"contentUrl\":\"https:\/\/covid19-a-savoir.net\/wp-content\/uploads\/2022\/07\/dans-ce-monde-312x312-1.png\",\"width\":312,\"height\":312,\"caption\":\"GS\"},\"logo\":{\"@id\":\"https:\/\/covid19-a-savoir.net\/#\/schema\/person\/image\/\"},\"sameAs\":[\"http:\/\/covid19-a-savoir.net\"]}]}<\/script>\n<!-- \/ Yoast SEO plugin. -->","yoast_head_json":{"title":"Pourquoi les plantes d'int\u00e9rieur \u00e9taient heureuses pendant la pand\u00e9mie ? - Actualit\u00e9s, , .... Apr\u00e8s la p\u00e9riode &quot;covid19&quot;","robots":{"index":"index","follow":"follow","max-snippet":"max-snippet:-1","max-image-preview":"max-image-preview:large","max-video-preview":"max-video-preview:-1"},"canonical":"https:\/\/covid19-a-savoir.net\/index.php\/pourquoi-les-plantes-dinterieur-etaient-heureuses-pendant-la-pandemie\/","og_locale":"fr_FR","og_type":"article","og_title":"Pourquoi les plantes d'int\u00e9rieur \u00e9taient heureuses pendant la pand\u00e9mie ? - Actualit\u00e9s, , .... Apr\u00e8s la p\u00e9riode &quot;covid19&quot;","og_description":"Parce qu\u2019elles n\u2019avaient jamais \u00e9t\u00e9 autant arros\u00e9es ! Pendant la pand\u00e9mie, les plantes d&rsquo;int\u00e9rieur ont connu un v\u00e9ritable \u00e2ge d&rsquo;or.... Read morePourquoi les plantes d&rsquo;int\u00e9rieur \u00e9taient heureuses pendant la pand\u00e9mie ?","og_url":"https:\/\/covid19-a-savoir.net\/index.php\/pourquoi-les-plantes-dinterieur-etaient-heureuses-pendant-la-pandemie\/","og_site_name":"Actualit\u00e9s, , .... Apr\u00e8s la p\u00e9riode &quot;covid19&quot;","article_modified_time":"2025-01-10T12:58:53+00:00","twitter_card":"summary_large_image","twitter_misc":{"Dur\u00e9e de lecture estim\u00e9e":"1 minute"},"schema":{"@context":"https:\/\/schema.org","@graph":[{"@type":"WebPage","@id":"https:\/\/covid19-a-savoir.net\/index.php\/pourquoi-les-plantes-dinterieur-etaient-heureuses-pendant-la-pandemie\/","url":"https:\/\/covid19-a-savoir.net\/index.php\/pourquoi-les-plantes-dinterieur-etaient-heureuses-pendant-la-pandemie\/","name":"Pourquoi les plantes d'int\u00e9rieur \u00e9taient heureuses pendant la pand\u00e9mie ? - Actualit\u00e9s, , .... Apr\u00e8s la p\u00e9riode &quot;covid19&quot;","isPartOf":{"@id":"https:\/\/covid19-a-savoir.net\/#website"},"datePublished":"2025-01-10T12:58:52+00:00","dateModified":"2025-01-10T12:58:53+00:00","breadcrumb":{"@id":"https:\/\/covid19-a-savoir.net\/index.php\/pourquoi-les-plantes-dinterieur-etaient-heureuses-pendant-la-pandemie\/#breadcrumb"},"inLanguage":"fr-FR","potentialAction":[{"@type":"ReadAction","target":["https:\/\/covid19-a-savoir.net\/index.php\/pourquoi-les-plantes-dinterieur-etaient-heureuses-pendant-la-pandemie\/"]}]},{"@type":"BreadcrumbList","@id":"https:\/\/covid19-a-savoir.net\/index.php\/pourquoi-les-plantes-dinterieur-etaient-heureuses-pendant-la-pandemie\/#breadcrumb","itemListElement":[{"@type":"ListItem","position":1,"name":"Accueil","item":"https:\/\/covid19-a-savoir.net\/"},{"@type":"ListItem","position":2,"name":"Pourquoi les plantes d&rsquo;int\u00e9rieur \u00e9taient heureuses pendant la pand\u00e9mie ?"}]},{"@type":"WebSite","@id":"https:\/\/covid19-a-savoir.net\/#website","url":"https:\/\/covid19-a-savoir.net\/","name":"Actualit\u00e9s, , .... Apr\u00e8s la p\u00e9riode &quot;covid19&quot;","description":"DES V\u00c9RIT\u00c9S QUI D\u00c9RANGENT","publisher":{"@id":"https:\/\/covid19-a-savoir.net\/#\/schema\/person\/53265987e4424cc7dde2f857d2b378cf"},"potentialAction":[{"@type":"SearchAction","target":{"@type":"EntryPoint","urlTemplate":"https:\/\/covid19-a-savoir.net\/?s={search_term_string}"},"query-input":"required name=search_term_string"}],"inLanguage":"fr-FR"},{"@type":["Person","Organization"],"@id":"https:\/\/covid19-a-savoir.net\/#\/schema\/person\/53265987e4424cc7dde2f857d2b378cf","name":"GS","image":{"@type":"ImageObject","inLanguage":"fr-FR","@id":"https:\/\/covid19-a-savoir.net\/#\/schema\/person\/image\/","url":"https:\/\/covid19-a-savoir.net\/wp-content\/uploads\/2022\/07\/dans-ce-monde-312x312-1.png","contentUrl":"https:\/\/covid19-a-savoir.net\/wp-content\/uploads\/2022\/07\/dans-ce-monde-312x312-1.png","width":312,"height":312,"caption":"GS"},"logo":{"@id":"https:\/\/covid19-a-savoir.net\/#\/schema\/person\/image\/"},"sameAs":["http:\/\/covid19-a-savoir.net"]}]}},"jetpack_sharing_enabled":true,"_links":{"self":[{"href":"https:\/\/covid19-a-savoir.net\/index.php\/wp-json\/wp\/v2\/pages\/3219"}],"collection":[{"href":"https:\/\/covid19-a-savoir.net\/index.php\/wp-json\/wp\/v2\/pages"}],"about":[{"href":"https:\/\/covid19-a-savoir.net\/index.php\/wp-json\/wp\/v2\/types\/page"}],"author":[{"embeddable":true,"href":"https:\/\/covid19-a-savoir.net\/index.php\/wp-json\/wp\/v2\/users\/1"}],"replies":[{"embeddable":true,"href":"https:\/\/covid19-a-savoir.net\/index.php\/wp-json\/wp\/v2\/comments?post=3219"}],"version-history":[{"count":1,"href":"https:\/\/covid19-a-savoir.net\/index.php\/wp-json\/wp\/v2\/pages\/3219\/revisions"}],"predecessor-version":[{"id":3221,"href":"https:\/\/covid19-a-savoir.net\/index.php\/wp-json\/wp\/v2\/pages\/3219\/revisions\/3221"}],"wp:attachment":[{"href":"https:\/\/covid19-a-savoir.net\/index.php\/wp-json\/wp\/v2\/media?parent=3219"}],"curies":[{"name":"wp","href":"https:\/\/api.w.org\/{rel}","templated":true}]}}