{"id":3214,"date":"2025-01-10T12:55:38","date_gmt":"2025-01-10T12:55:38","guid":{"rendered":"https:\/\/covid19-a-savoir.net\/?page_id=3214"},"modified":"2025-01-10T12:55:39","modified_gmt":"2025-01-10T12:55:39","slug":"comment-les-chats-ont-reagi-pendant-le-confinement","status":"publish","type":"page","link":"https:\/\/covid19-a-savoir.net\/index.php\/comment-les-chats-ont-reagi-pendant-le-confinement\/","title":{"rendered":"Comment les chats ont r\u00e9agi pendant le confinement ?"},"content":{"rendered":"<div id=\"dslc-theme-content\"><div id=\"dslc-theme-content-inner\">\n<p class=\"has-white-color has-vivid-cyan-blue-background-color has-text-color has-background has-link-color wp-elements-7b5783777a3f5206b6eeaba67524b6ee\"><strong>\u00ab\u00a0Enfin, ces humains restent \u00e0 la maison comme ils devraient le faire tout le temps.\u00a0\u00bb<\/strong><\/p>\n\n\n\n<p>Ah, les chats, ces observateurs silencieux et parfois un peu moqueurs. Pendant le confinement, c\u2019\u00e9tait comme si le monde s\u2019\u00e9tait arr\u00eat\u00e9, mais pas pour eux. Ils avaient toujours cette id\u00e9e en t\u00eate, mais maintenant c&rsquo;\u00e9tait officiel : <em>\u00ab\u00a0Enfin, ces humains restent \u00e0 la maison comme ils devraient le faire tout le temps.\u00a0\u00bb<\/em> C\u2019\u00e9tait un moment id\u00e9al pour r\u00e9clamer des c\u00e2lins, profiter des coussins non partag\u00e9s et revendiquer une place sur le canap\u00e9. Leur journ\u00e9e, d\u2019habitude ponctu\u00e9e de siestes solitaires et de moments d\u2019observation, s\u2019est transform\u00e9e en une s\u00e9rie de petites victoires. Chaque fois qu\u2019un humain se levait pour aller \u00e0 la cuisine, un chat \u00e9tait l\u00e0, comme une ombre, pr\u00eat \u00e0 superviser de pr\u00e8s les activit\u00e9s domestiques.<\/p>\n\n\n\n<p>Certains semblaient m\u00eame appr\u00e9cier la lenteur du temps, se pr\u00e9lassant sur les fen\u00eatres avec une satisfaction non dissimul\u00e9e. Mais pour d&rsquo;autres, la nouveaut\u00e9 de la situation apportait un peu d\u2019anxi\u00e9t\u00e9. Les bruits, les all\u00e9es et venues incessantes&#8230; Tout ce chamboulement pouvait \u00eatre un peu trop. Mais au fond, les chats avaient le dernier mot : ils avaient enfin capt\u00e9 toute l&rsquo;attention qu&rsquo;ils m\u00e9ritaient, et \u00e7a, ils ne l&rsquo;auraient \u00e9chang\u00e9 pour rien au monde.<\/p>\n<\/div><\/div>","protected":false},"excerpt":{"rendered":"<p>\u00ab\u00a0Enfin, ces humains restent \u00e0 la maison comme ils devraient le faire tout le temps.\u00a0\u00bb Ah, les chats, ces observateurs&#8230; <a href=\"https:\/\/covid19-a-savoir.net\/index.php\/comment-les-chats-ont-reagi-pendant-le-confinement\/\" class=\"readmore\">Read more<span class=\"screen-reader-text\">Comment les chats ont r\u00e9agi pendant le confinement ?<\/span><span class=\"fa fa-angle-double-right\" aria-hidden=\"true\"><\/span><\/a><\/p>\n","protected":false},"author":1,"featured_media":0,"parent":0,"menu_order":0,"comment_status":"closed","ping_status":"closed","template":"","meta":{"footnotes":""},"yoast_head":"<!-- This site is optimized with the Yoast SEO plugin v23.2 - https:\/\/yoast.com\/wordpress\/plugins\/seo\/ -->\n<title>Comment les chats ont r\u00e9agi pendant le confinement ? - Actualit\u00e9s, , .... Apr\u00e8s la p\u00e9riode &quot;covid19&quot;<\/title>\n<meta name=\"robots\" content=\"index, follow, max-snippet:-1, max-image-preview:large, max-video-preview:-1\" \/>\n<link rel=\"canonical\" href=\"https:\/\/covid19-a-savoir.net\/index.php\/comment-les-chats-ont-reagi-pendant-le-confinement\/\" \/>\n<meta property=\"og:locale\" content=\"fr_FR\" \/>\n<meta property=\"og:type\" content=\"article\" \/>\n<meta property=\"og:title\" content=\"Comment les chats ont r\u00e9agi pendant le confinement ? - Actualit\u00e9s, , .... Apr\u00e8s la p\u00e9riode &quot;covid19&quot;\" \/>\n<meta property=\"og:description\" content=\"\u00ab\u00a0Enfin, ces humains restent \u00e0 la maison comme ils devraient le faire tout le temps.\u00a0\u00bb Ah, les chats, ces observateurs... Read moreComment les chats ont r\u00e9agi pendant le confinement ?\" \/>\n<meta property=\"og:url\" content=\"https:\/\/covid19-a-savoir.net\/index.php\/comment-les-chats-ont-reagi-pendant-le-confinement\/\" \/>\n<meta property=\"og:site_name\" content=\"Actualit\u00e9s, , .... Apr\u00e8s la p\u00e9riode &quot;covid19&quot;\" \/>\n<meta property=\"article:modified_time\" content=\"2025-01-10T12:55:39+00:00\" \/>\n<meta name=\"twitter:card\" content=\"summary_large_image\" \/>\n<meta name=\"twitter:label1\" content=\"Dur\u00e9e de lecture estim\u00e9e\" \/>\n\t<meta name=\"twitter:data1\" content=\"2 minutes\" \/>\n<script type=\"application\/ld+json\" class=\"yoast-schema-graph\">{\"@context\":\"https:\/\/schema.org\",\"@graph\":[{\"@type\":\"WebPage\",\"@id\":\"https:\/\/covid19-a-savoir.net\/index.php\/comment-les-chats-ont-reagi-pendant-le-confinement\/\",\"url\":\"https:\/\/covid19-a-savoir.net\/index.php\/comment-les-chats-ont-reagi-pendant-le-confinement\/\",\"name\":\"Comment les chats ont r\u00e9agi pendant le confinement ? - Actualit\u00e9s, , .... Apr\u00e8s la p\u00e9riode &quot;covid19&quot;\",\"isPartOf\":{\"@id\":\"https:\/\/covid19-a-savoir.net\/#website\"},\"datePublished\":\"2025-01-10T12:55:38+00:00\",\"dateModified\":\"2025-01-10T12:55:39+00:00\",\"breadcrumb\":{\"@id\":\"https:\/\/covid19-a-savoir.net\/index.php\/comment-les-chats-ont-reagi-pendant-le-confinement\/#breadcrumb\"},\"inLanguage\":\"fr-FR\",\"potentialAction\":[{\"@type\":\"ReadAction\",\"target\":[\"https:\/\/covid19-a-savoir.net\/index.php\/comment-les-chats-ont-reagi-pendant-le-confinement\/\"]}]},{\"@type\":\"BreadcrumbList\",\"@id\":\"https:\/\/covid19-a-savoir.net\/index.php\/comment-les-chats-ont-reagi-pendant-le-confinement\/#breadcrumb\",\"itemListElement\":[{\"@type\":\"ListItem\",\"position\":1,\"name\":\"Accueil\",\"item\":\"https:\/\/covid19-a-savoir.net\/\"},{\"@type\":\"ListItem\",\"position\":2,\"name\":\"Comment les chats ont r\u00e9agi pendant le confinement ?\"}]},{\"@type\":\"WebSite\",\"@id\":\"https:\/\/covid19-a-savoir.net\/#website\",\"url\":\"https:\/\/covid19-a-savoir.net\/\",\"name\":\"Actualit\u00e9s, , .... Apr\u00e8s la p\u00e9riode &quot;covid19&quot;\",\"description\":\"DES V\u00c9RIT\u00c9S QUI D\u00c9RANGENT\",\"publisher\":{\"@id\":\"https:\/\/covid19-a-savoir.net\/#\/schema\/person\/53265987e4424cc7dde2f857d2b378cf\"},\"potentialAction\":[{\"@type\":\"SearchAction\",\"target\":{\"@type\":\"EntryPoint\",\"urlTemplate\":\"https:\/\/covid19-a-savoir.net\/?s={search_term_string}\"},\"query-input\":\"required name=search_term_string\"}],\"inLanguage\":\"fr-FR\"},{\"@type\":[\"Person\",\"Organization\"],\"@id\":\"https:\/\/covid19-a-savoir.net\/#\/schema\/person\/53265987e4424cc7dde2f857d2b378cf\",\"name\":\"GS\",\"image\":{\"@type\":\"ImageObject\",\"inLanguage\":\"fr-FR\",\"@id\":\"https:\/\/covid19-a-savoir.net\/#\/schema\/person\/image\/\",\"url\":\"https:\/\/covid19-a-savoir.net\/wp-content\/uploads\/2022\/07\/dans-ce-monde-312x312-1.png\",\"contentUrl\":\"https:\/\/covid19-a-savoir.net\/wp-content\/uploads\/2022\/07\/dans-ce-monde-312x312-1.png\",\"width\":312,\"height\":312,\"caption\":\"GS\"},\"logo\":{\"@id\":\"https:\/\/covid19-a-savoir.net\/#\/schema\/person\/image\/\"},\"sameAs\":[\"http:\/\/covid19-a-savoir.net\"]}]}<\/script>\n<!-- \/ Yoast SEO plugin. -->","yoast_head_json":{"title":"Comment les chats ont r\u00e9agi pendant le confinement ? - Actualit\u00e9s, , .... Apr\u00e8s la p\u00e9riode &quot;covid19&quot;","robots":{"index":"index","follow":"follow","max-snippet":"max-snippet:-1","max-image-preview":"max-image-preview:large","max-video-preview":"max-video-preview:-1"},"canonical":"https:\/\/covid19-a-savoir.net\/index.php\/comment-les-chats-ont-reagi-pendant-le-confinement\/","og_locale":"fr_FR","og_type":"article","og_title":"Comment les chats ont r\u00e9agi pendant le confinement ? - Actualit\u00e9s, , .... Apr\u00e8s la p\u00e9riode &quot;covid19&quot;","og_description":"\u00ab\u00a0Enfin, ces humains restent \u00e0 la maison comme ils devraient le faire tout le temps.\u00a0\u00bb Ah, les chats, ces observateurs... Read moreComment les chats ont r\u00e9agi pendant le confinement ?","og_url":"https:\/\/covid19-a-savoir.net\/index.php\/comment-les-chats-ont-reagi-pendant-le-confinement\/","og_site_name":"Actualit\u00e9s, , .... Apr\u00e8s la p\u00e9riode &quot;covid19&quot;","article_modified_time":"2025-01-10T12:55:39+00:00","twitter_card":"summary_large_image","twitter_misc":{"Dur\u00e9e de lecture estim\u00e9e":"2 minutes"},"schema":{"@context":"https:\/\/schema.org","@graph":[{"@type":"WebPage","@id":"https:\/\/covid19-a-savoir.net\/index.php\/comment-les-chats-ont-reagi-pendant-le-confinement\/","url":"https:\/\/covid19-a-savoir.net\/index.php\/comment-les-chats-ont-reagi-pendant-le-confinement\/","name":"Comment les chats ont r\u00e9agi pendant le confinement ? - Actualit\u00e9s, , .... Apr\u00e8s la p\u00e9riode &quot;covid19&quot;","isPartOf":{"@id":"https:\/\/covid19-a-savoir.net\/#website"},"datePublished":"2025-01-10T12:55:38+00:00","dateModified":"2025-01-10T12:55:39+00:00","breadcrumb":{"@id":"https:\/\/covid19-a-savoir.net\/index.php\/comment-les-chats-ont-reagi-pendant-le-confinement\/#breadcrumb"},"inLanguage":"fr-FR","potentialAction":[{"@type":"ReadAction","target":["https:\/\/covid19-a-savoir.net\/index.php\/comment-les-chats-ont-reagi-pendant-le-confinement\/"]}]},{"@type":"BreadcrumbList","@id":"https:\/\/covid19-a-savoir.net\/index.php\/comment-les-chats-ont-reagi-pendant-le-confinement\/#breadcrumb","itemListElement":[{"@type":"ListItem","position":1,"name":"Accueil","item":"https:\/\/covid19-a-savoir.net\/"},{"@type":"ListItem","position":2,"name":"Comment les chats ont r\u00e9agi pendant le confinement ?"}]},{"@type":"WebSite","@id":"https:\/\/covid19-a-savoir.net\/#website","url":"https:\/\/covid19-a-savoir.net\/","name":"Actualit\u00e9s, , .... Apr\u00e8s la p\u00e9riode &quot;covid19&quot;","description":"DES V\u00c9RIT\u00c9S QUI D\u00c9RANGENT","publisher":{"@id":"https:\/\/covid19-a-savoir.net\/#\/schema\/person\/53265987e4424cc7dde2f857d2b378cf"},"potentialAction":[{"@type":"SearchAction","target":{"@type":"EntryPoint","urlTemplate":"https:\/\/covid19-a-savoir.net\/?s={search_term_string}"},"query-input":"required name=search_term_string"}],"inLanguage":"fr-FR"},{"@type":["Person","Organization"],"@id":"https:\/\/covid19-a-savoir.net\/#\/schema\/person\/53265987e4424cc7dde2f857d2b378cf","name":"GS","image":{"@type":"ImageObject","inLanguage":"fr-FR","@id":"https:\/\/covid19-a-savoir.net\/#\/schema\/person\/image\/","url":"https:\/\/covid19-a-savoir.net\/wp-content\/uploads\/2022\/07\/dans-ce-monde-312x312-1.png","contentUrl":"https:\/\/covid19-a-savoir.net\/wp-content\/uploads\/2022\/07\/dans-ce-monde-312x312-1.png","width":312,"height":312,"caption":"GS"},"logo":{"@id":"https:\/\/covid19-a-savoir.net\/#\/schema\/person\/image\/"},"sameAs":["http:\/\/covid19-a-savoir.net"]}]}},"jetpack_sharing_enabled":true,"_links":{"self":[{"href":"https:\/\/covid19-a-savoir.net\/index.php\/wp-json\/wp\/v2\/pages\/3214"}],"collection":[{"href":"https:\/\/covid19-a-savoir.net\/index.php\/wp-json\/wp\/v2\/pages"}],"about":[{"href":"https:\/\/covid19-a-savoir.net\/index.php\/wp-json\/wp\/v2\/types\/page"}],"author":[{"embeddable":true,"href":"https:\/\/covid19-a-savoir.net\/index.php\/wp-json\/wp\/v2\/users\/1"}],"replies":[{"embeddable":true,"href":"https:\/\/covid19-a-savoir.net\/index.php\/wp-json\/wp\/v2\/comments?post=3214"}],"version-history":[{"count":1,"href":"https:\/\/covid19-a-savoir.net\/index.php\/wp-json\/wp\/v2\/pages\/3214\/revisions"}],"predecessor-version":[{"id":3216,"href":"https:\/\/covid19-a-savoir.net\/index.php\/wp-json\/wp\/v2\/pages\/3214\/revisions\/3216"}],"wp:attachment":[{"href":"https:\/\/covid19-a-savoir.net\/index.php\/wp-json\/wp\/v2\/media?parent=3214"}],"curies":[{"name":"wp","href":"https:\/\/api.w.org\/{rel}","templated":true}]}}