{"id":3204,"date":"2025-01-10T13:26:27","date_gmt":"2025-01-10T13:26:27","guid":{"rendered":"https:\/\/covid19-a-savoir.net\/?page_id=3204"},"modified":"2025-01-10T13:40:37","modified_gmt":"2025-01-10T13:40:37","slug":"voici-des-blagues-legeres-sur-les-pandemies-pour-apporter-un-peu-dhumour-a-un-sujet-serieux","status":"publish","type":"page","link":"https:\/\/covid19-a-savoir.net\/index.php\/voici-des-blagues-legeres-sur-les-pandemies-pour-apporter-un-peu-dhumour-a-un-sujet-serieux\/","title":{"rendered":"Voici des blagues l\u00e9g\u00e8res sur les pand\u00e9mies pour apporter un peu d&rsquo;humour \u00e0 un sujet s\u00e9rieux :"},"content":{"rendered":"<div id=\"dslc-theme-content\"><div id=\"dslc-theme-content-inner\">\n<ul>\n<li><a href=\"https:\/\/covid19-a-savoir.net\/index.php\/pourquoi-les-oiseaux-ne-se-sont-pas-inquietes-de-la-pandemie\/\">Pourquoi les oiseaux ne se sont pas inqui\u00e9t\u00e9s de la pand\u00e9mie ?<\/a><\/li>\n\n\n\n<li><a href=\"https:\/\/covid19-a-savoir.net\/index.php\/qua-dit-le-gel-hydroalcoolique-au-savon\/\">Qu\u2019a dit le gel hydroalcoolique au savon ?<\/a><\/li>\n\n\n\n<li><a href=\"https:\/\/covid19-a-savoir.net\/index.php\/comment-les-chats-ont-reagi-pendant-le-confinement\/\">Comment les chats ont r\u00e9agi pendant le confinement ?<\/a><\/li>\n\n\n\n<li><a href=\"https:\/\/covid19-a-savoir.net\/index.php\/pourquoi-les-plantes-dinterieur-etaient-heureuses-pendant-la-pandemie\/\">Pourquoi les plantes d\u2019int\u00e9rieur \u00e9taient heureuses pendant la pand\u00e9mie ?<\/a><\/li>\n\n\n\n<li><a href=\"https:\/\/covid19-a-savoir.net\/index.php\/pourquoi-les-poissons-ne-craignaient-pas-le-virus\/\">Pourquoi les poissons ne craignaient pas le virus ?<\/a><\/li>\n\n\n\n<li><a href=\"https:\/\/covid19-a-savoir.net\/index.php\/quest-ce-que-le-papier-toilette-a-dit-en-2020\/\">Qu\u2019est-ce que le papier toilette a dit en 2020 ?<\/a><\/li>\n\n\n\n<li><a href=\"https:\/\/covid19-a-savoir.net\/index.php\/pourquoi-les-ordinateurs-nont-pas-ete-infectes\/\">Pourquoi les ordinateurs n\u2019ont pas \u00e9t\u00e9 infect\u00e9s ?<\/a><\/li>\n\n\n\n<li><a href=\"https:\/\/covid19-a-savoir.net\/index.php\/qua-dit-une-chaussette-a-une-autre-apres-un-an-de-pandemie\/\">Qu\u2019a dit une chaussette \u00e0 une autre apr\u00e8s un an de pand\u00e9mie ?<\/a><\/li>\n\n\n\n<li><a href=\"https:\/\/covid19-a-savoir.net\/index.php\/comment-appelle-t-on-un-humoriste-en-teletravail\/\">Comment appelle-t-on un humoriste en t\u00e9l\u00e9travail ?<\/a><\/li>\n\n\n\n<li><\/li>\n<\/ul>\n\n\n\n<p class=\"has-text-align-center has-white-color has-vivid-green-cyan-background-color has-text-color has-background has-link-color wp-elements-45eba05108cf5a2a9038ff899e585691\"><strong>blagues l\u00e9g\u00e8res sur les pand\u00e9mies pour apporter un peu d\u2019humour \u00e0 un sujet s\u00e9rieux<\/strong><\/p>\n\n\n\n<p><strong>Pourquoi les masques \u00e9taient toujours \u00e0 l\u2019heure ?<\/strong><br>Parce qu\u2019ils \u00e9taient toujours sur le nez !<\/p>\n\n\n\n<hr class=\"wp-block-separator has-alpha-channel-opacity\"\/>\n\n\n\n<p><strong>Pourquoi les restaurants avaient du mal \u00e0 survivre pendant la pand\u00e9mie ?<\/strong><br>Parce que les clients voulaient \u00ab\u00a0\u00e0 emporter\u00a0\u00bb, mais pas le virus !<\/p>\n\n\n\n<hr class=\"wp-block-separator has-alpha-channel-opacity\"\/>\n\n\n\n<p><strong>Que faisaient les introvertis pendant le confinement ?<\/strong><br>Rien de sp\u00e9cial, c&rsquo;\u00e9tait juste une journ\u00e9e normale pour eux.<\/p>\n\n\n\n<hr class=\"wp-block-separator has-alpha-channel-opacity\"\/>\n\n\n\n<p><strong>Pourquoi le virus n&rsquo;est jamais devenu humoriste ?<\/strong><br>Parce qu&rsquo;il n&rsquo;avait aucun sens de la transmission !<\/p>\n\n\n\n<hr class=\"wp-block-separator has-alpha-channel-opacity\"\/>\n\n\n\n<p><strong>Qu\u2019a dit le papier toilette \u00e0 la fin de la pand\u00e9mie ?<\/strong><br>\u00ab\u00a0Enfin, un peu de repos\u2026 Je commen\u00e7ais \u00e0 craquer.\u00a0\u00bb<\/p>\n\n\n\n<hr class=\"wp-block-separator has-alpha-channel-opacity\"\/>\n\n\n\n<p><strong>Quel est le plat pr\u00e9f\u00e9r\u00e9 des virus ?<\/strong><br>Les spaghettis\u2026 parce qu&rsquo;ils adorent se propager !<\/p>\n\n\n\n<hr class=\"wp-block-separator has-alpha-channel-opacity\"\/>\n\n\n\n<p><strong>Pourquoi tout le monde a pris du poids pendant le confinement ?<\/strong><br>Parce qu&rsquo;ils faisaient du t\u00e9l\u00e9travail&#8230; depuis la cuisine !<\/p>\n\n\n\n<hr class=\"wp-block-separator has-alpha-channel-opacity\"\/>\n\n\n\n<p><strong>Qu\u2019a dit une pizza pendant la pand\u00e9mie ?<\/strong><br>\u00ab\u00a0Heureusement qu&rsquo;on peut toujours me livrer sans contact.\u00a0\u00bb<\/p>\n\n\n\n<hr class=\"wp-block-separator has-alpha-channel-opacity\"\/>\n\n\n\n<p><strong>Pourquoi les m\u00e9decins ont commenc\u00e9 \u00e0 raconter des blagues pendant la pand\u00e9mie ?<\/strong><br>Pour ajouter une dose d&rsquo;humour aux traitements.<\/p>\n\n\n\n<hr class=\"wp-block-separator has-alpha-channel-opacity\"\/>\n\n\n\n<p><strong>Qu&rsquo;est-ce que les pantalons ont ressenti pendant les r\u00e9unions Zoom ?<\/strong><br>Un \u00e9norme sentiment d&rsquo;abandon.<\/p>\n\n\n\n<hr class=\"wp-block-separator has-alpha-channel-opacity\"\/>\n\n\n\n<p><strong>Pourquoi les avions n&rsquo;avaient pas peur du virus ?<\/strong><br>Parce qu&rsquo;ils portaient toujours des masques&#8230; d&rsquo;oxyg\u00e8ne !<\/p>\n\n\n\n<hr class=\"wp-block-separator has-alpha-channel-opacity\"\/>\n\n\n\n<p class=\"has-text-align-center has-vivid-cyan-blue-color has-text-color has-link-color wp-elements-d33968e2228fa9893a894dfbe3efc27d\"><strong>Rien de tel qu&rsquo;un peu d&rsquo;humour pour all\u00e9ger l&rsquo;atmosph\u00e8re !<\/strong><\/p>\n\n\n<div class=\"wp-block-image\">\n<figure class=\"aligncenter size-full\"><a href=\"https:\/\/covid19-a-savoir.net\/\"><img fetchpriority=\"high\" decoding=\"async\" width=\"500\" height=\"200\" src=\"https:\/\/covid19-a-savoir.net\/wp-content\/uploads\/2025\/01\/Jai-decouvert-la-face-cachee-1.png\" alt=\"\" class=\"wp-image-3255\" srcset=\"https:\/\/covid19-a-savoir.net\/wp-content\/uploads\/2025\/01\/Jai-decouvert-la-face-cachee-1.png 500w, https:\/\/covid19-a-savoir.net\/wp-content\/uploads\/2025\/01\/Jai-decouvert-la-face-cachee-1-300x120.png 300w\" sizes=\"(max-width: 500px) 100vw, 500px\" \/><\/a><\/figure><\/div><\/div><\/div>","protected":false},"excerpt":{"rendered":"<p>blagues l\u00e9g\u00e8res sur les pand\u00e9mies pour apporter un peu d\u2019humour \u00e0 un sujet s\u00e9rieux Pourquoi les masques \u00e9taient toujours \u00e0&#8230; <a href=\"https:\/\/covid19-a-savoir.net\/index.php\/voici-des-blagues-legeres-sur-les-pandemies-pour-apporter-un-peu-dhumour-a-un-sujet-serieux\/\" class=\"readmore\">Read more<span class=\"screen-reader-text\">Voici des blagues l\u00e9g\u00e8res sur les pand\u00e9mies pour apporter un peu d&rsquo;humour \u00e0 un sujet s\u00e9rieux :<\/span><span class=\"fa fa-angle-double-right\" aria-hidden=\"true\"><\/span><\/a><\/p>\n","protected":false},"author":1,"featured_media":0,"parent":0,"menu_order":0,"comment_status":"closed","ping_status":"closed","template":"","meta":{"footnotes":""},"yoast_head":"<!-- This site is optimized with the Yoast SEO plugin v23.2 - https:\/\/yoast.com\/wordpress\/plugins\/seo\/ -->\n<title>Voici des blagues l\u00e9g\u00e8res sur les pand\u00e9mies pour apporter un peu d&#039;humour \u00e0 un sujet s\u00e9rieux : - Actualit\u00e9s, , .... Apr\u00e8s la p\u00e9riode &quot;covid19&quot;<\/title>\n<meta name=\"robots\" content=\"index, follow, max-snippet:-1, max-image-preview:large, max-video-preview:-1\" \/>\n<link rel=\"canonical\" href=\"https:\/\/covid19-a-savoir.net\/index.php\/voici-des-blagues-legeres-sur-les-pandemies-pour-apporter-un-peu-dhumour-a-un-sujet-serieux\/\" \/>\n<meta property=\"og:locale\" content=\"fr_FR\" \/>\n<meta property=\"og:type\" content=\"article\" \/>\n<meta property=\"og:title\" content=\"Voici des blagues l\u00e9g\u00e8res sur les pand\u00e9mies pour apporter un peu d&#039;humour \u00e0 un sujet s\u00e9rieux : - Actualit\u00e9s, , .... Apr\u00e8s la p\u00e9riode &quot;covid19&quot;\" \/>\n<meta property=\"og:description\" content=\"blagues l\u00e9g\u00e8res sur les pand\u00e9mies pour apporter un peu d\u2019humour \u00e0 un sujet s\u00e9rieux Pourquoi les masques \u00e9taient toujours \u00e0... Read moreVoici des blagues l\u00e9g\u00e8res sur les pand\u00e9mies pour apporter un peu d&rsquo;humour \u00e0 un sujet s\u00e9rieux :\" \/>\n<meta property=\"og:url\" content=\"https:\/\/covid19-a-savoir.net\/index.php\/voici-des-blagues-legeres-sur-les-pandemies-pour-apporter-un-peu-dhumour-a-un-sujet-serieux\/\" \/>\n<meta property=\"og:site_name\" content=\"Actualit\u00e9s, , .... Apr\u00e8s la p\u00e9riode &quot;covid19&quot;\" \/>\n<meta property=\"article:modified_time\" content=\"2025-01-10T13:40:37+00:00\" \/>\n<meta property=\"og:image\" content=\"https:\/\/covid19-a-savoir.net\/wp-content\/uploads\/2025\/01\/Jai-decouvert-la-face-cachee-1.png\" \/>\n<meta name=\"twitter:card\" content=\"summary_large_image\" \/>\n<meta name=\"twitter:label1\" content=\"Dur\u00e9e de lecture estim\u00e9e\" \/>\n\t<meta name=\"twitter:data1\" content=\"2 minutes\" \/>\n<script type=\"application\/ld+json\" class=\"yoast-schema-graph\">{\"@context\":\"https:\/\/schema.org\",\"@graph\":[{\"@type\":\"WebPage\",\"@id\":\"https:\/\/covid19-a-savoir.net\/index.php\/voici-des-blagues-legeres-sur-les-pandemies-pour-apporter-un-peu-dhumour-a-un-sujet-serieux\/\",\"url\":\"https:\/\/covid19-a-savoir.net\/index.php\/voici-des-blagues-legeres-sur-les-pandemies-pour-apporter-un-peu-dhumour-a-un-sujet-serieux\/\",\"name\":\"Voici des blagues l\u00e9g\u00e8res sur les pand\u00e9mies pour apporter un peu d'humour \u00e0 un sujet s\u00e9rieux : - Actualit\u00e9s, , .... Apr\u00e8s la p\u00e9riode &quot;covid19&quot;\",\"isPartOf\":{\"@id\":\"https:\/\/covid19-a-savoir.net\/#website\"},\"primaryImageOfPage\":{\"@id\":\"https:\/\/covid19-a-savoir.net\/index.php\/voici-des-blagues-legeres-sur-les-pandemies-pour-apporter-un-peu-dhumour-a-un-sujet-serieux\/#primaryimage\"},\"image\":{\"@id\":\"https:\/\/covid19-a-savoir.net\/index.php\/voici-des-blagues-legeres-sur-les-pandemies-pour-apporter-un-peu-dhumour-a-un-sujet-serieux\/#primaryimage\"},\"thumbnailUrl\":\"https:\/\/covid19-a-savoir.net\/wp-content\/uploads\/2025\/01\/Jai-decouvert-la-face-cachee-1.png\",\"datePublished\":\"2025-01-10T13:26:27+00:00\",\"dateModified\":\"2025-01-10T13:40:37+00:00\",\"breadcrumb\":{\"@id\":\"https:\/\/covid19-a-savoir.net\/index.php\/voici-des-blagues-legeres-sur-les-pandemies-pour-apporter-un-peu-dhumour-a-un-sujet-serieux\/#breadcrumb\"},\"inLanguage\":\"fr-FR\",\"potentialAction\":[{\"@type\":\"ReadAction\",\"target\":[\"https:\/\/covid19-a-savoir.net\/index.php\/voici-des-blagues-legeres-sur-les-pandemies-pour-apporter-un-peu-dhumour-a-un-sujet-serieux\/\"]}]},{\"@type\":\"ImageObject\",\"inLanguage\":\"fr-FR\",\"@id\":\"https:\/\/covid19-a-savoir.net\/index.php\/voici-des-blagues-legeres-sur-les-pandemies-pour-apporter-un-peu-dhumour-a-un-sujet-serieux\/#primaryimage\",\"url\":\"https:\/\/covid19-a-savoir.net\/wp-content\/uploads\/2025\/01\/Jai-decouvert-la-face-cachee-1.png\",\"contentUrl\":\"https:\/\/covid19-a-savoir.net\/wp-content\/uploads\/2025\/01\/Jai-decouvert-la-face-cachee-1.png\",\"width\":500,\"height\":200},{\"@type\":\"BreadcrumbList\",\"@id\":\"https:\/\/covid19-a-savoir.net\/index.php\/voici-des-blagues-legeres-sur-les-pandemies-pour-apporter-un-peu-dhumour-a-un-sujet-serieux\/#breadcrumb\",\"itemListElement\":[{\"@type\":\"ListItem\",\"position\":1,\"name\":\"Accueil\",\"item\":\"https:\/\/covid19-a-savoir.net\/\"},{\"@type\":\"ListItem\",\"position\":2,\"name\":\"Voici des blagues l\u00e9g\u00e8res sur les pand\u00e9mies pour apporter un peu d&rsquo;humour \u00e0 un sujet s\u00e9rieux :\"}]},{\"@type\":\"WebSite\",\"@id\":\"https:\/\/covid19-a-savoir.net\/#website\",\"url\":\"https:\/\/covid19-a-savoir.net\/\",\"name\":\"Actualit\u00e9s, , .... Apr\u00e8s la p\u00e9riode &quot;covid19&quot;\",\"description\":\"DES V\u00c9RIT\u00c9S QUI D\u00c9RANGENT\",\"publisher\":{\"@id\":\"https:\/\/covid19-a-savoir.net\/#\/schema\/person\/53265987e4424cc7dde2f857d2b378cf\"},\"potentialAction\":[{\"@type\":\"SearchAction\",\"target\":{\"@type\":\"EntryPoint\",\"urlTemplate\":\"https:\/\/covid19-a-savoir.net\/?s={search_term_string}\"},\"query-input\":\"required name=search_term_string\"}],\"inLanguage\":\"fr-FR\"},{\"@type\":[\"Person\",\"Organization\"],\"@id\":\"https:\/\/covid19-a-savoir.net\/#\/schema\/person\/53265987e4424cc7dde2f857d2b378cf\",\"name\":\"GS\",\"image\":{\"@type\":\"ImageObject\",\"inLanguage\":\"fr-FR\",\"@id\":\"https:\/\/covid19-a-savoir.net\/#\/schema\/person\/image\/\",\"url\":\"https:\/\/covid19-a-savoir.net\/wp-content\/uploads\/2022\/07\/dans-ce-monde-312x312-1.png\",\"contentUrl\":\"https:\/\/covid19-a-savoir.net\/wp-content\/uploads\/2022\/07\/dans-ce-monde-312x312-1.png\",\"width\":312,\"height\":312,\"caption\":\"GS\"},\"logo\":{\"@id\":\"https:\/\/covid19-a-savoir.net\/#\/schema\/person\/image\/\"},\"sameAs\":[\"http:\/\/covid19-a-savoir.net\"]}]}<\/script>\n<!-- \/ Yoast SEO plugin. -->","yoast_head_json":{"title":"Voici des blagues l\u00e9g\u00e8res sur les pand\u00e9mies pour apporter un peu d'humour \u00e0 un sujet s\u00e9rieux : - Actualit\u00e9s, , .... Apr\u00e8s la p\u00e9riode &quot;covid19&quot;","robots":{"index":"index","follow":"follow","max-snippet":"max-snippet:-1","max-image-preview":"max-image-preview:large","max-video-preview":"max-video-preview:-1"},"canonical":"https:\/\/covid19-a-savoir.net\/index.php\/voici-des-blagues-legeres-sur-les-pandemies-pour-apporter-un-peu-dhumour-a-un-sujet-serieux\/","og_locale":"fr_FR","og_type":"article","og_title":"Voici des blagues l\u00e9g\u00e8res sur les pand\u00e9mies pour apporter un peu d'humour \u00e0 un sujet s\u00e9rieux : - Actualit\u00e9s, , .... Apr\u00e8s la p\u00e9riode &quot;covid19&quot;","og_description":"blagues l\u00e9g\u00e8res sur les pand\u00e9mies pour apporter un peu d\u2019humour \u00e0 un sujet s\u00e9rieux Pourquoi les masques \u00e9taient toujours \u00e0... Read moreVoici des blagues l\u00e9g\u00e8res sur les pand\u00e9mies pour apporter un peu d&rsquo;humour \u00e0 un sujet s\u00e9rieux :","og_url":"https:\/\/covid19-a-savoir.net\/index.php\/voici-des-blagues-legeres-sur-les-pandemies-pour-apporter-un-peu-dhumour-a-un-sujet-serieux\/","og_site_name":"Actualit\u00e9s, , .... Apr\u00e8s la p\u00e9riode &quot;covid19&quot;","article_modified_time":"2025-01-10T13:40:37+00:00","og_image":[{"url":"https:\/\/covid19-a-savoir.net\/wp-content\/uploads\/2025\/01\/Jai-decouvert-la-face-cachee-1.png"}],"twitter_card":"summary_large_image","twitter_misc":{"Dur\u00e9e de lecture estim\u00e9e":"2 minutes"},"schema":{"@context":"https:\/\/schema.org","@graph":[{"@type":"WebPage","@id":"https:\/\/covid19-a-savoir.net\/index.php\/voici-des-blagues-legeres-sur-les-pandemies-pour-apporter-un-peu-dhumour-a-un-sujet-serieux\/","url":"https:\/\/covid19-a-savoir.net\/index.php\/voici-des-blagues-legeres-sur-les-pandemies-pour-apporter-un-peu-dhumour-a-un-sujet-serieux\/","name":"Voici des blagues l\u00e9g\u00e8res sur les pand\u00e9mies pour apporter un peu d'humour \u00e0 un sujet s\u00e9rieux : - Actualit\u00e9s, , .... Apr\u00e8s la p\u00e9riode &quot;covid19&quot;","isPartOf":{"@id":"https:\/\/covid19-a-savoir.net\/#website"},"primaryImageOfPage":{"@id":"https:\/\/covid19-a-savoir.net\/index.php\/voici-des-blagues-legeres-sur-les-pandemies-pour-apporter-un-peu-dhumour-a-un-sujet-serieux\/#primaryimage"},"image":{"@id":"https:\/\/covid19-a-savoir.net\/index.php\/voici-des-blagues-legeres-sur-les-pandemies-pour-apporter-un-peu-dhumour-a-un-sujet-serieux\/#primaryimage"},"thumbnailUrl":"https:\/\/covid19-a-savoir.net\/wp-content\/uploads\/2025\/01\/Jai-decouvert-la-face-cachee-1.png","datePublished":"2025-01-10T13:26:27+00:00","dateModified":"2025-01-10T13:40:37+00:00","breadcrumb":{"@id":"https:\/\/covid19-a-savoir.net\/index.php\/voici-des-blagues-legeres-sur-les-pandemies-pour-apporter-un-peu-dhumour-a-un-sujet-serieux\/#breadcrumb"},"inLanguage":"fr-FR","potentialAction":[{"@type":"ReadAction","target":["https:\/\/covid19-a-savoir.net\/index.php\/voici-des-blagues-legeres-sur-les-pandemies-pour-apporter-un-peu-dhumour-a-un-sujet-serieux\/"]}]},{"@type":"ImageObject","inLanguage":"fr-FR","@id":"https:\/\/covid19-a-savoir.net\/index.php\/voici-des-blagues-legeres-sur-les-pandemies-pour-apporter-un-peu-dhumour-a-un-sujet-serieux\/#primaryimage","url":"https:\/\/covid19-a-savoir.net\/wp-content\/uploads\/2025\/01\/Jai-decouvert-la-face-cachee-1.png","contentUrl":"https:\/\/covid19-a-savoir.net\/wp-content\/uploads\/2025\/01\/Jai-decouvert-la-face-cachee-1.png","width":500,"height":200},{"@type":"BreadcrumbList","@id":"https:\/\/covid19-a-savoir.net\/index.php\/voici-des-blagues-legeres-sur-les-pandemies-pour-apporter-un-peu-dhumour-a-un-sujet-serieux\/#breadcrumb","itemListElement":[{"@type":"ListItem","position":1,"name":"Accueil","item":"https:\/\/covid19-a-savoir.net\/"},{"@type":"ListItem","position":2,"name":"Voici des blagues l\u00e9g\u00e8res sur les pand\u00e9mies pour apporter un peu d&rsquo;humour \u00e0 un sujet s\u00e9rieux :"}]},{"@type":"WebSite","@id":"https:\/\/covid19-a-savoir.net\/#website","url":"https:\/\/covid19-a-savoir.net\/","name":"Actualit\u00e9s, , .... Apr\u00e8s la p\u00e9riode &quot;covid19&quot;","description":"DES V\u00c9RIT\u00c9S QUI D\u00c9RANGENT","publisher":{"@id":"https:\/\/covid19-a-savoir.net\/#\/schema\/person\/53265987e4424cc7dde2f857d2b378cf"},"potentialAction":[{"@type":"SearchAction","target":{"@type":"EntryPoint","urlTemplate":"https:\/\/covid19-a-savoir.net\/?s={search_term_string}"},"query-input":"required name=search_term_string"}],"inLanguage":"fr-FR"},{"@type":["Person","Organization"],"@id":"https:\/\/covid19-a-savoir.net\/#\/schema\/person\/53265987e4424cc7dde2f857d2b378cf","name":"GS","image":{"@type":"ImageObject","inLanguage":"fr-FR","@id":"https:\/\/covid19-a-savoir.net\/#\/schema\/person\/image\/","url":"https:\/\/covid19-a-savoir.net\/wp-content\/uploads\/2022\/07\/dans-ce-monde-312x312-1.png","contentUrl":"https:\/\/covid19-a-savoir.net\/wp-content\/uploads\/2022\/07\/dans-ce-monde-312x312-1.png","width":312,"height":312,"caption":"GS"},"logo":{"@id":"https:\/\/covid19-a-savoir.net\/#\/schema\/person\/image\/"},"sameAs":["http:\/\/covid19-a-savoir.net"]}]}},"jetpack_sharing_enabled":true,"_links":{"self":[{"href":"https:\/\/covid19-a-savoir.net\/index.php\/wp-json\/wp\/v2\/pages\/3204"}],"collection":[{"href":"https:\/\/covid19-a-savoir.net\/index.php\/wp-json\/wp\/v2\/pages"}],"about":[{"href":"https:\/\/covid19-a-savoir.net\/index.php\/wp-json\/wp\/v2\/types\/page"}],"author":[{"embeddable":true,"href":"https:\/\/covid19-a-savoir.net\/index.php\/wp-json\/wp\/v2\/users\/1"}],"replies":[{"embeddable":true,"href":"https:\/\/covid19-a-savoir.net\/index.php\/wp-json\/wp\/v2\/comments?post=3204"}],"version-history":[{"count":7,"href":"https:\/\/covid19-a-savoir.net\/index.php\/wp-json\/wp\/v2\/pages\/3204\/revisions"}],"predecessor-version":[{"id":3262,"href":"https:\/\/covid19-a-savoir.net\/index.php\/wp-json\/wp\/v2\/pages\/3204\/revisions\/3262"}],"wp:attachment":[{"href":"https:\/\/covid19-a-savoir.net\/index.php\/wp-json\/wp\/v2\/media?parent=3204"}],"curies":[{"name":"wp","href":"https:\/\/api.w.org\/{rel}","templated":true}]}}