{"id":3196,"date":"2025-01-10T12:22:49","date_gmt":"2025-01-10T12:22:49","guid":{"rendered":"https:\/\/covid19-a-savoir.net\/?page_id=3196"},"modified":"2025-01-10T12:22:50","modified_gmt":"2025-01-10T12:22:50","slug":"insolite-actualites-histoires-etranges-et-inattendues-sur-les-pandemie","status":"publish","type":"page","link":"https:\/\/covid19-a-savoir.net\/index.php\/insolite-actualites-histoires-etranges-et-inattendues-sur-les-pandemie\/","title":{"rendered":"Insolite : actualit\u00e9s, histoires \u00e9tranges et inattendues sur les pandemie"},"content":{"rendered":"<div id=\"dslc-theme-content\"><div id=\"dslc-theme-content-inner\">\n<p>Les pand\u00e9mies ont souvent donn\u00e9 lieu \u00e0 des histoires insolites et inattendues. Voici quelques anecdotes marquantes :<\/p>\n\n\n\n<ul>\n<li><strong>La peste dansante de 1518<\/strong> : \u00c0 Strasbourg, une \u00e9trange \u00e9pid\u00e9mie a pouss\u00e9 des centaines de personnes \u00e0 danser sans rel\u00e2che pendant des jours, jusqu&rsquo;\u00e0 l&rsquo;\u00e9puisement, voire la mort. Les causes exactes restent inconnues, mais certains \u00e9voquent une hyst\u00e9rie collective ou une intoxication alimentaire.<\/li>\n\n\n\n<li><strong>La grippe espagnole et les masques de protection<\/strong> : Lors de la pand\u00e9mie de 1918, le port du masque \u00e9tait largement encourag\u00e9. Cependant, des mouvements anti-masques ont \u00e9merg\u00e9, arguant que cette mesure portait atteinte aux libert\u00e9s individuelles, refl\u00e9tant des d\u00e9bats similaires \u00e0 ceux observ\u00e9s lors de la pand\u00e9mie de COVID-19.<\/li>\n\n\n\n<li><strong>La quarantaine de l&rsquo;USS Omaha<\/strong> : En 1918, le navire de guerre am\u00e9ricain USS Omaha a \u00e9t\u00e9 mis en quarantaine en pleine mer apr\u00e8s que plusieurs membres d&rsquo;\u00e9quipage ont contract\u00e9 la grippe espagnole. Les marins ont d\u00fb improviser des m\u00e9thodes de distanciation sociale \u00e0 bord pour contenir la propagation du virus.<\/li>\n\n\n\n<li><strong>Les \u00ab\u00a0plague doctors\u00a0\u00bb et leurs costumes effrayants<\/strong> : Lors des \u00e9pid\u00e9mies de peste en Europe, les m\u00e9decins portaient des costumes reconnaissables avec des masques \u00e0 long bec, remplis d&rsquo;herbes aromatiques cens\u00e9es les prot\u00e9ger des miasmes. Ces tenues, bien que peu efficaces, sont devenues embl\u00e9matiques des pand\u00e9mies m\u00e9di\u00e9vales.<\/li>\n\n\n\n<li><strong>La pand\u00e9mie de COVID-19 et les animaux sauvages<\/strong> : Avec la r\u00e9duction des activit\u00e9s humaines pendant les confinements, des animaux sauvages ont \u00e9t\u00e9 aper\u00e7us dans des zones urbaines inhabituelles. Par exemple, des dauphins ont \u00e9t\u00e9 observ\u00e9s dans les canaux de Venise, bien que cette information ait \u00e9t\u00e9 par la suite d\u00e9mentie.<\/li>\n<\/ul>\n\n\n\n<ul>\n<li><strong>Le carnaval en temps de peste<\/strong> : Pendant la peste noire, certaines villes europ\u00e9ennes, comme Venise, ont continu\u00e9 \u00e0 organiser des festivit\u00e9s. Les masques devenus c\u00e9l\u00e8bres au carnaval de Venise auraient trouv\u00e9 leur origine dans les masques port\u00e9s pour se prot\u00e9ger de la peste. Ces \u00e9v\u00e9nements m\u00e9langeaient une \u00e9trange ambiance de f\u00eate et de d\u00e9sespoir face \u00e0 la maladie.<\/li>\n\n\n\n<li><strong>Le \u00ab\u00a0Club des porteurs de peste\u00a0\u00bb \u00e0 Londres<\/strong> : Au XVIIe si\u00e8cle, certains aristocrates londoniens organisaient des soir\u00e9es o\u00f9 ils s&rsquo;habillaient comme des victimes de la peste ou des m\u00e9decins de peste. Ces rassemblements satiriques \u00e9taient une forme d&rsquo;exorcisme humoristique de leur peur collective de la maladie.<\/li>\n\n\n\n<li><strong>Les proph\u00e9ties et visions apocalyptiques<\/strong> : Lors de la grippe espagnole, beaucoup voyaient la pand\u00e9mie comme un signe de la fin du monde. Des pr\u00e9dicateurs parcouraient les rues en proclamant que la maladie \u00e9tait une punition divine, ajoutant \u00e0 la panique ambiante.<\/li>\n\n\n\n<li><strong>Le ph\u00e9nom\u00e8ne des \u00ab\u00a0chats employ\u00e9s\u00a0\u00bb pendant la grippe aviaire<\/strong> : En 2004, lors de l\u2019\u00e9pid\u00e9mie de grippe aviaire, certains gouvernements ont encourag\u00e9 les habitants \u00e0 garder leurs chats \u00e0 l&rsquo;int\u00e9rieur pour \u00e9viter qu&rsquo;ils ne deviennent vecteurs potentiels du virus. Cette recommandation, bien que fond\u00e9e sur des pr\u00e9cautions, a men\u00e9 \u00e0 des situations absurdes, comme des campagnes de sensibilisation mettant en avant des chats \u00ab\u00a0masqu\u00e9s\u00a0\u00bb.<\/li>\n\n\n\n<li><strong>Les f\u00eates \u00ab\u00a0immunitaires\u00a0\u00bb au d\u00e9but du COVID-19<\/strong> : Certaines personnes ont organis\u00e9 des \u00ab\u00a0COVID parties\u00a0\u00bb dans l&rsquo;id\u00e9e de contracter volontairement le virus pour \u00ab\u00a0d\u00e9velopper une immunit\u00e9 naturelle\u00a0\u00bb. Malheureusement, ces \u00e9v\u00e9nements ont souvent conduit \u00e0 des contaminations massives et m\u00eame des d\u00e9c\u00e8s.<\/li>\n\n\n\n<li><strong>La quarantaine flottante de l&rsquo;\u00eele d&rsquo;Ellis<\/strong> : Pendant les \u00e9pid\u00e9mies de chol\u00e9ra au XIXe si\u00e8cle, les migrants arrivant \u00e0 New York \u00e9taient plac\u00e9s en quarantaine sur des navires ou des installations sp\u00e9ciales sur l&rsquo;\u00eele d&rsquo;Ellis. Des histoires racontent que des passagers tentaient de s\u2019\u00e9chapper en construisant des radeaux improvis\u00e9s.<\/li>\n<\/ul>\n\n\n\n<p>Ces r\u00e9cits montrent que les pand\u00e9mies sont non seulement des crises sanitaires, mais aussi des moments o\u00f9 l&rsquo;imagination, la superstition, et parfois l&rsquo;absurdit\u00e9 prennent le dessus sur la r\u00e9alit\u00e9. Avez-vous une p\u00e9riode ou un \u00e9v\u00e9nement pr\u00e9cis que vous voulez explorer davantage ?<\/p>\n<\/div><\/div>","protected":false},"excerpt":{"rendered":"<p>Les pand\u00e9mies ont souvent donn\u00e9 lieu \u00e0 des histoires insolites et inattendues. Voici quelques anecdotes marquantes : Ces r\u00e9cits montrent&#8230; <a href=\"https:\/\/covid19-a-savoir.net\/index.php\/insolite-actualites-histoires-etranges-et-inattendues-sur-les-pandemie\/\" class=\"readmore\">Read more<span class=\"screen-reader-text\">Insolite : actualit\u00e9s, histoires \u00e9tranges et inattendues sur les pandemie<\/span><span class=\"fa fa-angle-double-right\" aria-hidden=\"true\"><\/span><\/a><\/p>\n","protected":false},"author":1,"featured_media":0,"parent":0,"menu_order":0,"comment_status":"closed","ping_status":"closed","template":"","meta":{"footnotes":""},"yoast_head":"<!-- This site is optimized with the Yoast SEO plugin v23.2 - https:\/\/yoast.com\/wordpress\/plugins\/seo\/ -->\n<title>Insolite : actualit\u00e9s, histoires \u00e9tranges et inattendues sur les pandemie - Actualit\u00e9s, , .... Apr\u00e8s la p\u00e9riode &quot;covid19&quot;<\/title>\n<meta name=\"robots\" content=\"index, follow, max-snippet:-1, max-image-preview:large, max-video-preview:-1\" \/>\n<link rel=\"canonical\" href=\"https:\/\/covid19-a-savoir.net\/index.php\/insolite-actualites-histoires-etranges-et-inattendues-sur-les-pandemie\/\" \/>\n<meta property=\"og:locale\" content=\"fr_FR\" \/>\n<meta property=\"og:type\" content=\"article\" \/>\n<meta property=\"og:title\" content=\"Insolite : actualit\u00e9s, histoires \u00e9tranges et inattendues sur les pandemie - Actualit\u00e9s, , .... Apr\u00e8s la p\u00e9riode &quot;covid19&quot;\" \/>\n<meta property=\"og:description\" content=\"Les pand\u00e9mies ont souvent donn\u00e9 lieu \u00e0 des histoires insolites et inattendues. Voici quelques anecdotes marquantes : Ces r\u00e9cits montrent... Read moreInsolite : actualit\u00e9s, histoires \u00e9tranges et inattendues sur les pandemie\" \/>\n<meta property=\"og:url\" content=\"https:\/\/covid19-a-savoir.net\/index.php\/insolite-actualites-histoires-etranges-et-inattendues-sur-les-pandemie\/\" \/>\n<meta property=\"og:site_name\" content=\"Actualit\u00e9s, , .... Apr\u00e8s la p\u00e9riode &quot;covid19&quot;\" \/>\n<meta property=\"article:modified_time\" content=\"2025-01-10T12:22:50+00:00\" \/>\n<meta name=\"twitter:card\" content=\"summary_large_image\" \/>\n<meta name=\"twitter:label1\" content=\"Dur\u00e9e de lecture estim\u00e9e\" \/>\n\t<meta name=\"twitter:data1\" content=\"4 minutes\" \/>\n<script type=\"application\/ld+json\" class=\"yoast-schema-graph\">{\"@context\":\"https:\/\/schema.org\",\"@graph\":[{\"@type\":\"WebPage\",\"@id\":\"https:\/\/covid19-a-savoir.net\/index.php\/insolite-actualites-histoires-etranges-et-inattendues-sur-les-pandemie\/\",\"url\":\"https:\/\/covid19-a-savoir.net\/index.php\/insolite-actualites-histoires-etranges-et-inattendues-sur-les-pandemie\/\",\"name\":\"Insolite : actualit\u00e9s, histoires \u00e9tranges et inattendues sur les pandemie - Actualit\u00e9s, , .... Apr\u00e8s la p\u00e9riode &quot;covid19&quot;\",\"isPartOf\":{\"@id\":\"https:\/\/covid19-a-savoir.net\/#website\"},\"datePublished\":\"2025-01-10T12:22:49+00:00\",\"dateModified\":\"2025-01-10T12:22:50+00:00\",\"breadcrumb\":{\"@id\":\"https:\/\/covid19-a-savoir.net\/index.php\/insolite-actualites-histoires-etranges-et-inattendues-sur-les-pandemie\/#breadcrumb\"},\"inLanguage\":\"fr-FR\",\"potentialAction\":[{\"@type\":\"ReadAction\",\"target\":[\"https:\/\/covid19-a-savoir.net\/index.php\/insolite-actualites-histoires-etranges-et-inattendues-sur-les-pandemie\/\"]}]},{\"@type\":\"BreadcrumbList\",\"@id\":\"https:\/\/covid19-a-savoir.net\/index.php\/insolite-actualites-histoires-etranges-et-inattendues-sur-les-pandemie\/#breadcrumb\",\"itemListElement\":[{\"@type\":\"ListItem\",\"position\":1,\"name\":\"Accueil\",\"item\":\"https:\/\/covid19-a-savoir.net\/\"},{\"@type\":\"ListItem\",\"position\":2,\"name\":\"Insolite : actualit\u00e9s, histoires \u00e9tranges et inattendues sur les pandemie\"}]},{\"@type\":\"WebSite\",\"@id\":\"https:\/\/covid19-a-savoir.net\/#website\",\"url\":\"https:\/\/covid19-a-savoir.net\/\",\"name\":\"Actualit\u00e9s, , .... Apr\u00e8s la p\u00e9riode &quot;covid19&quot;\",\"description\":\"DES V\u00c9RIT\u00c9S QUI D\u00c9RANGENT\",\"publisher\":{\"@id\":\"https:\/\/covid19-a-savoir.net\/#\/schema\/person\/53265987e4424cc7dde2f857d2b378cf\"},\"potentialAction\":[{\"@type\":\"SearchAction\",\"target\":{\"@type\":\"EntryPoint\",\"urlTemplate\":\"https:\/\/covid19-a-savoir.net\/?s={search_term_string}\"},\"query-input\":\"required name=search_term_string\"}],\"inLanguage\":\"fr-FR\"},{\"@type\":[\"Person\",\"Organization\"],\"@id\":\"https:\/\/covid19-a-savoir.net\/#\/schema\/person\/53265987e4424cc7dde2f857d2b378cf\",\"name\":\"GS\",\"image\":{\"@type\":\"ImageObject\",\"inLanguage\":\"fr-FR\",\"@id\":\"https:\/\/covid19-a-savoir.net\/#\/schema\/person\/image\/\",\"url\":\"https:\/\/covid19-a-savoir.net\/wp-content\/uploads\/2022\/07\/dans-ce-monde-312x312-1.png\",\"contentUrl\":\"https:\/\/covid19-a-savoir.net\/wp-content\/uploads\/2022\/07\/dans-ce-monde-312x312-1.png\",\"width\":312,\"height\":312,\"caption\":\"GS\"},\"logo\":{\"@id\":\"https:\/\/covid19-a-savoir.net\/#\/schema\/person\/image\/\"},\"sameAs\":[\"http:\/\/covid19-a-savoir.net\"]}]}<\/script>\n<!-- \/ Yoast SEO plugin. -->","yoast_head_json":{"title":"Insolite : actualit\u00e9s, histoires \u00e9tranges et inattendues sur les pandemie - Actualit\u00e9s, , .... Apr\u00e8s la p\u00e9riode &quot;covid19&quot;","robots":{"index":"index","follow":"follow","max-snippet":"max-snippet:-1","max-image-preview":"max-image-preview:large","max-video-preview":"max-video-preview:-1"},"canonical":"https:\/\/covid19-a-savoir.net\/index.php\/insolite-actualites-histoires-etranges-et-inattendues-sur-les-pandemie\/","og_locale":"fr_FR","og_type":"article","og_title":"Insolite : actualit\u00e9s, histoires \u00e9tranges et inattendues sur les pandemie - Actualit\u00e9s, , .... Apr\u00e8s la p\u00e9riode &quot;covid19&quot;","og_description":"Les pand\u00e9mies ont souvent donn\u00e9 lieu \u00e0 des histoires insolites et inattendues. Voici quelques anecdotes marquantes : Ces r\u00e9cits montrent... Read moreInsolite : actualit\u00e9s, histoires \u00e9tranges et inattendues sur les pandemie","og_url":"https:\/\/covid19-a-savoir.net\/index.php\/insolite-actualites-histoires-etranges-et-inattendues-sur-les-pandemie\/","og_site_name":"Actualit\u00e9s, , .... Apr\u00e8s la p\u00e9riode &quot;covid19&quot;","article_modified_time":"2025-01-10T12:22:50+00:00","twitter_card":"summary_large_image","twitter_misc":{"Dur\u00e9e de lecture estim\u00e9e":"4 minutes"},"schema":{"@context":"https:\/\/schema.org","@graph":[{"@type":"WebPage","@id":"https:\/\/covid19-a-savoir.net\/index.php\/insolite-actualites-histoires-etranges-et-inattendues-sur-les-pandemie\/","url":"https:\/\/covid19-a-savoir.net\/index.php\/insolite-actualites-histoires-etranges-et-inattendues-sur-les-pandemie\/","name":"Insolite : actualit\u00e9s, histoires \u00e9tranges et inattendues sur les pandemie - Actualit\u00e9s, , .... Apr\u00e8s la p\u00e9riode &quot;covid19&quot;","isPartOf":{"@id":"https:\/\/covid19-a-savoir.net\/#website"},"datePublished":"2025-01-10T12:22:49+00:00","dateModified":"2025-01-10T12:22:50+00:00","breadcrumb":{"@id":"https:\/\/covid19-a-savoir.net\/index.php\/insolite-actualites-histoires-etranges-et-inattendues-sur-les-pandemie\/#breadcrumb"},"inLanguage":"fr-FR","potentialAction":[{"@type":"ReadAction","target":["https:\/\/covid19-a-savoir.net\/index.php\/insolite-actualites-histoires-etranges-et-inattendues-sur-les-pandemie\/"]}]},{"@type":"BreadcrumbList","@id":"https:\/\/covid19-a-savoir.net\/index.php\/insolite-actualites-histoires-etranges-et-inattendues-sur-les-pandemie\/#breadcrumb","itemListElement":[{"@type":"ListItem","position":1,"name":"Accueil","item":"https:\/\/covid19-a-savoir.net\/"},{"@type":"ListItem","position":2,"name":"Insolite : actualit\u00e9s, histoires \u00e9tranges et inattendues sur les pandemie"}]},{"@type":"WebSite","@id":"https:\/\/covid19-a-savoir.net\/#website","url":"https:\/\/covid19-a-savoir.net\/","name":"Actualit\u00e9s, , .... Apr\u00e8s la p\u00e9riode &quot;covid19&quot;","description":"DES V\u00c9RIT\u00c9S QUI D\u00c9RANGENT","publisher":{"@id":"https:\/\/covid19-a-savoir.net\/#\/schema\/person\/53265987e4424cc7dde2f857d2b378cf"},"potentialAction":[{"@type":"SearchAction","target":{"@type":"EntryPoint","urlTemplate":"https:\/\/covid19-a-savoir.net\/?s={search_term_string}"},"query-input":"required name=search_term_string"}],"inLanguage":"fr-FR"},{"@type":["Person","Organization"],"@id":"https:\/\/covid19-a-savoir.net\/#\/schema\/person\/53265987e4424cc7dde2f857d2b378cf","name":"GS","image":{"@type":"ImageObject","inLanguage":"fr-FR","@id":"https:\/\/covid19-a-savoir.net\/#\/schema\/person\/image\/","url":"https:\/\/covid19-a-savoir.net\/wp-content\/uploads\/2022\/07\/dans-ce-monde-312x312-1.png","contentUrl":"https:\/\/covid19-a-savoir.net\/wp-content\/uploads\/2022\/07\/dans-ce-monde-312x312-1.png","width":312,"height":312,"caption":"GS"},"logo":{"@id":"https:\/\/covid19-a-savoir.net\/#\/schema\/person\/image\/"},"sameAs":["http:\/\/covid19-a-savoir.net"]}]}},"jetpack_sharing_enabled":true,"_links":{"self":[{"href":"https:\/\/covid19-a-savoir.net\/index.php\/wp-json\/wp\/v2\/pages\/3196"}],"collection":[{"href":"https:\/\/covid19-a-savoir.net\/index.php\/wp-json\/wp\/v2\/pages"}],"about":[{"href":"https:\/\/covid19-a-savoir.net\/index.php\/wp-json\/wp\/v2\/types\/page"}],"author":[{"embeddable":true,"href":"https:\/\/covid19-a-savoir.net\/index.php\/wp-json\/wp\/v2\/users\/1"}],"replies":[{"embeddable":true,"href":"https:\/\/covid19-a-savoir.net\/index.php\/wp-json\/wp\/v2\/comments?post=3196"}],"version-history":[{"count":1,"href":"https:\/\/covid19-a-savoir.net\/index.php\/wp-json\/wp\/v2\/pages\/3196\/revisions"}],"predecessor-version":[{"id":3198,"href":"https:\/\/covid19-a-savoir.net\/index.php\/wp-json\/wp\/v2\/pages\/3196\/revisions\/3198"}],"wp:attachment":[{"href":"https:\/\/covid19-a-savoir.net\/index.php\/wp-json\/wp\/v2\/media?parent=3196"}],"curies":[{"name":"wp","href":"https:\/\/api.w.org\/{rel}","templated":true}]}}