{"id":3181,"date":"2025-01-10T02:19:16","date_gmt":"2025-01-10T02:19:16","guid":{"rendered":"https:\/\/covid19-a-savoir.net\/?page_id=3181"},"modified":"2025-01-10T02:19:17","modified_gmt":"2025-01-10T02:19:17","slug":"est-il-vrai-que-le-mal-quon-fait-nous-revienne-toujours","status":"publish","type":"page","link":"https:\/\/covid19-a-savoir.net\/index.php\/est-il-vrai-que-le-mal-quon-fait-nous-revienne-toujours\/","title":{"rendered":"Est-il vrai que le mal qu&rsquo;on fait nous revienne toujours ?"},"content":{"rendered":"<div id=\"dslc-theme-content\"><div id=\"dslc-theme-content-inner\">\n<p>L&rsquo;id\u00e9e que \u00ab\u00a0le mal qu&rsquo;on fait nous revient toujours\u00a0\u00bb est une croyance r\u00e9pandue dans de nombreuses cultures et traditions philosophiques ou spirituelles. Elle peut \u00eatre interpr\u00e9t\u00e9e de diff\u00e9rentes mani\u00e8res, selon les perspectives. Voici quelques angles pour r\u00e9fl\u00e9chir \u00e0 cette question :<\/p>\n\n\n\n<h3 class=\"wp-block-heading\">1. <strong>La loi du karma<\/strong><\/h3>\n\n\n\n<p>Dans les traditions orientales comme l&rsquo;hindouisme et le bouddhisme, le karma est une loi cosmique selon laquelle chaque action (bonne ou mauvaise) entra\u00eene une cons\u00e9quence. Cela ne signifie pas n\u00e9cessairement que les r\u00e9sultats sont imm\u00e9diats ou visibles, mais plut\u00f4t qu&rsquo;ils s&rsquo;accumulent dans une \u00ab\u00a0banque\u00a0\u00bb universelle qui influence notre vie pr\u00e9sente ou future.<\/p>\n\n\n\n<h3 class=\"wp-block-heading\">2. <strong>Cons\u00e9quences sociales et psychologiques<\/strong><\/h3>\n\n\n\n<p>Dans un contexte non spirituel, les actions n\u00e9gatives peuvent entra\u00eener des cons\u00e9quences tangibles. Par exemple :<\/p>\n\n\n\n<ul>\n<li><strong>Relations interpersonnelles<\/strong> : Faire du mal peut endommager des relations, nuire \u00e0 la r\u00e9putation ou susciter des repr\u00e9sailles.<\/li>\n\n\n\n<li><strong>Conscience et culpabilit\u00e9<\/strong> : Certaines personnes ressentent de la culpabilit\u00e9 ou du stress apr\u00e8s avoir fait du tort, ce qui peut affecter leur bien-\u00eatre mental.<\/li>\n\n\n\n<li><strong>R\u00e9ciprocit\u00e9 sociale<\/strong> : Le principe de \u00ab\u00a0ce qu&rsquo;on s\u00e8me, on le r\u00e9colte\u00a0\u00bb peut s&rsquo;appliquer dans un cadre social o\u00f9 les autres r\u00e9agissent en fonction de nos actions.<\/li>\n<\/ul>\n\n\n\n<h3 class=\"wp-block-heading\">3. <strong>Effet miroir<\/strong><\/h3>\n\n\n\n<p>La psychologie sugg\u00e8re parfois que les comportements n\u00e9gatifs envers les autres peuvent refl\u00e9ter des conflits internes. En agissant de mani\u00e8re n\u00e9faste, on attire des situations ou des personnes similaires, ce qui donne l&rsquo;impression que le \u00ab\u00a0mal revient\u00a0\u00bb.<\/p>\n\n\n\n<h3 class=\"wp-block-heading\">4. <strong>Limites de cette croyance<\/strong><\/h3>\n\n\n\n<p>Cependant, tout le monde ne croit pas que le mal revient toujours :<\/p>\n\n\n\n<ul>\n<li><strong>Hasard et chaos<\/strong> : Certaines personnes consid\u00e8rent que la vie est al\u00e9atoire et qu&rsquo;il n&rsquo;existe pas de justice universelle.<\/li>\n\n\n\n<li><strong>Absence de cons\u00e9quences apparentes<\/strong> : Il arrive que des personnes ayant fait du tort ne subissent jamais de r\u00e9percussions visibles, du moins dans cette vie.<\/li>\n<\/ul>\n\n\n\n<h3 class=\"wp-block-heading\">Conclusion<\/h3>\n\n\n\n<p>La question reste ouverte et d\u00e9pend de votre syst\u00e8me de croyances. Si cette id\u00e9e vous inspire \u00e0 agir de mani\u00e8re \u00e9thique et \u00e0 r\u00e9fl\u00e9chir aux cons\u00e9quences de vos actions, elle peut \u00eatre un principe de vie utile, m\u00eame si son application universelle est sujette \u00e0 d\u00e9bat.<\/p>\n<\/div><\/div>","protected":false},"excerpt":{"rendered":"<p>L&rsquo;id\u00e9e que \u00ab\u00a0le mal qu&rsquo;on fait nous revient toujours\u00a0\u00bb est une croyance r\u00e9pandue dans de nombreuses cultures et traditions philosophiques&#8230; <a href=\"https:\/\/covid19-a-savoir.net\/index.php\/est-il-vrai-que-le-mal-quon-fait-nous-revienne-toujours\/\" class=\"readmore\">Read more<span class=\"screen-reader-text\">Est-il vrai que le mal qu&rsquo;on fait nous revienne toujours ?<\/span><span class=\"fa fa-angle-double-right\" aria-hidden=\"true\"><\/span><\/a><\/p>\n","protected":false},"author":1,"featured_media":0,"parent":0,"menu_order":0,"comment_status":"closed","ping_status":"closed","template":"","meta":{"footnotes":""},"yoast_head":"<!-- This site is optimized with the Yoast SEO plugin v23.2 - https:\/\/yoast.com\/wordpress\/plugins\/seo\/ -->\n<title>Est-il vrai que le mal qu&#039;on fait nous revienne toujours ? - Actualit\u00e9s, , .... Apr\u00e8s la p\u00e9riode &quot;covid19&quot;<\/title>\n<meta name=\"robots\" content=\"index, follow, max-snippet:-1, max-image-preview:large, max-video-preview:-1\" \/>\n<link rel=\"canonical\" href=\"https:\/\/covid19-a-savoir.net\/index.php\/est-il-vrai-que-le-mal-quon-fait-nous-revienne-toujours\/\" \/>\n<meta property=\"og:locale\" content=\"fr_FR\" \/>\n<meta property=\"og:type\" content=\"article\" \/>\n<meta property=\"og:title\" content=\"Est-il vrai que le mal qu&#039;on fait nous revienne toujours ? - Actualit\u00e9s, , .... Apr\u00e8s la p\u00e9riode &quot;covid19&quot;\" \/>\n<meta property=\"og:description\" content=\"L&rsquo;id\u00e9e que \u00ab\u00a0le mal qu&rsquo;on fait nous revient toujours\u00a0\u00bb est une croyance r\u00e9pandue dans de nombreuses cultures et traditions philosophiques... Read moreEst-il vrai que le mal qu&rsquo;on fait nous revienne toujours ?\" \/>\n<meta property=\"og:url\" content=\"https:\/\/covid19-a-savoir.net\/index.php\/est-il-vrai-que-le-mal-quon-fait-nous-revienne-toujours\/\" \/>\n<meta property=\"og:site_name\" content=\"Actualit\u00e9s, , .... Apr\u00e8s la p\u00e9riode &quot;covid19&quot;\" \/>\n<meta property=\"article:modified_time\" content=\"2025-01-10T02:19:17+00:00\" \/>\n<meta name=\"twitter:card\" content=\"summary_large_image\" \/>\n<meta name=\"twitter:label1\" content=\"Dur\u00e9e de lecture estim\u00e9e\" \/>\n\t<meta name=\"twitter:data1\" content=\"2 minutes\" \/>\n<script type=\"application\/ld+json\" class=\"yoast-schema-graph\">{\"@context\":\"https:\/\/schema.org\",\"@graph\":[{\"@type\":\"WebPage\",\"@id\":\"https:\/\/covid19-a-savoir.net\/index.php\/est-il-vrai-que-le-mal-quon-fait-nous-revienne-toujours\/\",\"url\":\"https:\/\/covid19-a-savoir.net\/index.php\/est-il-vrai-que-le-mal-quon-fait-nous-revienne-toujours\/\",\"name\":\"Est-il vrai que le mal qu'on fait nous revienne toujours ? - Actualit\u00e9s, , .... Apr\u00e8s la p\u00e9riode &quot;covid19&quot;\",\"isPartOf\":{\"@id\":\"https:\/\/covid19-a-savoir.net\/#website\"},\"datePublished\":\"2025-01-10T02:19:16+00:00\",\"dateModified\":\"2025-01-10T02:19:17+00:00\",\"breadcrumb\":{\"@id\":\"https:\/\/covid19-a-savoir.net\/index.php\/est-il-vrai-que-le-mal-quon-fait-nous-revienne-toujours\/#breadcrumb\"},\"inLanguage\":\"fr-FR\",\"potentialAction\":[{\"@type\":\"ReadAction\",\"target\":[\"https:\/\/covid19-a-savoir.net\/index.php\/est-il-vrai-que-le-mal-quon-fait-nous-revienne-toujours\/\"]}]},{\"@type\":\"BreadcrumbList\",\"@id\":\"https:\/\/covid19-a-savoir.net\/index.php\/est-il-vrai-que-le-mal-quon-fait-nous-revienne-toujours\/#breadcrumb\",\"itemListElement\":[{\"@type\":\"ListItem\",\"position\":1,\"name\":\"Accueil\",\"item\":\"https:\/\/covid19-a-savoir.net\/\"},{\"@type\":\"ListItem\",\"position\":2,\"name\":\"Est-il vrai que le mal qu&rsquo;on fait nous revienne toujours ?\"}]},{\"@type\":\"WebSite\",\"@id\":\"https:\/\/covid19-a-savoir.net\/#website\",\"url\":\"https:\/\/covid19-a-savoir.net\/\",\"name\":\"Actualit\u00e9s, , .... Apr\u00e8s la p\u00e9riode &quot;covid19&quot;\",\"description\":\"DES V\u00c9RIT\u00c9S QUI D\u00c9RANGENT\",\"publisher\":{\"@id\":\"https:\/\/covid19-a-savoir.net\/#\/schema\/person\/53265987e4424cc7dde2f857d2b378cf\"},\"potentialAction\":[{\"@type\":\"SearchAction\",\"target\":{\"@type\":\"EntryPoint\",\"urlTemplate\":\"https:\/\/covid19-a-savoir.net\/?s={search_term_string}\"},\"query-input\":\"required name=search_term_string\"}],\"inLanguage\":\"fr-FR\"},{\"@type\":[\"Person\",\"Organization\"],\"@id\":\"https:\/\/covid19-a-savoir.net\/#\/schema\/person\/53265987e4424cc7dde2f857d2b378cf\",\"name\":\"GS\",\"image\":{\"@type\":\"ImageObject\",\"inLanguage\":\"fr-FR\",\"@id\":\"https:\/\/covid19-a-savoir.net\/#\/schema\/person\/image\/\",\"url\":\"https:\/\/covid19-a-savoir.net\/wp-content\/uploads\/2022\/07\/dans-ce-monde-312x312-1.png\",\"contentUrl\":\"https:\/\/covid19-a-savoir.net\/wp-content\/uploads\/2022\/07\/dans-ce-monde-312x312-1.png\",\"width\":312,\"height\":312,\"caption\":\"GS\"},\"logo\":{\"@id\":\"https:\/\/covid19-a-savoir.net\/#\/schema\/person\/image\/\"},\"sameAs\":[\"http:\/\/covid19-a-savoir.net\"]}]}<\/script>\n<!-- \/ Yoast SEO plugin. -->","yoast_head_json":{"title":"Est-il vrai que le mal qu'on fait nous revienne toujours ? - Actualit\u00e9s, , .... Apr\u00e8s la p\u00e9riode &quot;covid19&quot;","robots":{"index":"index","follow":"follow","max-snippet":"max-snippet:-1","max-image-preview":"max-image-preview:large","max-video-preview":"max-video-preview:-1"},"canonical":"https:\/\/covid19-a-savoir.net\/index.php\/est-il-vrai-que-le-mal-quon-fait-nous-revienne-toujours\/","og_locale":"fr_FR","og_type":"article","og_title":"Est-il vrai que le mal qu'on fait nous revienne toujours ? - Actualit\u00e9s, , .... Apr\u00e8s la p\u00e9riode &quot;covid19&quot;","og_description":"L&rsquo;id\u00e9e que \u00ab\u00a0le mal qu&rsquo;on fait nous revient toujours\u00a0\u00bb est une croyance r\u00e9pandue dans de nombreuses cultures et traditions philosophiques... Read moreEst-il vrai que le mal qu&rsquo;on fait nous revienne toujours ?","og_url":"https:\/\/covid19-a-savoir.net\/index.php\/est-il-vrai-que-le-mal-quon-fait-nous-revienne-toujours\/","og_site_name":"Actualit\u00e9s, , .... Apr\u00e8s la p\u00e9riode &quot;covid19&quot;","article_modified_time":"2025-01-10T02:19:17+00:00","twitter_card":"summary_large_image","twitter_misc":{"Dur\u00e9e de lecture estim\u00e9e":"2 minutes"},"schema":{"@context":"https:\/\/schema.org","@graph":[{"@type":"WebPage","@id":"https:\/\/covid19-a-savoir.net\/index.php\/est-il-vrai-que-le-mal-quon-fait-nous-revienne-toujours\/","url":"https:\/\/covid19-a-savoir.net\/index.php\/est-il-vrai-que-le-mal-quon-fait-nous-revienne-toujours\/","name":"Est-il vrai que le mal qu'on fait nous revienne toujours ? - Actualit\u00e9s, , .... Apr\u00e8s la p\u00e9riode &quot;covid19&quot;","isPartOf":{"@id":"https:\/\/covid19-a-savoir.net\/#website"},"datePublished":"2025-01-10T02:19:16+00:00","dateModified":"2025-01-10T02:19:17+00:00","breadcrumb":{"@id":"https:\/\/covid19-a-savoir.net\/index.php\/est-il-vrai-que-le-mal-quon-fait-nous-revienne-toujours\/#breadcrumb"},"inLanguage":"fr-FR","potentialAction":[{"@type":"ReadAction","target":["https:\/\/covid19-a-savoir.net\/index.php\/est-il-vrai-que-le-mal-quon-fait-nous-revienne-toujours\/"]}]},{"@type":"BreadcrumbList","@id":"https:\/\/covid19-a-savoir.net\/index.php\/est-il-vrai-que-le-mal-quon-fait-nous-revienne-toujours\/#breadcrumb","itemListElement":[{"@type":"ListItem","position":1,"name":"Accueil","item":"https:\/\/covid19-a-savoir.net\/"},{"@type":"ListItem","position":2,"name":"Est-il vrai que le mal qu&rsquo;on fait nous revienne toujours ?"}]},{"@type":"WebSite","@id":"https:\/\/covid19-a-savoir.net\/#website","url":"https:\/\/covid19-a-savoir.net\/","name":"Actualit\u00e9s, , .... Apr\u00e8s la p\u00e9riode &quot;covid19&quot;","description":"DES V\u00c9RIT\u00c9S QUI D\u00c9RANGENT","publisher":{"@id":"https:\/\/covid19-a-savoir.net\/#\/schema\/person\/53265987e4424cc7dde2f857d2b378cf"},"potentialAction":[{"@type":"SearchAction","target":{"@type":"EntryPoint","urlTemplate":"https:\/\/covid19-a-savoir.net\/?s={search_term_string}"},"query-input":"required name=search_term_string"}],"inLanguage":"fr-FR"},{"@type":["Person","Organization"],"@id":"https:\/\/covid19-a-savoir.net\/#\/schema\/person\/53265987e4424cc7dde2f857d2b378cf","name":"GS","image":{"@type":"ImageObject","inLanguage":"fr-FR","@id":"https:\/\/covid19-a-savoir.net\/#\/schema\/person\/image\/","url":"https:\/\/covid19-a-savoir.net\/wp-content\/uploads\/2022\/07\/dans-ce-monde-312x312-1.png","contentUrl":"https:\/\/covid19-a-savoir.net\/wp-content\/uploads\/2022\/07\/dans-ce-monde-312x312-1.png","width":312,"height":312,"caption":"GS"},"logo":{"@id":"https:\/\/covid19-a-savoir.net\/#\/schema\/person\/image\/"},"sameAs":["http:\/\/covid19-a-savoir.net"]}]}},"jetpack_sharing_enabled":true,"_links":{"self":[{"href":"https:\/\/covid19-a-savoir.net\/index.php\/wp-json\/wp\/v2\/pages\/3181"}],"collection":[{"href":"https:\/\/covid19-a-savoir.net\/index.php\/wp-json\/wp\/v2\/pages"}],"about":[{"href":"https:\/\/covid19-a-savoir.net\/index.php\/wp-json\/wp\/v2\/types\/page"}],"author":[{"embeddable":true,"href":"https:\/\/covid19-a-savoir.net\/index.php\/wp-json\/wp\/v2\/users\/1"}],"replies":[{"embeddable":true,"href":"https:\/\/covid19-a-savoir.net\/index.php\/wp-json\/wp\/v2\/comments?post=3181"}],"version-history":[{"count":1,"href":"https:\/\/covid19-a-savoir.net\/index.php\/wp-json\/wp\/v2\/pages\/3181\/revisions"}],"predecessor-version":[{"id":3183,"href":"https:\/\/covid19-a-savoir.net\/index.php\/wp-json\/wp\/v2\/pages\/3181\/revisions\/3183"}],"wp:attachment":[{"href":"https:\/\/covid19-a-savoir.net\/index.php\/wp-json\/wp\/v2\/media?parent=3181"}],"curies":[{"name":"wp","href":"https:\/\/api.w.org\/{rel}","templated":true}]}}