{"id":3176,"date":"2025-01-10T02:15:59","date_gmt":"2025-01-10T02:15:59","guid":{"rendered":"https:\/\/covid19-a-savoir.net\/?page_id=3176"},"modified":"2025-01-10T02:16:00","modified_gmt":"2025-01-10T02:16:00","slug":"quelle-est-la-premiere-lecon-de-vie-que-vous-donneriez-a-votre-enfant","status":"publish","type":"page","link":"https:\/\/covid19-a-savoir.net\/index.php\/quelle-est-la-premiere-lecon-de-vie-que-vous-donneriez-a-votre-enfant\/","title":{"rendered":"Quelle est la premi\u00e8re le\u00e7on de vie que vous donneriez \u00e0 votre enfant ?"},"content":{"rendered":"<div id=\"dslc-theme-content\"><div id=\"dslc-theme-content-inner\">\n<p>La premi\u00e8re le\u00e7on de vie que je donnerais \u00e0 mon enfant serait : <strong>\u00ab\u00a0Apprends \u00e0 te conna\u00eetre et \u00e0 te respecter, et fais de m\u00eame pour les autres.\u00a0\u00bb<\/strong><\/p>\n\n\n\n<p>Voici pourquoi :<\/p>\n\n\n\n<ol>\n<li><strong>Se conna\u00eetre et se respecter :<\/strong> Comprendre ses \u00e9motions, ses forces, ses limites et ses valeurs est essentiel pour naviguer dans la vie. Cela permet de faire des choix \u00e9clair\u00e9s, de cultiver l&rsquo;estime de soi et de rester fid\u00e8le \u00e0 ce qui compte vraiment.<\/li>\n\n\n\n<li><strong>Respecter les autres :<\/strong> La vie est pleine d\u2019interactions avec des personnes qui ont des exp\u00e9riences, des croyances et des visions du monde diff\u00e9rentes. En respectant les autres, on ouvre la porte \u00e0 des relations enrichissantes, on \u00e9vite les conflits inutiles, et on contribue \u00e0 cr\u00e9er un monde plus harmonieux.<\/li>\n<\/ol>\n\n\n\n<p>C&rsquo;est une base solide pour tout le reste : apprendre, aimer, travailler, surmonter les d\u00e9fis et trouver un sens \u00e0 la vie.<\/p>\n<\/div><\/div>","protected":false},"excerpt":{"rendered":"<p>La premi\u00e8re le\u00e7on de vie que je donnerais \u00e0 mon enfant serait : \u00ab\u00a0Apprends \u00e0 te conna\u00eetre et \u00e0 te&#8230; <a href=\"https:\/\/covid19-a-savoir.net\/index.php\/quelle-est-la-premiere-lecon-de-vie-que-vous-donneriez-a-votre-enfant\/\" class=\"readmore\">Read more<span class=\"screen-reader-text\">Quelle est la premi\u00e8re le\u00e7on de vie que vous donneriez \u00e0 votre enfant ?<\/span><span class=\"fa fa-angle-double-right\" aria-hidden=\"true\"><\/span><\/a><\/p>\n","protected":false},"author":1,"featured_media":0,"parent":0,"menu_order":0,"comment_status":"closed","ping_status":"closed","template":"","meta":{"footnotes":""},"yoast_head":"<!-- This site is optimized with the Yoast SEO plugin v23.2 - https:\/\/yoast.com\/wordpress\/plugins\/seo\/ -->\n<title>Quelle est la premi\u00e8re le\u00e7on de vie que vous donneriez \u00e0 votre enfant ? - Actualit\u00e9s, , .... Apr\u00e8s la p\u00e9riode &quot;covid19&quot;<\/title>\n<meta name=\"robots\" content=\"index, follow, max-snippet:-1, max-image-preview:large, max-video-preview:-1\" \/>\n<link rel=\"canonical\" href=\"https:\/\/covid19-a-savoir.net\/index.php\/quelle-est-la-premiere-lecon-de-vie-que-vous-donneriez-a-votre-enfant\/\" \/>\n<meta property=\"og:locale\" content=\"fr_FR\" \/>\n<meta property=\"og:type\" content=\"article\" \/>\n<meta property=\"og:title\" content=\"Quelle est la premi\u00e8re le\u00e7on de vie que vous donneriez \u00e0 votre enfant ? - Actualit\u00e9s, , .... Apr\u00e8s la p\u00e9riode &quot;covid19&quot;\" \/>\n<meta property=\"og:description\" content=\"La premi\u00e8re le\u00e7on de vie que je donnerais \u00e0 mon enfant serait : \u00ab\u00a0Apprends \u00e0 te conna\u00eetre et \u00e0 te... Read moreQuelle est la premi\u00e8re le\u00e7on de vie que vous donneriez \u00e0 votre enfant ?\" \/>\n<meta property=\"og:url\" content=\"https:\/\/covid19-a-savoir.net\/index.php\/quelle-est-la-premiere-lecon-de-vie-que-vous-donneriez-a-votre-enfant\/\" \/>\n<meta property=\"og:site_name\" content=\"Actualit\u00e9s, , .... Apr\u00e8s la p\u00e9riode &quot;covid19&quot;\" \/>\n<meta property=\"article:modified_time\" content=\"2025-01-10T02:16:00+00:00\" \/>\n<meta name=\"twitter:card\" content=\"summary_large_image\" \/>\n<meta name=\"twitter:label1\" content=\"Dur\u00e9e de lecture estim\u00e9e\" \/>\n\t<meta name=\"twitter:data1\" content=\"1 minute\" \/>\n<script type=\"application\/ld+json\" class=\"yoast-schema-graph\">{\"@context\":\"https:\/\/schema.org\",\"@graph\":[{\"@type\":\"WebPage\",\"@id\":\"https:\/\/covid19-a-savoir.net\/index.php\/quelle-est-la-premiere-lecon-de-vie-que-vous-donneriez-a-votre-enfant\/\",\"url\":\"https:\/\/covid19-a-savoir.net\/index.php\/quelle-est-la-premiere-lecon-de-vie-que-vous-donneriez-a-votre-enfant\/\",\"name\":\"Quelle est la premi\u00e8re le\u00e7on de vie que vous donneriez \u00e0 votre enfant ? - Actualit\u00e9s, , .... Apr\u00e8s la p\u00e9riode &quot;covid19&quot;\",\"isPartOf\":{\"@id\":\"https:\/\/covid19-a-savoir.net\/#website\"},\"datePublished\":\"2025-01-10T02:15:59+00:00\",\"dateModified\":\"2025-01-10T02:16:00+00:00\",\"breadcrumb\":{\"@id\":\"https:\/\/covid19-a-savoir.net\/index.php\/quelle-est-la-premiere-lecon-de-vie-que-vous-donneriez-a-votre-enfant\/#breadcrumb\"},\"inLanguage\":\"fr-FR\",\"potentialAction\":[{\"@type\":\"ReadAction\",\"target\":[\"https:\/\/covid19-a-savoir.net\/index.php\/quelle-est-la-premiere-lecon-de-vie-que-vous-donneriez-a-votre-enfant\/\"]}]},{\"@type\":\"BreadcrumbList\",\"@id\":\"https:\/\/covid19-a-savoir.net\/index.php\/quelle-est-la-premiere-lecon-de-vie-que-vous-donneriez-a-votre-enfant\/#breadcrumb\",\"itemListElement\":[{\"@type\":\"ListItem\",\"position\":1,\"name\":\"Accueil\",\"item\":\"https:\/\/covid19-a-savoir.net\/\"},{\"@type\":\"ListItem\",\"position\":2,\"name\":\"Quelle est la premi\u00e8re le\u00e7on de vie que vous donneriez \u00e0 votre enfant ?\"}]},{\"@type\":\"WebSite\",\"@id\":\"https:\/\/covid19-a-savoir.net\/#website\",\"url\":\"https:\/\/covid19-a-savoir.net\/\",\"name\":\"Actualit\u00e9s, , .... Apr\u00e8s la p\u00e9riode &quot;covid19&quot;\",\"description\":\"DES V\u00c9RIT\u00c9S QUI D\u00c9RANGENT\",\"publisher\":{\"@id\":\"https:\/\/covid19-a-savoir.net\/#\/schema\/person\/53265987e4424cc7dde2f857d2b378cf\"},\"potentialAction\":[{\"@type\":\"SearchAction\",\"target\":{\"@type\":\"EntryPoint\",\"urlTemplate\":\"https:\/\/covid19-a-savoir.net\/?s={search_term_string}\"},\"query-input\":\"required name=search_term_string\"}],\"inLanguage\":\"fr-FR\"},{\"@type\":[\"Person\",\"Organization\"],\"@id\":\"https:\/\/covid19-a-savoir.net\/#\/schema\/person\/53265987e4424cc7dde2f857d2b378cf\",\"name\":\"GS\",\"image\":{\"@type\":\"ImageObject\",\"inLanguage\":\"fr-FR\",\"@id\":\"https:\/\/covid19-a-savoir.net\/#\/schema\/person\/image\/\",\"url\":\"https:\/\/covid19-a-savoir.net\/wp-content\/uploads\/2022\/07\/dans-ce-monde-312x312-1.png\",\"contentUrl\":\"https:\/\/covid19-a-savoir.net\/wp-content\/uploads\/2022\/07\/dans-ce-monde-312x312-1.png\",\"width\":312,\"height\":312,\"caption\":\"GS\"},\"logo\":{\"@id\":\"https:\/\/covid19-a-savoir.net\/#\/schema\/person\/image\/\"},\"sameAs\":[\"http:\/\/covid19-a-savoir.net\"]}]}<\/script>\n<!-- \/ Yoast SEO plugin. -->","yoast_head_json":{"title":"Quelle est la premi\u00e8re le\u00e7on de vie que vous donneriez \u00e0 votre enfant ? - Actualit\u00e9s, , .... Apr\u00e8s la p\u00e9riode &quot;covid19&quot;","robots":{"index":"index","follow":"follow","max-snippet":"max-snippet:-1","max-image-preview":"max-image-preview:large","max-video-preview":"max-video-preview:-1"},"canonical":"https:\/\/covid19-a-savoir.net\/index.php\/quelle-est-la-premiere-lecon-de-vie-que-vous-donneriez-a-votre-enfant\/","og_locale":"fr_FR","og_type":"article","og_title":"Quelle est la premi\u00e8re le\u00e7on de vie que vous donneriez \u00e0 votre enfant ? - Actualit\u00e9s, , .... Apr\u00e8s la p\u00e9riode &quot;covid19&quot;","og_description":"La premi\u00e8re le\u00e7on de vie que je donnerais \u00e0 mon enfant serait : \u00ab\u00a0Apprends \u00e0 te conna\u00eetre et \u00e0 te... Read moreQuelle est la premi\u00e8re le\u00e7on de vie que vous donneriez \u00e0 votre enfant ?","og_url":"https:\/\/covid19-a-savoir.net\/index.php\/quelle-est-la-premiere-lecon-de-vie-que-vous-donneriez-a-votre-enfant\/","og_site_name":"Actualit\u00e9s, , .... Apr\u00e8s la p\u00e9riode &quot;covid19&quot;","article_modified_time":"2025-01-10T02:16:00+00:00","twitter_card":"summary_large_image","twitter_misc":{"Dur\u00e9e de lecture estim\u00e9e":"1 minute"},"schema":{"@context":"https:\/\/schema.org","@graph":[{"@type":"WebPage","@id":"https:\/\/covid19-a-savoir.net\/index.php\/quelle-est-la-premiere-lecon-de-vie-que-vous-donneriez-a-votre-enfant\/","url":"https:\/\/covid19-a-savoir.net\/index.php\/quelle-est-la-premiere-lecon-de-vie-que-vous-donneriez-a-votre-enfant\/","name":"Quelle est la premi\u00e8re le\u00e7on de vie que vous donneriez \u00e0 votre enfant ? - Actualit\u00e9s, , .... Apr\u00e8s la p\u00e9riode &quot;covid19&quot;","isPartOf":{"@id":"https:\/\/covid19-a-savoir.net\/#website"},"datePublished":"2025-01-10T02:15:59+00:00","dateModified":"2025-01-10T02:16:00+00:00","breadcrumb":{"@id":"https:\/\/covid19-a-savoir.net\/index.php\/quelle-est-la-premiere-lecon-de-vie-que-vous-donneriez-a-votre-enfant\/#breadcrumb"},"inLanguage":"fr-FR","potentialAction":[{"@type":"ReadAction","target":["https:\/\/covid19-a-savoir.net\/index.php\/quelle-est-la-premiere-lecon-de-vie-que-vous-donneriez-a-votre-enfant\/"]}]},{"@type":"BreadcrumbList","@id":"https:\/\/covid19-a-savoir.net\/index.php\/quelle-est-la-premiere-lecon-de-vie-que-vous-donneriez-a-votre-enfant\/#breadcrumb","itemListElement":[{"@type":"ListItem","position":1,"name":"Accueil","item":"https:\/\/covid19-a-savoir.net\/"},{"@type":"ListItem","position":2,"name":"Quelle est la premi\u00e8re le\u00e7on de vie que vous donneriez \u00e0 votre enfant ?"}]},{"@type":"WebSite","@id":"https:\/\/covid19-a-savoir.net\/#website","url":"https:\/\/covid19-a-savoir.net\/","name":"Actualit\u00e9s, , .... Apr\u00e8s la p\u00e9riode &quot;covid19&quot;","description":"DES V\u00c9RIT\u00c9S QUI D\u00c9RANGENT","publisher":{"@id":"https:\/\/covid19-a-savoir.net\/#\/schema\/person\/53265987e4424cc7dde2f857d2b378cf"},"potentialAction":[{"@type":"SearchAction","target":{"@type":"EntryPoint","urlTemplate":"https:\/\/covid19-a-savoir.net\/?s={search_term_string}"},"query-input":"required name=search_term_string"}],"inLanguage":"fr-FR"},{"@type":["Person","Organization"],"@id":"https:\/\/covid19-a-savoir.net\/#\/schema\/person\/53265987e4424cc7dde2f857d2b378cf","name":"GS","image":{"@type":"ImageObject","inLanguage":"fr-FR","@id":"https:\/\/covid19-a-savoir.net\/#\/schema\/person\/image\/","url":"https:\/\/covid19-a-savoir.net\/wp-content\/uploads\/2022\/07\/dans-ce-monde-312x312-1.png","contentUrl":"https:\/\/covid19-a-savoir.net\/wp-content\/uploads\/2022\/07\/dans-ce-monde-312x312-1.png","width":312,"height":312,"caption":"GS"},"logo":{"@id":"https:\/\/covid19-a-savoir.net\/#\/schema\/person\/image\/"},"sameAs":["http:\/\/covid19-a-savoir.net"]}]}},"jetpack_sharing_enabled":true,"_links":{"self":[{"href":"https:\/\/covid19-a-savoir.net\/index.php\/wp-json\/wp\/v2\/pages\/3176"}],"collection":[{"href":"https:\/\/covid19-a-savoir.net\/index.php\/wp-json\/wp\/v2\/pages"}],"about":[{"href":"https:\/\/covid19-a-savoir.net\/index.php\/wp-json\/wp\/v2\/types\/page"}],"author":[{"embeddable":true,"href":"https:\/\/covid19-a-savoir.net\/index.php\/wp-json\/wp\/v2\/users\/1"}],"replies":[{"embeddable":true,"href":"https:\/\/covid19-a-savoir.net\/index.php\/wp-json\/wp\/v2\/comments?post=3176"}],"version-history":[{"count":1,"href":"https:\/\/covid19-a-savoir.net\/index.php\/wp-json\/wp\/v2\/pages\/3176\/revisions"}],"predecessor-version":[{"id":3178,"href":"https:\/\/covid19-a-savoir.net\/index.php\/wp-json\/wp\/v2\/pages\/3176\/revisions\/3178"}],"wp:attachment":[{"href":"https:\/\/covid19-a-savoir.net\/index.php\/wp-json\/wp\/v2\/media?parent=3176"}],"curies":[{"name":"wp","href":"https:\/\/api.w.org\/{rel}","templated":true}]}}