{"id":3165,"date":"2025-01-10T02:08:30","date_gmt":"2025-01-10T02:08:30","guid":{"rendered":"https:\/\/covid19-a-savoir.net\/?page_id=3165"},"modified":"2025-01-10T02:09:12","modified_gmt":"2025-01-10T02:09:12","slug":"voici-10-idees-insolites-pour-vous-inspirer","status":"publish","type":"page","link":"https:\/\/covid19-a-savoir.net\/index.php\/voici-10-idees-insolites-pour-vous-inspirer\/","title":{"rendered":"Voici 10 id\u00e9es insolites pour vous inspirer"},"content":{"rendered":"<div id=\"dslc-theme-content\"><div id=\"dslc-theme-content-inner\">\n<h3 class=\"wp-block-heading\"><strong>1. Dormir dans une cabane suspendue<\/strong><\/h3>\n\n\n\n<p>Passez une nuit dans une cabane perch\u00e9e dans les arbres, entour\u00e9 par la nature, avec une vue imprenable.<\/p>\n\n\n\n<h3 class=\"wp-block-heading\"><strong>2. Organiser un d\u00eener dans le noir<\/strong><\/h3>\n\n\n\n<p>Invitez vos amis pour un d\u00eener o\u00f9 tout se d\u00e9roule dans l&rsquo;obscurit\u00e9 totale. Cela stimulera les autres sens et cr\u00e9era une exp\u00e9rience inoubliable.<\/p>\n\n\n\n<h3 class=\"wp-block-heading\"><strong>3. Participer \u00e0 une chasse au tr\u00e9sor urbaine<\/strong><\/h3>\n\n\n\n<p>Partez \u00e0 l&rsquo;aventure dans votre ville avec des indices et des \u00e9nigmes pour d\u00e9couvrir des endroits cach\u00e9s ou m\u00e9connus.<\/p>\n\n\n\n<h3 class=\"wp-block-heading\"><strong>4. Tester un escape game en r\u00e9alit\u00e9 virtuelle<\/strong><\/h3>\n\n\n\n<p>Combinez l&rsquo;immersion des jeux vid\u00e9o et l&rsquo;intensit\u00e9 d&rsquo;un escape game pour une activit\u00e9 hors du commun.<\/p>\n\n\n\n<h3 class=\"wp-block-heading\"><strong>5. Plonger dans une piscine de balles pour adultes<\/strong><\/h3>\n\n\n\n<p>Replongez en enfance en visitant des lieux d\u00e9di\u00e9s aux adultes avec des piscines de balles g\u00e9antes et color\u00e9es.<\/p>\n\n\n\n<h3 class=\"wp-block-heading\"><strong>6. R\u00e9aliser un portrait avec des fleurs ou des objets recycl\u00e9s<\/strong><\/h3>\n\n\n\n<p>Cr\u00e9ez une \u0153uvre d&rsquo;art en utilisant des mat\u00e9riaux inattendus comme des p\u00e9tales de fleurs ou des pi\u00e8ces de m\u00e9tal.<\/p>\n\n\n\n<h3 class=\"wp-block-heading\"><strong>7. Voyager \u00e0 bord d\u2019un train r\u00e9tro-luxe<\/strong><\/h3>\n\n\n\n<p>Embarquez dans un train ancien am\u00e9nag\u00e9 pour un confort haut de gamme, avec des paysages \u00e0 couper le souffle.<\/p>\n\n\n\n<h3 class=\"wp-block-heading\"><strong>8. Faire du yoga avec des animaux<\/strong><\/h3>\n\n\n\n<p>Participez \u00e0 une s\u00e9ance de yoga avec des ch\u00e8vres, des lamas ou m\u00eame des chats pour une activit\u00e9 relaxante et amusante.<\/p>\n\n\n\n<h3 class=\"wp-block-heading\"><strong>9. Fabriquer votre propre fromage ou chocolat<\/strong><\/h3>\n\n\n\n<p>Apprenez l\u2019art de cr\u00e9er vos propres d\u00e9lices culinaires lors d\u2019un atelier cr\u00e9atif.<\/p>\n\n\n\n<h3 class=\"wp-block-heading\"><strong>10. Observer les \u00e9toiles depuis un igloo en verre<\/strong><\/h3>\n\n\n\n<p>Passez une nuit sous les \u00e9toiles dans un h\u00e9bergement transparent situ\u00e9 dans un lieu isol\u00e9 et loin de la pollution lumineuse.<\/p>\n<\/div><\/div>","protected":false},"excerpt":{"rendered":"<p>1. Dormir dans une cabane suspendue Passez une nuit dans une cabane perch\u00e9e dans les arbres, entour\u00e9 par la nature,&#8230; <a href=\"https:\/\/covid19-a-savoir.net\/index.php\/voici-10-idees-insolites-pour-vous-inspirer\/\" class=\"readmore\">Read more<span class=\"screen-reader-text\">Voici 10 id\u00e9es insolites pour vous inspirer<\/span><span class=\"fa fa-angle-double-right\" aria-hidden=\"true\"><\/span><\/a><\/p>\n","protected":false},"author":1,"featured_media":0,"parent":0,"menu_order":0,"comment_status":"closed","ping_status":"closed","template":"","meta":{"footnotes":""},"yoast_head":"<!-- This site is optimized with the Yoast SEO plugin v23.2 - https:\/\/yoast.com\/wordpress\/plugins\/seo\/ -->\n<title>Voici 10 id\u00e9es insolites pour vous inspirer - Actualit\u00e9s, , .... Apr\u00e8s la p\u00e9riode &quot;covid19&quot;<\/title>\n<meta name=\"robots\" content=\"index, follow, max-snippet:-1, max-image-preview:large, max-video-preview:-1\" \/>\n<link rel=\"canonical\" href=\"https:\/\/covid19-a-savoir.net\/index.php\/voici-10-idees-insolites-pour-vous-inspirer\/\" \/>\n<meta property=\"og:locale\" content=\"fr_FR\" \/>\n<meta property=\"og:type\" content=\"article\" \/>\n<meta property=\"og:title\" content=\"Voici 10 id\u00e9es insolites pour vous inspirer - Actualit\u00e9s, , .... Apr\u00e8s la p\u00e9riode &quot;covid19&quot;\" \/>\n<meta property=\"og:description\" content=\"1. Dormir dans une cabane suspendue Passez une nuit dans une cabane perch\u00e9e dans les arbres, entour\u00e9 par la nature,... Read moreVoici 10 id\u00e9es insolites pour vous inspirer\" \/>\n<meta property=\"og:url\" content=\"https:\/\/covid19-a-savoir.net\/index.php\/voici-10-idees-insolites-pour-vous-inspirer\/\" \/>\n<meta property=\"og:site_name\" content=\"Actualit\u00e9s, , .... Apr\u00e8s la p\u00e9riode &quot;covid19&quot;\" \/>\n<meta property=\"article:modified_time\" content=\"2025-01-10T02:09:12+00:00\" \/>\n<meta name=\"twitter:card\" content=\"summary_large_image\" \/>\n<meta name=\"twitter:label1\" content=\"Dur\u00e9e de lecture estim\u00e9e\" \/>\n\t<meta name=\"twitter:data1\" content=\"2 minutes\" \/>\n<script type=\"application\/ld+json\" class=\"yoast-schema-graph\">{\"@context\":\"https:\/\/schema.org\",\"@graph\":[{\"@type\":\"WebPage\",\"@id\":\"https:\/\/covid19-a-savoir.net\/index.php\/voici-10-idees-insolites-pour-vous-inspirer\/\",\"url\":\"https:\/\/covid19-a-savoir.net\/index.php\/voici-10-idees-insolites-pour-vous-inspirer\/\",\"name\":\"Voici 10 id\u00e9es insolites pour vous inspirer - Actualit\u00e9s, , .... Apr\u00e8s la p\u00e9riode &quot;covid19&quot;\",\"isPartOf\":{\"@id\":\"https:\/\/covid19-a-savoir.net\/#website\"},\"datePublished\":\"2025-01-10T02:08:30+00:00\",\"dateModified\":\"2025-01-10T02:09:12+00:00\",\"breadcrumb\":{\"@id\":\"https:\/\/covid19-a-savoir.net\/index.php\/voici-10-idees-insolites-pour-vous-inspirer\/#breadcrumb\"},\"inLanguage\":\"fr-FR\",\"potentialAction\":[{\"@type\":\"ReadAction\",\"target\":[\"https:\/\/covid19-a-savoir.net\/index.php\/voici-10-idees-insolites-pour-vous-inspirer\/\"]}]},{\"@type\":\"BreadcrumbList\",\"@id\":\"https:\/\/covid19-a-savoir.net\/index.php\/voici-10-idees-insolites-pour-vous-inspirer\/#breadcrumb\",\"itemListElement\":[{\"@type\":\"ListItem\",\"position\":1,\"name\":\"Accueil\",\"item\":\"https:\/\/covid19-a-savoir.net\/\"},{\"@type\":\"ListItem\",\"position\":2,\"name\":\"Voici 10 id\u00e9es insolites pour vous inspirer\"}]},{\"@type\":\"WebSite\",\"@id\":\"https:\/\/covid19-a-savoir.net\/#website\",\"url\":\"https:\/\/covid19-a-savoir.net\/\",\"name\":\"Actualit\u00e9s, , .... Apr\u00e8s la p\u00e9riode &quot;covid19&quot;\",\"description\":\"DES V\u00c9RIT\u00c9S QUI D\u00c9RANGENT\",\"publisher\":{\"@id\":\"https:\/\/covid19-a-savoir.net\/#\/schema\/person\/53265987e4424cc7dde2f857d2b378cf\"},\"potentialAction\":[{\"@type\":\"SearchAction\",\"target\":{\"@type\":\"EntryPoint\",\"urlTemplate\":\"https:\/\/covid19-a-savoir.net\/?s={search_term_string}\"},\"query-input\":\"required name=search_term_string\"}],\"inLanguage\":\"fr-FR\"},{\"@type\":[\"Person\",\"Organization\"],\"@id\":\"https:\/\/covid19-a-savoir.net\/#\/schema\/person\/53265987e4424cc7dde2f857d2b378cf\",\"name\":\"GS\",\"image\":{\"@type\":\"ImageObject\",\"inLanguage\":\"fr-FR\",\"@id\":\"https:\/\/covid19-a-savoir.net\/#\/schema\/person\/image\/\",\"url\":\"https:\/\/covid19-a-savoir.net\/wp-content\/uploads\/2022\/07\/dans-ce-monde-312x312-1.png\",\"contentUrl\":\"https:\/\/covid19-a-savoir.net\/wp-content\/uploads\/2022\/07\/dans-ce-monde-312x312-1.png\",\"width\":312,\"height\":312,\"caption\":\"GS\"},\"logo\":{\"@id\":\"https:\/\/covid19-a-savoir.net\/#\/schema\/person\/image\/\"},\"sameAs\":[\"http:\/\/covid19-a-savoir.net\"]}]}<\/script>\n<!-- \/ Yoast SEO plugin. -->","yoast_head_json":{"title":"Voici 10 id\u00e9es insolites pour vous inspirer - Actualit\u00e9s, , .... Apr\u00e8s la p\u00e9riode &quot;covid19&quot;","robots":{"index":"index","follow":"follow","max-snippet":"max-snippet:-1","max-image-preview":"max-image-preview:large","max-video-preview":"max-video-preview:-1"},"canonical":"https:\/\/covid19-a-savoir.net\/index.php\/voici-10-idees-insolites-pour-vous-inspirer\/","og_locale":"fr_FR","og_type":"article","og_title":"Voici 10 id\u00e9es insolites pour vous inspirer - Actualit\u00e9s, , .... Apr\u00e8s la p\u00e9riode &quot;covid19&quot;","og_description":"1. Dormir dans une cabane suspendue Passez une nuit dans une cabane perch\u00e9e dans les arbres, entour\u00e9 par la nature,... Read moreVoici 10 id\u00e9es insolites pour vous inspirer","og_url":"https:\/\/covid19-a-savoir.net\/index.php\/voici-10-idees-insolites-pour-vous-inspirer\/","og_site_name":"Actualit\u00e9s, , .... Apr\u00e8s la p\u00e9riode &quot;covid19&quot;","article_modified_time":"2025-01-10T02:09:12+00:00","twitter_card":"summary_large_image","twitter_misc":{"Dur\u00e9e de lecture estim\u00e9e":"2 minutes"},"schema":{"@context":"https:\/\/schema.org","@graph":[{"@type":"WebPage","@id":"https:\/\/covid19-a-savoir.net\/index.php\/voici-10-idees-insolites-pour-vous-inspirer\/","url":"https:\/\/covid19-a-savoir.net\/index.php\/voici-10-idees-insolites-pour-vous-inspirer\/","name":"Voici 10 id\u00e9es insolites pour vous inspirer - Actualit\u00e9s, , .... Apr\u00e8s la p\u00e9riode &quot;covid19&quot;","isPartOf":{"@id":"https:\/\/covid19-a-savoir.net\/#website"},"datePublished":"2025-01-10T02:08:30+00:00","dateModified":"2025-01-10T02:09:12+00:00","breadcrumb":{"@id":"https:\/\/covid19-a-savoir.net\/index.php\/voici-10-idees-insolites-pour-vous-inspirer\/#breadcrumb"},"inLanguage":"fr-FR","potentialAction":[{"@type":"ReadAction","target":["https:\/\/covid19-a-savoir.net\/index.php\/voici-10-idees-insolites-pour-vous-inspirer\/"]}]},{"@type":"BreadcrumbList","@id":"https:\/\/covid19-a-savoir.net\/index.php\/voici-10-idees-insolites-pour-vous-inspirer\/#breadcrumb","itemListElement":[{"@type":"ListItem","position":1,"name":"Accueil","item":"https:\/\/covid19-a-savoir.net\/"},{"@type":"ListItem","position":2,"name":"Voici 10 id\u00e9es insolites pour vous inspirer"}]},{"@type":"WebSite","@id":"https:\/\/covid19-a-savoir.net\/#website","url":"https:\/\/covid19-a-savoir.net\/","name":"Actualit\u00e9s, , .... Apr\u00e8s la p\u00e9riode &quot;covid19&quot;","description":"DES V\u00c9RIT\u00c9S QUI D\u00c9RANGENT","publisher":{"@id":"https:\/\/covid19-a-savoir.net\/#\/schema\/person\/53265987e4424cc7dde2f857d2b378cf"},"potentialAction":[{"@type":"SearchAction","target":{"@type":"EntryPoint","urlTemplate":"https:\/\/covid19-a-savoir.net\/?s={search_term_string}"},"query-input":"required name=search_term_string"}],"inLanguage":"fr-FR"},{"@type":["Person","Organization"],"@id":"https:\/\/covid19-a-savoir.net\/#\/schema\/person\/53265987e4424cc7dde2f857d2b378cf","name":"GS","image":{"@type":"ImageObject","inLanguage":"fr-FR","@id":"https:\/\/covid19-a-savoir.net\/#\/schema\/person\/image\/","url":"https:\/\/covid19-a-savoir.net\/wp-content\/uploads\/2022\/07\/dans-ce-monde-312x312-1.png","contentUrl":"https:\/\/covid19-a-savoir.net\/wp-content\/uploads\/2022\/07\/dans-ce-monde-312x312-1.png","width":312,"height":312,"caption":"GS"},"logo":{"@id":"https:\/\/covid19-a-savoir.net\/#\/schema\/person\/image\/"},"sameAs":["http:\/\/covid19-a-savoir.net"]}]}},"jetpack_sharing_enabled":true,"_links":{"self":[{"href":"https:\/\/covid19-a-savoir.net\/index.php\/wp-json\/wp\/v2\/pages\/3165"}],"collection":[{"href":"https:\/\/covid19-a-savoir.net\/index.php\/wp-json\/wp\/v2\/pages"}],"about":[{"href":"https:\/\/covid19-a-savoir.net\/index.php\/wp-json\/wp\/v2\/types\/page"}],"author":[{"embeddable":true,"href":"https:\/\/covid19-a-savoir.net\/index.php\/wp-json\/wp\/v2\/users\/1"}],"replies":[{"embeddable":true,"href":"https:\/\/covid19-a-savoir.net\/index.php\/wp-json\/wp\/v2\/comments?post=3165"}],"version-history":[{"count":2,"href":"https:\/\/covid19-a-savoir.net\/index.php\/wp-json\/wp\/v2\/pages\/3165\/revisions"}],"predecessor-version":[{"id":3170,"href":"https:\/\/covid19-a-savoir.net\/index.php\/wp-json\/wp\/v2\/pages\/3165\/revisions\/3170"}],"wp:attachment":[{"href":"https:\/\/covid19-a-savoir.net\/index.php\/wp-json\/wp\/v2\/media?parent=3165"}],"curies":[{"name":"wp","href":"https:\/\/api.w.org\/{rel}","templated":true}]}}