{"id":2575,"date":"2023-03-17T10:53:01","date_gmt":"2023-03-17T10:53:01","guid":{"rendered":"https:\/\/covid19-a-savoir.net\/?page_id=2575"},"modified":"2023-03-17T10:57:10","modified_gmt":"2023-03-17T10:57:10","slug":"la-solitude-avantages-et-inconvenients","status":"publish","type":"page","link":"https:\/\/covid19-a-savoir.net\/index.php\/la-solitude-avantages-et-inconvenients\/","title":{"rendered":"la solitude avantages et inconv\u00e9nients"},"content":{"rendered":"<div id=\"dslc-theme-content\"><div id=\"dslc-theme-content-inner\">\n<div class=\"wp-block-columns is-layout-flex wp-container-core-columns-is-layout-1 wp-block-columns-is-layout-flex\">\n<div class=\"wp-block-column is-layout-flow wp-block-column-is-layout-flow\">\n<figure class=\"wp-block-image size-large is-style-rounded\"><img fetchpriority=\"high\" decoding=\"async\" width=\"1024\" height=\"1024\" src=\"https:\/\/covid19-a-savoir.net\/wp-content\/uploads\/2023\/03\/La-solitude-1024x1024.png\" alt=\"\" class=\"wp-image-2578\" srcset=\"https:\/\/covid19-a-savoir.net\/wp-content\/uploads\/2023\/03\/La-solitude-1024x1024.png 1024w, https:\/\/covid19-a-savoir.net\/wp-content\/uploads\/2023\/03\/La-solitude-300x300.png 300w, https:\/\/covid19-a-savoir.net\/wp-content\/uploads\/2023\/03\/La-solitude-150x150.png 150w, https:\/\/covid19-a-savoir.net\/wp-content\/uploads\/2023\/03\/La-solitude-768x768.png 768w, https:\/\/covid19-a-savoir.net\/wp-content\/uploads\/2023\/03\/La-solitude-80x80.png 80w, https:\/\/covid19-a-savoir.net\/wp-content\/uploads\/2023\/03\/La-solitude-320x320.png 320w, https:\/\/covid19-a-savoir.net\/wp-content\/uploads\/2023\/03\/La-solitude.png 1080w\" sizes=\"(max-width: 1024px) 100vw, 1024px\" \/><\/figure>\n<\/div>\n\n\n\n<div class=\"wp-block-column is-layout-flow wp-block-column-is-layout-flow\"><\/div>\n<\/div>\n\n\n\n<p>La solitude peut \u00eatre \u00e0 la fois avantageuse et difficile. Voici quelques avantages et inconv\u00e9nients de la solitude :<\/p>\n\n\n\n<p>Avantages :<\/p>\n\n\n\n<ol><li>Temps et espace pour se concentrer sur soi-m\u00eame : La solitude peut offrir un temps et un espace pour se concentrer sur soi-m\u00eame, pour r\u00e9fl\u00e9chir, se d\u00e9tendre, ou faire des activit\u00e9s qui nous plaisent.<\/li><li>D\u00e9veloppement de la cr\u00e9ativit\u00e9 : La solitude peut \u00eatre une source d&rsquo;inspiration pour la cr\u00e9ativit\u00e9, car elle offre un environnement calme pour explorer de nouvelles id\u00e9es et exprimer sa cr\u00e9ativit\u00e9.<\/li><li>Augmentation de l&rsquo;ind\u00e9pendance : La solitude peut aider \u00e0 d\u00e9velopper l&rsquo;ind\u00e9pendance, car elle encourage \u00e0 trouver des solutions et des moyens de divertissement par soi-m\u00eame.<\/li><li>R\u00e9duction du stress : La solitude peut aider \u00e0 r\u00e9duire le stress et l&rsquo;anxi\u00e9t\u00e9 en offrant un environnement calme et paisible pour se d\u00e9tendre et se reposer.<\/li><\/ol>\n\n\n\n<p>Inconv\u00e9nients :<\/p>\n\n\n\n<ol><li>Risque de d\u00e9pression et d&rsquo;isolement social : La solitude prolong\u00e9e peut augmenter le risque de d\u00e9pression et d&rsquo;isolement social, qui peut \u00e0 leur tour affecter la sant\u00e9 mentale et physique.<\/li><li>Sentiment de solitude et d&rsquo;ennui : La solitude peut causer un sentiment de solitude et d&rsquo;ennui, surtout si elle est prolong\u00e9e et non choisie.<\/li><li>Difficult\u00e9 \u00e0 se connecter avec les autres : La solitude prolong\u00e9e peut rendre difficile la connexion avec les autres, la communication et les relations sociales.<\/li><li>D\u00e9veloppement de comportements compulsifs : La solitude peut encourager \u00e0 des comportements compulsifs tels que la consommation excessive d&rsquo;alcool, la consommation de drogues, ou la consommation excessive de nourriture, en l&rsquo;absence de soutien social.<\/li><\/ol>\n\n\n\n<p>En fin de compte, la solitude peut offrir un temps et un espace pour se concentrer sur soi-m\u00eame, d\u00e9velopper la cr\u00e9ativit\u00e9, augmenter l&rsquo;ind\u00e9pendance et r\u00e9duire le stress. Cependant, la solitude prolong\u00e9e peut \u00e9galement entra\u00eener des risques pour la sant\u00e9 mentale et physique tels que la d\u00e9pression et l&rsquo;isolement social, ainsi que des difficult\u00e9s \u00e0 se connecter avec les autres et \u00e0 d\u00e9velopper des relations sociales significatives.<\/p>\n\n\n\n<div class=\"wp-block-columns is-layout-flex wp-container-core-columns-is-layout-2 wp-block-columns-is-layout-flex\">\n<div class=\"wp-block-column is-layout-flow wp-block-column-is-layout-flow\">\n<figure class=\"wp-block-embed is-type-wp-embed is-provider-nos-seniors wp-block-embed-nos-seniors\"><div class=\"wp-block-embed__wrapper\">\n<blockquote class=\"wp-embedded-content\" data-secret=\"1Mz08Rv3WY\"><a href=\"https:\/\/nosseniors.com\/la-solitude\/\">la solitude<\/a><\/blockquote><iframe class=\"wp-embedded-content\" sandbox=\"allow-scripts\" security=\"restricted\" style=\"position: absolute; clip: rect(1px, 1px, 1px, 1px);\" title=\"\u00ab\u00a0la solitude\u00a0\u00bb &#8212; \" src=\"https:\/\/nosseniors.com\/la-solitude\/embed\/#?secret=TwYp7a3n6v#?secret=1Mz08Rv3WY\" data-secret=\"1Mz08Rv3WY\" width=\"600\" height=\"338\" frameborder=\"0\" marginwidth=\"0\" marginheight=\"0\" scrolling=\"no\"><\/iframe>\n<\/div><\/figure>\n<\/div>\n\n\n\n<div class=\"wp-block-column is-layout-flow wp-block-column-is-layout-flow\">\n<figure class=\"wp-block-embed is-type-wp-embed is-provider-didier-bonheur wp-block-embed-didier-bonheur\"><div class=\"wp-block-embed__wrapper\">\n<blockquote class=\"wp-embedded-content\" data-secret=\"vvG6aIy159\"><a href=\"https:\/\/didierbonheur.com\/la-puissance-de-la-solitude\/\">La puissance de la solitude<\/a><\/blockquote><iframe class=\"wp-embedded-content\" sandbox=\"allow-scripts\" security=\"restricted\" style=\"position: absolute; clip: rect(1px, 1px, 1px, 1px);\" title=\"\u00ab\u00a0La puissance de la solitude\u00a0\u00bb &#8212; Didier Bonheur\" src=\"https:\/\/didierbonheur.com\/la-puissance-de-la-solitude\/embed\/#?secret=oyJKtChSNn#?secret=vvG6aIy159\" data-secret=\"vvG6aIy159\" width=\"600\" height=\"338\" frameborder=\"0\" marginwidth=\"0\" marginheight=\"0\" scrolling=\"no\"><\/iframe>\n<\/div><\/figure>\n<\/div>\n<\/div>\n\n\n\n<div class=\"wp-block-columns is-layout-flex wp-container-core-columns-is-layout-3 wp-block-columns-is-layout-flex\">\n<div class=\"wp-block-column is-layout-flow wp-block-column-is-layout-flow\">\n<figure class=\"wp-block-embed is-type-wp-embed is-provider-didier-bonheur wp-block-embed-didier-bonheur\"><div class=\"wp-block-embed__wrapper\">\n<blockquote class=\"wp-embedded-content\" data-secret=\"avQiwbCCQI\"><a href=\"https:\/\/didierbonheur.com\/face-a-la-solitude-osons-vivre-nos-convictions\/\">Face \u00e0 la SOLITUDE, osons vivre nos convictions<\/a><\/blockquote><iframe class=\"wp-embedded-content\" sandbox=\"allow-scripts\" security=\"restricted\" style=\"position: absolute; clip: rect(1px, 1px, 1px, 1px);\" title=\"\u00ab\u00a0Face \u00e0 la SOLITUDE, osons vivre nos convictions\u00a0\u00bb &#8212; Didier Bonheur\" src=\"https:\/\/didierbonheur.com\/face-a-la-solitude-osons-vivre-nos-convictions\/embed\/#?secret=YUSLZ03j9b#?secret=avQiwbCCQI\" data-secret=\"avQiwbCCQI\" width=\"600\" height=\"338\" frameborder=\"0\" marginwidth=\"0\" marginheight=\"0\" scrolling=\"no\"><\/iframe>\n<\/div><\/figure>\n<\/div>\n\n\n\n<div class=\"wp-block-column is-layout-flow wp-block-column-is-layout-flow\">\n<figure class=\"wp-block-embed is-type-wp-embed is-provider-alta-vita-com wp-block-embed-alta-vita-com\"><div class=\"wp-block-embed__wrapper\">\n<blockquote class=\"wp-embedded-content\" data-secret=\"0bjeK6L9ft\"><a href=\"https:\/\/alta-vita.com\/rompre-avec-la-solitude-grace-a-la-pnl\/\">Rompre avec la solitude gr\u00e2ce \u00e0 la PNL<\/a><\/blockquote><iframe class=\"wp-embedded-content\" sandbox=\"allow-scripts\" security=\"restricted\" style=\"position: absolute; clip: rect(1px, 1px, 1px, 1px);\" title=\"\u00ab\u00a0Rompre avec la solitude gr\u00e2ce \u00e0 la PNL\u00a0\u00bb &#8212; alta-vita.com   \u2013 Vivez la Grande Vie, chaque jour.\" src=\"https:\/\/alta-vita.com\/rompre-avec-la-solitude-grace-a-la-pnl\/embed\/#?secret=0kfqsXZ7j7#?secret=0bjeK6L9ft\" data-secret=\"0bjeK6L9ft\" width=\"600\" height=\"338\" frameborder=\"0\" marginwidth=\"0\" marginheight=\"0\" scrolling=\"no\"><\/iframe>\n<\/div><\/figure>\n<\/div>\n<\/div>\n<\/div><\/div>","protected":false},"excerpt":{"rendered":"<p>La solitude peut \u00eatre \u00e0 la fois avantageuse et difficile. Voici quelques avantages et inconv\u00e9nients de la solitude : Avantages&#8230; <a href=\"https:\/\/covid19-a-savoir.net\/index.php\/la-solitude-avantages-et-inconvenients\/\" class=\"readmore\">Read more<span class=\"screen-reader-text\">la solitude avantages et inconv\u00e9nients<\/span><span class=\"fa fa-angle-double-right\" aria-hidden=\"true\"><\/span><\/a><\/p>\n","protected":false},"author":1,"featured_media":0,"parent":0,"menu_order":0,"comment_status":"closed","ping_status":"closed","template":"","meta":{"footnotes":""},"yoast_head":"<!-- This site is optimized with the Yoast SEO plugin v23.2 - https:\/\/yoast.com\/wordpress\/plugins\/seo\/ -->\n<title>la solitude avantages et inconv\u00e9nients - Actualit\u00e9s, , .... Apr\u00e8s la p\u00e9riode &quot;covid19&quot;<\/title>\n<meta name=\"robots\" content=\"index, follow, max-snippet:-1, max-image-preview:large, max-video-preview:-1\" \/>\n<link rel=\"canonical\" href=\"https:\/\/covid19-a-savoir.net\/index.php\/la-solitude-avantages-et-inconvenients\/\" \/>\n<meta property=\"og:locale\" content=\"fr_FR\" \/>\n<meta property=\"og:type\" content=\"article\" \/>\n<meta property=\"og:title\" content=\"la solitude avantages et inconv\u00e9nients - Actualit\u00e9s, , .... Apr\u00e8s la p\u00e9riode &quot;covid19&quot;\" \/>\n<meta property=\"og:description\" content=\"La solitude peut \u00eatre \u00e0 la fois avantageuse et difficile. Voici quelques avantages et inconv\u00e9nients de la solitude : Avantages... Read morela solitude avantages et inconv\u00e9nients\" \/>\n<meta property=\"og:url\" content=\"https:\/\/covid19-a-savoir.net\/index.php\/la-solitude-avantages-et-inconvenients\/\" \/>\n<meta property=\"og:site_name\" content=\"Actualit\u00e9s, , .... Apr\u00e8s la p\u00e9riode &quot;covid19&quot;\" \/>\n<meta property=\"article:modified_time\" content=\"2023-03-17T10:57:10+00:00\" \/>\n<meta property=\"og:image\" content=\"https:\/\/covid19-a-savoir.net\/wp-content\/uploads\/2023\/03\/La-solitude-1024x1024.png\" \/>\n<meta name=\"twitter:card\" content=\"summary_large_image\" \/>\n<meta name=\"twitter:label1\" content=\"Dur\u00e9e de lecture estim\u00e9e\" \/>\n\t<meta name=\"twitter:data1\" content=\"2 minutes\" \/>\n<script type=\"application\/ld+json\" class=\"yoast-schema-graph\">{\"@context\":\"https:\/\/schema.org\",\"@graph\":[{\"@type\":\"WebPage\",\"@id\":\"https:\/\/covid19-a-savoir.net\/index.php\/la-solitude-avantages-et-inconvenients\/\",\"url\":\"https:\/\/covid19-a-savoir.net\/index.php\/la-solitude-avantages-et-inconvenients\/\",\"name\":\"la solitude avantages et inconv\u00e9nients - Actualit\u00e9s, , .... Apr\u00e8s la p\u00e9riode &quot;covid19&quot;\",\"isPartOf\":{\"@id\":\"https:\/\/covid19-a-savoir.net\/#website\"},\"primaryImageOfPage\":{\"@id\":\"https:\/\/covid19-a-savoir.net\/index.php\/la-solitude-avantages-et-inconvenients\/#primaryimage\"},\"image\":{\"@id\":\"https:\/\/covid19-a-savoir.net\/index.php\/la-solitude-avantages-et-inconvenients\/#primaryimage\"},\"thumbnailUrl\":\"https:\/\/covid19-a-savoir.net\/wp-content\/uploads\/2023\/03\/La-solitude-1024x1024.png\",\"datePublished\":\"2023-03-17T10:53:01+00:00\",\"dateModified\":\"2023-03-17T10:57:10+00:00\",\"breadcrumb\":{\"@id\":\"https:\/\/covid19-a-savoir.net\/index.php\/la-solitude-avantages-et-inconvenients\/#breadcrumb\"},\"inLanguage\":\"fr-FR\",\"potentialAction\":[{\"@type\":\"ReadAction\",\"target\":[\"https:\/\/covid19-a-savoir.net\/index.php\/la-solitude-avantages-et-inconvenients\/\"]}]},{\"@type\":\"ImageObject\",\"inLanguage\":\"fr-FR\",\"@id\":\"https:\/\/covid19-a-savoir.net\/index.php\/la-solitude-avantages-et-inconvenients\/#primaryimage\",\"url\":\"https:\/\/covid19-a-savoir.net\/wp-content\/uploads\/2023\/03\/La-solitude.png\",\"contentUrl\":\"https:\/\/covid19-a-savoir.net\/wp-content\/uploads\/2023\/03\/La-solitude.png\",\"width\":1080,\"height\":1080},{\"@type\":\"BreadcrumbList\",\"@id\":\"https:\/\/covid19-a-savoir.net\/index.php\/la-solitude-avantages-et-inconvenients\/#breadcrumb\",\"itemListElement\":[{\"@type\":\"ListItem\",\"position\":1,\"name\":\"Accueil\",\"item\":\"https:\/\/covid19-a-savoir.net\/\"},{\"@type\":\"ListItem\",\"position\":2,\"name\":\"la solitude avantages et inconv\u00e9nients\"}]},{\"@type\":\"WebSite\",\"@id\":\"https:\/\/covid19-a-savoir.net\/#website\",\"url\":\"https:\/\/covid19-a-savoir.net\/\",\"name\":\"Actualit\u00e9s, , .... Apr\u00e8s la p\u00e9riode &quot;covid19&quot;\",\"description\":\"DES V\u00c9RIT\u00c9S QUI D\u00c9RANGENT\",\"publisher\":{\"@id\":\"https:\/\/covid19-a-savoir.net\/#\/schema\/person\/53265987e4424cc7dde2f857d2b378cf\"},\"potentialAction\":[{\"@type\":\"SearchAction\",\"target\":{\"@type\":\"EntryPoint\",\"urlTemplate\":\"https:\/\/covid19-a-savoir.net\/?s={search_term_string}\"},\"query-input\":\"required name=search_term_string\"}],\"inLanguage\":\"fr-FR\"},{\"@type\":[\"Person\",\"Organization\"],\"@id\":\"https:\/\/covid19-a-savoir.net\/#\/schema\/person\/53265987e4424cc7dde2f857d2b378cf\",\"name\":\"GS\",\"image\":{\"@type\":\"ImageObject\",\"inLanguage\":\"fr-FR\",\"@id\":\"https:\/\/covid19-a-savoir.net\/#\/schema\/person\/image\/\",\"url\":\"https:\/\/covid19-a-savoir.net\/wp-content\/uploads\/2022\/07\/dans-ce-monde-312x312-1.png\",\"contentUrl\":\"https:\/\/covid19-a-savoir.net\/wp-content\/uploads\/2022\/07\/dans-ce-monde-312x312-1.png\",\"width\":312,\"height\":312,\"caption\":\"GS\"},\"logo\":{\"@id\":\"https:\/\/covid19-a-savoir.net\/#\/schema\/person\/image\/\"},\"sameAs\":[\"http:\/\/covid19-a-savoir.net\"]}]}<\/script>\n<!-- \/ Yoast SEO plugin. -->","yoast_head_json":{"title":"la solitude avantages et inconv\u00e9nients - Actualit\u00e9s, , .... Apr\u00e8s la p\u00e9riode &quot;covid19&quot;","robots":{"index":"index","follow":"follow","max-snippet":"max-snippet:-1","max-image-preview":"max-image-preview:large","max-video-preview":"max-video-preview:-1"},"canonical":"https:\/\/covid19-a-savoir.net\/index.php\/la-solitude-avantages-et-inconvenients\/","og_locale":"fr_FR","og_type":"article","og_title":"la solitude avantages et inconv\u00e9nients - Actualit\u00e9s, , .... Apr\u00e8s la p\u00e9riode &quot;covid19&quot;","og_description":"La solitude peut \u00eatre \u00e0 la fois avantageuse et difficile. Voici quelques avantages et inconv\u00e9nients de la solitude : Avantages... Read morela solitude avantages et inconv\u00e9nients","og_url":"https:\/\/covid19-a-savoir.net\/index.php\/la-solitude-avantages-et-inconvenients\/","og_site_name":"Actualit\u00e9s, , .... Apr\u00e8s la p\u00e9riode &quot;covid19&quot;","article_modified_time":"2023-03-17T10:57:10+00:00","og_image":[{"url":"https:\/\/covid19-a-savoir.net\/wp-content\/uploads\/2023\/03\/La-solitude-1024x1024.png"}],"twitter_card":"summary_large_image","twitter_misc":{"Dur\u00e9e de lecture estim\u00e9e":"2 minutes"},"schema":{"@context":"https:\/\/schema.org","@graph":[{"@type":"WebPage","@id":"https:\/\/covid19-a-savoir.net\/index.php\/la-solitude-avantages-et-inconvenients\/","url":"https:\/\/covid19-a-savoir.net\/index.php\/la-solitude-avantages-et-inconvenients\/","name":"la solitude avantages et inconv\u00e9nients - Actualit\u00e9s, , .... Apr\u00e8s la p\u00e9riode &quot;covid19&quot;","isPartOf":{"@id":"https:\/\/covid19-a-savoir.net\/#website"},"primaryImageOfPage":{"@id":"https:\/\/covid19-a-savoir.net\/index.php\/la-solitude-avantages-et-inconvenients\/#primaryimage"},"image":{"@id":"https:\/\/covid19-a-savoir.net\/index.php\/la-solitude-avantages-et-inconvenients\/#primaryimage"},"thumbnailUrl":"https:\/\/covid19-a-savoir.net\/wp-content\/uploads\/2023\/03\/La-solitude-1024x1024.png","datePublished":"2023-03-17T10:53:01+00:00","dateModified":"2023-03-17T10:57:10+00:00","breadcrumb":{"@id":"https:\/\/covid19-a-savoir.net\/index.php\/la-solitude-avantages-et-inconvenients\/#breadcrumb"},"inLanguage":"fr-FR","potentialAction":[{"@type":"ReadAction","target":["https:\/\/covid19-a-savoir.net\/index.php\/la-solitude-avantages-et-inconvenients\/"]}]},{"@type":"ImageObject","inLanguage":"fr-FR","@id":"https:\/\/covid19-a-savoir.net\/index.php\/la-solitude-avantages-et-inconvenients\/#primaryimage","url":"https:\/\/covid19-a-savoir.net\/wp-content\/uploads\/2023\/03\/La-solitude.png","contentUrl":"https:\/\/covid19-a-savoir.net\/wp-content\/uploads\/2023\/03\/La-solitude.png","width":1080,"height":1080},{"@type":"BreadcrumbList","@id":"https:\/\/covid19-a-savoir.net\/index.php\/la-solitude-avantages-et-inconvenients\/#breadcrumb","itemListElement":[{"@type":"ListItem","position":1,"name":"Accueil","item":"https:\/\/covid19-a-savoir.net\/"},{"@type":"ListItem","position":2,"name":"la solitude avantages et inconv\u00e9nients"}]},{"@type":"WebSite","@id":"https:\/\/covid19-a-savoir.net\/#website","url":"https:\/\/covid19-a-savoir.net\/","name":"Actualit\u00e9s, , .... Apr\u00e8s la p\u00e9riode &quot;covid19&quot;","description":"DES V\u00c9RIT\u00c9S QUI D\u00c9RANGENT","publisher":{"@id":"https:\/\/covid19-a-savoir.net\/#\/schema\/person\/53265987e4424cc7dde2f857d2b378cf"},"potentialAction":[{"@type":"SearchAction","target":{"@type":"EntryPoint","urlTemplate":"https:\/\/covid19-a-savoir.net\/?s={search_term_string}"},"query-input":"required name=search_term_string"}],"inLanguage":"fr-FR"},{"@type":["Person","Organization"],"@id":"https:\/\/covid19-a-savoir.net\/#\/schema\/person\/53265987e4424cc7dde2f857d2b378cf","name":"GS","image":{"@type":"ImageObject","inLanguage":"fr-FR","@id":"https:\/\/covid19-a-savoir.net\/#\/schema\/person\/image\/","url":"https:\/\/covid19-a-savoir.net\/wp-content\/uploads\/2022\/07\/dans-ce-monde-312x312-1.png","contentUrl":"https:\/\/covid19-a-savoir.net\/wp-content\/uploads\/2022\/07\/dans-ce-monde-312x312-1.png","width":312,"height":312,"caption":"GS"},"logo":{"@id":"https:\/\/covid19-a-savoir.net\/#\/schema\/person\/image\/"},"sameAs":["http:\/\/covid19-a-savoir.net"]}]}},"jetpack_sharing_enabled":true,"_links":{"self":[{"href":"https:\/\/covid19-a-savoir.net\/index.php\/wp-json\/wp\/v2\/pages\/2575"}],"collection":[{"href":"https:\/\/covid19-a-savoir.net\/index.php\/wp-json\/wp\/v2\/pages"}],"about":[{"href":"https:\/\/covid19-a-savoir.net\/index.php\/wp-json\/wp\/v2\/types\/page"}],"author":[{"embeddable":true,"href":"https:\/\/covid19-a-savoir.net\/index.php\/wp-json\/wp\/v2\/users\/1"}],"replies":[{"embeddable":true,"href":"https:\/\/covid19-a-savoir.net\/index.php\/wp-json\/wp\/v2\/comments?post=2575"}],"version-history":[{"count":2,"href":"https:\/\/covid19-a-savoir.net\/index.php\/wp-json\/wp\/v2\/pages\/2575\/revisions"}],"predecessor-version":[{"id":2579,"href":"https:\/\/covid19-a-savoir.net\/index.php\/wp-json\/wp\/v2\/pages\/2575\/revisions\/2579"}],"wp:attachment":[{"href":"https:\/\/covid19-a-savoir.net\/index.php\/wp-json\/wp\/v2\/media?parent=2575"}],"curies":[{"name":"wp","href":"https:\/\/api.w.org\/{rel}","templated":true}]}}