{"id":2528,"date":"2023-03-12T22:08:04","date_gmt":"2023-03-12T22:08:04","guid":{"rendered":"https:\/\/covid19-a-savoir.net\/?page_id=2528"},"modified":"2023-03-12T22:08:06","modified_gmt":"2023-03-12T22:08:06","slug":"les-raisons-qui-poussent-un-adolescent-a-etre-rebelle","status":"publish","type":"page","link":"https:\/\/covid19-a-savoir.net\/index.php\/les-raisons-qui-poussent-un-adolescent-a-etre-rebelle\/","title":{"rendered":"Les raisons qui poussent un adolescent \u00e0 \u00eatre rebelle"},"content":{"rendered":"<div id=\"dslc-theme-content\"><div id=\"dslc-theme-content-inner\">\n<div class=\"wp-block-columns is-layout-flex wp-container-core-columns-is-layout-1 wp-block-columns-is-layout-flex\">\n<div class=\"wp-block-column is-layout-flow wp-block-column-is-layout-flow\">\n<figure class=\"wp-block-image size-large\"><img fetchpriority=\"high\" decoding=\"async\" width=\"1024\" height=\"1024\" src=\"https:\/\/covid19-a-savoir.net\/wp-content\/uploads\/2023\/03\/Les-raisons-qui-poussent-un-adolescent-a-etre-rebelle-1024x1024.png\" alt=\"\" class=\"wp-image-2529\" srcset=\"https:\/\/covid19-a-savoir.net\/wp-content\/uploads\/2023\/03\/Les-raisons-qui-poussent-un-adolescent-a-etre-rebelle-1024x1024.png 1024w, https:\/\/covid19-a-savoir.net\/wp-content\/uploads\/2023\/03\/Les-raisons-qui-poussent-un-adolescent-a-etre-rebelle-300x300.png 300w, https:\/\/covid19-a-savoir.net\/wp-content\/uploads\/2023\/03\/Les-raisons-qui-poussent-un-adolescent-a-etre-rebelle-150x150.png 150w, https:\/\/covid19-a-savoir.net\/wp-content\/uploads\/2023\/03\/Les-raisons-qui-poussent-un-adolescent-a-etre-rebelle-768x768.png 768w, https:\/\/covid19-a-savoir.net\/wp-content\/uploads\/2023\/03\/Les-raisons-qui-poussent-un-adolescent-a-etre-rebelle-80x80.png 80w, https:\/\/covid19-a-savoir.net\/wp-content\/uploads\/2023\/03\/Les-raisons-qui-poussent-un-adolescent-a-etre-rebelle-320x320.png 320w, https:\/\/covid19-a-savoir.net\/wp-content\/uploads\/2023\/03\/Les-raisons-qui-poussent-un-adolescent-a-etre-rebelle.png 1080w\" sizes=\"(max-width: 1024px) 100vw, 1024px\" \/><\/figure>\n<\/div>\n\n\n\n<div class=\"wp-block-column is-layout-flow wp-block-column-is-layout-flow\"><\/div>\n<\/div>\n\n\n\n<p>Il existe plusieurs raisons qui peuvent pousser un adolescent \u00e0 \u00eatre rebelle. Voici quelques exemples :<\/p>\n\n\n\n<ol><li>La qu\u00eate d&rsquo;identit\u00e9 : l&rsquo;adolescence est une p\u00e9riode de transition o\u00f9 les jeunes cherchent \u00e0 se construire une identit\u00e9 propre et \u00e0 se d\u00e9marquer de leurs parents et de leur environnement familial.<\/li><li>La pression des pairs : les adolescents sont souvent influenc\u00e9s par leurs pairs et peuvent \u00eatre encourag\u00e9s \u00e0 adopter des comportements rebelles pour \u00eatre accept\u00e9s et int\u00e9gr\u00e9s \u00e0 leur groupe d&rsquo;amis.<\/li><li>Les troubles \u00e9motionnels : les adolescents peuvent \u00eatre confront\u00e9s \u00e0 des troubles \u00e9motionnels tels que l&rsquo;anxi\u00e9t\u00e9, la d\u00e9pression ou la col\u00e8re, qui peuvent les amener \u00e0 adopter des comportements rebelles pour exprimer leur malaise.<\/li><li>Le besoin d&rsquo;ind\u00e9pendance : les adolescents cherchent souvent \u00e0 devenir plus ind\u00e9pendants et \u00e0 prendre leurs propres d\u00e9cisions, ce qui peut entra\u00eener des conflits avec leurs parents et les pousser \u00e0 adopter des comportements rebelles.<\/li><li>Les frustrations : les adolescents peuvent \u00eatre frustr\u00e9s par des situations ou des \u00e9v\u00e9nements qu&rsquo;ils ne peuvent pas contr\u00f4ler, ce qui peut les amener \u00e0 adopter des comportements rebelles pour exprimer leur m\u00e9contentement.<\/li><li>Les probl\u00e8mes familiaux : des probl\u00e8mes familiaux tels que la s\u00e9paration des parents, le divorce ou des conflits familiaux peuvent affecter les adolescents et les pousser \u00e0 adopter des comportements rebelles pour faire face \u00e0 leurs difficult\u00e9s.<\/li><\/ol>\n\n\n\n<p>Il est important de noter que l&rsquo;adolescence est une p\u00e9riode complexe et que les raisons qui poussent les jeunes \u00e0 \u00eatre rebelles peuvent varier d&rsquo;un individu \u00e0 l&rsquo;autre. Il est essentiel d&rsquo;\u00e9couter et de comprendre les adolescents pour mieux les accompagner dans leur d\u00e9veloppement.<\/p>\n<\/div><\/div>","protected":false},"excerpt":{"rendered":"<p>Il existe plusieurs raisons qui peuvent pousser un adolescent \u00e0 \u00eatre rebelle. Voici quelques exemples : La qu\u00eate d&rsquo;identit\u00e9 :&#8230; <a href=\"https:\/\/covid19-a-savoir.net\/index.php\/les-raisons-qui-poussent-un-adolescent-a-etre-rebelle\/\" class=\"readmore\">Read more<span class=\"screen-reader-text\">Les raisons qui poussent un adolescent \u00e0 \u00eatre rebelle<\/span><span class=\"fa fa-angle-double-right\" aria-hidden=\"true\"><\/span><\/a><\/p>\n","protected":false},"author":1,"featured_media":0,"parent":0,"menu_order":0,"comment_status":"closed","ping_status":"closed","template":"","meta":{"footnotes":""},"yoast_head":"<!-- This site is optimized with the Yoast SEO plugin v23.2 - https:\/\/yoast.com\/wordpress\/plugins\/seo\/ -->\n<title>Les raisons qui poussent un adolescent \u00e0 \u00eatre rebelle - Actualit\u00e9s, , .... Apr\u00e8s la p\u00e9riode &quot;covid19&quot;<\/title>\n<meta name=\"robots\" content=\"index, follow, max-snippet:-1, max-image-preview:large, max-video-preview:-1\" \/>\n<link rel=\"canonical\" href=\"https:\/\/covid19-a-savoir.net\/index.php\/les-raisons-qui-poussent-un-adolescent-a-etre-rebelle\/\" \/>\n<meta property=\"og:locale\" content=\"fr_FR\" \/>\n<meta property=\"og:type\" content=\"article\" \/>\n<meta property=\"og:title\" content=\"Les raisons qui poussent un adolescent \u00e0 \u00eatre rebelle - Actualit\u00e9s, , .... Apr\u00e8s la p\u00e9riode &quot;covid19&quot;\" \/>\n<meta property=\"og:description\" content=\"Il existe plusieurs raisons qui peuvent pousser un adolescent \u00e0 \u00eatre rebelle. Voici quelques exemples : La qu\u00eate d&rsquo;identit\u00e9 :... Read moreLes raisons qui poussent un adolescent \u00e0 \u00eatre rebelle\" \/>\n<meta property=\"og:url\" content=\"https:\/\/covid19-a-savoir.net\/index.php\/les-raisons-qui-poussent-un-adolescent-a-etre-rebelle\/\" \/>\n<meta property=\"og:site_name\" content=\"Actualit\u00e9s, , .... Apr\u00e8s la p\u00e9riode &quot;covid19&quot;\" \/>\n<meta property=\"article:modified_time\" content=\"2023-03-12T22:08:06+00:00\" \/>\n<meta property=\"og:image\" content=\"https:\/\/covid19-a-savoir.net\/wp-content\/uploads\/2023\/03\/Les-raisons-qui-poussent-un-adolescent-a-etre-rebelle-1024x1024.png\" \/>\n<meta name=\"twitter:card\" content=\"summary_large_image\" \/>\n<meta name=\"twitter:label1\" content=\"Dur\u00e9e de lecture estim\u00e9e\" \/>\n\t<meta name=\"twitter:data1\" content=\"2 minutes\" \/>\n<script type=\"application\/ld+json\" class=\"yoast-schema-graph\">{\"@context\":\"https:\/\/schema.org\",\"@graph\":[{\"@type\":\"WebPage\",\"@id\":\"https:\/\/covid19-a-savoir.net\/index.php\/les-raisons-qui-poussent-un-adolescent-a-etre-rebelle\/\",\"url\":\"https:\/\/covid19-a-savoir.net\/index.php\/les-raisons-qui-poussent-un-adolescent-a-etre-rebelle\/\",\"name\":\"Les raisons qui poussent un adolescent \u00e0 \u00eatre rebelle - Actualit\u00e9s, , .... Apr\u00e8s la p\u00e9riode &quot;covid19&quot;\",\"isPartOf\":{\"@id\":\"https:\/\/covid19-a-savoir.net\/#website\"},\"primaryImageOfPage\":{\"@id\":\"https:\/\/covid19-a-savoir.net\/index.php\/les-raisons-qui-poussent-un-adolescent-a-etre-rebelle\/#primaryimage\"},\"image\":{\"@id\":\"https:\/\/covid19-a-savoir.net\/index.php\/les-raisons-qui-poussent-un-adolescent-a-etre-rebelle\/#primaryimage\"},\"thumbnailUrl\":\"https:\/\/covid19-a-savoir.net\/wp-content\/uploads\/2023\/03\/Les-raisons-qui-poussent-un-adolescent-a-etre-rebelle-1024x1024.png\",\"datePublished\":\"2023-03-12T22:08:04+00:00\",\"dateModified\":\"2023-03-12T22:08:06+00:00\",\"breadcrumb\":{\"@id\":\"https:\/\/covid19-a-savoir.net\/index.php\/les-raisons-qui-poussent-un-adolescent-a-etre-rebelle\/#breadcrumb\"},\"inLanguage\":\"fr-FR\",\"potentialAction\":[{\"@type\":\"ReadAction\",\"target\":[\"https:\/\/covid19-a-savoir.net\/index.php\/les-raisons-qui-poussent-un-adolescent-a-etre-rebelle\/\"]}]},{\"@type\":\"ImageObject\",\"inLanguage\":\"fr-FR\",\"@id\":\"https:\/\/covid19-a-savoir.net\/index.php\/les-raisons-qui-poussent-un-adolescent-a-etre-rebelle\/#primaryimage\",\"url\":\"https:\/\/covid19-a-savoir.net\/wp-content\/uploads\/2023\/03\/Les-raisons-qui-poussent-un-adolescent-a-etre-rebelle.png\",\"contentUrl\":\"https:\/\/covid19-a-savoir.net\/wp-content\/uploads\/2023\/03\/Les-raisons-qui-poussent-un-adolescent-a-etre-rebelle.png\",\"width\":1080,\"height\":1080},{\"@type\":\"BreadcrumbList\",\"@id\":\"https:\/\/covid19-a-savoir.net\/index.php\/les-raisons-qui-poussent-un-adolescent-a-etre-rebelle\/#breadcrumb\",\"itemListElement\":[{\"@type\":\"ListItem\",\"position\":1,\"name\":\"Accueil\",\"item\":\"https:\/\/covid19-a-savoir.net\/\"},{\"@type\":\"ListItem\",\"position\":2,\"name\":\"Les raisons qui poussent un adolescent \u00e0 \u00eatre rebelle\"}]},{\"@type\":\"WebSite\",\"@id\":\"https:\/\/covid19-a-savoir.net\/#website\",\"url\":\"https:\/\/covid19-a-savoir.net\/\",\"name\":\"Actualit\u00e9s, , .... Apr\u00e8s la p\u00e9riode &quot;covid19&quot;\",\"description\":\"DES V\u00c9RIT\u00c9S QUI D\u00c9RANGENT\",\"publisher\":{\"@id\":\"https:\/\/covid19-a-savoir.net\/#\/schema\/person\/53265987e4424cc7dde2f857d2b378cf\"},\"potentialAction\":[{\"@type\":\"SearchAction\",\"target\":{\"@type\":\"EntryPoint\",\"urlTemplate\":\"https:\/\/covid19-a-savoir.net\/?s={search_term_string}\"},\"query-input\":\"required name=search_term_string\"}],\"inLanguage\":\"fr-FR\"},{\"@type\":[\"Person\",\"Organization\"],\"@id\":\"https:\/\/covid19-a-savoir.net\/#\/schema\/person\/53265987e4424cc7dde2f857d2b378cf\",\"name\":\"GS\",\"image\":{\"@type\":\"ImageObject\",\"inLanguage\":\"fr-FR\",\"@id\":\"https:\/\/covid19-a-savoir.net\/#\/schema\/person\/image\/\",\"url\":\"https:\/\/covid19-a-savoir.net\/wp-content\/uploads\/2022\/07\/dans-ce-monde-312x312-1.png\",\"contentUrl\":\"https:\/\/covid19-a-savoir.net\/wp-content\/uploads\/2022\/07\/dans-ce-monde-312x312-1.png\",\"width\":312,\"height\":312,\"caption\":\"GS\"},\"logo\":{\"@id\":\"https:\/\/covid19-a-savoir.net\/#\/schema\/person\/image\/\"},\"sameAs\":[\"http:\/\/covid19-a-savoir.net\"]}]}<\/script>\n<!-- \/ Yoast SEO plugin. -->","yoast_head_json":{"title":"Les raisons qui poussent un adolescent \u00e0 \u00eatre rebelle - Actualit\u00e9s, , .... Apr\u00e8s la p\u00e9riode &quot;covid19&quot;","robots":{"index":"index","follow":"follow","max-snippet":"max-snippet:-1","max-image-preview":"max-image-preview:large","max-video-preview":"max-video-preview:-1"},"canonical":"https:\/\/covid19-a-savoir.net\/index.php\/les-raisons-qui-poussent-un-adolescent-a-etre-rebelle\/","og_locale":"fr_FR","og_type":"article","og_title":"Les raisons qui poussent un adolescent \u00e0 \u00eatre rebelle - Actualit\u00e9s, , .... Apr\u00e8s la p\u00e9riode &quot;covid19&quot;","og_description":"Il existe plusieurs raisons qui peuvent pousser un adolescent \u00e0 \u00eatre rebelle. Voici quelques exemples : La qu\u00eate d&rsquo;identit\u00e9 :... Read moreLes raisons qui poussent un adolescent \u00e0 \u00eatre rebelle","og_url":"https:\/\/covid19-a-savoir.net\/index.php\/les-raisons-qui-poussent-un-adolescent-a-etre-rebelle\/","og_site_name":"Actualit\u00e9s, , .... Apr\u00e8s la p\u00e9riode &quot;covid19&quot;","article_modified_time":"2023-03-12T22:08:06+00:00","og_image":[{"url":"https:\/\/covid19-a-savoir.net\/wp-content\/uploads\/2023\/03\/Les-raisons-qui-poussent-un-adolescent-a-etre-rebelle-1024x1024.png"}],"twitter_card":"summary_large_image","twitter_misc":{"Dur\u00e9e de lecture estim\u00e9e":"2 minutes"},"schema":{"@context":"https:\/\/schema.org","@graph":[{"@type":"WebPage","@id":"https:\/\/covid19-a-savoir.net\/index.php\/les-raisons-qui-poussent-un-adolescent-a-etre-rebelle\/","url":"https:\/\/covid19-a-savoir.net\/index.php\/les-raisons-qui-poussent-un-adolescent-a-etre-rebelle\/","name":"Les raisons qui poussent un adolescent \u00e0 \u00eatre rebelle - Actualit\u00e9s, , .... Apr\u00e8s la p\u00e9riode &quot;covid19&quot;","isPartOf":{"@id":"https:\/\/covid19-a-savoir.net\/#website"},"primaryImageOfPage":{"@id":"https:\/\/covid19-a-savoir.net\/index.php\/les-raisons-qui-poussent-un-adolescent-a-etre-rebelle\/#primaryimage"},"image":{"@id":"https:\/\/covid19-a-savoir.net\/index.php\/les-raisons-qui-poussent-un-adolescent-a-etre-rebelle\/#primaryimage"},"thumbnailUrl":"https:\/\/covid19-a-savoir.net\/wp-content\/uploads\/2023\/03\/Les-raisons-qui-poussent-un-adolescent-a-etre-rebelle-1024x1024.png","datePublished":"2023-03-12T22:08:04+00:00","dateModified":"2023-03-12T22:08:06+00:00","breadcrumb":{"@id":"https:\/\/covid19-a-savoir.net\/index.php\/les-raisons-qui-poussent-un-adolescent-a-etre-rebelle\/#breadcrumb"},"inLanguage":"fr-FR","potentialAction":[{"@type":"ReadAction","target":["https:\/\/covid19-a-savoir.net\/index.php\/les-raisons-qui-poussent-un-adolescent-a-etre-rebelle\/"]}]},{"@type":"ImageObject","inLanguage":"fr-FR","@id":"https:\/\/covid19-a-savoir.net\/index.php\/les-raisons-qui-poussent-un-adolescent-a-etre-rebelle\/#primaryimage","url":"https:\/\/covid19-a-savoir.net\/wp-content\/uploads\/2023\/03\/Les-raisons-qui-poussent-un-adolescent-a-etre-rebelle.png","contentUrl":"https:\/\/covid19-a-savoir.net\/wp-content\/uploads\/2023\/03\/Les-raisons-qui-poussent-un-adolescent-a-etre-rebelle.png","width":1080,"height":1080},{"@type":"BreadcrumbList","@id":"https:\/\/covid19-a-savoir.net\/index.php\/les-raisons-qui-poussent-un-adolescent-a-etre-rebelle\/#breadcrumb","itemListElement":[{"@type":"ListItem","position":1,"name":"Accueil","item":"https:\/\/covid19-a-savoir.net\/"},{"@type":"ListItem","position":2,"name":"Les raisons qui poussent un adolescent \u00e0 \u00eatre rebelle"}]},{"@type":"WebSite","@id":"https:\/\/covid19-a-savoir.net\/#website","url":"https:\/\/covid19-a-savoir.net\/","name":"Actualit\u00e9s, , .... Apr\u00e8s la p\u00e9riode &quot;covid19&quot;","description":"DES V\u00c9RIT\u00c9S QUI D\u00c9RANGENT","publisher":{"@id":"https:\/\/covid19-a-savoir.net\/#\/schema\/person\/53265987e4424cc7dde2f857d2b378cf"},"potentialAction":[{"@type":"SearchAction","target":{"@type":"EntryPoint","urlTemplate":"https:\/\/covid19-a-savoir.net\/?s={search_term_string}"},"query-input":"required name=search_term_string"}],"inLanguage":"fr-FR"},{"@type":["Person","Organization"],"@id":"https:\/\/covid19-a-savoir.net\/#\/schema\/person\/53265987e4424cc7dde2f857d2b378cf","name":"GS","image":{"@type":"ImageObject","inLanguage":"fr-FR","@id":"https:\/\/covid19-a-savoir.net\/#\/schema\/person\/image\/","url":"https:\/\/covid19-a-savoir.net\/wp-content\/uploads\/2022\/07\/dans-ce-monde-312x312-1.png","contentUrl":"https:\/\/covid19-a-savoir.net\/wp-content\/uploads\/2022\/07\/dans-ce-monde-312x312-1.png","width":312,"height":312,"caption":"GS"},"logo":{"@id":"https:\/\/covid19-a-savoir.net\/#\/schema\/person\/image\/"},"sameAs":["http:\/\/covid19-a-savoir.net"]}]}},"jetpack_sharing_enabled":true,"_links":{"self":[{"href":"https:\/\/covid19-a-savoir.net\/index.php\/wp-json\/wp\/v2\/pages\/2528"}],"collection":[{"href":"https:\/\/covid19-a-savoir.net\/index.php\/wp-json\/wp\/v2\/pages"}],"about":[{"href":"https:\/\/covid19-a-savoir.net\/index.php\/wp-json\/wp\/v2\/types\/page"}],"author":[{"embeddable":true,"href":"https:\/\/covid19-a-savoir.net\/index.php\/wp-json\/wp\/v2\/users\/1"}],"replies":[{"embeddable":true,"href":"https:\/\/covid19-a-savoir.net\/index.php\/wp-json\/wp\/v2\/comments?post=2528"}],"version-history":[{"count":1,"href":"https:\/\/covid19-a-savoir.net\/index.php\/wp-json\/wp\/v2\/pages\/2528\/revisions"}],"predecessor-version":[{"id":2531,"href":"https:\/\/covid19-a-savoir.net\/index.php\/wp-json\/wp\/v2\/pages\/2528\/revisions\/2531"}],"wp:attachment":[{"href":"https:\/\/covid19-a-savoir.net\/index.php\/wp-json\/wp\/v2\/media?parent=2528"}],"curies":[{"name":"wp","href":"https:\/\/api.w.org\/{rel}","templated":true}]}}