{"id":2396,"date":"2023-02-18T16:00:54","date_gmt":"2023-02-18T16:00:54","guid":{"rendered":"https:\/\/covid19-a-savoir.net\/?page_id=2396"},"modified":"2025-01-10T01:57:45","modified_gmt":"2025-01-10T01:57:45","slug":"a-propos","status":"publish","type":"page","link":"https:\/\/covid19-a-savoir.net\/index.php\/a-propos\/","title":{"rendered":"A PROPOS &#8211; DISCLAIMER"},"content":{"rendered":"<div id=\"dslc-theme-content\"><div id=\"dslc-theme-content-inner\">\n<p><\/p>\n\n\n\n<p><\/p>\n\n\n\n<p>\u00c0 propos de notre site : COVID19-A-SAVOIR, <strong>Actualit\u00e9s, Trucs, Astuces, Id\u00e9es&#8230;<\/strong>, cr\u00e9\u00e9 pendant la p\u00e9riode COVID19<\/p>\n\n\n\n<h3 class=\"wp-block-heading has-vivid-red-color has-text-color has-link-color wp-elements-557b36be2e3f177f78612d197d375f43\"><strong>Avis de non-responsabilit\u00e9<\/strong><\/h3>\n\n\n\n<p>Les informations fournies sur ce site sont destin\u00e9es \u00e0 des fins g\u00e9n\u00e9rales d&rsquo;information uniquement. Bien que nous nous efforcions de maintenir ces informations exactes et \u00e0 jour, nous ne garantissons pas l&rsquo;exactitude, l&rsquo;exhaustivit\u00e9, la fiabilit\u00e9 ou l&rsquo;actualit\u00e9 des informations. Toute action entreprise sur la base des informations pr\u00e9sentes sur ce site est \u00e0 vos propres risques.<\/p>\n\n\n\n<p>Nous ne serons en aucun cas responsables des pertes ou dommages, directs ou indirects, r\u00e9sultant de l&rsquo;utilisation ou de l&rsquo;incapacit\u00e9 \u00e0 utiliser ce site ou les informations qu&rsquo;il contient.<\/p>\n\n\n\n<p>Ce site peut contenir des liens vers d&rsquo;autres sites externes. Nous ne contr\u00f4lons pas le contenu ou la disponibilit\u00e9 de ces sites et ne sommes pas responsables des informations ou services qu&rsquo;ils fournissent.<\/p>\n\n\n\n<p>En utilisant ce site, vous acceptez les termes de cet avis de non-responsabilit\u00e9. Si vous n&rsquo;\u00eates pas d&rsquo;accord avec ces termes, veuillez ne pas utiliser ce site.<\/p>\n\n\n\n<p><\/p>\n<\/div><\/div>","protected":false},"excerpt":{"rendered":"<p>\u00c0 propos de notre site : COVID19-A-SAVOIR, Actualit\u00e9s, Trucs, Astuces, Id\u00e9es&#8230;, cr\u00e9\u00e9 pendant la p\u00e9riode COVID19 Avis de non-responsabilit\u00e9 Les&#8230; <a href=\"https:\/\/covid19-a-savoir.net\/index.php\/a-propos\/\" class=\"readmore\">Read more<span class=\"screen-reader-text\">A PROPOS &#8211; DISCLAIMER<\/span><span class=\"fa fa-angle-double-right\" aria-hidden=\"true\"><\/span><\/a><\/p>\n","protected":false},"author":1,"featured_media":0,"parent":0,"menu_order":0,"comment_status":"closed","ping_status":"closed","template":"","meta":{"footnotes":""},"yoast_head":"<!-- This site is optimized with the Yoast SEO plugin v23.2 - https:\/\/yoast.com\/wordpress\/plugins\/seo\/ -->\n<title>A PROPOS - DISCLAIMER - Actualit\u00e9s, , .... Apr\u00e8s la p\u00e9riode &quot;covid19&quot;<\/title>\n<meta name=\"robots\" content=\"index, follow, max-snippet:-1, max-image-preview:large, max-video-preview:-1\" \/>\n<link rel=\"canonical\" href=\"https:\/\/covid19-a-savoir.net\/index.php\/a-propos\/\" \/>\n<meta property=\"og:locale\" content=\"fr_FR\" \/>\n<meta property=\"og:type\" content=\"article\" \/>\n<meta property=\"og:title\" content=\"A PROPOS - DISCLAIMER - Actualit\u00e9s, , .... Apr\u00e8s la p\u00e9riode &quot;covid19&quot;\" \/>\n<meta property=\"og:description\" content=\"\u00c0 propos de notre site : COVID19-A-SAVOIR, Actualit\u00e9s, Trucs, Astuces, Id\u00e9es&#8230;, cr\u00e9\u00e9 pendant la p\u00e9riode COVID19 Avis de non-responsabilit\u00e9 Les... Read moreA PROPOS &#8211; DISCLAIMER\" \/>\n<meta property=\"og:url\" content=\"https:\/\/covid19-a-savoir.net\/index.php\/a-propos\/\" \/>\n<meta property=\"og:site_name\" content=\"Actualit\u00e9s, , .... Apr\u00e8s la p\u00e9riode &quot;covid19&quot;\" \/>\n<meta property=\"article:modified_time\" content=\"2025-01-10T01:57:45+00:00\" \/>\n<meta name=\"twitter:card\" content=\"summary_large_image\" \/>\n<meta name=\"twitter:label1\" content=\"Dur\u00e9e de lecture estim\u00e9e\" \/>\n\t<meta name=\"twitter:data1\" content=\"1 minute\" \/>\n<script type=\"application\/ld+json\" class=\"yoast-schema-graph\">{\"@context\":\"https:\/\/schema.org\",\"@graph\":[{\"@type\":\"WebPage\",\"@id\":\"https:\/\/covid19-a-savoir.net\/index.php\/a-propos\/\",\"url\":\"https:\/\/covid19-a-savoir.net\/index.php\/a-propos\/\",\"name\":\"A PROPOS - DISCLAIMER - Actualit\u00e9s, , .... Apr\u00e8s la p\u00e9riode &quot;covid19&quot;\",\"isPartOf\":{\"@id\":\"https:\/\/covid19-a-savoir.net\/#website\"},\"datePublished\":\"2023-02-18T16:00:54+00:00\",\"dateModified\":\"2025-01-10T01:57:45+00:00\",\"breadcrumb\":{\"@id\":\"https:\/\/covid19-a-savoir.net\/index.php\/a-propos\/#breadcrumb\"},\"inLanguage\":\"fr-FR\",\"potentialAction\":[{\"@type\":\"ReadAction\",\"target\":[\"https:\/\/covid19-a-savoir.net\/index.php\/a-propos\/\"]}]},{\"@type\":\"BreadcrumbList\",\"@id\":\"https:\/\/covid19-a-savoir.net\/index.php\/a-propos\/#breadcrumb\",\"itemListElement\":[{\"@type\":\"ListItem\",\"position\":1,\"name\":\"Accueil\",\"item\":\"https:\/\/covid19-a-savoir.net\/\"},{\"@type\":\"ListItem\",\"position\":2,\"name\":\"A PROPOS &#8211; DISCLAIMER\"}]},{\"@type\":\"WebSite\",\"@id\":\"https:\/\/covid19-a-savoir.net\/#website\",\"url\":\"https:\/\/covid19-a-savoir.net\/\",\"name\":\"Actualit\u00e9s, , .... Apr\u00e8s la p\u00e9riode &quot;covid19&quot;\",\"description\":\"DES V\u00c9RIT\u00c9S QUI D\u00c9RANGENT\",\"publisher\":{\"@id\":\"https:\/\/covid19-a-savoir.net\/#\/schema\/person\/53265987e4424cc7dde2f857d2b378cf\"},\"potentialAction\":[{\"@type\":\"SearchAction\",\"target\":{\"@type\":\"EntryPoint\",\"urlTemplate\":\"https:\/\/covid19-a-savoir.net\/?s={search_term_string}\"},\"query-input\":\"required name=search_term_string\"}],\"inLanguage\":\"fr-FR\"},{\"@type\":[\"Person\",\"Organization\"],\"@id\":\"https:\/\/covid19-a-savoir.net\/#\/schema\/person\/53265987e4424cc7dde2f857d2b378cf\",\"name\":\"GS\",\"image\":{\"@type\":\"ImageObject\",\"inLanguage\":\"fr-FR\",\"@id\":\"https:\/\/covid19-a-savoir.net\/#\/schema\/person\/image\/\",\"url\":\"https:\/\/covid19-a-savoir.net\/wp-content\/uploads\/2022\/07\/dans-ce-monde-312x312-1.png\",\"contentUrl\":\"https:\/\/covid19-a-savoir.net\/wp-content\/uploads\/2022\/07\/dans-ce-monde-312x312-1.png\",\"width\":312,\"height\":312,\"caption\":\"GS\"},\"logo\":{\"@id\":\"https:\/\/covid19-a-savoir.net\/#\/schema\/person\/image\/\"},\"sameAs\":[\"http:\/\/covid19-a-savoir.net\"]}]}<\/script>\n<!-- \/ Yoast SEO plugin. -->","yoast_head_json":{"title":"A PROPOS - DISCLAIMER - Actualit\u00e9s, , .... Apr\u00e8s la p\u00e9riode &quot;covid19&quot;","robots":{"index":"index","follow":"follow","max-snippet":"max-snippet:-1","max-image-preview":"max-image-preview:large","max-video-preview":"max-video-preview:-1"},"canonical":"https:\/\/covid19-a-savoir.net\/index.php\/a-propos\/","og_locale":"fr_FR","og_type":"article","og_title":"A PROPOS - DISCLAIMER - Actualit\u00e9s, , .... Apr\u00e8s la p\u00e9riode &quot;covid19&quot;","og_description":"\u00c0 propos de notre site : COVID19-A-SAVOIR, Actualit\u00e9s, Trucs, Astuces, Id\u00e9es&#8230;, cr\u00e9\u00e9 pendant la p\u00e9riode COVID19 Avis de non-responsabilit\u00e9 Les... Read moreA PROPOS &#8211; DISCLAIMER","og_url":"https:\/\/covid19-a-savoir.net\/index.php\/a-propos\/","og_site_name":"Actualit\u00e9s, , .... Apr\u00e8s la p\u00e9riode &quot;covid19&quot;","article_modified_time":"2025-01-10T01:57:45+00:00","twitter_card":"summary_large_image","twitter_misc":{"Dur\u00e9e de lecture estim\u00e9e":"1 minute"},"schema":{"@context":"https:\/\/schema.org","@graph":[{"@type":"WebPage","@id":"https:\/\/covid19-a-savoir.net\/index.php\/a-propos\/","url":"https:\/\/covid19-a-savoir.net\/index.php\/a-propos\/","name":"A PROPOS - DISCLAIMER - Actualit\u00e9s, , .... Apr\u00e8s la p\u00e9riode &quot;covid19&quot;","isPartOf":{"@id":"https:\/\/covid19-a-savoir.net\/#website"},"datePublished":"2023-02-18T16:00:54+00:00","dateModified":"2025-01-10T01:57:45+00:00","breadcrumb":{"@id":"https:\/\/covid19-a-savoir.net\/index.php\/a-propos\/#breadcrumb"},"inLanguage":"fr-FR","potentialAction":[{"@type":"ReadAction","target":["https:\/\/covid19-a-savoir.net\/index.php\/a-propos\/"]}]},{"@type":"BreadcrumbList","@id":"https:\/\/covid19-a-savoir.net\/index.php\/a-propos\/#breadcrumb","itemListElement":[{"@type":"ListItem","position":1,"name":"Accueil","item":"https:\/\/covid19-a-savoir.net\/"},{"@type":"ListItem","position":2,"name":"A PROPOS &#8211; DISCLAIMER"}]},{"@type":"WebSite","@id":"https:\/\/covid19-a-savoir.net\/#website","url":"https:\/\/covid19-a-savoir.net\/","name":"Actualit\u00e9s, , .... Apr\u00e8s la p\u00e9riode &quot;covid19&quot;","description":"DES V\u00c9RIT\u00c9S QUI D\u00c9RANGENT","publisher":{"@id":"https:\/\/covid19-a-savoir.net\/#\/schema\/person\/53265987e4424cc7dde2f857d2b378cf"},"potentialAction":[{"@type":"SearchAction","target":{"@type":"EntryPoint","urlTemplate":"https:\/\/covid19-a-savoir.net\/?s={search_term_string}"},"query-input":"required name=search_term_string"}],"inLanguage":"fr-FR"},{"@type":["Person","Organization"],"@id":"https:\/\/covid19-a-savoir.net\/#\/schema\/person\/53265987e4424cc7dde2f857d2b378cf","name":"GS","image":{"@type":"ImageObject","inLanguage":"fr-FR","@id":"https:\/\/covid19-a-savoir.net\/#\/schema\/person\/image\/","url":"https:\/\/covid19-a-savoir.net\/wp-content\/uploads\/2022\/07\/dans-ce-monde-312x312-1.png","contentUrl":"https:\/\/covid19-a-savoir.net\/wp-content\/uploads\/2022\/07\/dans-ce-monde-312x312-1.png","width":312,"height":312,"caption":"GS"},"logo":{"@id":"https:\/\/covid19-a-savoir.net\/#\/schema\/person\/image\/"},"sameAs":["http:\/\/covid19-a-savoir.net"]}]}},"jetpack_sharing_enabled":true,"_links":{"self":[{"href":"https:\/\/covid19-a-savoir.net\/index.php\/wp-json\/wp\/v2\/pages\/2396"}],"collection":[{"href":"https:\/\/covid19-a-savoir.net\/index.php\/wp-json\/wp\/v2\/pages"}],"about":[{"href":"https:\/\/covid19-a-savoir.net\/index.php\/wp-json\/wp\/v2\/types\/page"}],"author":[{"embeddable":true,"href":"https:\/\/covid19-a-savoir.net\/index.php\/wp-json\/wp\/v2\/users\/1"}],"replies":[{"embeddable":true,"href":"https:\/\/covid19-a-savoir.net\/index.php\/wp-json\/wp\/v2\/comments?post=2396"}],"version-history":[{"count":3,"href":"https:\/\/covid19-a-savoir.net\/index.php\/wp-json\/wp\/v2\/pages\/2396\/revisions"}],"predecessor-version":[{"id":3160,"href":"https:\/\/covid19-a-savoir.net\/index.php\/wp-json\/wp\/v2\/pages\/2396\/revisions\/3160"}],"wp:attachment":[{"href":"https:\/\/covid19-a-savoir.net\/index.php\/wp-json\/wp\/v2\/media?parent=2396"}],"curies":[{"name":"wp","href":"https:\/\/api.w.org\/{rel}","templated":true}]}}