{"id":2354,"date":"2023-01-24T21:36:14","date_gmt":"2023-01-24T21:36:14","guid":{"rendered":"https:\/\/covid19-a-savoir.net\/?page_id=2354"},"modified":"2023-01-24T21:36:16","modified_gmt":"2023-01-24T21:36:16","slug":"noel","status":"publish","type":"page","link":"https:\/\/covid19-a-savoir.net\/index.php\/noel\/","title":{"rendered":"NOEL"},"content":{"rendered":"<div id=\"dslc-theme-content\"><div id=\"dslc-theme-content-inner\">\n<figure class=\"wp-block-image\"><img fetchpriority=\"high\" decoding=\"async\" width=\"1024\" height=\"60\" src=\"https:\/\/covid19-a-savoir.net\/wp-content\/uploads\/2022\/12\/Les-lois-du-succes-24.png\" alt=\"\" class=\"wp-image-2227\" srcset=\"https:\/\/covid19-a-savoir.net\/wp-content\/uploads\/2022\/12\/Les-lois-du-succes-24.png 1024w, https:\/\/covid19-a-savoir.net\/wp-content\/uploads\/2022\/12\/Les-lois-du-succes-24-300x18.png 300w, https:\/\/covid19-a-savoir.net\/wp-content\/uploads\/2022\/12\/Les-lois-du-succes-24-768x45.png 768w\" sizes=\"(max-width: 1024px) 100vw, 1024px\" \/><\/figure>\n\n\n\n<figure class=\"wp-block-image\"><a href=\"https:\/\/covid19-a-savoir.net\/index.php\/noel-recettes-originales\/\"><img decoding=\"async\" width=\"250\" height=\"100\" src=\"https:\/\/covid19-a-savoir.net\/wp-content\/uploads\/2022\/12\/Carte-permet-de-trouver-le-meilleur-hebergement-dans-une-zone-precise-11.png\" alt=\"\" class=\"wp-image-2237\"\/><\/a><\/figure>\n\n\n\n<figure class=\"wp-block-image\"><a href=\"https:\/\/covid19-a-savoir.net\/index.php\/noel-recette-dessert\/\"><img decoding=\"async\" width=\"250\" height=\"100\" src=\"https:\/\/covid19-a-savoir.net\/wp-content\/uploads\/2022\/12\/Carte-permet-de-trouver-le-meilleur-hebergement-dans-une-zone-precise-10.png\" alt=\"\" class=\"wp-image-2238\"\/><\/a><\/figure>\n\n\n\n<figure class=\"wp-block-image\"><img loading=\"lazy\" decoding=\"async\" width=\"250\" height=\"100\" src=\"https:\/\/covid19-a-savoir.net\/wp-content\/uploads\/2022\/12\/Carte-permet-de-trouver-le-meilleur-hebergement-dans-une-zone-precise-15.png\" alt=\"\" class=\"wp-image-2240\"\/><\/figure>\n\n\n\n<figure class=\"wp-block-image\"><a href=\"https:\/\/covid19-a-savoir.net\/index.php\/recette-apero-noel\/\"><img loading=\"lazy\" decoding=\"async\" width=\"250\" height=\"100\" src=\"https:\/\/covid19-a-savoir.net\/wp-content\/uploads\/2022\/12\/Carte-permet-de-trouver-le-meilleur-hebergement-dans-une-zone-precise-14.png\" alt=\"\" class=\"wp-image-2241\"\/><\/a><\/figure>\n\n\n\n<figure class=\"wp-block-image\"><a href=\"https:\/\/covid19-a-savoir.net\/index.php\/recettes-entree-pour-noel\/\"><img loading=\"lazy\" decoding=\"async\" width=\"250\" height=\"100\" src=\"https:\/\/covid19-a-savoir.net\/wp-content\/uploads\/2022\/12\/Carte-permet-de-trouver-le-meilleur-hebergement-dans-une-zone-precise-13.png\" alt=\"\" class=\"wp-image-2242\"\/><\/a><\/figure>\n\n\n\n<figure class=\"wp-block-image\"><a href=\"https:\/\/covid19-a-savoir.net\/index.php\/recette-gateau-pour-noel\/\"><img loading=\"lazy\" decoding=\"async\" width=\"250\" height=\"100\" src=\"https:\/\/covid19-a-savoir.net\/wp-content\/uploads\/2022\/12\/Carte-permet-de-trouver-le-meilleur-hebergement-dans-une-zone-precise-12.png\" alt=\"\" class=\"wp-image-2243\"\/><\/a><\/figure>\n\n\n\n<figure class=\"wp-block-image\"><img loading=\"lazy\" decoding=\"async\" width=\"250\" height=\"100\" src=\"https:\/\/covid19-a-savoir.net\/wp-content\/uploads\/2022\/12\/Carte-permet-de-trouver-le-meilleur-hebergement-dans-une-zone-precise-11-1.png\" alt=\"\" class=\"wp-image-2244\"\/><\/figure>\n\n\n\n<figure class=\"wp-block-image\"><img loading=\"lazy\" decoding=\"async\" width=\"250\" height=\"100\" src=\"https:\/\/covid19-a-savoir.net\/wp-content\/uploads\/2022\/12\/Carte-permet-de-trouver-le-meilleur-hebergement-dans-une-zone-precise-15-1.png\" alt=\"\" class=\"wp-image-2250\"\/><\/figure>\n\n\n\n<figure class=\"wp-block-image\"><a href=\"https:\/\/covid19-a-savoir.net\/index.php\/menu-noel\/\"><img loading=\"lazy\" decoding=\"async\" width=\"250\" height=\"100\" src=\"https:\/\/covid19-a-savoir.net\/wp-content\/uploads\/2022\/12\/Carte-permet-de-trouver-le-meilleur-hebergement-dans-une-zone-precise-16.png\" alt=\"\" class=\"wp-image-2251\"\/><\/a><\/figure>\n\n\n\n<figure class=\"wp-block-image\"><img loading=\"lazy\" decoding=\"async\" width=\"1024\" height=\"60\" src=\"https:\/\/covid19-a-savoir.net\/wp-content\/uploads\/2022\/12\/Les-lois-du-succes-24-1.png\" alt=\"\" class=\"wp-image-2228\" srcset=\"https:\/\/covid19-a-savoir.net\/wp-content\/uploads\/2022\/12\/Les-lois-du-succes-24-1.png 1024w, https:\/\/covid19-a-savoir.net\/wp-content\/uploads\/2022\/12\/Les-lois-du-succes-24-1-300x18.png 300w, https:\/\/covid19-a-savoir.net\/wp-content\/uploads\/2022\/12\/Les-lois-du-succes-24-1-768x45.png 768w\" sizes=\"(max-width: 1024px) 100vw, 1024px\" \/><\/figure>\n<\/div><\/div>","protected":false},"excerpt":{"rendered":"","protected":false},"author":1,"featured_media":0,"parent":0,"menu_order":0,"comment_status":"closed","ping_status":"closed","template":"","meta":{"footnotes":""},"yoast_head":"<!-- This site is optimized with the Yoast SEO plugin v23.2 - https:\/\/yoast.com\/wordpress\/plugins\/seo\/ -->\n<title>NOEL - Actualit\u00e9s, , .... Apr\u00e8s la p\u00e9riode &quot;covid19&quot;<\/title>\n<meta name=\"robots\" content=\"index, follow, max-snippet:-1, max-image-preview:large, max-video-preview:-1\" \/>\n<link rel=\"canonical\" href=\"https:\/\/covid19-a-savoir.net\/index.php\/noel\/\" \/>\n<meta property=\"og:locale\" content=\"fr_FR\" \/>\n<meta property=\"og:type\" content=\"article\" \/>\n<meta property=\"og:title\" content=\"NOEL - Actualit\u00e9s, , .... Apr\u00e8s la p\u00e9riode &quot;covid19&quot;\" \/>\n<meta property=\"og:url\" content=\"https:\/\/covid19-a-savoir.net\/index.php\/noel\/\" \/>\n<meta property=\"og:site_name\" content=\"Actualit\u00e9s, , .... Apr\u00e8s la p\u00e9riode &quot;covid19&quot;\" \/>\n<meta property=\"article:modified_time\" content=\"2023-01-24T21:36:16+00:00\" \/>\n<meta property=\"og:image\" content=\"https:\/\/covid19-a-savoir.net\/wp-content\/uploads\/2022\/12\/Les-lois-du-succes-24.png\" \/>\n<meta name=\"twitter:card\" content=\"summary_large_image\" \/>\n<meta name=\"twitter:label1\" content=\"Dur\u00e9e de lecture estim\u00e9e\" \/>\n\t<meta name=\"twitter:data1\" content=\"3 minutes\" \/>\n<script type=\"application\/ld+json\" class=\"yoast-schema-graph\">{\"@context\":\"https:\/\/schema.org\",\"@graph\":[{\"@type\":\"WebPage\",\"@id\":\"https:\/\/covid19-a-savoir.net\/index.php\/noel\/\",\"url\":\"https:\/\/covid19-a-savoir.net\/index.php\/noel\/\",\"name\":\"NOEL - Actualit\u00e9s, , .... Apr\u00e8s la p\u00e9riode &quot;covid19&quot;\",\"isPartOf\":{\"@id\":\"https:\/\/covid19-a-savoir.net\/#website\"},\"primaryImageOfPage\":{\"@id\":\"https:\/\/covid19-a-savoir.net\/index.php\/noel\/#primaryimage\"},\"image\":{\"@id\":\"https:\/\/covid19-a-savoir.net\/index.php\/noel\/#primaryimage\"},\"thumbnailUrl\":\"https:\/\/covid19-a-savoir.net\/wp-content\/uploads\/2022\/12\/Les-lois-du-succes-24.png\",\"datePublished\":\"2023-01-24T21:36:14+00:00\",\"dateModified\":\"2023-01-24T21:36:16+00:00\",\"breadcrumb\":{\"@id\":\"https:\/\/covid19-a-savoir.net\/index.php\/noel\/#breadcrumb\"},\"inLanguage\":\"fr-FR\",\"potentialAction\":[{\"@type\":\"ReadAction\",\"target\":[\"https:\/\/covid19-a-savoir.net\/index.php\/noel\/\"]}]},{\"@type\":\"ImageObject\",\"inLanguage\":\"fr-FR\",\"@id\":\"https:\/\/covid19-a-savoir.net\/index.php\/noel\/#primaryimage\",\"url\":\"https:\/\/covid19-a-savoir.net\/wp-content\/uploads\/2022\/12\/Les-lois-du-succes-24.png\",\"contentUrl\":\"https:\/\/covid19-a-savoir.net\/wp-content\/uploads\/2022\/12\/Les-lois-du-succes-24.png\",\"width\":1024,\"height\":60},{\"@type\":\"BreadcrumbList\",\"@id\":\"https:\/\/covid19-a-savoir.net\/index.php\/noel\/#breadcrumb\",\"itemListElement\":[{\"@type\":\"ListItem\",\"position\":1,\"name\":\"Accueil\",\"item\":\"https:\/\/covid19-a-savoir.net\/\"},{\"@type\":\"ListItem\",\"position\":2,\"name\":\"NOEL\"}]},{\"@type\":\"WebSite\",\"@id\":\"https:\/\/covid19-a-savoir.net\/#website\",\"url\":\"https:\/\/covid19-a-savoir.net\/\",\"name\":\"Actualit\u00e9s, , .... Apr\u00e8s la p\u00e9riode &quot;covid19&quot;\",\"description\":\"DES V\u00c9RIT\u00c9S QUI D\u00c9RANGENT\",\"publisher\":{\"@id\":\"https:\/\/covid19-a-savoir.net\/#\/schema\/person\/53265987e4424cc7dde2f857d2b378cf\"},\"potentialAction\":[{\"@type\":\"SearchAction\",\"target\":{\"@type\":\"EntryPoint\",\"urlTemplate\":\"https:\/\/covid19-a-savoir.net\/?s={search_term_string}\"},\"query-input\":\"required name=search_term_string\"}],\"inLanguage\":\"fr-FR\"},{\"@type\":[\"Person\",\"Organization\"],\"@id\":\"https:\/\/covid19-a-savoir.net\/#\/schema\/person\/53265987e4424cc7dde2f857d2b378cf\",\"name\":\"GS\",\"image\":{\"@type\":\"ImageObject\",\"inLanguage\":\"fr-FR\",\"@id\":\"https:\/\/covid19-a-savoir.net\/#\/schema\/person\/image\/\",\"url\":\"https:\/\/covid19-a-savoir.net\/wp-content\/uploads\/2022\/07\/dans-ce-monde-312x312-1.png\",\"contentUrl\":\"https:\/\/covid19-a-savoir.net\/wp-content\/uploads\/2022\/07\/dans-ce-monde-312x312-1.png\",\"width\":312,\"height\":312,\"caption\":\"GS\"},\"logo\":{\"@id\":\"https:\/\/covid19-a-savoir.net\/#\/schema\/person\/image\/\"},\"sameAs\":[\"http:\/\/covid19-a-savoir.net\"]}]}<\/script>\n<!-- \/ Yoast SEO plugin. -->","yoast_head_json":{"title":"NOEL - Actualit\u00e9s, , .... Apr\u00e8s la p\u00e9riode &quot;covid19&quot;","robots":{"index":"index","follow":"follow","max-snippet":"max-snippet:-1","max-image-preview":"max-image-preview:large","max-video-preview":"max-video-preview:-1"},"canonical":"https:\/\/covid19-a-savoir.net\/index.php\/noel\/","og_locale":"fr_FR","og_type":"article","og_title":"NOEL - Actualit\u00e9s, , .... Apr\u00e8s la p\u00e9riode &quot;covid19&quot;","og_url":"https:\/\/covid19-a-savoir.net\/index.php\/noel\/","og_site_name":"Actualit\u00e9s, , .... Apr\u00e8s la p\u00e9riode &quot;covid19&quot;","article_modified_time":"2023-01-24T21:36:16+00:00","og_image":[{"url":"https:\/\/covid19-a-savoir.net\/wp-content\/uploads\/2022\/12\/Les-lois-du-succes-24.png"}],"twitter_card":"summary_large_image","twitter_misc":{"Dur\u00e9e de lecture estim\u00e9e":"3 minutes"},"schema":{"@context":"https:\/\/schema.org","@graph":[{"@type":"WebPage","@id":"https:\/\/covid19-a-savoir.net\/index.php\/noel\/","url":"https:\/\/covid19-a-savoir.net\/index.php\/noel\/","name":"NOEL - Actualit\u00e9s, , .... Apr\u00e8s la p\u00e9riode &quot;covid19&quot;","isPartOf":{"@id":"https:\/\/covid19-a-savoir.net\/#website"},"primaryImageOfPage":{"@id":"https:\/\/covid19-a-savoir.net\/index.php\/noel\/#primaryimage"},"image":{"@id":"https:\/\/covid19-a-savoir.net\/index.php\/noel\/#primaryimage"},"thumbnailUrl":"https:\/\/covid19-a-savoir.net\/wp-content\/uploads\/2022\/12\/Les-lois-du-succes-24.png","datePublished":"2023-01-24T21:36:14+00:00","dateModified":"2023-01-24T21:36:16+00:00","breadcrumb":{"@id":"https:\/\/covid19-a-savoir.net\/index.php\/noel\/#breadcrumb"},"inLanguage":"fr-FR","potentialAction":[{"@type":"ReadAction","target":["https:\/\/covid19-a-savoir.net\/index.php\/noel\/"]}]},{"@type":"ImageObject","inLanguage":"fr-FR","@id":"https:\/\/covid19-a-savoir.net\/index.php\/noel\/#primaryimage","url":"https:\/\/covid19-a-savoir.net\/wp-content\/uploads\/2022\/12\/Les-lois-du-succes-24.png","contentUrl":"https:\/\/covid19-a-savoir.net\/wp-content\/uploads\/2022\/12\/Les-lois-du-succes-24.png","width":1024,"height":60},{"@type":"BreadcrumbList","@id":"https:\/\/covid19-a-savoir.net\/index.php\/noel\/#breadcrumb","itemListElement":[{"@type":"ListItem","position":1,"name":"Accueil","item":"https:\/\/covid19-a-savoir.net\/"},{"@type":"ListItem","position":2,"name":"NOEL"}]},{"@type":"WebSite","@id":"https:\/\/covid19-a-savoir.net\/#website","url":"https:\/\/covid19-a-savoir.net\/","name":"Actualit\u00e9s, , .... Apr\u00e8s la p\u00e9riode &quot;covid19&quot;","description":"DES V\u00c9RIT\u00c9S QUI D\u00c9RANGENT","publisher":{"@id":"https:\/\/covid19-a-savoir.net\/#\/schema\/person\/53265987e4424cc7dde2f857d2b378cf"},"potentialAction":[{"@type":"SearchAction","target":{"@type":"EntryPoint","urlTemplate":"https:\/\/covid19-a-savoir.net\/?s={search_term_string}"},"query-input":"required name=search_term_string"}],"inLanguage":"fr-FR"},{"@type":["Person","Organization"],"@id":"https:\/\/covid19-a-savoir.net\/#\/schema\/person\/53265987e4424cc7dde2f857d2b378cf","name":"GS","image":{"@type":"ImageObject","inLanguage":"fr-FR","@id":"https:\/\/covid19-a-savoir.net\/#\/schema\/person\/image\/","url":"https:\/\/covid19-a-savoir.net\/wp-content\/uploads\/2022\/07\/dans-ce-monde-312x312-1.png","contentUrl":"https:\/\/covid19-a-savoir.net\/wp-content\/uploads\/2022\/07\/dans-ce-monde-312x312-1.png","width":312,"height":312,"caption":"GS"},"logo":{"@id":"https:\/\/covid19-a-savoir.net\/#\/schema\/person\/image\/"},"sameAs":["http:\/\/covid19-a-savoir.net"]}]}},"jetpack_sharing_enabled":true,"_links":{"self":[{"href":"https:\/\/covid19-a-savoir.net\/index.php\/wp-json\/wp\/v2\/pages\/2354"}],"collection":[{"href":"https:\/\/covid19-a-savoir.net\/index.php\/wp-json\/wp\/v2\/pages"}],"about":[{"href":"https:\/\/covid19-a-savoir.net\/index.php\/wp-json\/wp\/v2\/types\/page"}],"author":[{"embeddable":true,"href":"https:\/\/covid19-a-savoir.net\/index.php\/wp-json\/wp\/v2\/users\/1"}],"replies":[{"embeddable":true,"href":"https:\/\/covid19-a-savoir.net\/index.php\/wp-json\/wp\/v2\/comments?post=2354"}],"version-history":[{"count":1,"href":"https:\/\/covid19-a-savoir.net\/index.php\/wp-json\/wp\/v2\/pages\/2354\/revisions"}],"predecessor-version":[{"id":2356,"href":"https:\/\/covid19-a-savoir.net\/index.php\/wp-json\/wp\/v2\/pages\/2354\/revisions\/2356"}],"wp:attachment":[{"href":"https:\/\/covid19-a-savoir.net\/index.php\/wp-json\/wp\/v2\/media?parent=2354"}],"curies":[{"name":"wp","href":"https:\/\/api.w.org\/{rel}","templated":true}]}}