{"id":224,"date":"2021-02-08T21:35:42","date_gmt":"2021-02-08T21:35:42","guid":{"rendered":"http:\/\/covid19-a-savoir.net\/?page_id=224"},"modified":"2021-02-09T23:49:00","modified_gmt":"2021-02-09T23:49:00","slug":"sortir-de-ce-chaos","status":"publish","type":"page","link":"https:\/\/covid19-a-savoir.net\/index.php\/sortir-de-ce-chaos\/","title":{"rendered":"Sortir de ce chaos"},"content":{"rendered":"<div id=\"dslc-theme-content\"><div id=\"dslc-theme-content-inner\">\n<figure class=\"wp-block-embed is-type-video is-provider-youtube wp-block-embed-youtube wp-embed-aspect-16-9 wp-has-aspect-ratio\"><div class=\"wp-block-embed__wrapper\">\n<iframe title=\"Envers et contre tous : Sortir de ce chaos matriciel.\" width=\"800\" height=\"450\" src=\"https:\/\/www.youtube.com\/embed\/Fcot2uToYNs?feature=oembed\" frameborder=\"0\" allow=\"accelerometer; autoplay; clipboard-write; encrypted-media; gyroscope; picture-in-picture\" allowfullscreen><\/iframe>\n<\/div><\/figure>\n\n\n\n<p><strong>Envers et contre tous : Sortir de ce chaos matriciel.<\/strong><\/p>\n\n\n\n<p>Je suis s\u00fbr que plusieurs d\u2019entre vous r\u00eavent de revenir au monde d\u2019avant. Vous vous rappelez ce monde o\u00f9 nos enfants allaient \u00e0 l\u2019\u00e9cole, jouaient dans la cour sans masque. Ce monde o\u00f9 nous nous retrouvions tous ensemble pour faire la f\u00eate sans se poser de questions. Ce monde o\u00f9 nous voyagions en toute libert\u00e9. Ce monde o\u00f9 nous \u00e9changions notre argent contre des articles, o\u00f9 nous pouvions travailler sans crainte de se voir fermer nos entreprises. Ce monde o\u00f9 les restaurants \u00e9taient remplis, o\u00f9 nous mangions ce que nous voulions et quand nous en avions envie, o\u00f9 la mort, la maladie ne faisaient pas partie de notre environnement. Ce monde o\u00f9 nous avions l\u2019impression d\u2019\u00eatre libres. Et bien non, je ne veux pas revenir en arri\u00e8re&#8230;<\/p>\n\n\n\n<p><strong>J&rsquo;appr\u00e9cie \u00e9norm\u00e9ment Mika Denissot<\/strong><\/p>\n\n\n\n<p><\/p>\n\n\n\n<p><\/p>\n\n\n\n<p><strong>Interview de Coluche et Balavoine sur la crise plan\u00e9taire actuelle.<\/strong><\/p>\n\n\n\n<figure class=\"wp-block-embed is-type-video is-provider-youtube wp-block-embed-youtube wp-embed-aspect-16-9 wp-has-aspect-ratio\"><div class=\"wp-block-embed__wrapper\">\n<iframe title=\"Interview de Coluche et Balavoine sur la crise plan\u00e9taire actuelle.\" width=\"800\" height=\"450\" src=\"https:\/\/www.youtube.com\/embed\/p_sqmil6Y34?feature=oembed\" frameborder=\"0\" allow=\"accelerometer; autoplay; clipboard-write; encrypted-media; gyroscope; picture-in-picture\" allowfullscreen><\/iframe>\n<\/div><\/figure>\n\n\n\n<p>J\u2019ai \u00ab\u00a0interview\u00e9\u00a0\u00bbColuche et Balavoine pour avoir leur opinion sur ce que nous vivons actuellement aussi bien sur le plan politique, que sanitaire avec le virus, mais aussi, leur point de vue sur la manipulation m\u00e9diatique. Dans un dialogue bon enfant nous \u00e9changeons sur des sujets qui touchent \u00e0 nos libert\u00e9s individuelles. Cet \u00e9change a pour intention de vous permettre de vous poser les bonnes questions et de trouver vos propres r\u00e9ponses. Je rends hommage \u00e0 ces 2 grand hommes qui s\u2019ils existaient encore aujourd\u2019hui seraient surement trait\u00e9s de Complotistes.<\/p>\n\n\n\n<p><strong>Saisir les opportunit\u00e9s de la COVIDCOM\u00c9DIE (crise admirablement orchestr\u00e9e)<\/strong><\/p>\n\n\n\n<figure class=\"wp-block-embed is-type-video is-provider-youtube wp-block-embed-youtube wp-embed-aspect-16-9 wp-has-aspect-ratio\"><div class=\"wp-block-embed__wrapper\">\n<iframe title=\"Saisir les opportunite\u0301s de la COVIDCOM\u00c9DIE (crise admirablement orchestr\u00e9e)\" width=\"800\" height=\"450\" src=\"https:\/\/www.youtube.com\/embed\/gdGJgLlcV3Y?feature=oembed\" frameborder=\"0\" allow=\"accelerometer; autoplay; clipboard-write; encrypted-media; gyroscope; picture-in-picture\" allowfullscreen><\/iframe>\n<\/div><\/figure>\n\n\n\n<p>Comment conserver un esprit apais\u00e9, une joie de vivre avec toute cette manipulation autour de nous, cette COVIDCOM\u00c9DIE, cette crise invent\u00e9e de toute pi\u00e8ce ? Comment saisir les opportunit\u00e9s de cette crise ? Est-il possible de rester centr\u00e9, align\u00e9 avec ses valeurs, de voir les opportunit\u00e9s de la crise, de continuer \u00e0 avoir des projets, des r\u00eaves, de l\u2019enthousiasme, alors que l\u2019oppression et la dictature s\u2019imposent de plus en plus autour de nous ? Dans cette vid\u00e9o, nous allons d\u00e9couvrir une autre facette de cette crise pr\u00e9m\u00e9dit\u00e9e, programm\u00e9e et admirablement orchestr\u00e9e. Nous allons voir quelques opportunit\u00e9s offertes par cette exp\u00e9rience existentielle que nous vivons actuellement. Voici une vid\u00e9o pour les gens motiv\u00e9s, pour ceux qui veulent le rester, et pour tous ceux qui veulent le devenir. Cette vid\u00e9o permettra, je l\u2019esp\u00e8re, \u00e0 un grand nombre d\u2019entre vous, de regarder la situation actuelle sous un autre angle.<\/p>\n\n\n\n<p><strong>J&rsquo;appr\u00e9cie \u00e9norm\u00e9ment Mika Denissot<\/strong><\/p>\n\n\n\n<blockquote class=\"wp-block-quote is-layout-flow wp-block-quote-is-layout-flow\"><p><\/p><cite><strong>Comment se prot\u00e9ger de la propagande m\u00e9diatique<\/strong><\/cite><\/blockquote>\n\n\n\n<figure class=\"wp-block-embed is-type-video is-provider-youtube wp-block-embed-youtube wp-embed-aspect-16-9 wp-has-aspect-ratio\"><div class=\"wp-block-embed__wrapper\">\n<iframe title=\"Comment se prot\u00e9ger de la propagande m\u00e9diatique\" width=\"800\" height=\"450\" src=\"https:\/\/www.youtube.com\/embed\/lZClUO9SnCE?feature=oembed\" frameborder=\"0\" allow=\"accelerometer; autoplay; clipboard-write; encrypted-media; gyroscope; picture-in-picture\" allowfullscreen><\/iframe>\n<\/div><\/figure>\n\n\n\n<p>Savez-vous que dans votre vie, tout est fait de 80% de psychologie pour 20 % de m\u00e9canique . Quand vous comprenez ce principe fondamental, vous r\u00e9alisez bien que si vous changez votre fa\u00e7on de penser, votre \u00e9tat d\u2019esprit ou encore votre \u00ab mindset \u00bb, vous transformerez les r\u00e9sultats de vos actions. Vous comprendrez aussi pourquoi la propagande m\u00e9diatique fonctionne si bien, car elle utilise les 80% de psychologie pour diriger vos 20% de m\u00e9canique. Les m\u00e9dias dominants jouent sur les \u00e9tats d\u2019esprit, sur les humeurs par exemple. Une vid\u00e9o profond\u00e9ment spirituelle pour s&rsquo;\u00e9lever au-dessus des \u00e9nergies basses que les medias dominants diffusent.<\/p>\n\n\n\n<p><\/p>\n\n\n\n<h2 class=\"wp-block-heading\">Que reste t&rsquo;il de notre humanit\u00e9 ?<\/h2>\n\n\n\n<figure class=\"wp-block-embed is-type-video is-provider-youtube wp-block-embed-youtube wp-embed-aspect-16-9 wp-has-aspect-ratio\"><div class=\"wp-block-embed__wrapper\">\n<iframe title=\"Que reste t&#039;il de notre humanite\u0301 ?\" width=\"800\" height=\"450\" src=\"https:\/\/www.youtube.com\/embed\/FCg4mUuR5RU?feature=oembed\" frameborder=\"0\" allow=\"accelerometer; autoplay; clipboard-write; encrypted-media; gyroscope; picture-in-picture\" allowfullscreen><\/iframe>\n<\/div><\/figure>\n\n\n\n<p>Avoir un peu de clart\u00e9 sur soi-m\u00eame, sur notre humanit\u00e9 \u00eatre en paix avec ses convictions, est \u00e0 mon sens la meilleure option disponible par rapport \u00e0 cette contagion d\u00e9lirante dont le monde se sent actuellement prisonnier. Il est clair que l\u2019on a du mal \u00e0 s\u2019imaginer que nous sommes au 21\u00e8me si\u00e8cle. Je ne sais pas vous, mais moi quand j\u2019avais 20 ans, je voyais l\u2019an 2000 comme un futur intelligent et les ann\u00e9es 2020 comme un futur lumineux. Personnellement, je me suis juste tromp\u00e9. Nous vivons un chaos sans pr\u00e9c\u00e8dent. Mais si nous y pensons d\u2019un peu plus pr\u00e8s, il est possible de voir que les p\u00e9riodes de paix n\u2019ont toujours \u00e9t\u00e9 que des moments d\u2019accalmie dans toute l\u2019histoire de l\u2019humanit\u00e9. Et l\u2019humanit\u00e9 a toujours \u00e9t\u00e9 aux prises avec des complots contre elle-m\u00eame. C\u2019est cela qui est incroyable. Nous sommes notre propre nuisance. C\u2019est dire que nous avons encore du chemin \u00e0 faire pour \u00e9veiller nos consciences vers plus d\u2019amour et de compassion. Alors 2 questions me viennent : Que reste t il de notre humanit\u00e9 ? Et pourquoi en est-il ainsi ?<\/p>\n<\/div><\/div>","protected":false},"excerpt":{"rendered":"<p>Envers et contre tous : Sortir de ce chaos matriciel. Je suis s\u00fbr que plusieurs d\u2019entre vous r\u00eavent de revenir&#8230; <a href=\"https:\/\/covid19-a-savoir.net\/index.php\/sortir-de-ce-chaos\/\" class=\"readmore\">Read more<span class=\"screen-reader-text\">Sortir de ce chaos<\/span><span class=\"fa fa-angle-double-right\" aria-hidden=\"true\"><\/span><\/a><\/p>\n","protected":false},"author":1,"featured_media":0,"parent":0,"menu_order":0,"comment_status":"closed","ping_status":"closed","template":"","meta":{"footnotes":""},"yoast_head":"<!-- This site is optimized with the Yoast SEO plugin v23.2 - https:\/\/yoast.com\/wordpress\/plugins\/seo\/ -->\n<title>Sortir de ce chaos - Actualit\u00e9s, , .... Apr\u00e8s la p\u00e9riode &quot;covid19&quot;<\/title>\n<meta name=\"robots\" content=\"index, follow, max-snippet:-1, max-image-preview:large, max-video-preview:-1\" \/>\n<link rel=\"canonical\" href=\"https:\/\/covid19-a-savoir.net\/index.php\/sortir-de-ce-chaos\/\" \/>\n<meta property=\"og:locale\" content=\"fr_FR\" \/>\n<meta property=\"og:type\" content=\"article\" \/>\n<meta property=\"og:title\" content=\"Sortir de ce chaos - Actualit\u00e9s, , .... Apr\u00e8s la p\u00e9riode &quot;covid19&quot;\" \/>\n<meta property=\"og:description\" content=\"Envers et contre tous : Sortir de ce chaos matriciel. Je suis s\u00fbr que plusieurs d\u2019entre vous r\u00eavent de revenir... Read moreSortir de ce chaos\" \/>\n<meta property=\"og:url\" content=\"https:\/\/covid19-a-savoir.net\/index.php\/sortir-de-ce-chaos\/\" \/>\n<meta property=\"og:site_name\" content=\"Actualit\u00e9s, , .... Apr\u00e8s la p\u00e9riode &quot;covid19&quot;\" \/>\n<meta property=\"article:modified_time\" content=\"2021-02-09T23:49:00+00:00\" \/>\n<meta name=\"twitter:card\" content=\"summary_large_image\" \/>\n<meta name=\"twitter:label1\" content=\"Dur\u00e9e de lecture estim\u00e9e\" \/>\n\t<meta name=\"twitter:data1\" content=\"4 minutes\" \/>\n<script type=\"application\/ld+json\" class=\"yoast-schema-graph\">{\"@context\":\"https:\/\/schema.org\",\"@graph\":[{\"@type\":\"WebPage\",\"@id\":\"https:\/\/covid19-a-savoir.net\/index.php\/sortir-de-ce-chaos\/\",\"url\":\"https:\/\/covid19-a-savoir.net\/index.php\/sortir-de-ce-chaos\/\",\"name\":\"Sortir de ce chaos - Actualit\u00e9s, , .... Apr\u00e8s la p\u00e9riode &quot;covid19&quot;\",\"isPartOf\":{\"@id\":\"https:\/\/covid19-a-savoir.net\/#website\"},\"datePublished\":\"2021-02-08T21:35:42+00:00\",\"dateModified\":\"2021-02-09T23:49:00+00:00\",\"breadcrumb\":{\"@id\":\"https:\/\/covid19-a-savoir.net\/index.php\/sortir-de-ce-chaos\/#breadcrumb\"},\"inLanguage\":\"fr-FR\",\"potentialAction\":[{\"@type\":\"ReadAction\",\"target\":[\"https:\/\/covid19-a-savoir.net\/index.php\/sortir-de-ce-chaos\/\"]}]},{\"@type\":\"BreadcrumbList\",\"@id\":\"https:\/\/covid19-a-savoir.net\/index.php\/sortir-de-ce-chaos\/#breadcrumb\",\"itemListElement\":[{\"@type\":\"ListItem\",\"position\":1,\"name\":\"Accueil\",\"item\":\"https:\/\/covid19-a-savoir.net\/\"},{\"@type\":\"ListItem\",\"position\":2,\"name\":\"Sortir de ce chaos\"}]},{\"@type\":\"WebSite\",\"@id\":\"https:\/\/covid19-a-savoir.net\/#website\",\"url\":\"https:\/\/covid19-a-savoir.net\/\",\"name\":\"Actualit\u00e9s, , .... Apr\u00e8s la p\u00e9riode &quot;covid19&quot;\",\"description\":\"DES V\u00c9RIT\u00c9S QUI D\u00c9RANGENT\",\"publisher\":{\"@id\":\"https:\/\/covid19-a-savoir.net\/#\/schema\/person\/53265987e4424cc7dde2f857d2b378cf\"},\"potentialAction\":[{\"@type\":\"SearchAction\",\"target\":{\"@type\":\"EntryPoint\",\"urlTemplate\":\"https:\/\/covid19-a-savoir.net\/?s={search_term_string}\"},\"query-input\":\"required name=search_term_string\"}],\"inLanguage\":\"fr-FR\"},{\"@type\":[\"Person\",\"Organization\"],\"@id\":\"https:\/\/covid19-a-savoir.net\/#\/schema\/person\/53265987e4424cc7dde2f857d2b378cf\",\"name\":\"GS\",\"image\":{\"@type\":\"ImageObject\",\"inLanguage\":\"fr-FR\",\"@id\":\"https:\/\/covid19-a-savoir.net\/#\/schema\/person\/image\/\",\"url\":\"https:\/\/covid19-a-savoir.net\/wp-content\/uploads\/2022\/07\/dans-ce-monde-312x312-1.png\",\"contentUrl\":\"https:\/\/covid19-a-savoir.net\/wp-content\/uploads\/2022\/07\/dans-ce-monde-312x312-1.png\",\"width\":312,\"height\":312,\"caption\":\"GS\"},\"logo\":{\"@id\":\"https:\/\/covid19-a-savoir.net\/#\/schema\/person\/image\/\"},\"sameAs\":[\"http:\/\/covid19-a-savoir.net\"]}]}<\/script>\n<!-- \/ Yoast SEO plugin. -->","yoast_head_json":{"title":"Sortir de ce chaos - Actualit\u00e9s, , .... Apr\u00e8s la p\u00e9riode &quot;covid19&quot;","robots":{"index":"index","follow":"follow","max-snippet":"max-snippet:-1","max-image-preview":"max-image-preview:large","max-video-preview":"max-video-preview:-1"},"canonical":"https:\/\/covid19-a-savoir.net\/index.php\/sortir-de-ce-chaos\/","og_locale":"fr_FR","og_type":"article","og_title":"Sortir de ce chaos - Actualit\u00e9s, , .... Apr\u00e8s la p\u00e9riode &quot;covid19&quot;","og_description":"Envers et contre tous : Sortir de ce chaos matriciel. Je suis s\u00fbr que plusieurs d\u2019entre vous r\u00eavent de revenir... Read moreSortir de ce chaos","og_url":"https:\/\/covid19-a-savoir.net\/index.php\/sortir-de-ce-chaos\/","og_site_name":"Actualit\u00e9s, , .... Apr\u00e8s la p\u00e9riode &quot;covid19&quot;","article_modified_time":"2021-02-09T23:49:00+00:00","twitter_card":"summary_large_image","twitter_misc":{"Dur\u00e9e de lecture estim\u00e9e":"4 minutes"},"schema":{"@context":"https:\/\/schema.org","@graph":[{"@type":"WebPage","@id":"https:\/\/covid19-a-savoir.net\/index.php\/sortir-de-ce-chaos\/","url":"https:\/\/covid19-a-savoir.net\/index.php\/sortir-de-ce-chaos\/","name":"Sortir de ce chaos - Actualit\u00e9s, , .... Apr\u00e8s la p\u00e9riode &quot;covid19&quot;","isPartOf":{"@id":"https:\/\/covid19-a-savoir.net\/#website"},"datePublished":"2021-02-08T21:35:42+00:00","dateModified":"2021-02-09T23:49:00+00:00","breadcrumb":{"@id":"https:\/\/covid19-a-savoir.net\/index.php\/sortir-de-ce-chaos\/#breadcrumb"},"inLanguage":"fr-FR","potentialAction":[{"@type":"ReadAction","target":["https:\/\/covid19-a-savoir.net\/index.php\/sortir-de-ce-chaos\/"]}]},{"@type":"BreadcrumbList","@id":"https:\/\/covid19-a-savoir.net\/index.php\/sortir-de-ce-chaos\/#breadcrumb","itemListElement":[{"@type":"ListItem","position":1,"name":"Accueil","item":"https:\/\/covid19-a-savoir.net\/"},{"@type":"ListItem","position":2,"name":"Sortir de ce chaos"}]},{"@type":"WebSite","@id":"https:\/\/covid19-a-savoir.net\/#website","url":"https:\/\/covid19-a-savoir.net\/","name":"Actualit\u00e9s, , .... Apr\u00e8s la p\u00e9riode &quot;covid19&quot;","description":"DES V\u00c9RIT\u00c9S QUI D\u00c9RANGENT","publisher":{"@id":"https:\/\/covid19-a-savoir.net\/#\/schema\/person\/53265987e4424cc7dde2f857d2b378cf"},"potentialAction":[{"@type":"SearchAction","target":{"@type":"EntryPoint","urlTemplate":"https:\/\/covid19-a-savoir.net\/?s={search_term_string}"},"query-input":"required name=search_term_string"}],"inLanguage":"fr-FR"},{"@type":["Person","Organization"],"@id":"https:\/\/covid19-a-savoir.net\/#\/schema\/person\/53265987e4424cc7dde2f857d2b378cf","name":"GS","image":{"@type":"ImageObject","inLanguage":"fr-FR","@id":"https:\/\/covid19-a-savoir.net\/#\/schema\/person\/image\/","url":"https:\/\/covid19-a-savoir.net\/wp-content\/uploads\/2022\/07\/dans-ce-monde-312x312-1.png","contentUrl":"https:\/\/covid19-a-savoir.net\/wp-content\/uploads\/2022\/07\/dans-ce-monde-312x312-1.png","width":312,"height":312,"caption":"GS"},"logo":{"@id":"https:\/\/covid19-a-savoir.net\/#\/schema\/person\/image\/"},"sameAs":["http:\/\/covid19-a-savoir.net"]}]}},"jetpack_sharing_enabled":true,"_links":{"self":[{"href":"https:\/\/covid19-a-savoir.net\/index.php\/wp-json\/wp\/v2\/pages\/224"}],"collection":[{"href":"https:\/\/covid19-a-savoir.net\/index.php\/wp-json\/wp\/v2\/pages"}],"about":[{"href":"https:\/\/covid19-a-savoir.net\/index.php\/wp-json\/wp\/v2\/types\/page"}],"author":[{"embeddable":true,"href":"https:\/\/covid19-a-savoir.net\/index.php\/wp-json\/wp\/v2\/users\/1"}],"replies":[{"embeddable":true,"href":"https:\/\/covid19-a-savoir.net\/index.php\/wp-json\/wp\/v2\/comments?post=224"}],"version-history":[{"count":4,"href":"https:\/\/covid19-a-savoir.net\/index.php\/wp-json\/wp\/v2\/pages\/224\/revisions"}],"predecessor-version":[{"id":238,"href":"https:\/\/covid19-a-savoir.net\/index.php\/wp-json\/wp\/v2\/pages\/224\/revisions\/238"}],"wp:attachment":[{"href":"https:\/\/covid19-a-savoir.net\/index.php\/wp-json\/wp\/v2\/media?parent=224"}],"curies":[{"name":"wp","href":"https:\/\/api.w.org\/{rel}","templated":true}]}}