{"id":2220,"date":"2022-11-26T23:47:48","date_gmt":"2022-11-26T23:47:48","guid":{"rendered":"https:\/\/covid19-a-savoir.net\/?page_id=2220"},"modified":"2023-03-12T21:27:01","modified_gmt":"2023-03-12T21:27:01","slug":"dresser-son-chien","status":"publish","type":"page","link":"https:\/\/covid19-a-savoir.net\/index.php\/dresser-son-chien\/","title":{"rendered":"Dresser son chien"},"content":{"rendered":"<div id=\"dslc-theme-content\"><div id=\"dslc-theme-content-inner\">\n<figure class=\"wp-block-image size-large is-resized\"><img fetchpriority=\"high\" decoding=\"async\" src=\"https:\/\/covid19-a-savoir.net\/wp-content\/uploads\/2023\/03\/DRESSER-SON-CHIEN-1024x1024.png\" alt=\"\" class=\"wp-image-2511\" width=\"387\" height=\"387\" srcset=\"https:\/\/covid19-a-savoir.net\/wp-content\/uploads\/2023\/03\/DRESSER-SON-CHIEN-1024x1024.png 1024w, https:\/\/covid19-a-savoir.net\/wp-content\/uploads\/2023\/03\/DRESSER-SON-CHIEN-300x300.png 300w, https:\/\/covid19-a-savoir.net\/wp-content\/uploads\/2023\/03\/DRESSER-SON-CHIEN-150x150.png 150w, https:\/\/covid19-a-savoir.net\/wp-content\/uploads\/2023\/03\/DRESSER-SON-CHIEN-768x768.png 768w, https:\/\/covid19-a-savoir.net\/wp-content\/uploads\/2023\/03\/DRESSER-SON-CHIEN-80x80.png 80w, https:\/\/covid19-a-savoir.net\/wp-content\/uploads\/2023\/03\/DRESSER-SON-CHIEN-320x320.png 320w, https:\/\/covid19-a-savoir.net\/wp-content\/uploads\/2023\/03\/DRESSER-SON-CHIEN.png 1080w\" sizes=\"(max-width: 387px) 100vw, 387px\" \/><\/figure>\n\n\n\n<p>Dresser son chien peut \u00eatre une t\u00e2che importante pour garantir la s\u00e9curit\u00e9 et le bien-\u00eatre de votre animal de compagnie, ainsi que pour assurer une coexistence harmonieuse entre votre chien et les autres personnes et animaux dans votre environnement. Voici quelques \u00e9tapes \u00e0 suivre pour dresser votre chien :<\/p>\n\n\n\n<ol><li>D\u00e9terminez des r\u00e8gles claires : avant de commencer \u00e0 dresser votre chien, il est important de d\u00e9terminer les r\u00e8gles de base de la maison. Ces r\u00e8gles devraient inclure des choses comme les endroits o\u00f9 votre chien est autoris\u00e9 \u00e0 aller, les moments o\u00f9 il peut manger ou sortir, et les comportements que vous attendez de lui.<\/li><li>Utilisez la r\u00e9compense et la punition : lorsque vous entra\u00eenez votre chien, utilisez des r\u00e9compenses pour renforcer les comportements souhait\u00e9s et des punitions pour dissuader les comportements ind\u00e9sirables. Les r\u00e9compenses peuvent inclure des friandises, des \u00e9loges verbaux ou des jeux, tandis que les punitions peuvent inclure l&rsquo;ignorance de votre chien, une punition verbale ou une correction physique douce, telle que le fait de d\u00e9tourner son attention avec une laisse.<\/li><li>Pratiquez la patience : l&rsquo;entra\u00eenement d&rsquo;un chien peut prendre du temps, alors soyez patient et pers\u00e9v\u00e9rant. En outre, soyez coh\u00e9rent dans vos m\u00e9thodes d&rsquo;entra\u00eenement, car les chiens ont besoin de clart\u00e9 et de coh\u00e9rence pour comprendre ce que vous attendez d&rsquo;eux.<\/li><li>Faites appel \u00e0 un professionnel : si vous rencontrez des difficult\u00e9s pour dresser votre chien, il peut \u00eatre utile de faire appel \u00e0 un professionnel. Un dresseur de chiens peut vous aider \u00e0 \u00e9tablir des m\u00e9thodes d&rsquo;entra\u00eenement efficaces et \u00e0 surmonter les probl\u00e8mes de comportement.<\/li><\/ol>\n\n\n\n<p>Enfin, n&rsquo;oubliez pas que le dressage d&rsquo;un chien est une \u00e9tape importante pour le bien-\u00eatre de votre animal de compagnie et pour votre relation avec lui. En travaillant ensemble, vous pouvez cr\u00e9er une relation forte et heureuse qui profite \u00e0 vous deux.<\/p>\n\n\n\n<p><\/p>\n\n\n\n<p class=\"has-medium-font-size\"><strong>Comment dresser efficacement son chien en seulement 15 minutes par jour | M\u00e9thodes de dressages<\/strong><\/p>\n\n\n\n<iframe width=\"360\" height=\"215\" src=\"https:\/\/www.youtube.com\/embed\/gy5nix5Hdho\" title=\"YouTube video player\" frameborder=\"0\" allow=\"accelerometer; autoplay; clipboard-write; encrypted-media; gyroscope; picture-in-picture; web-share\" allowfullscreen=\"\"><\/iframe>\n\n\n\n<p class=\"has-medium-font-size\"><strong>APPRENDRE \u00c0 CHERCHER \u00c0 MON CHIEN<\/strong><\/p>\n\n\n\n<iframe width=\"360\" height=\"215\" src=\"https:\/\/www.youtube.com\/embed\/lC7v8kuo8hg\" title=\"YouTube video player\" frameborder=\"0\" allow=\"accelerometer; autoplay; clipboard-write; encrypted-media; gyroscope; picture-in-picture; web-share\" allowfullscreen=\"\"><\/iframe>\n\n\n\n<p class=\"has-medium-font-size\">Comment APPRENDRE \u00e0 son chien \u00e0 ne PAS COURSER LES CHATS<strong> ?<\/strong><\/p>\n\n\n\n<iframe width=\"360\" height=\"215\" src=\"https:\/\/www.youtube.com\/embed\/e0FG1MLWEK8\" title=\"YouTube video player\" frameborder=\"0\" allow=\"accelerometer; autoplay; clipboard-write; encrypted-media; gyroscope; picture-in-picture; web-share\" allowfullscreen=\"\"><\/iframe>\n\n\n\n<p class=\"has-medium-font-size\">A QUEL \u00c2GE EDUQUER SO<strong>N CHIOT ?<\/strong><\/p>\n\n\n\n<iframe width=\"360\" height=\"215\" src=\"https:\/\/www.youtube.com\/embed\/OqiG68v-HAk\" title=\"YouTube video player\" frameborder=\"0\" allow=\"accelerometer; autoplay; clipboard-write; encrypted-media; gyroscope; picture-in-picture; web-share\" allowfullscreen><\/iframe>\n<\/div><\/div>","protected":false},"excerpt":{"rendered":"<p>Dresser son chien peut \u00eatre une t\u00e2che importante pour garantir la s\u00e9curit\u00e9 et le bien-\u00eatre de votre animal de compagnie,&#8230; <a href=\"https:\/\/covid19-a-savoir.net\/index.php\/dresser-son-chien\/\" class=\"readmore\">Read more<span class=\"screen-reader-text\">Dresser son chien<\/span><span class=\"fa fa-angle-double-right\" aria-hidden=\"true\"><\/span><\/a><\/p>\n","protected":false},"author":1,"featured_media":0,"parent":0,"menu_order":0,"comment_status":"closed","ping_status":"closed","template":"","meta":{"footnotes":""},"yoast_head":"<!-- This site is optimized with the Yoast SEO plugin v23.2 - https:\/\/yoast.com\/wordpress\/plugins\/seo\/ -->\n<title>Dresser son chien - Actualit\u00e9s, , .... Apr\u00e8s la p\u00e9riode &quot;covid19&quot;<\/title>\n<meta name=\"robots\" content=\"index, follow, max-snippet:-1, max-image-preview:large, max-video-preview:-1\" \/>\n<link rel=\"canonical\" href=\"https:\/\/covid19-a-savoir.net\/index.php\/dresser-son-chien\/\" \/>\n<meta property=\"og:locale\" content=\"fr_FR\" \/>\n<meta property=\"og:type\" content=\"article\" \/>\n<meta property=\"og:title\" content=\"Dresser son chien - Actualit\u00e9s, , .... Apr\u00e8s la p\u00e9riode &quot;covid19&quot;\" \/>\n<meta property=\"og:description\" content=\"Dresser son chien peut \u00eatre une t\u00e2che importante pour garantir la s\u00e9curit\u00e9 et le bien-\u00eatre de votre animal de compagnie,... Read moreDresser son chien\" \/>\n<meta property=\"og:url\" content=\"https:\/\/covid19-a-savoir.net\/index.php\/dresser-son-chien\/\" \/>\n<meta property=\"og:site_name\" content=\"Actualit\u00e9s, , .... Apr\u00e8s la p\u00e9riode &quot;covid19&quot;\" \/>\n<meta property=\"article:modified_time\" content=\"2023-03-12T21:27:01+00:00\" \/>\n<meta property=\"og:image\" content=\"https:\/\/covid19-a-savoir.net\/wp-content\/uploads\/2023\/03\/DRESSER-SON-CHIEN-1024x1024.png\" \/>\n<meta name=\"twitter:card\" content=\"summary_large_image\" \/>\n<meta name=\"twitter:label1\" content=\"Dur\u00e9e de lecture estim\u00e9e\" \/>\n\t<meta name=\"twitter:data1\" content=\"2 minutes\" \/>\n<script type=\"application\/ld+json\" class=\"yoast-schema-graph\">{\"@context\":\"https:\/\/schema.org\",\"@graph\":[{\"@type\":\"WebPage\",\"@id\":\"https:\/\/covid19-a-savoir.net\/index.php\/dresser-son-chien\/\",\"url\":\"https:\/\/covid19-a-savoir.net\/index.php\/dresser-son-chien\/\",\"name\":\"Dresser son chien - Actualit\u00e9s, , .... Apr\u00e8s la p\u00e9riode &quot;covid19&quot;\",\"isPartOf\":{\"@id\":\"https:\/\/covid19-a-savoir.net\/#website\"},\"primaryImageOfPage\":{\"@id\":\"https:\/\/covid19-a-savoir.net\/index.php\/dresser-son-chien\/#primaryimage\"},\"image\":{\"@id\":\"https:\/\/covid19-a-savoir.net\/index.php\/dresser-son-chien\/#primaryimage\"},\"thumbnailUrl\":\"https:\/\/covid19-a-savoir.net\/wp-content\/uploads\/2023\/03\/DRESSER-SON-CHIEN-1024x1024.png\",\"datePublished\":\"2022-11-26T23:47:48+00:00\",\"dateModified\":\"2023-03-12T21:27:01+00:00\",\"breadcrumb\":{\"@id\":\"https:\/\/covid19-a-savoir.net\/index.php\/dresser-son-chien\/#breadcrumb\"},\"inLanguage\":\"fr-FR\",\"potentialAction\":[{\"@type\":\"ReadAction\",\"target\":[\"https:\/\/covid19-a-savoir.net\/index.php\/dresser-son-chien\/\"]}]},{\"@type\":\"ImageObject\",\"inLanguage\":\"fr-FR\",\"@id\":\"https:\/\/covid19-a-savoir.net\/index.php\/dresser-son-chien\/#primaryimage\",\"url\":\"https:\/\/covid19-a-savoir.net\/wp-content\/uploads\/2023\/03\/DRESSER-SON-CHIEN.png\",\"contentUrl\":\"https:\/\/covid19-a-savoir.net\/wp-content\/uploads\/2023\/03\/DRESSER-SON-CHIEN.png\",\"width\":1080,\"height\":1080},{\"@type\":\"BreadcrumbList\",\"@id\":\"https:\/\/covid19-a-savoir.net\/index.php\/dresser-son-chien\/#breadcrumb\",\"itemListElement\":[{\"@type\":\"ListItem\",\"position\":1,\"name\":\"Accueil\",\"item\":\"https:\/\/covid19-a-savoir.net\/\"},{\"@type\":\"ListItem\",\"position\":2,\"name\":\"Dresser son chien\"}]},{\"@type\":\"WebSite\",\"@id\":\"https:\/\/covid19-a-savoir.net\/#website\",\"url\":\"https:\/\/covid19-a-savoir.net\/\",\"name\":\"Actualit\u00e9s, , .... Apr\u00e8s la p\u00e9riode &quot;covid19&quot;\",\"description\":\"DES V\u00c9RIT\u00c9S QUI D\u00c9RANGENT\",\"publisher\":{\"@id\":\"https:\/\/covid19-a-savoir.net\/#\/schema\/person\/53265987e4424cc7dde2f857d2b378cf\"},\"potentialAction\":[{\"@type\":\"SearchAction\",\"target\":{\"@type\":\"EntryPoint\",\"urlTemplate\":\"https:\/\/covid19-a-savoir.net\/?s={search_term_string}\"},\"query-input\":\"required name=search_term_string\"}],\"inLanguage\":\"fr-FR\"},{\"@type\":[\"Person\",\"Organization\"],\"@id\":\"https:\/\/covid19-a-savoir.net\/#\/schema\/person\/53265987e4424cc7dde2f857d2b378cf\",\"name\":\"GS\",\"image\":{\"@type\":\"ImageObject\",\"inLanguage\":\"fr-FR\",\"@id\":\"https:\/\/covid19-a-savoir.net\/#\/schema\/person\/image\/\",\"url\":\"https:\/\/covid19-a-savoir.net\/wp-content\/uploads\/2022\/07\/dans-ce-monde-312x312-1.png\",\"contentUrl\":\"https:\/\/covid19-a-savoir.net\/wp-content\/uploads\/2022\/07\/dans-ce-monde-312x312-1.png\",\"width\":312,\"height\":312,\"caption\":\"GS\"},\"logo\":{\"@id\":\"https:\/\/covid19-a-savoir.net\/#\/schema\/person\/image\/\"},\"sameAs\":[\"http:\/\/covid19-a-savoir.net\"]}]}<\/script>\n<!-- \/ Yoast SEO plugin. -->","yoast_head_json":{"title":"Dresser son chien - Actualit\u00e9s, , .... Apr\u00e8s la p\u00e9riode &quot;covid19&quot;","robots":{"index":"index","follow":"follow","max-snippet":"max-snippet:-1","max-image-preview":"max-image-preview:large","max-video-preview":"max-video-preview:-1"},"canonical":"https:\/\/covid19-a-savoir.net\/index.php\/dresser-son-chien\/","og_locale":"fr_FR","og_type":"article","og_title":"Dresser son chien - Actualit\u00e9s, , .... Apr\u00e8s la p\u00e9riode &quot;covid19&quot;","og_description":"Dresser son chien peut \u00eatre une t\u00e2che importante pour garantir la s\u00e9curit\u00e9 et le bien-\u00eatre de votre animal de compagnie,... Read moreDresser son chien","og_url":"https:\/\/covid19-a-savoir.net\/index.php\/dresser-son-chien\/","og_site_name":"Actualit\u00e9s, , .... Apr\u00e8s la p\u00e9riode &quot;covid19&quot;","article_modified_time":"2023-03-12T21:27:01+00:00","og_image":[{"url":"https:\/\/covid19-a-savoir.net\/wp-content\/uploads\/2023\/03\/DRESSER-SON-CHIEN-1024x1024.png"}],"twitter_card":"summary_large_image","twitter_misc":{"Dur\u00e9e de lecture estim\u00e9e":"2 minutes"},"schema":{"@context":"https:\/\/schema.org","@graph":[{"@type":"WebPage","@id":"https:\/\/covid19-a-savoir.net\/index.php\/dresser-son-chien\/","url":"https:\/\/covid19-a-savoir.net\/index.php\/dresser-son-chien\/","name":"Dresser son chien - Actualit\u00e9s, , .... Apr\u00e8s la p\u00e9riode &quot;covid19&quot;","isPartOf":{"@id":"https:\/\/covid19-a-savoir.net\/#website"},"primaryImageOfPage":{"@id":"https:\/\/covid19-a-savoir.net\/index.php\/dresser-son-chien\/#primaryimage"},"image":{"@id":"https:\/\/covid19-a-savoir.net\/index.php\/dresser-son-chien\/#primaryimage"},"thumbnailUrl":"https:\/\/covid19-a-savoir.net\/wp-content\/uploads\/2023\/03\/DRESSER-SON-CHIEN-1024x1024.png","datePublished":"2022-11-26T23:47:48+00:00","dateModified":"2023-03-12T21:27:01+00:00","breadcrumb":{"@id":"https:\/\/covid19-a-savoir.net\/index.php\/dresser-son-chien\/#breadcrumb"},"inLanguage":"fr-FR","potentialAction":[{"@type":"ReadAction","target":["https:\/\/covid19-a-savoir.net\/index.php\/dresser-son-chien\/"]}]},{"@type":"ImageObject","inLanguage":"fr-FR","@id":"https:\/\/covid19-a-savoir.net\/index.php\/dresser-son-chien\/#primaryimage","url":"https:\/\/covid19-a-savoir.net\/wp-content\/uploads\/2023\/03\/DRESSER-SON-CHIEN.png","contentUrl":"https:\/\/covid19-a-savoir.net\/wp-content\/uploads\/2023\/03\/DRESSER-SON-CHIEN.png","width":1080,"height":1080},{"@type":"BreadcrumbList","@id":"https:\/\/covid19-a-savoir.net\/index.php\/dresser-son-chien\/#breadcrumb","itemListElement":[{"@type":"ListItem","position":1,"name":"Accueil","item":"https:\/\/covid19-a-savoir.net\/"},{"@type":"ListItem","position":2,"name":"Dresser son chien"}]},{"@type":"WebSite","@id":"https:\/\/covid19-a-savoir.net\/#website","url":"https:\/\/covid19-a-savoir.net\/","name":"Actualit\u00e9s, , .... Apr\u00e8s la p\u00e9riode &quot;covid19&quot;","description":"DES V\u00c9RIT\u00c9S QUI D\u00c9RANGENT","publisher":{"@id":"https:\/\/covid19-a-savoir.net\/#\/schema\/person\/53265987e4424cc7dde2f857d2b378cf"},"potentialAction":[{"@type":"SearchAction","target":{"@type":"EntryPoint","urlTemplate":"https:\/\/covid19-a-savoir.net\/?s={search_term_string}"},"query-input":"required name=search_term_string"}],"inLanguage":"fr-FR"},{"@type":["Person","Organization"],"@id":"https:\/\/covid19-a-savoir.net\/#\/schema\/person\/53265987e4424cc7dde2f857d2b378cf","name":"GS","image":{"@type":"ImageObject","inLanguage":"fr-FR","@id":"https:\/\/covid19-a-savoir.net\/#\/schema\/person\/image\/","url":"https:\/\/covid19-a-savoir.net\/wp-content\/uploads\/2022\/07\/dans-ce-monde-312x312-1.png","contentUrl":"https:\/\/covid19-a-savoir.net\/wp-content\/uploads\/2022\/07\/dans-ce-monde-312x312-1.png","width":312,"height":312,"caption":"GS"},"logo":{"@id":"https:\/\/covid19-a-savoir.net\/#\/schema\/person\/image\/"},"sameAs":["http:\/\/covid19-a-savoir.net"]}]}},"jetpack_sharing_enabled":true,"_links":{"self":[{"href":"https:\/\/covid19-a-savoir.net\/index.php\/wp-json\/wp\/v2\/pages\/2220"}],"collection":[{"href":"https:\/\/covid19-a-savoir.net\/index.php\/wp-json\/wp\/v2\/pages"}],"about":[{"href":"https:\/\/covid19-a-savoir.net\/index.php\/wp-json\/wp\/v2\/types\/page"}],"author":[{"embeddable":true,"href":"https:\/\/covid19-a-savoir.net\/index.php\/wp-json\/wp\/v2\/users\/1"}],"replies":[{"embeddable":true,"href":"https:\/\/covid19-a-savoir.net\/index.php\/wp-json\/wp\/v2\/comments?post=2220"}],"version-history":[{"count":7,"href":"https:\/\/covid19-a-savoir.net\/index.php\/wp-json\/wp\/v2\/pages\/2220\/revisions"}],"predecessor-version":[{"id":2518,"href":"https:\/\/covid19-a-savoir.net\/index.php\/wp-json\/wp\/v2\/pages\/2220\/revisions\/2518"}],"wp:attachment":[{"href":"https:\/\/covid19-a-savoir.net\/index.php\/wp-json\/wp\/v2\/media?parent=2220"}],"curies":[{"name":"wp","href":"https:\/\/api.w.org\/{rel}","templated":true}]}}