{"id":2207,"date":"2022-11-26T20:14:50","date_gmt":"2022-11-26T20:14:50","guid":{"rendered":"https:\/\/covid19-a-savoir.net\/?page_id=2207"},"modified":"2022-11-26T20:20:53","modified_gmt":"2022-11-26T20:20:53","slug":"couple","status":"publish","type":"page","link":"https:\/\/covid19-a-savoir.net\/index.php\/couple\/","title":{"rendered":"Couple"},"content":{"rendered":"<div id=\"dslc-theme-content\"><div id=\"dslc-theme-content-inner\">\n<div class=\"wp-block-columns is-layout-flex wp-container-core-columns-is-layout-1 wp-block-columns-is-layout-flex\">\n<div class=\"wp-block-column is-layout-flow wp-block-column-is-layout-flow\">\n<figure class=\"wp-block-image size-large\"><img fetchpriority=\"high\" decoding=\"async\" width=\"1024\" height=\"1024\" src=\"https:\/\/covid19-a-savoir.net\/wp-content\/uploads\/2022\/11\/COUPLE-2-1024x1024.png\" alt=\"\" class=\"wp-image-2213\" srcset=\"https:\/\/covid19-a-savoir.net\/wp-content\/uploads\/2022\/11\/COUPLE-2-1024x1024.png 1024w, https:\/\/covid19-a-savoir.net\/wp-content\/uploads\/2022\/11\/COUPLE-2-300x300.png 300w, https:\/\/covid19-a-savoir.net\/wp-content\/uploads\/2022\/11\/COUPLE-2-150x150.png 150w, https:\/\/covid19-a-savoir.net\/wp-content\/uploads\/2022\/11\/COUPLE-2-768x768.png 768w, https:\/\/covid19-a-savoir.net\/wp-content\/uploads\/2022\/11\/COUPLE-2.png 1080w\" sizes=\"(max-width: 1024px) 100vw, 1024px\" \/><\/figure>\n<\/div>\n\n\n\n<div class=\"wp-block-column is-layout-flow wp-block-column-is-layout-flow\"><\/div>\n\n\n\n<div class=\"wp-block-column is-layout-flow wp-block-column-is-layout-flow\">\n<figure class=\"wp-block-image size-full\"><a href=\"https:\/\/covid19-a-savoir.net\/index.php\/2022\/11\/14\/sexualite-couples-celibataires-seniors\/\"><img decoding=\"async\" width=\"300\" height=\"300\" src=\"https:\/\/covid19-a-savoir.net\/wp-content\/uploads\/2022\/11\/SEXUALITE-300x300-1.png\" alt=\"\" class=\"wp-image-2218\" srcset=\"https:\/\/covid19-a-savoir.net\/wp-content\/uploads\/2022\/11\/SEXUALITE-300x300-1.png 300w, https:\/\/covid19-a-savoir.net\/wp-content\/uploads\/2022\/11\/SEXUALITE-300x300-1-150x150.png 150w\" sizes=\"(max-width: 300px) 100vw, 300px\" \/><\/a><\/figure>\n<\/div>\n<\/div>\n\n\n\n<figure class=\"wp-block-image size-large\"><img decoding=\"async\" width=\"1024\" height=\"53\" src=\"https:\/\/covid19-a-savoir.net\/wp-content\/uploads\/2022\/11\/01-Programmation-mentale-18-3-1024x53.png\" alt=\"\" class=\"wp-image-2210\" srcset=\"https:\/\/covid19-a-savoir.net\/wp-content\/uploads\/2022\/11\/01-Programmation-mentale-18-3-1024x53.png 1024w, https:\/\/covid19-a-savoir.net\/wp-content\/uploads\/2022\/11\/01-Programmation-mentale-18-3-300x15.png 300w, https:\/\/covid19-a-savoir.net\/wp-content\/uploads\/2022\/11\/01-Programmation-mentale-18-3-768x39.png 768w, https:\/\/covid19-a-savoir.net\/wp-content\/uploads\/2022\/11\/01-Programmation-mentale-18-3.png 1170w\" sizes=\"(max-width: 1024px) 100vw, 1024px\" \/><\/figure>\n\n\n\n<div class=\"wp-block-columns is-layout-flex wp-container-core-columns-is-layout-2 wp-block-columns-is-layout-flex\">\n<div class=\"wp-block-column is-layout-flow wp-block-column-is-layout-flow\">\n<figure class=\"wp-block-image\"><a href=\"https:\/\/bit.ly\/3EcVA1m\"><img decoding=\"async\" src=\"https:\/\/covid19-a-savoir.net\/wp-content\/uploads\/2022\/09\/Ce-que-vous-trouvez-sur-ce-site-7.png\" alt=\"L\u2019attribut alt de cette image est vide, son nom de fichier est Ce-que-vous-trouvez-sur-ce-site-7.png.\"\/><\/a><\/figure>\n<\/div>\n\n\n\n<div class=\"wp-block-column is-layout-flow wp-block-column-is-layout-flow\">\n<figure class=\"wp-block-image\"><a href=\"https:\/\/bit.ly\/3JClyws\"><img decoding=\"async\" src=\"https:\/\/covid19-a-savoir.net\/wp-content\/uploads\/2022\/09\/Ce-que-vous-trouvez-sur-ce-site-8.png\" alt=\"L\u2019attribut alt de cette image est vide, son nom de fichier est Ce-que-vous-trouvez-sur-ce-site-8.png.\"\/><\/a><\/figure>\n<\/div>\n\n\n\n<div class=\"wp-block-column is-layout-flow wp-block-column-is-layout-flow\">\n<figure class=\"wp-block-image\"><a href=\"https:\/\/bit.ly\/3vhzGpK\"><img decoding=\"async\" src=\"https:\/\/covid19-a-savoir.net\/wp-content\/uploads\/2022\/09\/Ce-que-vous-trouvez-sur-ce-site-9.png\" alt=\"L\u2019attribut alt de cette image est vide, son nom de fichier est Ce-que-vous-trouvez-sur-ce-site-9.png.\"\/><\/a><\/figure>\n<\/div>\n<\/div>\n\n\n\n<div class=\"wp-block-columns is-layout-flex wp-container-core-columns-is-layout-3 wp-block-columns-is-layout-flex\">\n<div class=\"wp-block-column is-layout-flow wp-block-column-is-layout-flow\">\n<figure class=\"wp-block-image\"><a href=\"https:\/\/bit.ly\/3uGph7P\"><img decoding=\"async\" src=\"https:\/\/covid19-a-savoir.net\/wp-content\/uploads\/2022\/09\/Ce-que-vous-trouvez-sur-ce-site-10.png\" alt=\"L\u2019attribut alt de cette image est vide, son nom de fichier est Ce-que-vous-trouvez-sur-ce-site-10.png.\"\/><\/a><\/figure>\n<\/div>\n\n\n\n<div class=\"wp-block-column is-layout-flow wp-block-column-is-layout-flow\">\n<figure class=\"wp-block-image\"><a href=\"https:\/\/bit.ly\/3JG986L\"><img decoding=\"async\" src=\"https:\/\/covid19-a-savoir.net\/wp-content\/uploads\/2022\/09\/Ce-que-vous-trouvez-sur-ce-site-11.png\" alt=\"L\u2019attribut alt de cette image est vide, son nom de fichier est Ce-que-vous-trouvez-sur-ce-site-11.png.\"\/><\/a><\/figure>\n<\/div>\n\n\n\n<div class=\"wp-block-column is-layout-flow wp-block-column-is-layout-flow\">\n<figure class=\"wp-block-image\"><a href=\"https:\/\/bit.ly\/3jJDQBe\"><img decoding=\"async\" src=\"https:\/\/covid19-a-savoir.net\/wp-content\/uploads\/2022\/09\/Ce-que-vous-trouvez-sur-ce-site-12.png\" alt=\"L\u2019attribut alt de cette image est vide, son nom de fichier est Ce-que-vous-trouvez-sur-ce-site-12.png.\"\/><\/a><\/figure>\n<\/div>\n<\/div>\n\n\n\n<div class=\"wp-block-columns is-layout-flex wp-container-core-columns-is-layout-4 wp-block-columns-is-layout-flex\">\n<div class=\"wp-block-column is-layout-flow wp-block-column-is-layout-flow\">\n<figure class=\"wp-block-image size-large\"><img loading=\"lazy\" decoding=\"async\" width=\"1024\" height=\"53\" src=\"https:\/\/covid19-a-savoir.net\/wp-content\/uploads\/2022\/11\/01-Programmation-mentale-18-4-1024x53.png\" alt=\"\" class=\"wp-image-2211\" srcset=\"https:\/\/covid19-a-savoir.net\/wp-content\/uploads\/2022\/11\/01-Programmation-mentale-18-4-1024x53.png 1024w, https:\/\/covid19-a-savoir.net\/wp-content\/uploads\/2022\/11\/01-Programmation-mentale-18-4-300x15.png 300w, https:\/\/covid19-a-savoir.net\/wp-content\/uploads\/2022\/11\/01-Programmation-mentale-18-4-768x39.png 768w, https:\/\/covid19-a-savoir.net\/wp-content\/uploads\/2022\/11\/01-Programmation-mentale-18-4.png 1170w\" sizes=\"(max-width: 1024px) 100vw, 1024px\" \/><\/figure>\n<\/div>\n<\/div>\n<\/div><\/div>","protected":false},"excerpt":{"rendered":"","protected":false},"author":1,"featured_media":0,"parent":0,"menu_order":0,"comment_status":"closed","ping_status":"closed","template":"","meta":{"footnotes":""},"yoast_head":"<!-- This site is optimized with the Yoast SEO plugin v23.2 - https:\/\/yoast.com\/wordpress\/plugins\/seo\/ -->\n<title>Couple - Actualit\u00e9s, , .... Apr\u00e8s la p\u00e9riode &quot;covid19&quot;<\/title>\n<meta name=\"robots\" content=\"index, follow, max-snippet:-1, max-image-preview:large, max-video-preview:-1\" \/>\n<link rel=\"canonical\" href=\"https:\/\/covid19-a-savoir.net\/index.php\/couple\/\" \/>\n<meta property=\"og:locale\" content=\"fr_FR\" \/>\n<meta property=\"og:type\" content=\"article\" \/>\n<meta property=\"og:title\" content=\"Couple - Actualit\u00e9s, , .... Apr\u00e8s la p\u00e9riode &quot;covid19&quot;\" \/>\n<meta property=\"og:url\" content=\"https:\/\/covid19-a-savoir.net\/index.php\/couple\/\" \/>\n<meta property=\"og:site_name\" content=\"Actualit\u00e9s, , .... Apr\u00e8s la p\u00e9riode &quot;covid19&quot;\" \/>\n<meta property=\"article:modified_time\" content=\"2022-11-26T20:20:53+00:00\" \/>\n<meta property=\"og:image\" content=\"https:\/\/covid19-a-savoir.net\/wp-content\/uploads\/2022\/11\/COUPLE-2-1024x1024.png\" \/>\n<meta name=\"twitter:card\" content=\"summary_large_image\" \/>\n<meta name=\"twitter:label1\" content=\"Dur\u00e9e de lecture estim\u00e9e\" \/>\n\t<meta name=\"twitter:data1\" content=\"2 minutes\" \/>\n<script type=\"application\/ld+json\" class=\"yoast-schema-graph\">{\"@context\":\"https:\/\/schema.org\",\"@graph\":[{\"@type\":\"WebPage\",\"@id\":\"https:\/\/covid19-a-savoir.net\/index.php\/couple\/\",\"url\":\"https:\/\/covid19-a-savoir.net\/index.php\/couple\/\",\"name\":\"Couple - Actualit\u00e9s, , .... Apr\u00e8s la p\u00e9riode &quot;covid19&quot;\",\"isPartOf\":{\"@id\":\"https:\/\/covid19-a-savoir.net\/#website\"},\"primaryImageOfPage\":{\"@id\":\"https:\/\/covid19-a-savoir.net\/index.php\/couple\/#primaryimage\"},\"image\":{\"@id\":\"https:\/\/covid19-a-savoir.net\/index.php\/couple\/#primaryimage\"},\"thumbnailUrl\":\"https:\/\/covid19-a-savoir.net\/wp-content\/uploads\/2022\/11\/COUPLE-2-1024x1024.png\",\"datePublished\":\"2022-11-26T20:14:50+00:00\",\"dateModified\":\"2022-11-26T20:20:53+00:00\",\"breadcrumb\":{\"@id\":\"https:\/\/covid19-a-savoir.net\/index.php\/couple\/#breadcrumb\"},\"inLanguage\":\"fr-FR\",\"potentialAction\":[{\"@type\":\"ReadAction\",\"target\":[\"https:\/\/covid19-a-savoir.net\/index.php\/couple\/\"]}]},{\"@type\":\"ImageObject\",\"inLanguage\":\"fr-FR\",\"@id\":\"https:\/\/covid19-a-savoir.net\/index.php\/couple\/#primaryimage\",\"url\":\"https:\/\/covid19-a-savoir.net\/wp-content\/uploads\/2022\/11\/COUPLE-2.png\",\"contentUrl\":\"https:\/\/covid19-a-savoir.net\/wp-content\/uploads\/2022\/11\/COUPLE-2.png\",\"width\":1080,\"height\":1080},{\"@type\":\"BreadcrumbList\",\"@id\":\"https:\/\/covid19-a-savoir.net\/index.php\/couple\/#breadcrumb\",\"itemListElement\":[{\"@type\":\"ListItem\",\"position\":1,\"name\":\"Accueil\",\"item\":\"https:\/\/covid19-a-savoir.net\/\"},{\"@type\":\"ListItem\",\"position\":2,\"name\":\"Couple\"}]},{\"@type\":\"WebSite\",\"@id\":\"https:\/\/covid19-a-savoir.net\/#website\",\"url\":\"https:\/\/covid19-a-savoir.net\/\",\"name\":\"Actualit\u00e9s, , .... Apr\u00e8s la p\u00e9riode &quot;covid19&quot;\",\"description\":\"DES V\u00c9RIT\u00c9S QUI D\u00c9RANGENT\",\"publisher\":{\"@id\":\"https:\/\/covid19-a-savoir.net\/#\/schema\/person\/53265987e4424cc7dde2f857d2b378cf\"},\"potentialAction\":[{\"@type\":\"SearchAction\",\"target\":{\"@type\":\"EntryPoint\",\"urlTemplate\":\"https:\/\/covid19-a-savoir.net\/?s={search_term_string}\"},\"query-input\":\"required name=search_term_string\"}],\"inLanguage\":\"fr-FR\"},{\"@type\":[\"Person\",\"Organization\"],\"@id\":\"https:\/\/covid19-a-savoir.net\/#\/schema\/person\/53265987e4424cc7dde2f857d2b378cf\",\"name\":\"GS\",\"image\":{\"@type\":\"ImageObject\",\"inLanguage\":\"fr-FR\",\"@id\":\"https:\/\/covid19-a-savoir.net\/#\/schema\/person\/image\/\",\"url\":\"https:\/\/covid19-a-savoir.net\/wp-content\/uploads\/2022\/07\/dans-ce-monde-312x312-1.png\",\"contentUrl\":\"https:\/\/covid19-a-savoir.net\/wp-content\/uploads\/2022\/07\/dans-ce-monde-312x312-1.png\",\"width\":312,\"height\":312,\"caption\":\"GS\"},\"logo\":{\"@id\":\"https:\/\/covid19-a-savoir.net\/#\/schema\/person\/image\/\"},\"sameAs\":[\"http:\/\/covid19-a-savoir.net\"]}]}<\/script>\n<!-- \/ Yoast SEO plugin. -->","yoast_head_json":{"title":"Couple - Actualit\u00e9s, , .... Apr\u00e8s la p\u00e9riode &quot;covid19&quot;","robots":{"index":"index","follow":"follow","max-snippet":"max-snippet:-1","max-image-preview":"max-image-preview:large","max-video-preview":"max-video-preview:-1"},"canonical":"https:\/\/covid19-a-savoir.net\/index.php\/couple\/","og_locale":"fr_FR","og_type":"article","og_title":"Couple - Actualit\u00e9s, , .... Apr\u00e8s la p\u00e9riode &quot;covid19&quot;","og_url":"https:\/\/covid19-a-savoir.net\/index.php\/couple\/","og_site_name":"Actualit\u00e9s, , .... Apr\u00e8s la p\u00e9riode &quot;covid19&quot;","article_modified_time":"2022-11-26T20:20:53+00:00","og_image":[{"url":"https:\/\/covid19-a-savoir.net\/wp-content\/uploads\/2022\/11\/COUPLE-2-1024x1024.png"}],"twitter_card":"summary_large_image","twitter_misc":{"Dur\u00e9e de lecture estim\u00e9e":"2 minutes"},"schema":{"@context":"https:\/\/schema.org","@graph":[{"@type":"WebPage","@id":"https:\/\/covid19-a-savoir.net\/index.php\/couple\/","url":"https:\/\/covid19-a-savoir.net\/index.php\/couple\/","name":"Couple - Actualit\u00e9s, , .... Apr\u00e8s la p\u00e9riode &quot;covid19&quot;","isPartOf":{"@id":"https:\/\/covid19-a-savoir.net\/#website"},"primaryImageOfPage":{"@id":"https:\/\/covid19-a-savoir.net\/index.php\/couple\/#primaryimage"},"image":{"@id":"https:\/\/covid19-a-savoir.net\/index.php\/couple\/#primaryimage"},"thumbnailUrl":"https:\/\/covid19-a-savoir.net\/wp-content\/uploads\/2022\/11\/COUPLE-2-1024x1024.png","datePublished":"2022-11-26T20:14:50+00:00","dateModified":"2022-11-26T20:20:53+00:00","breadcrumb":{"@id":"https:\/\/covid19-a-savoir.net\/index.php\/couple\/#breadcrumb"},"inLanguage":"fr-FR","potentialAction":[{"@type":"ReadAction","target":["https:\/\/covid19-a-savoir.net\/index.php\/couple\/"]}]},{"@type":"ImageObject","inLanguage":"fr-FR","@id":"https:\/\/covid19-a-savoir.net\/index.php\/couple\/#primaryimage","url":"https:\/\/covid19-a-savoir.net\/wp-content\/uploads\/2022\/11\/COUPLE-2.png","contentUrl":"https:\/\/covid19-a-savoir.net\/wp-content\/uploads\/2022\/11\/COUPLE-2.png","width":1080,"height":1080},{"@type":"BreadcrumbList","@id":"https:\/\/covid19-a-savoir.net\/index.php\/couple\/#breadcrumb","itemListElement":[{"@type":"ListItem","position":1,"name":"Accueil","item":"https:\/\/covid19-a-savoir.net\/"},{"@type":"ListItem","position":2,"name":"Couple"}]},{"@type":"WebSite","@id":"https:\/\/covid19-a-savoir.net\/#website","url":"https:\/\/covid19-a-savoir.net\/","name":"Actualit\u00e9s, , .... Apr\u00e8s la p\u00e9riode &quot;covid19&quot;","description":"DES V\u00c9RIT\u00c9S QUI D\u00c9RANGENT","publisher":{"@id":"https:\/\/covid19-a-savoir.net\/#\/schema\/person\/53265987e4424cc7dde2f857d2b378cf"},"potentialAction":[{"@type":"SearchAction","target":{"@type":"EntryPoint","urlTemplate":"https:\/\/covid19-a-savoir.net\/?s={search_term_string}"},"query-input":"required name=search_term_string"}],"inLanguage":"fr-FR"},{"@type":["Person","Organization"],"@id":"https:\/\/covid19-a-savoir.net\/#\/schema\/person\/53265987e4424cc7dde2f857d2b378cf","name":"GS","image":{"@type":"ImageObject","inLanguage":"fr-FR","@id":"https:\/\/covid19-a-savoir.net\/#\/schema\/person\/image\/","url":"https:\/\/covid19-a-savoir.net\/wp-content\/uploads\/2022\/07\/dans-ce-monde-312x312-1.png","contentUrl":"https:\/\/covid19-a-savoir.net\/wp-content\/uploads\/2022\/07\/dans-ce-monde-312x312-1.png","width":312,"height":312,"caption":"GS"},"logo":{"@id":"https:\/\/covid19-a-savoir.net\/#\/schema\/person\/image\/"},"sameAs":["http:\/\/covid19-a-savoir.net"]}]}},"jetpack_sharing_enabled":true,"_links":{"self":[{"href":"https:\/\/covid19-a-savoir.net\/index.php\/wp-json\/wp\/v2\/pages\/2207"}],"collection":[{"href":"https:\/\/covid19-a-savoir.net\/index.php\/wp-json\/wp\/v2\/pages"}],"about":[{"href":"https:\/\/covid19-a-savoir.net\/index.php\/wp-json\/wp\/v2\/types\/page"}],"author":[{"embeddable":true,"href":"https:\/\/covid19-a-savoir.net\/index.php\/wp-json\/wp\/v2\/users\/1"}],"replies":[{"embeddable":true,"href":"https:\/\/covid19-a-savoir.net\/index.php\/wp-json\/wp\/v2\/comments?post=2207"}],"version-history":[{"count":3,"href":"https:\/\/covid19-a-savoir.net\/index.php\/wp-json\/wp\/v2\/pages\/2207\/revisions"}],"predecessor-version":[{"id":2219,"href":"https:\/\/covid19-a-savoir.net\/index.php\/wp-json\/wp\/v2\/pages\/2207\/revisions\/2219"}],"wp:attachment":[{"href":"https:\/\/covid19-a-savoir.net\/index.php\/wp-json\/wp\/v2\/media?parent=2207"}],"curies":[{"name":"wp","href":"https:\/\/api.w.org\/{rel}","templated":true}]}}