{"id":2149,"date":"2022-11-11T13:28:44","date_gmt":"2022-11-11T13:28:44","guid":{"rendered":"https:\/\/covid19-a-savoir.net\/?page_id=2149"},"modified":"2022-11-11T13:28:46","modified_gmt":"2022-11-11T13:28:46","slug":"nos-seniors","status":"publish","type":"page","link":"https:\/\/covid19-a-savoir.net\/index.php\/nos-seniors\/","title":{"rendered":"Nos s\u00e9niors"},"content":{"rendered":"<div id=\"dslc-theme-content\"><div id=\"dslc-theme-content-inner\">\n<div class=\"wp-block-columns is-layout-flex wp-container-core-columns-is-layout-1 wp-block-columns-is-layout-flex\">\n<div class=\"wp-block-column is-layout-flow wp-block-column-is-layout-flow\">\n<figure class=\"wp-block-image size-large\"><img fetchpriority=\"high\" decoding=\"async\" width=\"1024\" height=\"1024\" src=\"https:\/\/covid19-a-savoir.net\/wp-content\/uploads\/2022\/11\/Vous-etes-formidables--1024x1024.png\" alt=\"\" class=\"wp-image-2150\" srcset=\"https:\/\/covid19-a-savoir.net\/wp-content\/uploads\/2022\/11\/Vous-etes-formidables--1024x1024.png 1024w, https:\/\/covid19-a-savoir.net\/wp-content\/uploads\/2022\/11\/Vous-etes-formidables--300x300.png 300w, https:\/\/covid19-a-savoir.net\/wp-content\/uploads\/2022\/11\/Vous-etes-formidables--150x150.png 150w, https:\/\/covid19-a-savoir.net\/wp-content\/uploads\/2022\/11\/Vous-etes-formidables--768x768.png 768w, https:\/\/covid19-a-savoir.net\/wp-content\/uploads\/2022\/11\/Vous-etes-formidables-.png 1080w\" sizes=\"(max-width: 1024px) 100vw, 1024px\" \/><\/figure>\n<\/div>\n\n\n\n<div class=\"wp-block-column is-layout-flow wp-block-column-is-layout-flow\"><\/div>\n<\/div>\n\n\n\n<div class=\"wp-block-columns is-layout-flex wp-container-core-columns-is-layout-2 wp-block-columns-is-layout-flex\">\n<div class=\"wp-block-column is-layout-flow wp-block-column-is-layout-flow\">\n<ul><li><a href=\"https:\/\/nosseniors.com\/index.php\/a-la-recherche-didees-pour-vieillir-gracieusement-essayez-ces-astuces\/\">A la recherche d\u2019id\u00e9es pour vieillir gracieusement? Essayez ces astuces!<\/a><\/li><li><a href=\"https:\/\/nosseniors.com\/index.php\/adoptez-la-pensee-positive-qui-vous-transportera-dans-vos-annees-dorees-avec-grace-et-joie\/\">Adoptez la pens\u00e9e positive qui vous transportera dans vos ann\u00e9es dor\u00e9es avec gr\u00e2ce et joie<\/a><\/li><li><a href=\"https:\/\/nosseniors.com\/index.php\/amour-sexualite-et-vieillesse\/\">Amour, sexualit\u00e9 et vieillesse<\/a><\/li><li><a href=\"https:\/\/nosseniors.com\/index.php\/animaux-domestiques\/\">Animaux domestiques<\/a><\/li><li><a href=\"https:\/\/nosseniors.com\/index.php\/apprenez-tous-les-nouveaux-trucs-et-astuces-pour-vieillir-avec-grace-et-dignite\/\">Apprenez tous les nouveaux trucs et astuces pour vieillir avec gr\u00e2ce et dignit\u00e9<\/a><\/li><li><a href=\"https:\/\/nosseniors.com\/index.php\/beaute-naturelle\/\">Beaut\u00e9 naturelle<\/a><\/li><li><a href=\"https:\/\/nosseniors.com\/index.php\/bien-vieillir\/\">Bien vieillir<\/a><\/li><li><a href=\"https:\/\/nosseniors.com\/index.php\/ce-que-vous-devez-savoir-sur-linitiation-a-loutil-informatique-a-lage-de-65-ans\/\">Ce que vous devez savoir sur l\u2019initiation \u00e0 l\u2019outil informatique \u00e0 l\u2019\u00e2ge de 65 ans<\/a><\/li><li><a href=\"https:\/\/nosseniors.com\/index.php\/comment-combattre-le-processus-de-vieillissement-et-vaincre\/\">Comment combattre le processus de vieillissement et vaincre<\/a><\/li><li><a href=\"https:\/\/nosseniors.com\/index.php\/comment-gerer-la-vieillesse-selon-vos-souhaits\/\">Comment g\u00e9rer la vieillesse selon vos souhaits<\/a><\/li><li><a href=\"https:\/\/nosseniors.com\/index.php\/comment-rendre-la-vieillesse-un-peu-plus-facile\/\">Comment rendre la vieillesse un peu plus facile<\/a><\/li><li><a href=\"https:\/\/nosseniors.com\/index.php\/comment-rester-jeune-avec-le-passage-des-annees\/\">Comment rester jeune avec le passage des ann\u00e9es<\/a><\/li><li><a href=\"https:\/\/nosseniors.com\/index.php\/comment-trouver-lamour-apres-50-ans\/\">comment trouver l&rsquo;amour apr\u00e8s 50 ans<\/a><\/li><li><a href=\"https:\/\/nosseniors.com\/index.php\/des-astuces-antivieillissement-fantastiques-qui-marchent-pour-chacun\/\">Des astuces antivieillissement fantastiques qui marchent pour chacun<\/a><\/li><li><a href=\"https:\/\/nosseniors.com\/index.php\/des-astuces-antivieillissement-merveilleuses-pour-ceux-qui-veulent-paraitre-jeunes\/\">Des astuces antivieillissement merveilleuses pour ceux qui veulent paraitre jeunes<\/a><\/li><li><a href=\"https:\/\/nosseniors.com\/index.php\/des-astuces-pour-ralentir-le-processus-de-vieillissement\/\">Des astuces pour ralentir le processus de vieillissement<\/a><\/li><li><a href=\"https:\/\/nosseniors.com\/index.php\/des-astuces-pour-rester-jeune-et-plein-de-vie\/\">Des astuces pour rester jeune et plein de vie!<\/a><\/li><li><a href=\"https:\/\/nosseniors.com\/index.php\/employabilite-des-seniors-les-seniors-ca-vaut-de-lor\/\">Employabilit\u00e9 des seniors : Les seniors \u00e7a vaut de l&rsquo;or !\u00a0<\/a><\/li><li><a href=\"https:\/\/nosseniors.com\/index.php\/informatique-et-internet\/\">informatique et internet<\/a><\/li><li><a href=\"https:\/\/nosseniors.com\/index.php\/jambes-lourdes-que-faire\/\">Jambes lourdes que faire<\/a><\/li><li><a href=\"https:\/\/nosseniors.com\/index.php\/la-solitude\/\">la solitude<\/a><\/li><li><a href=\"https:\/\/nosseniors.com\/index.php\/le-vieillissement-ne-doit-pas-vous-arriver-a-vous-voila-pourquoi\/\">Le vieillissement ne doit pas vous arriver \u00e0 vous, voil\u00e0 pourquoi\u00a0!<\/a><\/li><li><a href=\"https:\/\/nosseniors.com\/index.php\/le-vieillissement-ne-vous-concerne-pas-du-tout-arretez-le\/\">Le vieillissement ne vous concerne pas du tout ? Arr\u00eatez-le!<\/a><\/li><li><a href=\"https:\/\/nosseniors.com\/index.php\/les-astuces-antivieillissement-les-plus-efficaces-que-vous-lirez\/\">Les astuces antivieillissement les plus efficaces que vous lirez<\/a><\/li><li><a href=\"https:\/\/nosseniors.com\/index.php\/les-choses-que-chacun-doit-connaitre-sur-le-vieillissement\/\">Les choses que chacun doit connaitre sur le vieillissement<\/a><\/li><li><a href=\"https:\/\/nosseniors.com\/index.php\/les-elements-cles-pour-vieillir-avec-grace\/\">Les \u00e9l\u00e9ments cl\u00e9s pour vieillir avec gr\u00e2ce<\/a><\/li><li><a href=\"https:\/\/nosseniors.com\/index.php\/les-meilleurs-facons-de-prevenir-le-vieillissement\/\">Les meilleurs fa\u00e7ons de pr\u00e9venir le vieillissement<\/a><\/li><li><a href=\"https:\/\/nosseniors.com\/index.php\/les-remedes-naturels-contre-les-signes-et-symptomes-du-vieillissement-sont-plus-simples-que-ce-que-vous-pensez\/\">Les rem\u00e8des naturels contre les signes et sympt\u00f4mes du vieillissement sont plus simples que ce que vous pensez<\/a><\/li><li><a href=\"https:\/\/nosseniors.com\/index.php\/les-reponses-a-toutes-vos-questions-sur-le-vieillissement\/\">Les r\u00e9ponses \u00e0 toutes vos questions sur le vieillissement<\/a><\/li><li><a href=\"https:\/\/nosseniors.com\/index.php\/les-secrets-du-vieillissement-que-chacun-doit-connaitre\/\">Les secrets du vieillissement que chacun doit connaitre<\/a><\/li><li><a href=\"https:\/\/nosseniors.com\/index.php\/les-seniors-en-entreprises\/\">Les seniors en entreprises<\/a><\/li><li><a href=\"https:\/\/nosseniors.com\/index.php\/menopause\/\">M\u00e9nopause<\/a><\/li><li><a href=\"https:\/\/nosseniors.com\/index.php\/mettez-un-frein-au-vieillissement-avec-ces-conseils-dexperts\/\">Mettez un frein au vieillissement avec ces conseils d\u2019experts<\/a><\/li><li><a href=\"https:\/\/nosseniors.com\/index.php\/quelle-alimentation-pour-paraitre-et-vous-sentir-beaucoup-plus-jeune-que-vous-ne-letes\/\">Quelle alimentation pour paraitre et vous sentir beaucoup plus jeune que vous ne l\u2019\u00eates<\/a><\/li><li><a href=\"https:\/\/nosseniors.com\/index.php\/ralentissez-le-processus-de-vieillissement-avec-ces-astuces\/\">Ralentissez le processus de vieillissement avec ces astuces<\/a><\/li><li><a href=\"https:\/\/nosseniors.com\/index.php\/restez-jeune-avec-le-passage-des-annees\/\">Restez jeune avec le passage des ann\u00e9es<\/a><\/li><li><a href=\"https:\/\/nosseniors.com\/index.php\/retardez-le-vieillissement-avec-ces-astuces-utiles\/\">Retardez le vieillissement avec ces astuces utiles<\/a><\/li><li><a href=\"https:\/\/nosseniors.com\/index.php\/sample-page\/\">Sample Page<\/a><\/li><li><a href=\"https:\/\/nosseniors.com\/index.php\/sante-naturelle\/\">Sant\u00e9 naturelle<\/a><\/li><li><a href=\"https:\/\/nosseniors.com\/index.php\/strategies-pour-vieillir-en-douceur\/\">Strat\u00e9gies pour vieillir en douceur<\/a><\/li><li><a href=\"https:\/\/nosseniors.com\/index.php\/vieillir-gracieusement-un-guide-pour-une-maturite-progressive\/\">Vieillir gracieusement, un guide pour une maturit\u00e9 progressive<\/a><\/li><li><a href=\"https:\/\/nosseniors.com\/index.php\/vieillir-merveilleusement-quelques-astuces-pour-paraitre-bien-tard\/\">Vieillir merveilleusement : quelques astuces pour paraitre bien, tard<\/a><\/li><li><a href=\"https:\/\/nosseniors.com\/index.php\/vieillissez-bien-et-vivez-bien-grace-a-ces-conseils\/\">Vieillissez bien et vivez bien gr\u00e2ce \u00e0 ces conseils<\/a><\/li><li><a href=\"https:\/\/nosseniors.com\/index.php\/vivre-une-retraite-heureuse-et-epanouissante-version-courte\/\">Vivre une retraite heureuse et \u00e9panouissante (version courte)<\/a><\/li><li><a href=\"https:\/\/nosseniors.com\/index.php\/vous-pouvez-vieillir-avec-grace-et-joie\/\">Vous pouvez vieillir avec gr\u00e2ce et joie<\/a><\/li><li><a href=\"https:\/\/nosseniors.com\/index.php\/vous-vieillissez-des-astuces-qui-enrichissent-votre-vie\/\">Vous vieillissez : des astuces qui enrichissent votre vie!<\/a><\/li><li><a href=\"https:\/\/nosseniors.com\/index.php\/vous-vieillissez-des-astuces-pour-en-tirer-le-meilleur\/\">Vous vieillissez ? Des astuces pour en tirer le meilleur!<\/a><\/li><li><a href=\"https:\/\/nosseniors.com\/index.php\/voyages\/\">voyages<\/a><\/li><\/ul>\n<\/div>\n<\/div>\n<\/div><\/div>","protected":false},"excerpt":{"rendered":"<p>A la recherche d\u2019id\u00e9es pour vieillir gracieusement? Essayez ces astuces! Adoptez la pens\u00e9e positive qui vous transportera dans vos ann\u00e9es&#8230; <a href=\"https:\/\/covid19-a-savoir.net\/index.php\/nos-seniors\/\" class=\"readmore\">Read more<span class=\"screen-reader-text\">Nos s\u00e9niors<\/span><span class=\"fa fa-angle-double-right\" aria-hidden=\"true\"><\/span><\/a><\/p>\n","protected":false},"author":1,"featured_media":0,"parent":0,"menu_order":0,"comment_status":"closed","ping_status":"closed","template":"","meta":{"footnotes":""},"yoast_head":"<!-- This site is optimized with the Yoast SEO plugin v23.2 - https:\/\/yoast.com\/wordpress\/plugins\/seo\/ -->\n<title>Nos s\u00e9niors - Actualit\u00e9s, , .... Apr\u00e8s la p\u00e9riode &quot;covid19&quot;<\/title>\n<meta name=\"robots\" content=\"index, follow, max-snippet:-1, max-image-preview:large, max-video-preview:-1\" \/>\n<link rel=\"canonical\" href=\"https:\/\/covid19-a-savoir.net\/index.php\/nos-seniors\/\" \/>\n<meta property=\"og:locale\" content=\"fr_FR\" \/>\n<meta property=\"og:type\" content=\"article\" \/>\n<meta property=\"og:title\" content=\"Nos s\u00e9niors - Actualit\u00e9s, , .... Apr\u00e8s la p\u00e9riode &quot;covid19&quot;\" \/>\n<meta property=\"og:description\" content=\"A la recherche d\u2019id\u00e9es pour vieillir gracieusement? Essayez ces astuces! Adoptez la pens\u00e9e positive qui vous transportera dans vos ann\u00e9es... Read moreNos s\u00e9niors\" \/>\n<meta property=\"og:url\" content=\"https:\/\/covid19-a-savoir.net\/index.php\/nos-seniors\/\" \/>\n<meta property=\"og:site_name\" content=\"Actualit\u00e9s, , .... Apr\u00e8s la p\u00e9riode &quot;covid19&quot;\" \/>\n<meta property=\"article:modified_time\" content=\"2022-11-11T13:28:46+00:00\" \/>\n<meta property=\"og:image\" content=\"https:\/\/covid19-a-savoir.net\/wp-content\/uploads\/2022\/11\/Vous-etes-formidables--1024x1024.png\" \/>\n<meta name=\"twitter:card\" content=\"summary_large_image\" \/>\n<meta name=\"twitter:label1\" content=\"Dur\u00e9e de lecture estim\u00e9e\" \/>\n\t<meta name=\"twitter:data1\" content=\"3 minutes\" \/>\n<script type=\"application\/ld+json\" class=\"yoast-schema-graph\">{\"@context\":\"https:\/\/schema.org\",\"@graph\":[{\"@type\":\"WebPage\",\"@id\":\"https:\/\/covid19-a-savoir.net\/index.php\/nos-seniors\/\",\"url\":\"https:\/\/covid19-a-savoir.net\/index.php\/nos-seniors\/\",\"name\":\"Nos s\u00e9niors - Actualit\u00e9s, , .... Apr\u00e8s la p\u00e9riode &quot;covid19&quot;\",\"isPartOf\":{\"@id\":\"https:\/\/covid19-a-savoir.net\/#website\"},\"primaryImageOfPage\":{\"@id\":\"https:\/\/covid19-a-savoir.net\/index.php\/nos-seniors\/#primaryimage\"},\"image\":{\"@id\":\"https:\/\/covid19-a-savoir.net\/index.php\/nos-seniors\/#primaryimage\"},\"thumbnailUrl\":\"https:\/\/covid19-a-savoir.net\/wp-content\/uploads\/2022\/11\/Vous-etes-formidables--1024x1024.png\",\"datePublished\":\"2022-11-11T13:28:44+00:00\",\"dateModified\":\"2022-11-11T13:28:46+00:00\",\"breadcrumb\":{\"@id\":\"https:\/\/covid19-a-savoir.net\/index.php\/nos-seniors\/#breadcrumb\"},\"inLanguage\":\"fr-FR\",\"potentialAction\":[{\"@type\":\"ReadAction\",\"target\":[\"https:\/\/covid19-a-savoir.net\/index.php\/nos-seniors\/\"]}]},{\"@type\":\"ImageObject\",\"inLanguage\":\"fr-FR\",\"@id\":\"https:\/\/covid19-a-savoir.net\/index.php\/nos-seniors\/#primaryimage\",\"url\":\"https:\/\/covid19-a-savoir.net\/wp-content\/uploads\/2022\/11\/Vous-etes-formidables-.png\",\"contentUrl\":\"https:\/\/covid19-a-savoir.net\/wp-content\/uploads\/2022\/11\/Vous-etes-formidables-.png\",\"width\":1080,\"height\":1080},{\"@type\":\"BreadcrumbList\",\"@id\":\"https:\/\/covid19-a-savoir.net\/index.php\/nos-seniors\/#breadcrumb\",\"itemListElement\":[{\"@type\":\"ListItem\",\"position\":1,\"name\":\"Accueil\",\"item\":\"https:\/\/covid19-a-savoir.net\/\"},{\"@type\":\"ListItem\",\"position\":2,\"name\":\"Nos s\u00e9niors\"}]},{\"@type\":\"WebSite\",\"@id\":\"https:\/\/covid19-a-savoir.net\/#website\",\"url\":\"https:\/\/covid19-a-savoir.net\/\",\"name\":\"Actualit\u00e9s, , .... Apr\u00e8s la p\u00e9riode &quot;covid19&quot;\",\"description\":\"DES V\u00c9RIT\u00c9S QUI D\u00c9RANGENT\",\"publisher\":{\"@id\":\"https:\/\/covid19-a-savoir.net\/#\/schema\/person\/53265987e4424cc7dde2f857d2b378cf\"},\"potentialAction\":[{\"@type\":\"SearchAction\",\"target\":{\"@type\":\"EntryPoint\",\"urlTemplate\":\"https:\/\/covid19-a-savoir.net\/?s={search_term_string}\"},\"query-input\":\"required name=search_term_string\"}],\"inLanguage\":\"fr-FR\"},{\"@type\":[\"Person\",\"Organization\"],\"@id\":\"https:\/\/covid19-a-savoir.net\/#\/schema\/person\/53265987e4424cc7dde2f857d2b378cf\",\"name\":\"GS\",\"image\":{\"@type\":\"ImageObject\",\"inLanguage\":\"fr-FR\",\"@id\":\"https:\/\/covid19-a-savoir.net\/#\/schema\/person\/image\/\",\"url\":\"https:\/\/covid19-a-savoir.net\/wp-content\/uploads\/2022\/07\/dans-ce-monde-312x312-1.png\",\"contentUrl\":\"https:\/\/covid19-a-savoir.net\/wp-content\/uploads\/2022\/07\/dans-ce-monde-312x312-1.png\",\"width\":312,\"height\":312,\"caption\":\"GS\"},\"logo\":{\"@id\":\"https:\/\/covid19-a-savoir.net\/#\/schema\/person\/image\/\"},\"sameAs\":[\"http:\/\/covid19-a-savoir.net\"]}]}<\/script>\n<!-- \/ Yoast SEO plugin. -->","yoast_head_json":{"title":"Nos s\u00e9niors - Actualit\u00e9s, , .... Apr\u00e8s la p\u00e9riode &quot;covid19&quot;","robots":{"index":"index","follow":"follow","max-snippet":"max-snippet:-1","max-image-preview":"max-image-preview:large","max-video-preview":"max-video-preview:-1"},"canonical":"https:\/\/covid19-a-savoir.net\/index.php\/nos-seniors\/","og_locale":"fr_FR","og_type":"article","og_title":"Nos s\u00e9niors - Actualit\u00e9s, , .... Apr\u00e8s la p\u00e9riode &quot;covid19&quot;","og_description":"A la recherche d\u2019id\u00e9es pour vieillir gracieusement? Essayez ces astuces! Adoptez la pens\u00e9e positive qui vous transportera dans vos ann\u00e9es... Read moreNos s\u00e9niors","og_url":"https:\/\/covid19-a-savoir.net\/index.php\/nos-seniors\/","og_site_name":"Actualit\u00e9s, , .... Apr\u00e8s la p\u00e9riode &quot;covid19&quot;","article_modified_time":"2022-11-11T13:28:46+00:00","og_image":[{"url":"https:\/\/covid19-a-savoir.net\/wp-content\/uploads\/2022\/11\/Vous-etes-formidables--1024x1024.png"}],"twitter_card":"summary_large_image","twitter_misc":{"Dur\u00e9e de lecture estim\u00e9e":"3 minutes"},"schema":{"@context":"https:\/\/schema.org","@graph":[{"@type":"WebPage","@id":"https:\/\/covid19-a-savoir.net\/index.php\/nos-seniors\/","url":"https:\/\/covid19-a-savoir.net\/index.php\/nos-seniors\/","name":"Nos s\u00e9niors - Actualit\u00e9s, , .... Apr\u00e8s la p\u00e9riode &quot;covid19&quot;","isPartOf":{"@id":"https:\/\/covid19-a-savoir.net\/#website"},"primaryImageOfPage":{"@id":"https:\/\/covid19-a-savoir.net\/index.php\/nos-seniors\/#primaryimage"},"image":{"@id":"https:\/\/covid19-a-savoir.net\/index.php\/nos-seniors\/#primaryimage"},"thumbnailUrl":"https:\/\/covid19-a-savoir.net\/wp-content\/uploads\/2022\/11\/Vous-etes-formidables--1024x1024.png","datePublished":"2022-11-11T13:28:44+00:00","dateModified":"2022-11-11T13:28:46+00:00","breadcrumb":{"@id":"https:\/\/covid19-a-savoir.net\/index.php\/nos-seniors\/#breadcrumb"},"inLanguage":"fr-FR","potentialAction":[{"@type":"ReadAction","target":["https:\/\/covid19-a-savoir.net\/index.php\/nos-seniors\/"]}]},{"@type":"ImageObject","inLanguage":"fr-FR","@id":"https:\/\/covid19-a-savoir.net\/index.php\/nos-seniors\/#primaryimage","url":"https:\/\/covid19-a-savoir.net\/wp-content\/uploads\/2022\/11\/Vous-etes-formidables-.png","contentUrl":"https:\/\/covid19-a-savoir.net\/wp-content\/uploads\/2022\/11\/Vous-etes-formidables-.png","width":1080,"height":1080},{"@type":"BreadcrumbList","@id":"https:\/\/covid19-a-savoir.net\/index.php\/nos-seniors\/#breadcrumb","itemListElement":[{"@type":"ListItem","position":1,"name":"Accueil","item":"https:\/\/covid19-a-savoir.net\/"},{"@type":"ListItem","position":2,"name":"Nos s\u00e9niors"}]},{"@type":"WebSite","@id":"https:\/\/covid19-a-savoir.net\/#website","url":"https:\/\/covid19-a-savoir.net\/","name":"Actualit\u00e9s, , .... Apr\u00e8s la p\u00e9riode &quot;covid19&quot;","description":"DES V\u00c9RIT\u00c9S QUI D\u00c9RANGENT","publisher":{"@id":"https:\/\/covid19-a-savoir.net\/#\/schema\/person\/53265987e4424cc7dde2f857d2b378cf"},"potentialAction":[{"@type":"SearchAction","target":{"@type":"EntryPoint","urlTemplate":"https:\/\/covid19-a-savoir.net\/?s={search_term_string}"},"query-input":"required name=search_term_string"}],"inLanguage":"fr-FR"},{"@type":["Person","Organization"],"@id":"https:\/\/covid19-a-savoir.net\/#\/schema\/person\/53265987e4424cc7dde2f857d2b378cf","name":"GS","image":{"@type":"ImageObject","inLanguage":"fr-FR","@id":"https:\/\/covid19-a-savoir.net\/#\/schema\/person\/image\/","url":"https:\/\/covid19-a-savoir.net\/wp-content\/uploads\/2022\/07\/dans-ce-monde-312x312-1.png","contentUrl":"https:\/\/covid19-a-savoir.net\/wp-content\/uploads\/2022\/07\/dans-ce-monde-312x312-1.png","width":312,"height":312,"caption":"GS"},"logo":{"@id":"https:\/\/covid19-a-savoir.net\/#\/schema\/person\/image\/"},"sameAs":["http:\/\/covid19-a-savoir.net"]}]}},"jetpack_sharing_enabled":true,"_links":{"self":[{"href":"https:\/\/covid19-a-savoir.net\/index.php\/wp-json\/wp\/v2\/pages\/2149"}],"collection":[{"href":"https:\/\/covid19-a-savoir.net\/index.php\/wp-json\/wp\/v2\/pages"}],"about":[{"href":"https:\/\/covid19-a-savoir.net\/index.php\/wp-json\/wp\/v2\/types\/page"}],"author":[{"embeddable":true,"href":"https:\/\/covid19-a-savoir.net\/index.php\/wp-json\/wp\/v2\/users\/1"}],"replies":[{"embeddable":true,"href":"https:\/\/covid19-a-savoir.net\/index.php\/wp-json\/wp\/v2\/comments?post=2149"}],"version-history":[{"count":1,"href":"https:\/\/covid19-a-savoir.net\/index.php\/wp-json\/wp\/v2\/pages\/2149\/revisions"}],"predecessor-version":[{"id":2152,"href":"https:\/\/covid19-a-savoir.net\/index.php\/wp-json\/wp\/v2\/pages\/2149\/revisions\/2152"}],"wp:attachment":[{"href":"https:\/\/covid19-a-savoir.net\/index.php\/wp-json\/wp\/v2\/media?parent=2149"}],"curies":[{"name":"wp","href":"https:\/\/api.w.org\/{rel}","templated":true}]}}