{"id":2133,"date":"2022-11-10T12:32:45","date_gmt":"2022-11-10T12:32:45","guid":{"rendered":"https:\/\/covid19-a-savoir.net\/?page_id=2133"},"modified":"2023-02-22T09:09:12","modified_gmt":"2023-02-22T09:09:12","slug":"vaincre-la-crise-et-prosperer","status":"publish","type":"page","link":"https:\/\/covid19-a-savoir.net\/index.php\/vaincre-la-crise-et-prosperer\/","title":{"rendered":"Vaincre la Crise et Prosp\u00e9rer"},"content":{"rendered":"<div id=\"dslc-theme-content\"><div id=\"dslc-theme-content-inner\">\n<figure class=\"wp-block-audio\"><audio controls src=\"https:\/\/covid19-a-savoir.net\/wp-content\/uploads\/2023\/02\/Comment-eviter-de-perdre-votre-argent-avec-linflation.mp3\"><\/audio><\/figure>\n\n\n\n<div class=\"wp-block-columns is-layout-flex wp-container-core-columns-is-layout-1 wp-block-columns-is-layout-flex\">\n<div class=\"wp-block-column is-layout-flow wp-block-column-is-layout-flow\">\n<figure class=\"wp-block-image size-large\"><a href=\"https:\/\/tinyurl.com\/ms4dzmcz\"><img fetchpriority=\"high\" decoding=\"async\" width=\"1024\" height=\"1024\" src=\"https:\/\/covid19-a-savoir.net\/wp-content\/uploads\/2022\/11\/Recession-combien-dargent-allez-vous-perdre-1-1024x1024.png\" alt=\"\" class=\"wp-image-2136\" srcset=\"https:\/\/covid19-a-savoir.net\/wp-content\/uploads\/2022\/11\/Recession-combien-dargent-allez-vous-perdre-1-1024x1024.png 1024w, https:\/\/covid19-a-savoir.net\/wp-content\/uploads\/2022\/11\/Recession-combien-dargent-allez-vous-perdre-1-300x300.png 300w, https:\/\/covid19-a-savoir.net\/wp-content\/uploads\/2022\/11\/Recession-combien-dargent-allez-vous-perdre-1-150x150.png 150w, https:\/\/covid19-a-savoir.net\/wp-content\/uploads\/2022\/11\/Recession-combien-dargent-allez-vous-perdre-1-768x768.png 768w, https:\/\/covid19-a-savoir.net\/wp-content\/uploads\/2022\/11\/Recession-combien-dargent-allez-vous-perdre-1.png 1080w\" sizes=\"(max-width: 1024px) 100vw, 1024px\" \/><\/a><\/figure>\n<\/div>\n\n\n\n<div class=\"wp-block-column is-layout-flow wp-block-column-is-layout-flow\">\n<p>Comment \u00e9viter de perdre votre argent avec l&rsquo;inflation et la crise avec des techniques, m\u00e9thodes et secrets habituellement utilis\u00e9s par les \u00ab\u00a0riches\u00a0\u00bb. Agissez avant de perdre vos \u00e9conomies &#8230;<\/p>\n\n\n\n<figure class=\"wp-block-image size-full\"><img decoding=\"async\" width=\"775\" height=\"288\" src=\"https:\/\/covid19-a-savoir.net\/wp-content\/uploads\/2022\/11\/Capture-decran-2022-11-10-132826.jpg\" alt=\"\" class=\"wp-image-2135\" srcset=\"https:\/\/covid19-a-savoir.net\/wp-content\/uploads\/2022\/11\/Capture-decran-2022-11-10-132826.jpg 775w, https:\/\/covid19-a-savoir.net\/wp-content\/uploads\/2022\/11\/Capture-decran-2022-11-10-132826-300x111.jpg 300w, https:\/\/covid19-a-savoir.net\/wp-content\/uploads\/2022\/11\/Capture-decran-2022-11-10-132826-768x285.jpg 768w\" sizes=\"(max-width: 775px) 100vw, 775px\" \/><\/figure>\n<\/div>\n<\/div>\n\n\n\n<p>L&rsquo;inflation qui explose, la r\u00e9cession, la hausse des prix, un krack boursier &#8230; les \u00e9tats qui impriment de l&rsquo;argent sans limites &#8230; cela va mettre en p\u00e9ril vos \u00e9conomies.<\/p>\n\n\n\n<p>Cette situation va nous conduire \u00e0 une r\u00e9cession qui va d\u00e9valuer la valeur de votre argent disponible, de votre \u00e9pargne et probablement d&rsquo;une grande partie de vos placements.<\/p>\n\n\n\n<p>Vous devez r\u00e9agir avant de vous retrouver dans une situation d\u00e9sesp\u00e9r\u00e9e. Avant que votre argent ne vaille plus rien, que votre pouvoir d&rsquo;achat s&rsquo;\u00e9ffondre.<\/p>\n\n\n\n<p>Si l&rsquo;\u00e9tat d\u00e9cide, car vous n&rsquo;\u00eates pas un bon citoyen, vous appartenez \u00e0 un syndicat, un parti politique ou avez des propos contestataires sur les r\u00e9seaux sociaux, vous refusez de prendre tel m\u00e9dicament ou vaccin, vous utilisez trop votre voiture et polluez la plan\u00e8te&#8230; vous pourrez \u00eatre sanctionn\u00e9 financi\u00e8rement, voire vos comptes ou cartes bancaires bloqu\u00e9s ou de l&rsquo;argent saisis, en 1 clic, l\u00e0 encore sans aucune solution pour y \u00e9chapper&#8230;<\/p>\n\n\n\n<p>Si vous \u00eates malin et inform\u00e9, il existe pourtant des solutions pour s&rsquo;en sortir &#8230; et \u00ab\u00a0sauver\u00a0\u00bb votre argent &#8230;<\/p>\n\n\n\n<p>C&rsquo;est ce que vous allez d\u00e9couvrir d&rsquo;ici quelques instants dans cette pr\u00e9sentation &#8230;<\/p>\n\n\n\n<p class=\"has-text-align-center has-medium-font-size\"><strong><a href=\"https:\/\/tinyurl.com\/ms4dzmcz\">CLIQUE ICI<\/a><\/strong><\/p>\n<\/div><\/div>","protected":false},"excerpt":{"rendered":"<p>Comment \u00e9viter de perdre votre argent avec l&rsquo;inflation et la crise avec des techniques, m\u00e9thodes et secrets habituellement utilis\u00e9s par&#8230; <a href=\"https:\/\/covid19-a-savoir.net\/index.php\/vaincre-la-crise-et-prosperer\/\" class=\"readmore\">Read more<span class=\"screen-reader-text\">Vaincre la Crise et Prosp\u00e9rer<\/span><span class=\"fa fa-angle-double-right\" aria-hidden=\"true\"><\/span><\/a><\/p>\n","protected":false},"author":1,"featured_media":0,"parent":0,"menu_order":0,"comment_status":"closed","ping_status":"closed","template":"","meta":{"footnotes":""},"yoast_head":"<!-- This site is optimized with the Yoast SEO plugin v23.2 - https:\/\/yoast.com\/wordpress\/plugins\/seo\/ -->\n<title>Vaincre la Crise et Prosp\u00e9rer - Actualit\u00e9s, , .... Apr\u00e8s la p\u00e9riode &quot;covid19&quot;<\/title>\n<meta name=\"robots\" content=\"index, follow, max-snippet:-1, max-image-preview:large, max-video-preview:-1\" \/>\n<link rel=\"canonical\" href=\"https:\/\/covid19-a-savoir.net\/index.php\/vaincre-la-crise-et-prosperer\/\" \/>\n<meta property=\"og:locale\" content=\"fr_FR\" \/>\n<meta property=\"og:type\" content=\"article\" \/>\n<meta property=\"og:title\" content=\"Vaincre la Crise et Prosp\u00e9rer - Actualit\u00e9s, , .... Apr\u00e8s la p\u00e9riode &quot;covid19&quot;\" \/>\n<meta property=\"og:description\" content=\"Comment \u00e9viter de perdre votre argent avec l&rsquo;inflation et la crise avec des techniques, m\u00e9thodes et secrets habituellement utilis\u00e9s par... Read moreVaincre la Crise et Prosp\u00e9rer\" \/>\n<meta property=\"og:url\" content=\"https:\/\/covid19-a-savoir.net\/index.php\/vaincre-la-crise-et-prosperer\/\" \/>\n<meta property=\"og:site_name\" content=\"Actualit\u00e9s, , .... Apr\u00e8s la p\u00e9riode &quot;covid19&quot;\" \/>\n<meta property=\"article:modified_time\" content=\"2023-02-22T09:09:12+00:00\" \/>\n<meta property=\"og:image\" content=\"https:\/\/covid19-a-savoir.net\/wp-content\/uploads\/2022\/11\/Recession-combien-dargent-allez-vous-perdre-1-1024x1024.png\" \/>\n<meta name=\"twitter:card\" content=\"summary_large_image\" \/>\n<meta name=\"twitter:label1\" content=\"Dur\u00e9e de lecture estim\u00e9e\" \/>\n\t<meta name=\"twitter:data1\" content=\"2 minutes\" \/>\n<script type=\"application\/ld+json\" class=\"yoast-schema-graph\">{\"@context\":\"https:\/\/schema.org\",\"@graph\":[{\"@type\":\"WebPage\",\"@id\":\"https:\/\/covid19-a-savoir.net\/index.php\/vaincre-la-crise-et-prosperer\/\",\"url\":\"https:\/\/covid19-a-savoir.net\/index.php\/vaincre-la-crise-et-prosperer\/\",\"name\":\"Vaincre la Crise et Prosp\u00e9rer - Actualit\u00e9s, , .... Apr\u00e8s la p\u00e9riode &quot;covid19&quot;\",\"isPartOf\":{\"@id\":\"https:\/\/covid19-a-savoir.net\/#website\"},\"primaryImageOfPage\":{\"@id\":\"https:\/\/covid19-a-savoir.net\/index.php\/vaincre-la-crise-et-prosperer\/#primaryimage\"},\"image\":{\"@id\":\"https:\/\/covid19-a-savoir.net\/index.php\/vaincre-la-crise-et-prosperer\/#primaryimage\"},\"thumbnailUrl\":\"https:\/\/covid19-a-savoir.net\/wp-content\/uploads\/2022\/11\/Recession-combien-dargent-allez-vous-perdre-1-1024x1024.png\",\"datePublished\":\"2022-11-10T12:32:45+00:00\",\"dateModified\":\"2023-02-22T09:09:12+00:00\",\"breadcrumb\":{\"@id\":\"https:\/\/covid19-a-savoir.net\/index.php\/vaincre-la-crise-et-prosperer\/#breadcrumb\"},\"inLanguage\":\"fr-FR\",\"potentialAction\":[{\"@type\":\"ReadAction\",\"target\":[\"https:\/\/covid19-a-savoir.net\/index.php\/vaincre-la-crise-et-prosperer\/\"]}]},{\"@type\":\"ImageObject\",\"inLanguage\":\"fr-FR\",\"@id\":\"https:\/\/covid19-a-savoir.net\/index.php\/vaincre-la-crise-et-prosperer\/#primaryimage\",\"url\":\"https:\/\/covid19-a-savoir.net\/wp-content\/uploads\/2022\/11\/Recession-combien-dargent-allez-vous-perdre-1.png\",\"contentUrl\":\"https:\/\/covid19-a-savoir.net\/wp-content\/uploads\/2022\/11\/Recession-combien-dargent-allez-vous-perdre-1.png\",\"width\":1080,\"height\":1080},{\"@type\":\"BreadcrumbList\",\"@id\":\"https:\/\/covid19-a-savoir.net\/index.php\/vaincre-la-crise-et-prosperer\/#breadcrumb\",\"itemListElement\":[{\"@type\":\"ListItem\",\"position\":1,\"name\":\"Accueil\",\"item\":\"https:\/\/covid19-a-savoir.net\/\"},{\"@type\":\"ListItem\",\"position\":2,\"name\":\"Vaincre la Crise et Prosp\u00e9rer\"}]},{\"@type\":\"WebSite\",\"@id\":\"https:\/\/covid19-a-savoir.net\/#website\",\"url\":\"https:\/\/covid19-a-savoir.net\/\",\"name\":\"Actualit\u00e9s, , .... Apr\u00e8s la p\u00e9riode &quot;covid19&quot;\",\"description\":\"DES V\u00c9RIT\u00c9S QUI D\u00c9RANGENT\",\"publisher\":{\"@id\":\"https:\/\/covid19-a-savoir.net\/#\/schema\/person\/53265987e4424cc7dde2f857d2b378cf\"},\"potentialAction\":[{\"@type\":\"SearchAction\",\"target\":{\"@type\":\"EntryPoint\",\"urlTemplate\":\"https:\/\/covid19-a-savoir.net\/?s={search_term_string}\"},\"query-input\":\"required name=search_term_string\"}],\"inLanguage\":\"fr-FR\"},{\"@type\":[\"Person\",\"Organization\"],\"@id\":\"https:\/\/covid19-a-savoir.net\/#\/schema\/person\/53265987e4424cc7dde2f857d2b378cf\",\"name\":\"GS\",\"image\":{\"@type\":\"ImageObject\",\"inLanguage\":\"fr-FR\",\"@id\":\"https:\/\/covid19-a-savoir.net\/#\/schema\/person\/image\/\",\"url\":\"https:\/\/covid19-a-savoir.net\/wp-content\/uploads\/2022\/07\/dans-ce-monde-312x312-1.png\",\"contentUrl\":\"https:\/\/covid19-a-savoir.net\/wp-content\/uploads\/2022\/07\/dans-ce-monde-312x312-1.png\",\"width\":312,\"height\":312,\"caption\":\"GS\"},\"logo\":{\"@id\":\"https:\/\/covid19-a-savoir.net\/#\/schema\/person\/image\/\"},\"sameAs\":[\"http:\/\/covid19-a-savoir.net\"]}]}<\/script>\n<!-- \/ Yoast SEO plugin. -->","yoast_head_json":{"title":"Vaincre la Crise et Prosp\u00e9rer - Actualit\u00e9s, , .... Apr\u00e8s la p\u00e9riode &quot;covid19&quot;","robots":{"index":"index","follow":"follow","max-snippet":"max-snippet:-1","max-image-preview":"max-image-preview:large","max-video-preview":"max-video-preview:-1"},"canonical":"https:\/\/covid19-a-savoir.net\/index.php\/vaincre-la-crise-et-prosperer\/","og_locale":"fr_FR","og_type":"article","og_title":"Vaincre la Crise et Prosp\u00e9rer - Actualit\u00e9s, , .... Apr\u00e8s la p\u00e9riode &quot;covid19&quot;","og_description":"Comment \u00e9viter de perdre votre argent avec l&rsquo;inflation et la crise avec des techniques, m\u00e9thodes et secrets habituellement utilis\u00e9s par... Read moreVaincre la Crise et Prosp\u00e9rer","og_url":"https:\/\/covid19-a-savoir.net\/index.php\/vaincre-la-crise-et-prosperer\/","og_site_name":"Actualit\u00e9s, , .... Apr\u00e8s la p\u00e9riode &quot;covid19&quot;","article_modified_time":"2023-02-22T09:09:12+00:00","og_image":[{"url":"https:\/\/covid19-a-savoir.net\/wp-content\/uploads\/2022\/11\/Recession-combien-dargent-allez-vous-perdre-1-1024x1024.png"}],"twitter_card":"summary_large_image","twitter_misc":{"Dur\u00e9e de lecture estim\u00e9e":"2 minutes"},"schema":{"@context":"https:\/\/schema.org","@graph":[{"@type":"WebPage","@id":"https:\/\/covid19-a-savoir.net\/index.php\/vaincre-la-crise-et-prosperer\/","url":"https:\/\/covid19-a-savoir.net\/index.php\/vaincre-la-crise-et-prosperer\/","name":"Vaincre la Crise et Prosp\u00e9rer - Actualit\u00e9s, , .... Apr\u00e8s la p\u00e9riode &quot;covid19&quot;","isPartOf":{"@id":"https:\/\/covid19-a-savoir.net\/#website"},"primaryImageOfPage":{"@id":"https:\/\/covid19-a-savoir.net\/index.php\/vaincre-la-crise-et-prosperer\/#primaryimage"},"image":{"@id":"https:\/\/covid19-a-savoir.net\/index.php\/vaincre-la-crise-et-prosperer\/#primaryimage"},"thumbnailUrl":"https:\/\/covid19-a-savoir.net\/wp-content\/uploads\/2022\/11\/Recession-combien-dargent-allez-vous-perdre-1-1024x1024.png","datePublished":"2022-11-10T12:32:45+00:00","dateModified":"2023-02-22T09:09:12+00:00","breadcrumb":{"@id":"https:\/\/covid19-a-savoir.net\/index.php\/vaincre-la-crise-et-prosperer\/#breadcrumb"},"inLanguage":"fr-FR","potentialAction":[{"@type":"ReadAction","target":["https:\/\/covid19-a-savoir.net\/index.php\/vaincre-la-crise-et-prosperer\/"]}]},{"@type":"ImageObject","inLanguage":"fr-FR","@id":"https:\/\/covid19-a-savoir.net\/index.php\/vaincre-la-crise-et-prosperer\/#primaryimage","url":"https:\/\/covid19-a-savoir.net\/wp-content\/uploads\/2022\/11\/Recession-combien-dargent-allez-vous-perdre-1.png","contentUrl":"https:\/\/covid19-a-savoir.net\/wp-content\/uploads\/2022\/11\/Recession-combien-dargent-allez-vous-perdre-1.png","width":1080,"height":1080},{"@type":"BreadcrumbList","@id":"https:\/\/covid19-a-savoir.net\/index.php\/vaincre-la-crise-et-prosperer\/#breadcrumb","itemListElement":[{"@type":"ListItem","position":1,"name":"Accueil","item":"https:\/\/covid19-a-savoir.net\/"},{"@type":"ListItem","position":2,"name":"Vaincre la Crise et Prosp\u00e9rer"}]},{"@type":"WebSite","@id":"https:\/\/covid19-a-savoir.net\/#website","url":"https:\/\/covid19-a-savoir.net\/","name":"Actualit\u00e9s, , .... Apr\u00e8s la p\u00e9riode &quot;covid19&quot;","description":"DES V\u00c9RIT\u00c9S QUI D\u00c9RANGENT","publisher":{"@id":"https:\/\/covid19-a-savoir.net\/#\/schema\/person\/53265987e4424cc7dde2f857d2b378cf"},"potentialAction":[{"@type":"SearchAction","target":{"@type":"EntryPoint","urlTemplate":"https:\/\/covid19-a-savoir.net\/?s={search_term_string}"},"query-input":"required name=search_term_string"}],"inLanguage":"fr-FR"},{"@type":["Person","Organization"],"@id":"https:\/\/covid19-a-savoir.net\/#\/schema\/person\/53265987e4424cc7dde2f857d2b378cf","name":"GS","image":{"@type":"ImageObject","inLanguage":"fr-FR","@id":"https:\/\/covid19-a-savoir.net\/#\/schema\/person\/image\/","url":"https:\/\/covid19-a-savoir.net\/wp-content\/uploads\/2022\/07\/dans-ce-monde-312x312-1.png","contentUrl":"https:\/\/covid19-a-savoir.net\/wp-content\/uploads\/2022\/07\/dans-ce-monde-312x312-1.png","width":312,"height":312,"caption":"GS"},"logo":{"@id":"https:\/\/covid19-a-savoir.net\/#\/schema\/person\/image\/"},"sameAs":["http:\/\/covid19-a-savoir.net"]}]}},"jetpack_sharing_enabled":true,"_links":{"self":[{"href":"https:\/\/covid19-a-savoir.net\/index.php\/wp-json\/wp\/v2\/pages\/2133"}],"collection":[{"href":"https:\/\/covid19-a-savoir.net\/index.php\/wp-json\/wp\/v2\/pages"}],"about":[{"href":"https:\/\/covid19-a-savoir.net\/index.php\/wp-json\/wp\/v2\/types\/page"}],"author":[{"embeddable":true,"href":"https:\/\/covid19-a-savoir.net\/index.php\/wp-json\/wp\/v2\/users\/1"}],"replies":[{"embeddable":true,"href":"https:\/\/covid19-a-savoir.net\/index.php\/wp-json\/wp\/v2\/comments?post=2133"}],"version-history":[{"count":2,"href":"https:\/\/covid19-a-savoir.net\/index.php\/wp-json\/wp\/v2\/pages\/2133\/revisions"}],"predecessor-version":[{"id":2408,"href":"https:\/\/covid19-a-savoir.net\/index.php\/wp-json\/wp\/v2\/pages\/2133\/revisions\/2408"}],"wp:attachment":[{"href":"https:\/\/covid19-a-savoir.net\/index.php\/wp-json\/wp\/v2\/media?parent=2133"}],"curies":[{"name":"wp","href":"https:\/\/api.w.org\/{rel}","templated":true}]}}