{"id":2018,"date":"2022-10-31T15:28:35","date_gmt":"2022-10-31T15:28:35","guid":{"rendered":"https:\/\/covid19-a-savoir.net\/?page_id=2018"},"modified":"2023-03-15T05:36:58","modified_gmt":"2023-03-15T05:36:58","slug":"faire-des-meubles-en-carton","status":"publish","type":"page","link":"https:\/\/covid19-a-savoir.net\/index.php\/faire-des-meubles-en-carton\/","title":{"rendered":"Faire des MEUBLES EN CARTON"},"content":{"rendered":"<div id=\"dslc-theme-content\"><div id=\"dslc-theme-content-inner\">\n<div class=\"wp-block-columns is-layout-flex wp-container-core-columns-is-layout-1 wp-block-columns-is-layout-flex\">\n<div class=\"wp-block-column is-layout-flow wp-block-column-is-layout-flow\">\n<p class=\"has-small-font-size\">La TECHNIQUE pour faire des MEUBLES EN CARTON<\/p>\n\n\n\n<iframe width=\"260\" height=\"115\" src=\"https:\/\/www.youtube.com\/embed\/NoTOr5AwDh8\" title=\"YouTube video player\" frameborder=\"0\" allow=\"accelerometer; autoplay; clipboard-write; encrypted-media; gyroscope; picture-in-picture\" allowfullscreen=\"\"><\/iframe>\n<\/div>\n\n\n\n<div class=\"wp-block-column is-layout-flow wp-block-column-is-layout-flow\">\n<p class=\"has-small-font-size\">Tuto : Comment faire un meuble en carton<\/p>\n\n\n\n<iframe width=\"260\" height=\"115\" src=\"https:\/\/www.youtube.com\/embed\/lthHlWlfw-I\" title=\"YouTube video player\" frameborder=\"0\" allow=\"accelerometer; autoplay; clipboard-write; encrypted-media; gyroscope; picture-in-picture\" allowfullscreen=\"\"><\/iframe>\n\n\n\n<p class=\"has-small-font-size\">&nbsp;<\/p>\n<\/div>\n\n\n\n<div class=\"wp-block-column is-layout-flow wp-block-column-is-layout-flow\">\n<p class=\"has-small-font-size\">Les meilleures colles pour faire des meubles en carton<\/p>\n\n\n\n<iframe width=\"260\" height=\"115\" src=\"https:\/\/www.youtube.com\/embed\/uABmXIV0O3U\" title=\"YouTube video player\" frameborder=\"0\" allow=\"accelerometer; autoplay; clipboard-write; encrypted-media; gyroscope; picture-in-picture\" allowfullscreen=\"\"><\/iframe>\n<\/div>\n<\/div>\n\n\n\n<p>Faire des meubles en carton est une option cr\u00e9ative, abordable et \u00e9cologique pour d\u00e9corer votre maison ou votre bureau. Le carton est un mat\u00e9riau solide, l\u00e9ger et facilement disponible, qui peut \u00eatre transform\u00e9 en meubles solides et durables. Voici quelques \u00e9tapes \u00e0 suivre pour fabriquer des meubles en carton :<\/p>\n\n\n\n<ol><li>Rassemblez les mat\u00e9riaux n\u00e9cessaires : du carton ondul\u00e9, une r\u00e8gle, un crayon, un cutter, une colle forte, des pinces \u00e0 linge et une scie sauteuse.<\/li><li>Dessinez le contour de votre meuble sur du carton ondul\u00e9. Utilisez une r\u00e8gle pour vous assurer que les mesures sont pr\u00e9cises.<\/li><li>Utilisez un cutter pour d\u00e9couper les morceaux de carton selon les contours que vous avez dessin\u00e9s. Soyez prudent lorsque vous manipulez le cutter pour \u00e9viter les blessures.<\/li><li>Assemblez les pi\u00e8ces de carton en utilisant de la colle forte et des pinces \u00e0 linge pour maintenir les morceaux en place pendant le s\u00e9chage.<\/li><li>Laissez s\u00e9cher la colle pendant plusieurs heures. Si vous avez besoin de renforcer la structure, vous pouvez ajouter des renforts en carton suppl\u00e9mentaires.<\/li><li>Utilisez une scie sauteuse pour d\u00e9couper des ouvertures pour les tiroirs ou les \u00e9tag\u00e8res.<\/li><li>Une fois que votre meuble est compl\u00e8tement sec et assembl\u00e9, vous pouvez le peindre ou le recouvrir de papier peint pour lui donner une finition plus esth\u00e9tique.<\/li><\/ol>\n\n\n\n<p>Il est important de noter que les meubles en carton peuvent ne pas \u00eatre aussi r\u00e9sistants que les meubles traditionnels en bois ou en m\u00e9tal, et qu&rsquo;ils peuvent se d\u00e9former ou se d\u00e9chirer avec le temps ou sous le poids de certains objets. Cependant, avec des soins appropri\u00e9s, les meubles en carton peuvent \u00eatre utilis\u00e9s pendant plusieurs ann\u00e9es et sont une excellente option pour ceux qui cherchent \u00e0 r\u00e9duire leur impact environnemental et \u00e0 cr\u00e9er des meubles uniques et personnalis\u00e9s.<\/p>\n<\/div><\/div>","protected":false},"excerpt":{"rendered":"<p>La TECHNIQUE pour faire des MEUBLES EN CARTON Tuto : Comment faire un meuble en carton &nbsp; Les meilleures colles&#8230; <a href=\"https:\/\/covid19-a-savoir.net\/index.php\/faire-des-meubles-en-carton\/\" class=\"readmore\">Read more<span class=\"screen-reader-text\">Faire des MEUBLES EN CARTON<\/span><span class=\"fa fa-angle-double-right\" aria-hidden=\"true\"><\/span><\/a><\/p>\n","protected":false},"author":1,"featured_media":0,"parent":0,"menu_order":0,"comment_status":"closed","ping_status":"closed","template":"","meta":{"footnotes":""},"yoast_head":"<!-- This site is optimized with the Yoast SEO plugin v23.2 - https:\/\/yoast.com\/wordpress\/plugins\/seo\/ -->\n<title>Faire des MEUBLES EN CARTON - Actualit\u00e9s, , .... Apr\u00e8s la p\u00e9riode &quot;covid19&quot;<\/title>\n<meta name=\"robots\" content=\"index, follow, max-snippet:-1, max-image-preview:large, max-video-preview:-1\" \/>\n<link rel=\"canonical\" href=\"https:\/\/covid19-a-savoir.net\/index.php\/faire-des-meubles-en-carton\/\" \/>\n<meta property=\"og:locale\" content=\"fr_FR\" \/>\n<meta property=\"og:type\" content=\"article\" \/>\n<meta property=\"og:title\" content=\"Faire des MEUBLES EN CARTON - Actualit\u00e9s, , .... Apr\u00e8s la p\u00e9riode &quot;covid19&quot;\" \/>\n<meta property=\"og:description\" content=\"La TECHNIQUE pour faire des MEUBLES EN CARTON Tuto : Comment faire un meuble en carton &nbsp; Les meilleures colles... Read moreFaire des MEUBLES EN CARTON\" \/>\n<meta property=\"og:url\" content=\"https:\/\/covid19-a-savoir.net\/index.php\/faire-des-meubles-en-carton\/\" \/>\n<meta property=\"og:site_name\" content=\"Actualit\u00e9s, , .... Apr\u00e8s la p\u00e9riode &quot;covid19&quot;\" \/>\n<meta property=\"article:modified_time\" content=\"2023-03-15T05:36:58+00:00\" \/>\n<meta name=\"twitter:card\" content=\"summary_large_image\" \/>\n<meta name=\"twitter:label1\" content=\"Dur\u00e9e de lecture estim\u00e9e\" \/>\n\t<meta name=\"twitter:data1\" content=\"2 minutes\" \/>\n<script type=\"application\/ld+json\" class=\"yoast-schema-graph\">{\"@context\":\"https:\/\/schema.org\",\"@graph\":[{\"@type\":\"WebPage\",\"@id\":\"https:\/\/covid19-a-savoir.net\/index.php\/faire-des-meubles-en-carton\/\",\"url\":\"https:\/\/covid19-a-savoir.net\/index.php\/faire-des-meubles-en-carton\/\",\"name\":\"Faire des MEUBLES EN CARTON - Actualit\u00e9s, , .... Apr\u00e8s la p\u00e9riode &quot;covid19&quot;\",\"isPartOf\":{\"@id\":\"https:\/\/covid19-a-savoir.net\/#website\"},\"datePublished\":\"2022-10-31T15:28:35+00:00\",\"dateModified\":\"2023-03-15T05:36:58+00:00\",\"breadcrumb\":{\"@id\":\"https:\/\/covid19-a-savoir.net\/index.php\/faire-des-meubles-en-carton\/#breadcrumb\"},\"inLanguage\":\"fr-FR\",\"potentialAction\":[{\"@type\":\"ReadAction\",\"target\":[\"https:\/\/covid19-a-savoir.net\/index.php\/faire-des-meubles-en-carton\/\"]}]},{\"@type\":\"BreadcrumbList\",\"@id\":\"https:\/\/covid19-a-savoir.net\/index.php\/faire-des-meubles-en-carton\/#breadcrumb\",\"itemListElement\":[{\"@type\":\"ListItem\",\"position\":1,\"name\":\"Accueil\",\"item\":\"https:\/\/covid19-a-savoir.net\/\"},{\"@type\":\"ListItem\",\"position\":2,\"name\":\"Faire des MEUBLES EN CARTON\"}]},{\"@type\":\"WebSite\",\"@id\":\"https:\/\/covid19-a-savoir.net\/#website\",\"url\":\"https:\/\/covid19-a-savoir.net\/\",\"name\":\"Actualit\u00e9s, , .... Apr\u00e8s la p\u00e9riode &quot;covid19&quot;\",\"description\":\"DES V\u00c9RIT\u00c9S QUI D\u00c9RANGENT\",\"publisher\":{\"@id\":\"https:\/\/covid19-a-savoir.net\/#\/schema\/person\/53265987e4424cc7dde2f857d2b378cf\"},\"potentialAction\":[{\"@type\":\"SearchAction\",\"target\":{\"@type\":\"EntryPoint\",\"urlTemplate\":\"https:\/\/covid19-a-savoir.net\/?s={search_term_string}\"},\"query-input\":\"required name=search_term_string\"}],\"inLanguage\":\"fr-FR\"},{\"@type\":[\"Person\",\"Organization\"],\"@id\":\"https:\/\/covid19-a-savoir.net\/#\/schema\/person\/53265987e4424cc7dde2f857d2b378cf\",\"name\":\"GS\",\"image\":{\"@type\":\"ImageObject\",\"inLanguage\":\"fr-FR\",\"@id\":\"https:\/\/covid19-a-savoir.net\/#\/schema\/person\/image\/\",\"url\":\"https:\/\/covid19-a-savoir.net\/wp-content\/uploads\/2022\/07\/dans-ce-monde-312x312-1.png\",\"contentUrl\":\"https:\/\/covid19-a-savoir.net\/wp-content\/uploads\/2022\/07\/dans-ce-monde-312x312-1.png\",\"width\":312,\"height\":312,\"caption\":\"GS\"},\"logo\":{\"@id\":\"https:\/\/covid19-a-savoir.net\/#\/schema\/person\/image\/\"},\"sameAs\":[\"http:\/\/covid19-a-savoir.net\"]}]}<\/script>\n<!-- \/ Yoast SEO plugin. -->","yoast_head_json":{"title":"Faire des MEUBLES EN CARTON - Actualit\u00e9s, , .... Apr\u00e8s la p\u00e9riode &quot;covid19&quot;","robots":{"index":"index","follow":"follow","max-snippet":"max-snippet:-1","max-image-preview":"max-image-preview:large","max-video-preview":"max-video-preview:-1"},"canonical":"https:\/\/covid19-a-savoir.net\/index.php\/faire-des-meubles-en-carton\/","og_locale":"fr_FR","og_type":"article","og_title":"Faire des MEUBLES EN CARTON - Actualit\u00e9s, , .... Apr\u00e8s la p\u00e9riode &quot;covid19&quot;","og_description":"La TECHNIQUE pour faire des MEUBLES EN CARTON Tuto : Comment faire un meuble en carton &nbsp; Les meilleures colles... Read moreFaire des MEUBLES EN CARTON","og_url":"https:\/\/covid19-a-savoir.net\/index.php\/faire-des-meubles-en-carton\/","og_site_name":"Actualit\u00e9s, , .... Apr\u00e8s la p\u00e9riode &quot;covid19&quot;","article_modified_time":"2023-03-15T05:36:58+00:00","twitter_card":"summary_large_image","twitter_misc":{"Dur\u00e9e de lecture estim\u00e9e":"2 minutes"},"schema":{"@context":"https:\/\/schema.org","@graph":[{"@type":"WebPage","@id":"https:\/\/covid19-a-savoir.net\/index.php\/faire-des-meubles-en-carton\/","url":"https:\/\/covid19-a-savoir.net\/index.php\/faire-des-meubles-en-carton\/","name":"Faire des MEUBLES EN CARTON - Actualit\u00e9s, , .... Apr\u00e8s la p\u00e9riode &quot;covid19&quot;","isPartOf":{"@id":"https:\/\/covid19-a-savoir.net\/#website"},"datePublished":"2022-10-31T15:28:35+00:00","dateModified":"2023-03-15T05:36:58+00:00","breadcrumb":{"@id":"https:\/\/covid19-a-savoir.net\/index.php\/faire-des-meubles-en-carton\/#breadcrumb"},"inLanguage":"fr-FR","potentialAction":[{"@type":"ReadAction","target":["https:\/\/covid19-a-savoir.net\/index.php\/faire-des-meubles-en-carton\/"]}]},{"@type":"BreadcrumbList","@id":"https:\/\/covid19-a-savoir.net\/index.php\/faire-des-meubles-en-carton\/#breadcrumb","itemListElement":[{"@type":"ListItem","position":1,"name":"Accueil","item":"https:\/\/covid19-a-savoir.net\/"},{"@type":"ListItem","position":2,"name":"Faire des MEUBLES EN CARTON"}]},{"@type":"WebSite","@id":"https:\/\/covid19-a-savoir.net\/#website","url":"https:\/\/covid19-a-savoir.net\/","name":"Actualit\u00e9s, , .... Apr\u00e8s la p\u00e9riode &quot;covid19&quot;","description":"DES V\u00c9RIT\u00c9S QUI D\u00c9RANGENT","publisher":{"@id":"https:\/\/covid19-a-savoir.net\/#\/schema\/person\/53265987e4424cc7dde2f857d2b378cf"},"potentialAction":[{"@type":"SearchAction","target":{"@type":"EntryPoint","urlTemplate":"https:\/\/covid19-a-savoir.net\/?s={search_term_string}"},"query-input":"required name=search_term_string"}],"inLanguage":"fr-FR"},{"@type":["Person","Organization"],"@id":"https:\/\/covid19-a-savoir.net\/#\/schema\/person\/53265987e4424cc7dde2f857d2b378cf","name":"GS","image":{"@type":"ImageObject","inLanguage":"fr-FR","@id":"https:\/\/covid19-a-savoir.net\/#\/schema\/person\/image\/","url":"https:\/\/covid19-a-savoir.net\/wp-content\/uploads\/2022\/07\/dans-ce-monde-312x312-1.png","contentUrl":"https:\/\/covid19-a-savoir.net\/wp-content\/uploads\/2022\/07\/dans-ce-monde-312x312-1.png","width":312,"height":312,"caption":"GS"},"logo":{"@id":"https:\/\/covid19-a-savoir.net\/#\/schema\/person\/image\/"},"sameAs":["http:\/\/covid19-a-savoir.net"]}]}},"jetpack_sharing_enabled":true,"_links":{"self":[{"href":"https:\/\/covid19-a-savoir.net\/index.php\/wp-json\/wp\/v2\/pages\/2018"}],"collection":[{"href":"https:\/\/covid19-a-savoir.net\/index.php\/wp-json\/wp\/v2\/pages"}],"about":[{"href":"https:\/\/covid19-a-savoir.net\/index.php\/wp-json\/wp\/v2\/types\/page"}],"author":[{"embeddable":true,"href":"https:\/\/covid19-a-savoir.net\/index.php\/wp-json\/wp\/v2\/users\/1"}],"replies":[{"embeddable":true,"href":"https:\/\/covid19-a-savoir.net\/index.php\/wp-json\/wp\/v2\/comments?post=2018"}],"version-history":[{"count":2,"href":"https:\/\/covid19-a-savoir.net\/index.php\/wp-json\/wp\/v2\/pages\/2018\/revisions"}],"predecessor-version":[{"id":2560,"href":"https:\/\/covid19-a-savoir.net\/index.php\/wp-json\/wp\/v2\/pages\/2018\/revisions\/2560"}],"wp:attachment":[{"href":"https:\/\/covid19-a-savoir.net\/index.php\/wp-json\/wp\/v2\/media?parent=2018"}],"curies":[{"name":"wp","href":"https:\/\/api.w.org\/{rel}","templated":true}]}}