{"id":1918,"date":"2022-10-20T15:02:37","date_gmt":"2022-10-20T15:02:37","guid":{"rendered":"https:\/\/covid19-a-savoir.net\/?page_id=1918"},"modified":"2022-10-20T15:31:39","modified_gmt":"2022-10-20T15:31:39","slug":"la-periode-post-corona-vers-une-hausse-generale-des-prix","status":"publish","type":"page","link":"https:\/\/covid19-a-savoir.net\/index.php\/la-periode-post-corona-vers-une-hausse-generale-des-prix\/","title":{"rendered":"La p\u00e9riode post-corona: vers une hausse g\u00e9n\u00e9rale des prix ?"},"content":{"rendered":"<div id=\"dslc-theme-content\"><div id=\"dslc-theme-content-inner\">\n<div class=\"wp-block-columns is-layout-flex wp-container-core-columns-is-layout-1 wp-block-columns-is-layout-flex\">\n<div class=\"wp-block-column is-layout-flow wp-block-column-is-layout-flow\">\n<figure class=\"wp-block-image size-large is-resized\"><img fetchpriority=\"high\" decoding=\"async\" src=\"https:\/\/covid19-a-savoir.net\/wp-content\/uploads\/2022\/10\/CLIQUE-ICI-2-1024x474.png\" alt=\"\" class=\"wp-image-1920\" width=\"834\" height=\"385\" srcset=\"https:\/\/covid19-a-savoir.net\/wp-content\/uploads\/2022\/10\/CLIQUE-ICI-2-1024x474.png 1024w, https:\/\/covid19-a-savoir.net\/wp-content\/uploads\/2022\/10\/CLIQUE-ICI-2-300x139.png 300w, https:\/\/covid19-a-savoir.net\/wp-content\/uploads\/2022\/10\/CLIQUE-ICI-2-768x356.png 768w, https:\/\/covid19-a-savoir.net\/wp-content\/uploads\/2022\/10\/CLIQUE-ICI-2.png 1080w\" sizes=\"(max-width: 834px) 100vw, 834px\" \/><\/figure>\n<\/div>\n<\/div>\n\n\n\n<div class=\"wp-block-columns is-layout-flex wp-container-core-columns-is-layout-2 wp-block-columns-is-layout-flex\">\n<div class=\"wp-block-column is-layout-flow wp-block-column-is-layout-flow\">\n<ul class=\"has-small-font-size\"><li><a href=\"https:\/\/covid19-a-savoir.net\/index.php\/2022\/10\/02\/cout-de-lenergie-10-conseils-pour-reduire-durablement-sa-facture\/\">\u00e9conomiser face \u00e0 l\u2019augmentation des prix de l\u2019\u00e9nergie<\/a><\/li><li>trouver des produits semblables, mais moins chers<\/li><li>Opter pour un substitut peut aider \u00e0 r\u00e9duire l&rsquo;impact de l&rsquo;augmentation des co\u00fbts.<\/li><li>Baisser un peu le chauffage. \u2026<\/li><li>Opter pour un chauffage d&rsquo;appoint au bois<\/li><li>rendre sa maison 100% autonome ?<\/li><li>Solutions, Pour Vaincre La Vie Trop Cher<\/li><li><a href=\"https:\/\/covid19-a-savoir.net\/index.php\/2022\/10\/02\/le-potager-du-survivaliste-conference\/\">Avoir un potager<\/a><\/li><li>Faire installer un boitier \u00e9thanol<\/li><li>Filtrer son eau avec les billes c\u00e9ramiques , ou b\u00e2ton de charbon actif<\/li><li>Privil\u00e9gier la seconde main , le faire soi m\u00eame.<\/li><li>plus acheter de produits transform\u00e9s et cuisiner.<\/li><li><a href=\"https:\/\/covid19-a-savoir.net\/index.php\/2022\/10\/02\/tout-faire-soi-meme-dans-la-maison-pour-economiser\/\">Faire ses produits, soi m\u00eame<\/a><\/li><li>Devenir minimaliste et favoriser le vrac et z\u00e9ro d\u00e9chet<\/li><li>Passer aux \u00e9nergies alternatives<\/li><li>Utiliser les<a href=\"https:\/\/www.facebook.com\/profile.php?id=100084940320051\"> cash back , wanteed<\/a><\/li><li>Favoriser le local<\/li><li><\/li><\/ul>\n<\/div>\n\n\n\n<div class=\"wp-block-column is-layout-flow wp-block-column-is-layout-flow\">\n<figure class=\"wp-block-image size-full\"><img decoding=\"async\" width=\"961\" height=\"1024\" src=\"https:\/\/covid19-a-savoir.net\/wp-content\/uploads\/2022\/10\/pexels-andrea-piacquadio-3758105-961x1024-1.jpg\" alt=\"\" class=\"wp-image-1919\" srcset=\"https:\/\/covid19-a-savoir.net\/wp-content\/uploads\/2022\/10\/pexels-andrea-piacquadio-3758105-961x1024-1.jpg 961w, https:\/\/covid19-a-savoir.net\/wp-content\/uploads\/2022\/10\/pexels-andrea-piacquadio-3758105-961x1024-1-282x300.jpg 282w, https:\/\/covid19-a-savoir.net\/wp-content\/uploads\/2022\/10\/pexels-andrea-piacquadio-3758105-961x1024-1-768x818.jpg 768w\" sizes=\"(max-width: 961px) 100vw, 961px\" \/><\/figure>\n<\/div>\n<\/div>\n\n\n\n<div class=\"wp-block-columns is-layout-flex wp-container-core-columns-is-layout-3 wp-block-columns-is-layout-flex\">\n<div class=\"wp-block-column is-layout-flow wp-block-column-is-layout-flow\">\n<p class=\"has-text-align-left has-medium-font-size\">\u00a0Ce que VOUS devez faire avec votre argent <strong>MAINTENANT !<\/strong><\/p>\n<\/div>\n\n\n\n<div class=\"wp-block-column is-layout-flow wp-block-column-is-layout-flow\">\n<iframe width=\"260\" height=\"115\" src=\"https:\/\/www.youtube.com\/embed\/rMjb19m99sU\" title=\"YouTube video player\" frameborder=\"0\" allow=\"accelerometer; autoplay; clipboard-write; encrypted-media; gyroscope; picture-in-picture\" allowfullscreen=\"\"><\/iframe>\n<\/div>\n<\/div>\n\n\n\n<div class=\"wp-block-columns is-layout-flex wp-container-core-columns-is-layout-4 wp-block-columns-is-layout-flex\">\n<div class=\"wp-block-column is-layout-flow wp-block-column-is-layout-flow\">\n<p class=\"has-medium-font-size\"><strong>\u00c9CONOMISER \u25ba 60 Astuces \u25ba Prendre sa vie en main \ud83d\udcb0 FRUGALISME<\/strong><\/p>\n<\/div>\n\n\n\n<div class=\"wp-block-column is-layout-flow wp-block-column-is-layout-flow\">\n<iframe width=\"260\" height=\"115\" src=\"https:\/\/www.youtube.com\/embed\/DMHHUJ1bQ4Y\" title=\"YouTube video player\" frameborder=\"0\" allow=\"accelerometer; autoplay; clipboard-write; encrypted-media; gyroscope; picture-in-picture\" allowfullscreen><\/iframe>\n<\/div>\n<\/div>\n\n\n\n<div class=\"wp-block-columns is-layout-flex wp-container-core-columns-is-layout-5 wp-block-columns-is-layout-flex\">\n<div class=\"wp-block-column is-layout-flow wp-block-column-is-layout-flow\">\n<h1 class=\"has-medium-font-size wp-block-heading\">4 conseils pour \u00e9conomiser de l\u2019argent [Le dernier est un in\u00e9dit]<\/h1>\n<\/div>\n\n\n\n<div class=\"wp-block-column is-layout-flow wp-block-column-is-layout-flow\">\n<iframe width=\"260\" height=\"115\" src=\"https:\/\/www.youtube.com\/embed\/ppIgNg-zT-c\" title=\"YouTube video player\" frameborder=\"0\" allow=\"accelerometer; autoplay; clipboard-write; encrypted-media; gyroscope; picture-in-picture\" allowfullscreen><\/iframe>\n<\/div>\n<\/div>\n\n\n\n<div class=\"wp-block-columns is-layout-flex wp-container-core-columns-is-layout-6 wp-block-columns-is-layout-flex\">\n<div class=\"wp-block-column is-layout-flow wp-block-column-is-layout-flow\">\n<p class=\"has-medium-font-size\"><strong>\u00c9conomiser de l&rsquo;argent ! 5 r\u00e8gles d&rsquo;or pour les petits budgets<\/strong><\/p>\n<\/div>\n\n\n\n<div class=\"wp-block-column is-layout-flow wp-block-column-is-layout-flow\">\n<iframe width=\"260\" height=\"115\" src=\"https:\/\/www.youtube.com\/embed\/FZqcY-iveTI\" title=\"YouTube video player\" frameborder=\"0\" allow=\"accelerometer; autoplay; clipboard-write; encrypted-media; gyroscope; picture-in-picture\" allowfullscreen><\/iframe>\n<\/div>\n<\/div>\n\n\n\n<div class=\"wp-block-columns is-layout-flex wp-container-core-columns-is-layout-7 wp-block-columns-is-layout-flex\">\n<div class=\"wp-block-column is-layout-flow wp-block-column-is-layout-flow\">\n<p class=\"has-medium-font-size\"><strong>7 BONS PLACEMENTS CONTRE L&rsquo;INFLATION &#8211; Comment Prot\u00e9ger ses \u00e9conomies ?<\/strong><\/p>\n<\/div>\n\n\n\n<div class=\"wp-block-column is-layout-flow wp-block-column-is-layout-flow\">\n<iframe width=\"260\" height=\"115\" src=\"https:\/\/www.youtube.com\/embed\/typOg6_74YQ\" title=\"YouTube video player\" frameborder=\"0\" allow=\"accelerometer; autoplay; clipboard-write; encrypted-media; gyroscope; picture-in-picture\" allowfullscreen><\/iframe>\n<\/div>\n<\/div>\n\n\n\n<div class=\"wp-block-columns is-layout-flex wp-container-core-columns-is-layout-8 wp-block-columns-is-layout-flex\">\n<div class=\"wp-block-column is-layout-flow wp-block-column-is-layout-flow\">\n<p class=\"has-medium-font-size\"><strong>5 id\u00e9es de business pour gagner de l&rsquo;argent<\/strong><\/p>\n<\/div>\n\n\n\n<div class=\"wp-block-column is-layout-flow wp-block-column-is-layout-flow\">\n<iframe width=\"260\" height=\"115\" src=\"https:\/\/www.youtube.com\/embed\/_Tt_HcqB_y4\" title=\"YouTube video player\" frameborder=\"0\" allow=\"accelerometer; autoplay; clipboard-write; encrypted-media; gyroscope; picture-in-picture\" allowfullscreen><\/iframe>\n<\/div>\n<\/div>\n<\/div><\/div>","protected":false},"excerpt":{"rendered":"<p>\u00e9conomiser face \u00e0 l\u2019augmentation des prix de l\u2019\u00e9nergie trouver des produits semblables, mais moins chers Opter pour un substitut peut&#8230; <a href=\"https:\/\/covid19-a-savoir.net\/index.php\/la-periode-post-corona-vers-une-hausse-generale-des-prix\/\" class=\"readmore\">Read more<span class=\"screen-reader-text\">La p\u00e9riode post-corona: vers une hausse g\u00e9n\u00e9rale des prix ?<\/span><span class=\"fa fa-angle-double-right\" aria-hidden=\"true\"><\/span><\/a><\/p>\n","protected":false},"author":1,"featured_media":0,"parent":0,"menu_order":0,"comment_status":"closed","ping_status":"closed","template":"","meta":{"footnotes":""},"yoast_head":"<!-- This site is optimized with the Yoast SEO plugin v23.2 - https:\/\/yoast.com\/wordpress\/plugins\/seo\/ -->\n<title>La p\u00e9riode post-corona: vers une hausse g\u00e9n\u00e9rale des prix ? - Actualit\u00e9s, , .... Apr\u00e8s la p\u00e9riode &quot;covid19&quot;<\/title>\n<meta name=\"robots\" content=\"index, follow, max-snippet:-1, max-image-preview:large, max-video-preview:-1\" \/>\n<link rel=\"canonical\" href=\"https:\/\/covid19-a-savoir.net\/index.php\/la-periode-post-corona-vers-une-hausse-generale-des-prix\/\" \/>\n<meta property=\"og:locale\" content=\"fr_FR\" \/>\n<meta property=\"og:type\" content=\"article\" \/>\n<meta property=\"og:title\" content=\"La p\u00e9riode post-corona: vers une hausse g\u00e9n\u00e9rale des prix ? - Actualit\u00e9s, , .... Apr\u00e8s la p\u00e9riode &quot;covid19&quot;\" \/>\n<meta property=\"og:description\" content=\"\u00e9conomiser face \u00e0 l\u2019augmentation des prix de l\u2019\u00e9nergie trouver des produits semblables, mais moins chers Opter pour un substitut peut... Read moreLa p\u00e9riode post-corona: vers une hausse g\u00e9n\u00e9rale des prix ?\" \/>\n<meta property=\"og:url\" content=\"https:\/\/covid19-a-savoir.net\/index.php\/la-periode-post-corona-vers-une-hausse-generale-des-prix\/\" \/>\n<meta property=\"og:site_name\" content=\"Actualit\u00e9s, , .... Apr\u00e8s la p\u00e9riode &quot;covid19&quot;\" \/>\n<meta property=\"article:modified_time\" content=\"2022-10-20T15:31:39+00:00\" \/>\n<meta property=\"og:image\" content=\"https:\/\/covid19-a-savoir.net\/wp-content\/uploads\/2022\/10\/CLIQUE-ICI-2-1024x474.png\" \/>\n<meta name=\"twitter:card\" content=\"summary_large_image\" \/>\n<meta name=\"twitter:label1\" content=\"Dur\u00e9e de lecture estim\u00e9e\" \/>\n\t<meta name=\"twitter:data1\" content=\"2 minutes\" \/>\n<script type=\"application\/ld+json\" class=\"yoast-schema-graph\">{\"@context\":\"https:\/\/schema.org\",\"@graph\":[{\"@type\":\"WebPage\",\"@id\":\"https:\/\/covid19-a-savoir.net\/index.php\/la-periode-post-corona-vers-une-hausse-generale-des-prix\/\",\"url\":\"https:\/\/covid19-a-savoir.net\/index.php\/la-periode-post-corona-vers-une-hausse-generale-des-prix\/\",\"name\":\"La p\u00e9riode post-corona: vers une hausse g\u00e9n\u00e9rale des prix ? - Actualit\u00e9s, , .... Apr\u00e8s la p\u00e9riode &quot;covid19&quot;\",\"isPartOf\":{\"@id\":\"https:\/\/covid19-a-savoir.net\/#website\"},\"primaryImageOfPage\":{\"@id\":\"https:\/\/covid19-a-savoir.net\/index.php\/la-periode-post-corona-vers-une-hausse-generale-des-prix\/#primaryimage\"},\"image\":{\"@id\":\"https:\/\/covid19-a-savoir.net\/index.php\/la-periode-post-corona-vers-une-hausse-generale-des-prix\/#primaryimage\"},\"thumbnailUrl\":\"https:\/\/covid19-a-savoir.net\/wp-content\/uploads\/2022\/10\/CLIQUE-ICI-2-1024x474.png\",\"datePublished\":\"2022-10-20T15:02:37+00:00\",\"dateModified\":\"2022-10-20T15:31:39+00:00\",\"breadcrumb\":{\"@id\":\"https:\/\/covid19-a-savoir.net\/index.php\/la-periode-post-corona-vers-une-hausse-generale-des-prix\/#breadcrumb\"},\"inLanguage\":\"fr-FR\",\"potentialAction\":[{\"@type\":\"ReadAction\",\"target\":[\"https:\/\/covid19-a-savoir.net\/index.php\/la-periode-post-corona-vers-une-hausse-generale-des-prix\/\"]}]},{\"@type\":\"ImageObject\",\"inLanguage\":\"fr-FR\",\"@id\":\"https:\/\/covid19-a-savoir.net\/index.php\/la-periode-post-corona-vers-une-hausse-generale-des-prix\/#primaryimage\",\"url\":\"https:\/\/covid19-a-savoir.net\/wp-content\/uploads\/2022\/10\/CLIQUE-ICI-2.png\",\"contentUrl\":\"https:\/\/covid19-a-savoir.net\/wp-content\/uploads\/2022\/10\/CLIQUE-ICI-2.png\",\"width\":1080,\"height\":500},{\"@type\":\"BreadcrumbList\",\"@id\":\"https:\/\/covid19-a-savoir.net\/index.php\/la-periode-post-corona-vers-une-hausse-generale-des-prix\/#breadcrumb\",\"itemListElement\":[{\"@type\":\"ListItem\",\"position\":1,\"name\":\"Accueil\",\"item\":\"https:\/\/covid19-a-savoir.net\/\"},{\"@type\":\"ListItem\",\"position\":2,\"name\":\"La p\u00e9riode post-corona: vers une hausse g\u00e9n\u00e9rale des prix ?\"}]},{\"@type\":\"WebSite\",\"@id\":\"https:\/\/covid19-a-savoir.net\/#website\",\"url\":\"https:\/\/covid19-a-savoir.net\/\",\"name\":\"Actualit\u00e9s, , .... Apr\u00e8s la p\u00e9riode &quot;covid19&quot;\",\"description\":\"DES V\u00c9RIT\u00c9S QUI D\u00c9RANGENT\",\"publisher\":{\"@id\":\"https:\/\/covid19-a-savoir.net\/#\/schema\/person\/53265987e4424cc7dde2f857d2b378cf\"},\"potentialAction\":[{\"@type\":\"SearchAction\",\"target\":{\"@type\":\"EntryPoint\",\"urlTemplate\":\"https:\/\/covid19-a-savoir.net\/?s={search_term_string}\"},\"query-input\":\"required name=search_term_string\"}],\"inLanguage\":\"fr-FR\"},{\"@type\":[\"Person\",\"Organization\"],\"@id\":\"https:\/\/covid19-a-savoir.net\/#\/schema\/person\/53265987e4424cc7dde2f857d2b378cf\",\"name\":\"GS\",\"image\":{\"@type\":\"ImageObject\",\"inLanguage\":\"fr-FR\",\"@id\":\"https:\/\/covid19-a-savoir.net\/#\/schema\/person\/image\/\",\"url\":\"https:\/\/covid19-a-savoir.net\/wp-content\/uploads\/2022\/07\/dans-ce-monde-312x312-1.png\",\"contentUrl\":\"https:\/\/covid19-a-savoir.net\/wp-content\/uploads\/2022\/07\/dans-ce-monde-312x312-1.png\",\"width\":312,\"height\":312,\"caption\":\"GS\"},\"logo\":{\"@id\":\"https:\/\/covid19-a-savoir.net\/#\/schema\/person\/image\/\"},\"sameAs\":[\"http:\/\/covid19-a-savoir.net\"]}]}<\/script>\n<!-- \/ Yoast SEO plugin. -->","yoast_head_json":{"title":"La p\u00e9riode post-corona: vers une hausse g\u00e9n\u00e9rale des prix ? - Actualit\u00e9s, , .... Apr\u00e8s la p\u00e9riode &quot;covid19&quot;","robots":{"index":"index","follow":"follow","max-snippet":"max-snippet:-1","max-image-preview":"max-image-preview:large","max-video-preview":"max-video-preview:-1"},"canonical":"https:\/\/covid19-a-savoir.net\/index.php\/la-periode-post-corona-vers-une-hausse-generale-des-prix\/","og_locale":"fr_FR","og_type":"article","og_title":"La p\u00e9riode post-corona: vers une hausse g\u00e9n\u00e9rale des prix ? - Actualit\u00e9s, , .... Apr\u00e8s la p\u00e9riode &quot;covid19&quot;","og_description":"\u00e9conomiser face \u00e0 l\u2019augmentation des prix de l\u2019\u00e9nergie trouver des produits semblables, mais moins chers Opter pour un substitut peut... Read moreLa p\u00e9riode post-corona: vers une hausse g\u00e9n\u00e9rale des prix ?","og_url":"https:\/\/covid19-a-savoir.net\/index.php\/la-periode-post-corona-vers-une-hausse-generale-des-prix\/","og_site_name":"Actualit\u00e9s, , .... Apr\u00e8s la p\u00e9riode &quot;covid19&quot;","article_modified_time":"2022-10-20T15:31:39+00:00","og_image":[{"url":"https:\/\/covid19-a-savoir.net\/wp-content\/uploads\/2022\/10\/CLIQUE-ICI-2-1024x474.png"}],"twitter_card":"summary_large_image","twitter_misc":{"Dur\u00e9e de lecture estim\u00e9e":"2 minutes"},"schema":{"@context":"https:\/\/schema.org","@graph":[{"@type":"WebPage","@id":"https:\/\/covid19-a-savoir.net\/index.php\/la-periode-post-corona-vers-une-hausse-generale-des-prix\/","url":"https:\/\/covid19-a-savoir.net\/index.php\/la-periode-post-corona-vers-une-hausse-generale-des-prix\/","name":"La p\u00e9riode post-corona: vers une hausse g\u00e9n\u00e9rale des prix ? - Actualit\u00e9s, , .... Apr\u00e8s la p\u00e9riode &quot;covid19&quot;","isPartOf":{"@id":"https:\/\/covid19-a-savoir.net\/#website"},"primaryImageOfPage":{"@id":"https:\/\/covid19-a-savoir.net\/index.php\/la-periode-post-corona-vers-une-hausse-generale-des-prix\/#primaryimage"},"image":{"@id":"https:\/\/covid19-a-savoir.net\/index.php\/la-periode-post-corona-vers-une-hausse-generale-des-prix\/#primaryimage"},"thumbnailUrl":"https:\/\/covid19-a-savoir.net\/wp-content\/uploads\/2022\/10\/CLIQUE-ICI-2-1024x474.png","datePublished":"2022-10-20T15:02:37+00:00","dateModified":"2022-10-20T15:31:39+00:00","breadcrumb":{"@id":"https:\/\/covid19-a-savoir.net\/index.php\/la-periode-post-corona-vers-une-hausse-generale-des-prix\/#breadcrumb"},"inLanguage":"fr-FR","potentialAction":[{"@type":"ReadAction","target":["https:\/\/covid19-a-savoir.net\/index.php\/la-periode-post-corona-vers-une-hausse-generale-des-prix\/"]}]},{"@type":"ImageObject","inLanguage":"fr-FR","@id":"https:\/\/covid19-a-savoir.net\/index.php\/la-periode-post-corona-vers-une-hausse-generale-des-prix\/#primaryimage","url":"https:\/\/covid19-a-savoir.net\/wp-content\/uploads\/2022\/10\/CLIQUE-ICI-2.png","contentUrl":"https:\/\/covid19-a-savoir.net\/wp-content\/uploads\/2022\/10\/CLIQUE-ICI-2.png","width":1080,"height":500},{"@type":"BreadcrumbList","@id":"https:\/\/covid19-a-savoir.net\/index.php\/la-periode-post-corona-vers-une-hausse-generale-des-prix\/#breadcrumb","itemListElement":[{"@type":"ListItem","position":1,"name":"Accueil","item":"https:\/\/covid19-a-savoir.net\/"},{"@type":"ListItem","position":2,"name":"La p\u00e9riode post-corona: vers une hausse g\u00e9n\u00e9rale des prix ?"}]},{"@type":"WebSite","@id":"https:\/\/covid19-a-savoir.net\/#website","url":"https:\/\/covid19-a-savoir.net\/","name":"Actualit\u00e9s, , .... Apr\u00e8s la p\u00e9riode &quot;covid19&quot;","description":"DES V\u00c9RIT\u00c9S QUI D\u00c9RANGENT","publisher":{"@id":"https:\/\/covid19-a-savoir.net\/#\/schema\/person\/53265987e4424cc7dde2f857d2b378cf"},"potentialAction":[{"@type":"SearchAction","target":{"@type":"EntryPoint","urlTemplate":"https:\/\/covid19-a-savoir.net\/?s={search_term_string}"},"query-input":"required name=search_term_string"}],"inLanguage":"fr-FR"},{"@type":["Person","Organization"],"@id":"https:\/\/covid19-a-savoir.net\/#\/schema\/person\/53265987e4424cc7dde2f857d2b378cf","name":"GS","image":{"@type":"ImageObject","inLanguage":"fr-FR","@id":"https:\/\/covid19-a-savoir.net\/#\/schema\/person\/image\/","url":"https:\/\/covid19-a-savoir.net\/wp-content\/uploads\/2022\/07\/dans-ce-monde-312x312-1.png","contentUrl":"https:\/\/covid19-a-savoir.net\/wp-content\/uploads\/2022\/07\/dans-ce-monde-312x312-1.png","width":312,"height":312,"caption":"GS"},"logo":{"@id":"https:\/\/covid19-a-savoir.net\/#\/schema\/person\/image\/"},"sameAs":["http:\/\/covid19-a-savoir.net"]}]}},"jetpack_sharing_enabled":true,"_links":{"self":[{"href":"https:\/\/covid19-a-savoir.net\/index.php\/wp-json\/wp\/v2\/pages\/1918"}],"collection":[{"href":"https:\/\/covid19-a-savoir.net\/index.php\/wp-json\/wp\/v2\/pages"}],"about":[{"href":"https:\/\/covid19-a-savoir.net\/index.php\/wp-json\/wp\/v2\/types\/page"}],"author":[{"embeddable":true,"href":"https:\/\/covid19-a-savoir.net\/index.php\/wp-json\/wp\/v2\/users\/1"}],"replies":[{"embeddable":true,"href":"https:\/\/covid19-a-savoir.net\/index.php\/wp-json\/wp\/v2\/comments?post=1918"}],"version-history":[{"count":4,"href":"https:\/\/covid19-a-savoir.net\/index.php\/wp-json\/wp\/v2\/pages\/1918\/revisions"}],"predecessor-version":[{"id":1927,"href":"https:\/\/covid19-a-savoir.net\/index.php\/wp-json\/wp\/v2\/pages\/1918\/revisions\/1927"}],"wp:attachment":[{"href":"https:\/\/covid19-a-savoir.net\/index.php\/wp-json\/wp\/v2\/media?parent=1918"}],"curies":[{"name":"wp","href":"https:\/\/api.w.org\/{rel}","templated":true}]}}