{"id":1845,"date":"2022-10-10T12:03:35","date_gmt":"2022-10-10T12:03:35","guid":{"rendered":"https:\/\/covid19-a-savoir.net\/?page_id=1845"},"modified":"2022-10-10T20:09:29","modified_gmt":"2022-10-10T20:09:29","slug":"meditation-guidee","status":"publish","type":"page","link":"https:\/\/covid19-a-savoir.net\/index.php\/meditation-guidee\/","title":{"rendered":"M\u00c9DITATIONS GUID\u00c9ES"},"content":{"rendered":"<div id=\"dslc-theme-content\"><div id=\"dslc-theme-content-inner\">\n<p>M\u00c9DITATION GUID\u00c9E &#8211; NETTOYAGE \u00c9MOTIONNEL\ud83d\udd39 TRISTESSE\ud83d\udd39<\/p>\n\n\n\n<p>M\u00c9DITATION GUID\u00c9E &#8211; NETTOYAGE \u00c9MOTIONNEL\ud83d\udd39SOLITUDE \ud83d\udd39<\/p>\n\n\n\n<p>M\u00c9DITATION GUID\u00c9E &#8211; NETTOYAGE \u00c9MOTIONNEL\ud83d\udd39 \u00c9MOTION LIBRE \ud83d\udd39<\/p>\n\n\n\n<p>M\u00c9DITATION GUID\u00c9E &#8211; NETTOYAGE \u00c9MOTIONNEL\ud83d\udd39 COL\u00c8RE \ud83d\udd39<\/p>\n\n\n\n<p>M\u00c9DITATION GUID\u00c9E &#8211; NETTOYAGE \u00c9MOTIONNEL\ud83d\udd39SENTIMENT DE MAL-\u00caTRE \ud83d\udd39<\/p>\n\n\n\n<p>M\u00c9DITATION GUID\u00c9E &#8211; NETTOYAGE \u00c9MOTIONNEL\ud83d\udd39CHAGRIN D&rsquo;AMOUR \ud83d\udd39<\/p>\n\n\n\n<p>M\u00c9DITATION GUID\u00c9E &#8211; NETTOYAGE \u00c9MOTIONNEL\ud83d\udd39FRUSTRATION \ud83d\udd39<\/p>\n\n\n\n<p>M\u00c9DITATION GUID\u00c9E &#8211; NETTOYAGE \u00c9MOTIONNEL\ud83d\udd39PEUR \ud83d\udd39<\/p>\n\n\n\n<p>M\u00c9DITATION GUID\u00c9E &#8211; NETTOYAGE \u00c9MOTIONNEL\ud83d\udd39SENTIMENT D&rsquo;HUMILIATION \ud83d\udd39<\/p>\n\n\n\n<p>M\u00c9DITATION GUID\u00c9E &#8211; NETTOYAGE \u00c9MOTIONNEL\ud83d\udd39 SENTIMENT D&rsquo;INJUSTICE \ud83d\udd39<\/p>\n\n\n\n<p>M\u00c9DITATION GUID\u00c9E &#8211; NETTOYAGE \u00c9MOTIONNEL\ud83d\udd39 JALOUSIE \ud83d\udd39<\/p>\n\n\n\n<p>M\u00c9DITATION GUID\u00c9E &#8211; NETTOYAGE \u00c9MOTIONNEL\ud83d\udd39 SENTIMENT D&rsquo;ABANDON\ud83d\udd39<\/p>\n\n\n\n<p>M\u00c9DITATION GUID\u00c9E &#8211; NETTOYAGE \u00c9MOTIONNEL\ud83d\udd39SENTIMENT D&rsquo;INS\u00c9CURIT\u00c9 \ud83d\udd39<\/p>\n\n\n\n<p>M\u00c9DITATION GUID\u00c9E &#8211; NETTOYAGE \u00c9MOTIONNEL\ud83d\udd39MANQUE DE CONFIANCE EN SOI \ud83d\udd39<\/p>\n\n\n\n<div class=\"wp-block-columns is-layout-flex wp-container-core-columns-is-layout-1 wp-block-columns-is-layout-flex\">\n<div class=\"wp-block-column is-layout-flow wp-block-column-is-layout-flow\">\n<iframe width=\"260\" height=\"115\" src=\"https:\/\/www.youtube.com\/embed\/-z1uRPwaEIU\" title=\"YouTube video player\" frameborder=\"0\" allow=\"accelerometer; autoplay; clipboard-write; encrypted-media; gyroscope; picture-in-picture\" allowfullscreen=\"\"><\/iframe>\n<\/div>\n\n\n\n<div class=\"wp-block-column is-layout-flow wp-block-column-is-layout-flow\">\n<iframe width=\"260\" height=\"115\" src=\"https:\/\/www.youtube.com\/embed\/qksb0izNhmA\" title=\"YouTube video player\" frameborder=\"0\" allow=\"accelerometer; autoplay; clipboard-write; encrypted-media; gyroscope; picture-in-picture\" allowfullscreen=\"\"><\/iframe>\n<\/div>\n\n\n\n<div class=\"wp-block-column is-layout-flow wp-block-column-is-layout-flow\">\n<iframe width=\"260\" height=\"115\" src=\"https:\/\/www.youtube.com\/embed\/eXHp9RVUHck\" title=\"YouTube video player\" frameborder=\"0\" allow=\"accelerometer; autoplay; clipboard-write; encrypted-media; gyroscope; picture-in-picture\" allowfullscreen=\"\"><\/iframe>\n<\/div>\n<\/div>\n\n\n\n<div class=\"wp-block-columns is-layout-flex wp-container-core-columns-is-layout-2 wp-block-columns-is-layout-flex\">\n<div class=\"wp-block-column is-layout-flow wp-block-column-is-layout-flow\">\n<iframe width=\"260\" height=\"115\" src=\"https:\/\/www.youtube.com\/embed\/Hq74Fn8jfKc\" title=\"YouTube video player\" frameborder=\"0\" allow=\"accelerometer; autoplay; clipboard-write; encrypted-media; gyroscope; picture-in-picture\" allowfullscreen=\"\"><\/iframe>\n<\/div>\n\n\n\n<div class=\"wp-block-column is-layout-flow wp-block-column-is-layout-flow\">\n<iframe width=\"260\" height=\"115\" src=\"https:\/\/www.youtube.com\/embed\/f4wiB62umeo\" title=\"YouTube video player\" frameborder=\"0\" allow=\"accelerometer; autoplay; clipboard-write; encrypted-media; gyroscope; picture-in-picture\" allowfullscreen=\"\"><\/iframe>\n<\/div>\n\n\n\n<div class=\"wp-block-column is-layout-flow wp-block-column-is-layout-flow\">\n<iframe width=\"260\" height=\"115\" src=\"https:\/\/www.youtube.com\/embed\/4VVASIgRN-s\" title=\"YouTube video player\" frameborder=\"0\" allow=\"accelerometer; autoplay; clipboard-write; encrypted-media; gyroscope; picture-in-picture\" allowfullscreen=\"\"><\/iframe>\n<\/div>\n<\/div>\n\n\n\n<div class=\"wp-block-columns is-layout-flex wp-container-core-columns-is-layout-3 wp-block-columns-is-layout-flex\">\n<div class=\"wp-block-column is-layout-flow wp-block-column-is-layout-flow\">\n<iframe width=\"260\" height=\"115\" src=\"https:\/\/www.youtube.com\/embed\/lsDGtxnQY_g\" title=\"YouTube video player\" frameborder=\"0\" allow=\"accelerometer; autoplay; clipboard-write; encrypted-media; gyroscope; picture-in-picture\" allowfullscreen=\"\"><\/iframe>\n<\/div>\n\n\n\n<div class=\"wp-block-column is-layout-flow wp-block-column-is-layout-flow\">\n<iframe width=\"260\" height=\"115\" src=\"https:\/\/www.youtube.com\/embed\/NifVEpq1joo\" title=\"YouTube video player\" frameborder=\"0\" allow=\"accelerometer; autoplay; clipboard-write; encrypted-media; gyroscope; picture-in-picture\" allowfullscreen=\"\"><\/iframe>\n<\/div>\n\n\n\n<div class=\"wp-block-column is-layout-flow wp-block-column-is-layout-flow\">\n<iframe width=\"260\" height=\"115\" src=\"https:\/\/www.youtube.com\/embed\/0W6Kdiv0L1M\" title=\"YouTube video player\" frameborder=\"0\" allow=\"accelerometer; autoplay; clipboard-write; encrypted-media; gyroscope; picture-in-picture\" allowfullscreen=\"\"><\/iframe>\n<\/div>\n<\/div>\n\n\n\n<div class=\"wp-block-columns is-layout-flex wp-container-core-columns-is-layout-4 wp-block-columns-is-layout-flex\">\n<div class=\"wp-block-column is-layout-flow wp-block-column-is-layout-flow\">\n<iframe width=\"260\" height=\"115\" src=\"https:\/\/www.youtube.com\/embed\/p_hzAotSfr8\" title=\"YouTube video player\" frameborder=\"0\" allow=\"accelerometer; autoplay; clipboard-write; encrypted-media; gyroscope; picture-in-picture\" allowfullscreen=\"\"><\/iframe>\n<\/div>\n\n\n\n<div class=\"wp-block-column is-layout-flow wp-block-column-is-layout-flow\">\n<iframe width=\"260\" height=\"115\" src=\"https:\/\/www.youtube.com\/embed\/GECPgmllqMM\" title=\"YouTube video player\" frameborder=\"0\" allow=\"accelerometer; autoplay; clipboard-write; encrypted-media; gyroscope; picture-in-picture\" allowfullscreen=\"\"><\/iframe>\n<\/div>\n\n\n\n<div class=\"wp-block-column is-layout-flow wp-block-column-is-layout-flow\">\n<iframe width=\"260\" height=\"115\" src=\"https:\/\/www.youtube.com\/embed\/3JqauupaO8s\" title=\"YouTube video player\" frameborder=\"0\" allow=\"accelerometer; autoplay; clipboard-write; encrypted-media; gyroscope; picture-in-picture\" allowfullscreen=\"\"><\/iframe>\n<\/div>\n<\/div>\n\n\n\n<div class=\"wp-block-columns is-layout-flex wp-container-core-columns-is-layout-5 wp-block-columns-is-layout-flex\">\n<div class=\"wp-block-column is-layout-flow wp-block-column-is-layout-flow\">\n<iframe width=\"260\" height=\"115\" src=\"https:\/\/www.youtube.com\/embed\/ifWYROZM7DQ\" title=\"YouTube video player\" frameborder=\"0\" allow=\"accelerometer; autoplay; clipboard-write; encrypted-media; gyroscope; picture-in-picture\" allowfullscreen=\"\"><\/iframe>\n<\/div>\n\n\n\n<div class=\"wp-block-column is-layout-flow wp-block-column-is-layout-flow\">\n<iframe width=\"260\" height=\"115\" src=\"https:\/\/www.youtube.com\/embed\/yY8MmtNe3ug\" title=\"YouTube video player\" frameborder=\"0\" allow=\"accelerometer; autoplay; clipboard-write; encrypted-media; gyroscope; picture-in-picture\" allowfullscreen=\"\"><\/iframe>\n<\/div>\n\n\n\n<div class=\"wp-block-column is-layout-flow wp-block-column-is-layout-flow\"><\/div>\n<\/div>\n\n\n\n<div class=\"wp-block-columns is-layout-flex wp-container-core-columns-is-layout-6 wp-block-columns-is-layout-flex\">\n<div class=\"wp-block-column is-layout-flow wp-block-column-is-layout-flow\"><\/div>\n<\/div>\n\n\n\n<div class=\"wp-block-columns is-layout-flex wp-container-core-columns-is-layout-7 wp-block-columns-is-layout-flex\">\n<div class=\"wp-block-column is-layout-flow wp-block-column-is-layout-flow\">\n<figure class=\"wp-block-image size-large\"><a href=\"https:\/\/tinyurl.com\/3fd88ns6\"><img fetchpriority=\"high\" decoding=\"async\" width=\"1024\" height=\"1024\" src=\"https:\/\/covid19-a-savoir.net\/wp-content\/uploads\/2022\/10\/MEDITATION-LA-PLUS-FACILE-DU-MONDE.-Stress-au-Zen-1024x1024.png\" alt=\"\" class=\"wp-image-1858\" srcset=\"https:\/\/covid19-a-savoir.net\/wp-content\/uploads\/2022\/10\/MEDITATION-LA-PLUS-FACILE-DU-MONDE.-Stress-au-Zen-1024x1024.png 1024w, https:\/\/covid19-a-savoir.net\/wp-content\/uploads\/2022\/10\/MEDITATION-LA-PLUS-FACILE-DU-MONDE.-Stress-au-Zen-300x300.png 300w, https:\/\/covid19-a-savoir.net\/wp-content\/uploads\/2022\/10\/MEDITATION-LA-PLUS-FACILE-DU-MONDE.-Stress-au-Zen-150x150.png 150w, https:\/\/covid19-a-savoir.net\/wp-content\/uploads\/2022\/10\/MEDITATION-LA-PLUS-FACILE-DU-MONDE.-Stress-au-Zen-768x768.png 768w, https:\/\/covid19-a-savoir.net\/wp-content\/uploads\/2022\/10\/MEDITATION-LA-PLUS-FACILE-DU-MONDE.-Stress-au-Zen.png 1080w\" sizes=\"(max-width: 1024px) 100vw, 1024px\" \/><\/a><figcaption><strong><a href=\"https:\/\/tinyurl.com\/3fd88ns6\">Si Adriana Karembeu et Michel Cym\u00e8s pratiquent la m\u00e9ditation ?<\/a><\/strong><\/figcaption><\/figure>\n<\/div>\n\n\n\n<div class=\"wp-block-column is-layout-flow wp-block-column-is-layout-flow\">\n<p class=\"has-vivid-red-color has-text-color\"><strong><a href=\"https:\/\/tinyurl.com\/3fd88ns6\">Si Adriana Karembeu et Michel Cym\u00e8s pratiquent la m\u00e9ditation ?<\/a><\/strong><\/p>\n\n\n\n<p><strong>Tout comme les plus grands sportifs et les chefs d\u2019entreprise les plus riches ?&nbsp;<\/strong>&nbsp;C\u2019est qu\u2019ils ont TOUS de&nbsp;<em>(tr\u00e8s)<\/em>&nbsp;bonnes raisons de le faire. Des raisons valid\u00e9es par la science :<\/p>\n\n\n\n<p class=\"has-small-font-size\">\u2026 vieillir moins vite,<\/p>\n\n\n\n<p class=\"has-small-font-size\">\u2026 r\u00e9duire le stress et l\u2019anxi\u00e9t\u00e9,<\/p>\n\n\n\n<p class=\"has-small-font-size\">\u2026 am\u00e9liorer sa concentration et sa m\u00e9moire,<br>\u2026 mieux g\u00e9rer ses \u00e9motions et reprendre confiance en soi,<\/p>\n\n\n\n<p class=\"has-small-font-size\">\u2026 \u00eatre plus pr\u00e9sent et d\u00e9velopper de meilleurs ressentis.<\/p>\n<\/div>\n<\/div>\n<\/div><\/div>","protected":false},"excerpt":{"rendered":"<p>M\u00c9DITATION GUID\u00c9E &#8211; NETTOYAGE \u00c9MOTIONNEL\ud83d\udd39 TRISTESSE\ud83d\udd39 M\u00c9DITATION GUID\u00c9E &#8211; NETTOYAGE \u00c9MOTIONNEL\ud83d\udd39SOLITUDE \ud83d\udd39 M\u00c9DITATION GUID\u00c9E &#8211; NETTOYAGE \u00c9MOTIONNEL\ud83d\udd39 \u00c9MOTION LIBRE \ud83d\udd39&#8230; <a href=\"https:\/\/covid19-a-savoir.net\/index.php\/meditation-guidee\/\" class=\"readmore\">Read more<span class=\"screen-reader-text\">M\u00c9DITATIONS GUID\u00c9ES<\/span><span class=\"fa fa-angle-double-right\" aria-hidden=\"true\"><\/span><\/a><\/p>\n","protected":false},"author":1,"featured_media":0,"parent":0,"menu_order":0,"comment_status":"closed","ping_status":"closed","template":"","meta":{"footnotes":""},"yoast_head":"<!-- This site is optimized with the Yoast SEO plugin v23.2 - https:\/\/yoast.com\/wordpress\/plugins\/seo\/ -->\n<title>M\u00c9DITATIONS GUID\u00c9ES - Actualit\u00e9s, , .... Apr\u00e8s la p\u00e9riode &quot;covid19&quot;<\/title>\n<meta name=\"robots\" content=\"index, follow, max-snippet:-1, max-image-preview:large, max-video-preview:-1\" \/>\n<link rel=\"canonical\" href=\"https:\/\/covid19-a-savoir.net\/index.php\/meditation-guidee\/\" \/>\n<meta property=\"og:locale\" content=\"fr_FR\" \/>\n<meta property=\"og:type\" content=\"article\" \/>\n<meta property=\"og:title\" content=\"M\u00c9DITATIONS GUID\u00c9ES - Actualit\u00e9s, , .... Apr\u00e8s la p\u00e9riode &quot;covid19&quot;\" \/>\n<meta property=\"og:description\" content=\"M\u00c9DITATION GUID\u00c9E &#8211; NETTOYAGE \u00c9MOTIONNEL\ud83d\udd39 TRISTESSE\ud83d\udd39 M\u00c9DITATION GUID\u00c9E &#8211; NETTOYAGE \u00c9MOTIONNEL\ud83d\udd39SOLITUDE \ud83d\udd39 M\u00c9DITATION GUID\u00c9E &#8211; NETTOYAGE \u00c9MOTIONNEL\ud83d\udd39 \u00c9MOTION LIBRE \ud83d\udd39... Read moreM\u00c9DITATIONS GUID\u00c9ES\" \/>\n<meta property=\"og:url\" content=\"https:\/\/covid19-a-savoir.net\/index.php\/meditation-guidee\/\" \/>\n<meta property=\"og:site_name\" content=\"Actualit\u00e9s, , .... Apr\u00e8s la p\u00e9riode &quot;covid19&quot;\" \/>\n<meta property=\"article:modified_time\" content=\"2022-10-10T20:09:29+00:00\" \/>\n<meta property=\"og:image\" content=\"https:\/\/covid19-a-savoir.net\/wp-content\/uploads\/2022\/10\/MEDITATION-LA-PLUS-FACILE-DU-MONDE.-Stress-au-Zen-1024x1024.png\" \/>\n<meta name=\"twitter:card\" content=\"summary_large_image\" \/>\n<meta name=\"twitter:label1\" content=\"Dur\u00e9e de lecture estim\u00e9e\" \/>\n\t<meta name=\"twitter:data1\" content=\"2 minutes\" \/>\n<script type=\"application\/ld+json\" class=\"yoast-schema-graph\">{\"@context\":\"https:\/\/schema.org\",\"@graph\":[{\"@type\":\"WebPage\",\"@id\":\"https:\/\/covid19-a-savoir.net\/index.php\/meditation-guidee\/\",\"url\":\"https:\/\/covid19-a-savoir.net\/index.php\/meditation-guidee\/\",\"name\":\"M\u00c9DITATIONS GUID\u00c9ES - Actualit\u00e9s, , .... Apr\u00e8s la p\u00e9riode &quot;covid19&quot;\",\"isPartOf\":{\"@id\":\"https:\/\/covid19-a-savoir.net\/#website\"},\"primaryImageOfPage\":{\"@id\":\"https:\/\/covid19-a-savoir.net\/index.php\/meditation-guidee\/#primaryimage\"},\"image\":{\"@id\":\"https:\/\/covid19-a-savoir.net\/index.php\/meditation-guidee\/#primaryimage\"},\"thumbnailUrl\":\"https:\/\/covid19-a-savoir.net\/wp-content\/uploads\/2022\/10\/MEDITATION-LA-PLUS-FACILE-DU-MONDE.-Stress-au-Zen-1024x1024.png\",\"datePublished\":\"2022-10-10T12:03:35+00:00\",\"dateModified\":\"2022-10-10T20:09:29+00:00\",\"breadcrumb\":{\"@id\":\"https:\/\/covid19-a-savoir.net\/index.php\/meditation-guidee\/#breadcrumb\"},\"inLanguage\":\"fr-FR\",\"potentialAction\":[{\"@type\":\"ReadAction\",\"target\":[\"https:\/\/covid19-a-savoir.net\/index.php\/meditation-guidee\/\"]}]},{\"@type\":\"ImageObject\",\"inLanguage\":\"fr-FR\",\"@id\":\"https:\/\/covid19-a-savoir.net\/index.php\/meditation-guidee\/#primaryimage\",\"url\":\"https:\/\/covid19-a-savoir.net\/wp-content\/uploads\/2022\/10\/MEDITATION-LA-PLUS-FACILE-DU-MONDE.-Stress-au-Zen.png\",\"contentUrl\":\"https:\/\/covid19-a-savoir.net\/wp-content\/uploads\/2022\/10\/MEDITATION-LA-PLUS-FACILE-DU-MONDE.-Stress-au-Zen.png\",\"width\":1080,\"height\":1080},{\"@type\":\"BreadcrumbList\",\"@id\":\"https:\/\/covid19-a-savoir.net\/index.php\/meditation-guidee\/#breadcrumb\",\"itemListElement\":[{\"@type\":\"ListItem\",\"position\":1,\"name\":\"Accueil\",\"item\":\"https:\/\/covid19-a-savoir.net\/\"},{\"@type\":\"ListItem\",\"position\":2,\"name\":\"M\u00c9DITATIONS GUID\u00c9ES\"}]},{\"@type\":\"WebSite\",\"@id\":\"https:\/\/covid19-a-savoir.net\/#website\",\"url\":\"https:\/\/covid19-a-savoir.net\/\",\"name\":\"Actualit\u00e9s, , .... Apr\u00e8s la p\u00e9riode &quot;covid19&quot;\",\"description\":\"DES V\u00c9RIT\u00c9S QUI D\u00c9RANGENT\",\"publisher\":{\"@id\":\"https:\/\/covid19-a-savoir.net\/#\/schema\/person\/53265987e4424cc7dde2f857d2b378cf\"},\"potentialAction\":[{\"@type\":\"SearchAction\",\"target\":{\"@type\":\"EntryPoint\",\"urlTemplate\":\"https:\/\/covid19-a-savoir.net\/?s={search_term_string}\"},\"query-input\":\"required name=search_term_string\"}],\"inLanguage\":\"fr-FR\"},{\"@type\":[\"Person\",\"Organization\"],\"@id\":\"https:\/\/covid19-a-savoir.net\/#\/schema\/person\/53265987e4424cc7dde2f857d2b378cf\",\"name\":\"GS\",\"image\":{\"@type\":\"ImageObject\",\"inLanguage\":\"fr-FR\",\"@id\":\"https:\/\/covid19-a-savoir.net\/#\/schema\/person\/image\/\",\"url\":\"https:\/\/covid19-a-savoir.net\/wp-content\/uploads\/2022\/07\/dans-ce-monde-312x312-1.png\",\"contentUrl\":\"https:\/\/covid19-a-savoir.net\/wp-content\/uploads\/2022\/07\/dans-ce-monde-312x312-1.png\",\"width\":312,\"height\":312,\"caption\":\"GS\"},\"logo\":{\"@id\":\"https:\/\/covid19-a-savoir.net\/#\/schema\/person\/image\/\"},\"sameAs\":[\"http:\/\/covid19-a-savoir.net\"]}]}<\/script>\n<!-- \/ Yoast SEO plugin. -->","yoast_head_json":{"title":"M\u00c9DITATIONS GUID\u00c9ES - Actualit\u00e9s, , .... Apr\u00e8s la p\u00e9riode &quot;covid19&quot;","robots":{"index":"index","follow":"follow","max-snippet":"max-snippet:-1","max-image-preview":"max-image-preview:large","max-video-preview":"max-video-preview:-1"},"canonical":"https:\/\/covid19-a-savoir.net\/index.php\/meditation-guidee\/","og_locale":"fr_FR","og_type":"article","og_title":"M\u00c9DITATIONS GUID\u00c9ES - Actualit\u00e9s, , .... Apr\u00e8s la p\u00e9riode &quot;covid19&quot;","og_description":"M\u00c9DITATION GUID\u00c9E &#8211; NETTOYAGE \u00c9MOTIONNEL\ud83d\udd39 TRISTESSE\ud83d\udd39 M\u00c9DITATION GUID\u00c9E &#8211; NETTOYAGE \u00c9MOTIONNEL\ud83d\udd39SOLITUDE \ud83d\udd39 M\u00c9DITATION GUID\u00c9E &#8211; NETTOYAGE \u00c9MOTIONNEL\ud83d\udd39 \u00c9MOTION LIBRE \ud83d\udd39... Read moreM\u00c9DITATIONS GUID\u00c9ES","og_url":"https:\/\/covid19-a-savoir.net\/index.php\/meditation-guidee\/","og_site_name":"Actualit\u00e9s, , .... Apr\u00e8s la p\u00e9riode &quot;covid19&quot;","article_modified_time":"2022-10-10T20:09:29+00:00","og_image":[{"url":"https:\/\/covid19-a-savoir.net\/wp-content\/uploads\/2022\/10\/MEDITATION-LA-PLUS-FACILE-DU-MONDE.-Stress-au-Zen-1024x1024.png"}],"twitter_card":"summary_large_image","twitter_misc":{"Dur\u00e9e de lecture estim\u00e9e":"2 minutes"},"schema":{"@context":"https:\/\/schema.org","@graph":[{"@type":"WebPage","@id":"https:\/\/covid19-a-savoir.net\/index.php\/meditation-guidee\/","url":"https:\/\/covid19-a-savoir.net\/index.php\/meditation-guidee\/","name":"M\u00c9DITATIONS GUID\u00c9ES - Actualit\u00e9s, , .... Apr\u00e8s la p\u00e9riode &quot;covid19&quot;","isPartOf":{"@id":"https:\/\/covid19-a-savoir.net\/#website"},"primaryImageOfPage":{"@id":"https:\/\/covid19-a-savoir.net\/index.php\/meditation-guidee\/#primaryimage"},"image":{"@id":"https:\/\/covid19-a-savoir.net\/index.php\/meditation-guidee\/#primaryimage"},"thumbnailUrl":"https:\/\/covid19-a-savoir.net\/wp-content\/uploads\/2022\/10\/MEDITATION-LA-PLUS-FACILE-DU-MONDE.-Stress-au-Zen-1024x1024.png","datePublished":"2022-10-10T12:03:35+00:00","dateModified":"2022-10-10T20:09:29+00:00","breadcrumb":{"@id":"https:\/\/covid19-a-savoir.net\/index.php\/meditation-guidee\/#breadcrumb"},"inLanguage":"fr-FR","potentialAction":[{"@type":"ReadAction","target":["https:\/\/covid19-a-savoir.net\/index.php\/meditation-guidee\/"]}]},{"@type":"ImageObject","inLanguage":"fr-FR","@id":"https:\/\/covid19-a-savoir.net\/index.php\/meditation-guidee\/#primaryimage","url":"https:\/\/covid19-a-savoir.net\/wp-content\/uploads\/2022\/10\/MEDITATION-LA-PLUS-FACILE-DU-MONDE.-Stress-au-Zen.png","contentUrl":"https:\/\/covid19-a-savoir.net\/wp-content\/uploads\/2022\/10\/MEDITATION-LA-PLUS-FACILE-DU-MONDE.-Stress-au-Zen.png","width":1080,"height":1080},{"@type":"BreadcrumbList","@id":"https:\/\/covid19-a-savoir.net\/index.php\/meditation-guidee\/#breadcrumb","itemListElement":[{"@type":"ListItem","position":1,"name":"Accueil","item":"https:\/\/covid19-a-savoir.net\/"},{"@type":"ListItem","position":2,"name":"M\u00c9DITATIONS GUID\u00c9ES"}]},{"@type":"WebSite","@id":"https:\/\/covid19-a-savoir.net\/#website","url":"https:\/\/covid19-a-savoir.net\/","name":"Actualit\u00e9s, , .... Apr\u00e8s la p\u00e9riode &quot;covid19&quot;","description":"DES V\u00c9RIT\u00c9S QUI D\u00c9RANGENT","publisher":{"@id":"https:\/\/covid19-a-savoir.net\/#\/schema\/person\/53265987e4424cc7dde2f857d2b378cf"},"potentialAction":[{"@type":"SearchAction","target":{"@type":"EntryPoint","urlTemplate":"https:\/\/covid19-a-savoir.net\/?s={search_term_string}"},"query-input":"required name=search_term_string"}],"inLanguage":"fr-FR"},{"@type":["Person","Organization"],"@id":"https:\/\/covid19-a-savoir.net\/#\/schema\/person\/53265987e4424cc7dde2f857d2b378cf","name":"GS","image":{"@type":"ImageObject","inLanguage":"fr-FR","@id":"https:\/\/covid19-a-savoir.net\/#\/schema\/person\/image\/","url":"https:\/\/covid19-a-savoir.net\/wp-content\/uploads\/2022\/07\/dans-ce-monde-312x312-1.png","contentUrl":"https:\/\/covid19-a-savoir.net\/wp-content\/uploads\/2022\/07\/dans-ce-monde-312x312-1.png","width":312,"height":312,"caption":"GS"},"logo":{"@id":"https:\/\/covid19-a-savoir.net\/#\/schema\/person\/image\/"},"sameAs":["http:\/\/covid19-a-savoir.net"]}]}},"jetpack_sharing_enabled":true,"_links":{"self":[{"href":"https:\/\/covid19-a-savoir.net\/index.php\/wp-json\/wp\/v2\/pages\/1845"}],"collection":[{"href":"https:\/\/covid19-a-savoir.net\/index.php\/wp-json\/wp\/v2\/pages"}],"about":[{"href":"https:\/\/covid19-a-savoir.net\/index.php\/wp-json\/wp\/v2\/types\/page"}],"author":[{"embeddable":true,"href":"https:\/\/covid19-a-savoir.net\/index.php\/wp-json\/wp\/v2\/users\/1"}],"replies":[{"embeddable":true,"href":"https:\/\/covid19-a-savoir.net\/index.php\/wp-json\/wp\/v2\/comments?post=1845"}],"version-history":[{"count":3,"href":"https:\/\/covid19-a-savoir.net\/index.php\/wp-json\/wp\/v2\/pages\/1845\/revisions"}],"predecessor-version":[{"id":1860,"href":"https:\/\/covid19-a-savoir.net\/index.php\/wp-json\/wp\/v2\/pages\/1845\/revisions\/1860"}],"wp:attachment":[{"href":"https:\/\/covid19-a-savoir.net\/index.php\/wp-json\/wp\/v2\/media?parent=1845"}],"curies":[{"name":"wp","href":"https:\/\/api.w.org\/{rel}","templated":true}]}}