{"id":1798,"date":"2022-10-09T19:01:33","date_gmt":"2022-10-09T19:01:33","guid":{"rendered":"https:\/\/covid19-a-savoir.net\/?page_id=1798"},"modified":"2023-03-15T05:34:57","modified_gmt":"2023-03-15T05:34:57","slug":"privilegier-la-seconde-main","status":"publish","type":"page","link":"https:\/\/covid19-a-savoir.net\/index.php\/privilegier-la-seconde-main\/","title":{"rendered":"Privil\u00e9gier la seconde main"},"content":{"rendered":"<div id=\"dslc-theme-content\"><div id=\"dslc-theme-content-inner\">\n<div class=\"wp-block-columns is-layout-flex wp-container-core-columns-is-layout-1 wp-block-columns-is-layout-flex\">\n<div class=\"wp-block-column is-layout-flow wp-block-column-is-layout-flow\">\n<p class=\"has-medium-font-size\">L<strong>a seconde main pour une seule plan\u00e8te&nbsp;<\/strong><\/p>\n<\/div>\n\n\n\n<div class=\"wp-block-column is-layout-flow wp-block-column-is-layout-flow\">\n<iframe width=\"260\" height=\"115\" src=\"https:\/\/www.youtube.com\/embed\/a7-Ta2VOA0E\" title=\"YouTube video player\" frameborder=\"0\" allow=\"accelerometer; autoplay; clipboard-write; encrypted-media; gyroscope; picture-in-picture\" allowfullscreen=\"\"><\/iframe>\n<\/div>\n<\/div>\n\n\n\n<p>\u00ab\u00a0La seconde main pour une seule plan\u00e8te\u00a0\u00bb est un slogan qui vise \u00e0 promouvoir l&rsquo;achat et la vente de produits d&rsquo;occasion plut\u00f4t que de nouveaux produits pour r\u00e9duire notre impact sur l&rsquo;environnement. L&rsquo;id\u00e9e est que chaque fois que nous achetons quelque chose de nouveau, cela n\u00e9cessite des mati\u00e8res premi\u00e8res, de l&rsquo;\u00e9nergie et des ressources pour la production, ce qui entra\u00eene des \u00e9missions de gaz \u00e0 effet de serre et une pression sur les \u00e9cosyst\u00e8mes.<\/p>\n\n\n\n<p>En optant pour des produits d&rsquo;occasion, nous prolongeons leur dur\u00e9e de vie et \u00e9vitons la n\u00e9cessit\u00e9 de produire de nouveaux produits. Cela peut contribuer \u00e0 r\u00e9duire la quantit\u00e9 de d\u00e9chets qui se retrouvent dans les d\u00e9charges et \u00e0 \u00e9conomiser de l&rsquo;\u00e9nergie et des ressources naturelles.<\/p>\n\n\n\n<p>En plus d&rsquo;\u00eatre b\u00e9n\u00e9fique pour l&rsquo;environnement, l&rsquo;achat de produits d&rsquo;occasion peut \u00e9galement \u00eatre une option \u00e9conomique pour les consommateurs. Les produits d&rsquo;occasion sont souvent vendus \u00e0 des prix inf\u00e9rieurs \u00e0 ceux des produits neufs, ce qui peut aider les consommateurs \u00e0 \u00e9conomiser de l&rsquo;argent.<\/p>\n\n\n\n<p>En r\u00e9sum\u00e9, \u00ab\u00a0La seconde main pour une seule plan\u00e8te\u00a0\u00bb est un slogan qui encourage les consommateurs \u00e0 adopter un mode de vie plus durable en achetant et en vendant des produits d&rsquo;occasion. Cela peut aider \u00e0 r\u00e9duire notre impact sur l&rsquo;environnement et peut \u00e9galement \u00eatre une option \u00e9conomique pour les consommateurs.<\/p>\n\n\n\n<figure class=\"wp-block-image size-full\"><img decoding=\"async\" width=\"1024\" height=\"35\" src=\"https:\/\/covid19-a-savoir.net\/wp-content\/uploads\/2023\/03\/Sans-titre-32-8-1024x35-1-6.png\" alt=\"\" class=\"wp-image-2558\" srcset=\"https:\/\/covid19-a-savoir.net\/wp-content\/uploads\/2023\/03\/Sans-titre-32-8-1024x35-1-6.png 1024w, https:\/\/covid19-a-savoir.net\/wp-content\/uploads\/2023\/03\/Sans-titre-32-8-1024x35-1-6-300x10.png 300w, https:\/\/covid19-a-savoir.net\/wp-content\/uploads\/2023\/03\/Sans-titre-32-8-1024x35-1-6-768x26.png 768w\" sizes=\"(max-width: 1024px) 100vw, 1024px\" \/><\/figure>\n\n\n\n<p>voici quelques astuces pour encourager l&rsquo;achat et la vente de produits d&rsquo;occasion :<\/p>\n\n\n\n<ol><li>Faites une liste des articles dont vous avez besoin avant de faire du shopping et v\u00e9rifiez si vous pouvez les trouver d&rsquo;occasion avant d&rsquo;acheter neuf.<\/li><li>Recherchez des magasins d&rsquo;occasion locaux, des vide-greniers ou des ventes de garage dans votre quartier pour trouver des produits d&rsquo;occasion. Vous pouvez \u00e9galement utiliser des sites web d&rsquo;annonces class\u00e9es comme Craigslist, Leboncoin ou Facebook Marketplace.<\/li><li>Si vous cherchez des v\u00eatements d&rsquo;occasion, cherchez des magasins de friperies ou des sites web de vente de v\u00eatements d&rsquo;occasion en ligne.<\/li><li>Pour vendre vos produits d&rsquo;occasion, prenez de belles photos et d\u00e9crivez les produits avec pr\u00e9cision. Vendez-les en ligne sur des sites d&rsquo;annonces class\u00e9es ou en personne lors de vide-greniers ou de ventes de garage.<\/li><li>Si vous achetez des produits d&rsquo;occasion en ligne, assurez-vous de lire attentivement la description du produit, les termes de paiement et les politiques de retour avant d&rsquo;acheter.<\/li><li>Lorsque vous achetez des produits d&rsquo;occasion, recherchez des produits de qualit\u00e9 qui dureront longtemps et \u00e9vitez d&rsquo;acheter des produits qui n\u00e9cessitent des r\u00e9parations co\u00fbteuses.<\/li><li>Si vous ne pouvez pas trouver des produits d&rsquo;occasion, cherchez des produits durables et de haute qualit\u00e9 qui dureront plus longtemps et achetez-les avec l&rsquo;intention de les utiliser pendant de nombreuses ann\u00e9es.<\/li><\/ol>\n\n\n\n<p>En pratiquant ces astuces, vous pouvez contribuer \u00e0 r\u00e9duire votre empreinte \u00e9cologique et \u00e9conomiser de l&rsquo;argent en m\u00eame temps.<\/p>\n<\/div><\/div>","protected":false},"excerpt":{"rendered":"<p>La seconde main pour une seule plan\u00e8te&nbsp; \u00ab\u00a0La seconde main pour une seule plan\u00e8te\u00a0\u00bb est un slogan qui vise \u00e0&#8230; <a href=\"https:\/\/covid19-a-savoir.net\/index.php\/privilegier-la-seconde-main\/\" class=\"readmore\">Read more<span class=\"screen-reader-text\">Privil\u00e9gier la seconde main<\/span><span class=\"fa fa-angle-double-right\" aria-hidden=\"true\"><\/span><\/a><\/p>\n","protected":false},"author":1,"featured_media":0,"parent":0,"menu_order":0,"comment_status":"closed","ping_status":"closed","template":"","meta":{"footnotes":""},"yoast_head":"<!-- This site is optimized with the Yoast SEO plugin v23.2 - https:\/\/yoast.com\/wordpress\/plugins\/seo\/ -->\n<title>Privil\u00e9gier la seconde main - Actualit\u00e9s, , .... Apr\u00e8s la p\u00e9riode &quot;covid19&quot;<\/title>\n<meta name=\"robots\" content=\"index, follow, max-snippet:-1, max-image-preview:large, max-video-preview:-1\" \/>\n<link rel=\"canonical\" href=\"https:\/\/covid19-a-savoir.net\/index.php\/privilegier-la-seconde-main\/\" \/>\n<meta property=\"og:locale\" content=\"fr_FR\" \/>\n<meta property=\"og:type\" content=\"article\" \/>\n<meta property=\"og:title\" content=\"Privil\u00e9gier la seconde main - Actualit\u00e9s, , .... Apr\u00e8s la p\u00e9riode &quot;covid19&quot;\" \/>\n<meta property=\"og:description\" content=\"La seconde main pour une seule plan\u00e8te&nbsp; \u00ab\u00a0La seconde main pour une seule plan\u00e8te\u00a0\u00bb est un slogan qui vise \u00e0... Read morePrivil\u00e9gier la seconde main\" \/>\n<meta property=\"og:url\" content=\"https:\/\/covid19-a-savoir.net\/index.php\/privilegier-la-seconde-main\/\" \/>\n<meta property=\"og:site_name\" content=\"Actualit\u00e9s, , .... Apr\u00e8s la p\u00e9riode &quot;covid19&quot;\" \/>\n<meta property=\"article:modified_time\" content=\"2023-03-15T05:34:57+00:00\" \/>\n<meta property=\"og:image\" content=\"https:\/\/covid19-a-savoir.net\/wp-content\/uploads\/2023\/03\/Sans-titre-32-8-1024x35-1-6.png\" \/>\n<meta name=\"twitter:card\" content=\"summary_large_image\" \/>\n<meta name=\"twitter:label1\" content=\"Dur\u00e9e de lecture estim\u00e9e\" \/>\n\t<meta name=\"twitter:data1\" content=\"3 minutes\" \/>\n<script type=\"application\/ld+json\" class=\"yoast-schema-graph\">{\"@context\":\"https:\/\/schema.org\",\"@graph\":[{\"@type\":\"WebPage\",\"@id\":\"https:\/\/covid19-a-savoir.net\/index.php\/privilegier-la-seconde-main\/\",\"url\":\"https:\/\/covid19-a-savoir.net\/index.php\/privilegier-la-seconde-main\/\",\"name\":\"Privil\u00e9gier la seconde main - Actualit\u00e9s, , .... Apr\u00e8s la p\u00e9riode &quot;covid19&quot;\",\"isPartOf\":{\"@id\":\"https:\/\/covid19-a-savoir.net\/#website\"},\"primaryImageOfPage\":{\"@id\":\"https:\/\/covid19-a-savoir.net\/index.php\/privilegier-la-seconde-main\/#primaryimage\"},\"image\":{\"@id\":\"https:\/\/covid19-a-savoir.net\/index.php\/privilegier-la-seconde-main\/#primaryimage\"},\"thumbnailUrl\":\"https:\/\/covid19-a-savoir.net\/wp-content\/uploads\/2023\/03\/Sans-titre-32-8-1024x35-1-6.png\",\"datePublished\":\"2022-10-09T19:01:33+00:00\",\"dateModified\":\"2023-03-15T05:34:57+00:00\",\"breadcrumb\":{\"@id\":\"https:\/\/covid19-a-savoir.net\/index.php\/privilegier-la-seconde-main\/#breadcrumb\"},\"inLanguage\":\"fr-FR\",\"potentialAction\":[{\"@type\":\"ReadAction\",\"target\":[\"https:\/\/covid19-a-savoir.net\/index.php\/privilegier-la-seconde-main\/\"]}]},{\"@type\":\"ImageObject\",\"inLanguage\":\"fr-FR\",\"@id\":\"https:\/\/covid19-a-savoir.net\/index.php\/privilegier-la-seconde-main\/#primaryimage\",\"url\":\"https:\/\/covid19-a-savoir.net\/wp-content\/uploads\/2023\/03\/Sans-titre-32-8-1024x35-1-6.png\",\"contentUrl\":\"https:\/\/covid19-a-savoir.net\/wp-content\/uploads\/2023\/03\/Sans-titre-32-8-1024x35-1-6.png\",\"width\":1024,\"height\":35},{\"@type\":\"BreadcrumbList\",\"@id\":\"https:\/\/covid19-a-savoir.net\/index.php\/privilegier-la-seconde-main\/#breadcrumb\",\"itemListElement\":[{\"@type\":\"ListItem\",\"position\":1,\"name\":\"Accueil\",\"item\":\"https:\/\/covid19-a-savoir.net\/\"},{\"@type\":\"ListItem\",\"position\":2,\"name\":\"Privil\u00e9gier la seconde main\"}]},{\"@type\":\"WebSite\",\"@id\":\"https:\/\/covid19-a-savoir.net\/#website\",\"url\":\"https:\/\/covid19-a-savoir.net\/\",\"name\":\"Actualit\u00e9s, , .... Apr\u00e8s la p\u00e9riode &quot;covid19&quot;\",\"description\":\"DES V\u00c9RIT\u00c9S QUI D\u00c9RANGENT\",\"publisher\":{\"@id\":\"https:\/\/covid19-a-savoir.net\/#\/schema\/person\/53265987e4424cc7dde2f857d2b378cf\"},\"potentialAction\":[{\"@type\":\"SearchAction\",\"target\":{\"@type\":\"EntryPoint\",\"urlTemplate\":\"https:\/\/covid19-a-savoir.net\/?s={search_term_string}\"},\"query-input\":\"required name=search_term_string\"}],\"inLanguage\":\"fr-FR\"},{\"@type\":[\"Person\",\"Organization\"],\"@id\":\"https:\/\/covid19-a-savoir.net\/#\/schema\/person\/53265987e4424cc7dde2f857d2b378cf\",\"name\":\"GS\",\"image\":{\"@type\":\"ImageObject\",\"inLanguage\":\"fr-FR\",\"@id\":\"https:\/\/covid19-a-savoir.net\/#\/schema\/person\/image\/\",\"url\":\"https:\/\/covid19-a-savoir.net\/wp-content\/uploads\/2022\/07\/dans-ce-monde-312x312-1.png\",\"contentUrl\":\"https:\/\/covid19-a-savoir.net\/wp-content\/uploads\/2022\/07\/dans-ce-monde-312x312-1.png\",\"width\":312,\"height\":312,\"caption\":\"GS\"},\"logo\":{\"@id\":\"https:\/\/covid19-a-savoir.net\/#\/schema\/person\/image\/\"},\"sameAs\":[\"http:\/\/covid19-a-savoir.net\"]}]}<\/script>\n<!-- \/ Yoast SEO plugin. -->","yoast_head_json":{"title":"Privil\u00e9gier la seconde main - Actualit\u00e9s, , .... Apr\u00e8s la p\u00e9riode &quot;covid19&quot;","robots":{"index":"index","follow":"follow","max-snippet":"max-snippet:-1","max-image-preview":"max-image-preview:large","max-video-preview":"max-video-preview:-1"},"canonical":"https:\/\/covid19-a-savoir.net\/index.php\/privilegier-la-seconde-main\/","og_locale":"fr_FR","og_type":"article","og_title":"Privil\u00e9gier la seconde main - Actualit\u00e9s, , .... Apr\u00e8s la p\u00e9riode &quot;covid19&quot;","og_description":"La seconde main pour une seule plan\u00e8te&nbsp; \u00ab\u00a0La seconde main pour une seule plan\u00e8te\u00a0\u00bb est un slogan qui vise \u00e0... Read morePrivil\u00e9gier la seconde main","og_url":"https:\/\/covid19-a-savoir.net\/index.php\/privilegier-la-seconde-main\/","og_site_name":"Actualit\u00e9s, , .... Apr\u00e8s la p\u00e9riode &quot;covid19&quot;","article_modified_time":"2023-03-15T05:34:57+00:00","og_image":[{"url":"https:\/\/covid19-a-savoir.net\/wp-content\/uploads\/2023\/03\/Sans-titre-32-8-1024x35-1-6.png"}],"twitter_card":"summary_large_image","twitter_misc":{"Dur\u00e9e de lecture estim\u00e9e":"3 minutes"},"schema":{"@context":"https:\/\/schema.org","@graph":[{"@type":"WebPage","@id":"https:\/\/covid19-a-savoir.net\/index.php\/privilegier-la-seconde-main\/","url":"https:\/\/covid19-a-savoir.net\/index.php\/privilegier-la-seconde-main\/","name":"Privil\u00e9gier la seconde main - Actualit\u00e9s, , .... Apr\u00e8s la p\u00e9riode &quot;covid19&quot;","isPartOf":{"@id":"https:\/\/covid19-a-savoir.net\/#website"},"primaryImageOfPage":{"@id":"https:\/\/covid19-a-savoir.net\/index.php\/privilegier-la-seconde-main\/#primaryimage"},"image":{"@id":"https:\/\/covid19-a-savoir.net\/index.php\/privilegier-la-seconde-main\/#primaryimage"},"thumbnailUrl":"https:\/\/covid19-a-savoir.net\/wp-content\/uploads\/2023\/03\/Sans-titre-32-8-1024x35-1-6.png","datePublished":"2022-10-09T19:01:33+00:00","dateModified":"2023-03-15T05:34:57+00:00","breadcrumb":{"@id":"https:\/\/covid19-a-savoir.net\/index.php\/privilegier-la-seconde-main\/#breadcrumb"},"inLanguage":"fr-FR","potentialAction":[{"@type":"ReadAction","target":["https:\/\/covid19-a-savoir.net\/index.php\/privilegier-la-seconde-main\/"]}]},{"@type":"ImageObject","inLanguage":"fr-FR","@id":"https:\/\/covid19-a-savoir.net\/index.php\/privilegier-la-seconde-main\/#primaryimage","url":"https:\/\/covid19-a-savoir.net\/wp-content\/uploads\/2023\/03\/Sans-titre-32-8-1024x35-1-6.png","contentUrl":"https:\/\/covid19-a-savoir.net\/wp-content\/uploads\/2023\/03\/Sans-titre-32-8-1024x35-1-6.png","width":1024,"height":35},{"@type":"BreadcrumbList","@id":"https:\/\/covid19-a-savoir.net\/index.php\/privilegier-la-seconde-main\/#breadcrumb","itemListElement":[{"@type":"ListItem","position":1,"name":"Accueil","item":"https:\/\/covid19-a-savoir.net\/"},{"@type":"ListItem","position":2,"name":"Privil\u00e9gier la seconde main"}]},{"@type":"WebSite","@id":"https:\/\/covid19-a-savoir.net\/#website","url":"https:\/\/covid19-a-savoir.net\/","name":"Actualit\u00e9s, , .... Apr\u00e8s la p\u00e9riode &quot;covid19&quot;","description":"DES V\u00c9RIT\u00c9S QUI D\u00c9RANGENT","publisher":{"@id":"https:\/\/covid19-a-savoir.net\/#\/schema\/person\/53265987e4424cc7dde2f857d2b378cf"},"potentialAction":[{"@type":"SearchAction","target":{"@type":"EntryPoint","urlTemplate":"https:\/\/covid19-a-savoir.net\/?s={search_term_string}"},"query-input":"required name=search_term_string"}],"inLanguage":"fr-FR"},{"@type":["Person","Organization"],"@id":"https:\/\/covid19-a-savoir.net\/#\/schema\/person\/53265987e4424cc7dde2f857d2b378cf","name":"GS","image":{"@type":"ImageObject","inLanguage":"fr-FR","@id":"https:\/\/covid19-a-savoir.net\/#\/schema\/person\/image\/","url":"https:\/\/covid19-a-savoir.net\/wp-content\/uploads\/2022\/07\/dans-ce-monde-312x312-1.png","contentUrl":"https:\/\/covid19-a-savoir.net\/wp-content\/uploads\/2022\/07\/dans-ce-monde-312x312-1.png","width":312,"height":312,"caption":"GS"},"logo":{"@id":"https:\/\/covid19-a-savoir.net\/#\/schema\/person\/image\/"},"sameAs":["http:\/\/covid19-a-savoir.net"]}]}},"jetpack_sharing_enabled":true,"_links":{"self":[{"href":"https:\/\/covid19-a-savoir.net\/index.php\/wp-json\/wp\/v2\/pages\/1798"}],"collection":[{"href":"https:\/\/covid19-a-savoir.net\/index.php\/wp-json\/wp\/v2\/pages"}],"about":[{"href":"https:\/\/covid19-a-savoir.net\/index.php\/wp-json\/wp\/v2\/types\/page"}],"author":[{"embeddable":true,"href":"https:\/\/covid19-a-savoir.net\/index.php\/wp-json\/wp\/v2\/users\/1"}],"replies":[{"embeddable":true,"href":"https:\/\/covid19-a-savoir.net\/index.php\/wp-json\/wp\/v2\/comments?post=1798"}],"version-history":[{"count":2,"href":"https:\/\/covid19-a-savoir.net\/index.php\/wp-json\/wp\/v2\/pages\/1798\/revisions"}],"predecessor-version":[{"id":2559,"href":"https:\/\/covid19-a-savoir.net\/index.php\/wp-json\/wp\/v2\/pages\/1798\/revisions\/2559"}],"wp:attachment":[{"href":"https:\/\/covid19-a-savoir.net\/index.php\/wp-json\/wp\/v2\/media?parent=1798"}],"curies":[{"name":"wp","href":"https:\/\/api.w.org\/{rel}","templated":true}]}}