{"id":1774,"date":"2022-10-09T18:00:07","date_gmt":"2022-10-09T18:00:07","guid":{"rendered":"https:\/\/covid19-a-savoir.net\/?page_id=1774"},"modified":"2022-10-09T18:29:55","modified_gmt":"2022-10-09T18:29:55","slug":"covid19-a-savoir-les-articles-precedents","status":"publish","type":"page","link":"https:\/\/covid19-a-savoir.net\/index.php\/covid19-a-savoir-les-articles-precedents\/","title":{"rendered":"Covid19-a-savoir, les articles pr\u00e9c\u00e9dents"},"content":{"rendered":"<div id=\"dslc-theme-content\"><div id=\"dslc-theme-content-inner\">\n<p><a href=\"https:\/\/alta-vita.com\/elever-votre-enfant-et-devenez-un-meilleur-parent\/\">Elever votre enfant et\u2026devenez un meilleur parent<\/a><\/p>\n\n\n\n<p><a href=\"https:\/\/alta-vita.com\/enfants-plus-forts\/\">Enfants plus forts<\/a><\/p>\n\n\n\n<h5 class=\"wp-block-heading\">\u00a7&nbsp;&nbsp;<a href=\"https:\/\/covid19-a-savoir.net\/index.php\/2022\/01\/10\/une-geneticienne-vous-dit-que-ce-nest-pas-un-vaccin\/\">Une g\u00e9n\u00e9ticienne vous dit que ce n\u2019est pas un vaccin<\/a><\/h5>\n\n\n\n<h5 class=\"wp-block-heading\">&nbsp;\u00a7&nbsp;&nbsp;<a href=\"https:\/\/covid19-a-savoir.net\/index.php\/2022\/01\/10\/la-therapie-genique-nest-pas-un-vaccin-loriginale-k-ce-nest-pas-un-vaccin-clip-officiel\/\">La th\u00e9rapie g\u00e9nique n\u2019est pas un vaccin<\/a><\/h5>\n\n\n\n<h5 class=\"wp-block-heading\">\u00a7&nbsp;&nbsp;<a href=\"https:\/\/covid19-a-savoir.net\/index.php\/2022\/01\/10\/revelation-fracassante-sur-le-vaccin\/\">R\u00e9v\u00e9lation Fracassante sur le vaccin<\/a><\/h5>\n\n\n\n<h5 class=\"wp-block-heading\">&nbsp;<a href=\"https:\/\/covid19-a-savoir.net\/?s=Origine+du+virus+covid19-+%C3%A9difiant+%21\">Origine du virus covid19- \u00e9difiant !<\/a><\/h5>\n\n\n\n<ul><li><a href=\"https:\/\/covid19-a-savoir.net\/?s=Les+vaccins+tueurs+\">Les vaccins tueurs \u2013 Information sur JB Fourtillan et K. Trapp<\/a><\/li><\/ul>\n\n\n\n<h5 class=\"wp-block-heading\">\u00a7&nbsp;&nbsp;<a href=\"https:\/\/covid19-a-savoir.net\/index.php\/2022\/01\/10\/censure-sur-lorigine-du-covid-19\/\">Censure, sur l\u2019origine du Covid-19<\/a><\/h5>\n\n\n\n<h5 class=\"wp-block-heading\">&nbsp;\u00a7&nbsp;&nbsp;<a href=\"https:\/\/covid19-a-savoir.net\/index.php\/2022\/01\/09\/le-directeur-dune-entreprise-funeraire-sexprime\/\">Le directeur d\u2019une entreprise fun\u00e9raire s\u2019exprime<\/a><\/h5>\n\n\n\n<h5 class=\"wp-block-heading\">&nbsp;\u00a7&nbsp;&nbsp;<a href=\"https:\/\/covid19-a-savoir.net\/index.php\/2022\/01\/07\/covid-je-ne-suis-pas-sur-que-la-sante-de-la-population-soit-lobjectif-reellement-poursuivi\/\">Covid :\u00abJe ne suis pas s\u00fbr que la sant\u00e9 de la population soit l\u2019objectif r\u00e9ellement poursuivi\u00bb<\/a><\/h5>\n\n\n\n<p><a href=\"https:\/\/covid19-a-savoir.net\/index.php\/2021\/09\/24\/la-redoutable-composition-des-injections-que-nous-enumere-maitre-brusa\/\">LA REDOUTABLE COMPOSITION DES INJECTIONS<\/a><\/p>\n\n\n\n<p><a href=\"https:\/\/covid19-a-savoir.net\/index.php\/voici-ce-quil-se-passe-quand-un-vaccin-arn-une-therapie-genique-contre-le-covid-19-est-injecte-dans-un-corps-humain\/\">VOICI CE QU\u2019IL SE PASSE QUAND UN VACCIN ARN (UNE TH\u00c9RAPIE G\u00c9NIQUE) CONTRE LE COVID-19 EST INJECT\u00c9 DANS UN CORPS HUMAIN !<\/a><\/p>\n\n\n\n<p><strong><a href=\"https:\/\/covid19-a-savoir.net\/index.php\/2022\/01\/16\/doctothon-special-enfants\/\">Doctothon sp\u00e9cial enfants<\/a><\/strong><\/p>\n\n\n\n<p><strong><a href=\"https:\/\/covid19-a-savoir.net\/index.php\/2021\/08\/19\/vaccination-des-enfants-covid-avis-davocat\/\"><strong>vaccination des enfants (Covid): avis d\u2019avocat<\/strong><\/a><\/strong><\/p>\n\n\n\n<p><strong><a href=\"https:\/\/covid19-a-savoir.net\/index.php\/2021\/07\/08\/film-covid-26-raisons-pour-refuser-les-vaccins\/\"><strong>26 raisons pour refuser les \u00ab\u00a0vaccins\u00a0\u00bb<\/strong><\/a><\/strong><\/p>\n\n\n\n<p><a href=\"https:\/\/covid19-a-savoir.net\/index.php\/2021\/06\/30\/surprise-les-cellules-humaines-peuvent-finalement-convertir-larn-en-adn\/\"><strong><em>Surprise :<\/em><\/strong>\u00a0les cellules humaines peuvent finalement convertir l\u2019ARN en ADN<\/a><\/p>\n\n\n\n<div class=\"wp-block-columns is-layout-flex wp-container-core-columns-is-layout-1 wp-block-columns-is-layout-flex\">\n<div class=\"wp-block-column is-layout-flow wp-block-column-is-layout-flow\">\n<p><iframe id=\"odysee-iframe\" width=\"260\" height=\"115\" src=\"https:\/\/odysee.com\/$\/embed\/l%27originale-k-ce-n%27est-pas-un-vaccin\/f5559579127f9be86c4a8559d71724bad46f3f92?r=i6L9JmkdgP5RoQ4mbRLZqBMn1F1Dswjn\" allowfullscreen=\"\"><\/iframe><\/p>\n<\/div>\n\n\n\n<div class=\"wp-block-column is-layout-flow wp-block-column-is-layout-flow\">\n<p><iframe id=\"odysee-iframe\" width=\"260\" height=\"115\" src=\"https:\/\/odysee.com\/$\/embed\/L%27Originale-K---Ce-n%27est-pas-un-vaccin-%28Clip-Officiel%29-wJvp6eKGUuE\/9bf91054114da9cb8512918bd8b1f732540763fd?r=i6L9JmkdgP5RoQ4mbRLZqBMn1F1Dswjn\" allowfullscreen=\"\"><\/iframe><\/p>\n<\/div>\n<\/div>\n\n\n\n<p id=\"block-4bed5991-b875-4688-8f38-f5a3303fc889\"><a href=\"https:\/\/covid19-a-savoir.net\/index.php\/2021\/07\/08\/ils-etaient-fiers-de-se-faire-vacciner-ca-les-a-tues\/\"><strong><br>Ils \u00e9taient fiers de se faire vacciner\u2026 \u00c7a les a tu\u00e9s !<\/strong><\/a><\/p>\n\n\n\n<p id=\"block-9e0434e9-2b51-4e52-af17-039acb7b1dbb\"><a href=\"https:\/\/covid19-a-savoir.net\/index.php\/2021\/11\/16\/la-meprise-entre-vaccin-et-therapie-genique\/\"><strong>La m\u00e9prise entre vaccin et th\u00e9rapie g\u00e9nique<\/strong><\/a><\/p>\n\n\n\n<p id=\"block-9e499415-8fe3-4612-bf09-6e62432e65be\"><a href=\"https:\/\/covid19-a-savoir.net\/index.php\/2022\/01\/03\/un-juriste-dresse-la-liste-de-tout-ce-qui-a-ete-viole-au-niveau-juridique\/\"><strong>Un Juriste Dresse la Liste de \u00ab tout ce qui a \u00e9t\u00e9 Viol\u00e9 au Niveau Juridique \u00bb<\/strong><\/a><\/p>\n\n\n\n<p id=\"block-7fd9efb7-c9c7-4b67-9d20-288cefc09ce4\"><a href=\"https:\/\/covid19-a-savoir.net\/index.php\/2022\/01\/03\/avoir-menti-a-la-population-des-le-debut-en-lui-faisant-croire-quil-nexistait-aucun-remede-contre-la-covid\/\"><strong>Avoir menti \u00e0 la population, d\u00e8s le d\u00e9but, en lui faisant croire qu\u2019il n\u2019existait aucun rem\u00e8de contre la covid<\/strong><\/a><\/p>\n\n\n\n<p id=\"block-d40b666f-4c31-43cf-a2c5-4ab902ba029d\"><strong><a href=\"https:\/\/covid19-a-savoir.net\/index.php\/2022\/01\/03\/le-nombre-de-deces-post-vaccination-explose-en-allemagne\/\">Le nombre de d\u00e9c\u00e8s post-vaccination, explose en Allemagne !<\/a><\/strong><\/p>\n\n\n\n<p id=\"block-4be55326-b2b3-4736-94a2-c109ed8c96cb\"><strong><a href=\"https:\/\/covid19-a-savoir.net\/index.php\/2022\/01\/03\/augmentation-du-nombre-de-deces-dus-aux-vaccins\/\">Augmentation du nombre de d\u00e9c\u00e8s dus aux vaccins<\/a><\/strong><\/p>\n\n\n\n<p id=\"block-d9a0736c-53f4-4c94-bc5c-11c7b36e7f68\"><a href=\"https:\/\/covid19-a-savoir.net\/index.php\/2022\/01\/03\/le-variant-omicron\/\"><strong>On a d\u00e9velopp\u00e9 des produits contre les souches de WUHAN qui n&rsquo;a jamais circul\u00e9 dans notre pays<\/strong> Alexandra Henrion-Caude<\/a>Ajouter un bloc<\/p>\n\n\n\n<figure class=\"wp-block-image is-resized\"><a href=\"https:\/\/covid19-a-savoir.net\/index.php\/2022\/05\/09\/pfizer-les-80-000-pages-deffets-indesirables-decryptees\/\"><img decoding=\"async\" src=\"https:\/\/covid19-a-savoir.net\/wp-content\/uploads\/2022\/05\/Find-a-COVID-19-vaccine-near-you-1-1024x577.png\" alt=\"L\u2019attribut alt de cette image est vide, son nom de fichier est Find-a-COVID-19-vaccine-near-you-1-1024x577.png.\" width=\"281\" height=\"158\"\/><\/a><\/figure>\n<\/div><\/div>","protected":false},"excerpt":{"rendered":"<p>Elever votre enfant et\u2026devenez un meilleur parent Enfants plus forts \u00a7&nbsp;&nbsp;Une g\u00e9n\u00e9ticienne vous dit que ce n\u2019est pas un vaccin&#8230; <a href=\"https:\/\/covid19-a-savoir.net\/index.php\/covid19-a-savoir-les-articles-precedents\/\" class=\"readmore\">Read more<span class=\"screen-reader-text\">Covid19-a-savoir, les articles pr\u00e9c\u00e9dents<\/span><span class=\"fa fa-angle-double-right\" aria-hidden=\"true\"><\/span><\/a><\/p>\n","protected":false},"author":1,"featured_media":0,"parent":0,"menu_order":0,"comment_status":"closed","ping_status":"closed","template":"","meta":{"footnotes":""},"yoast_head":"<!-- This site is optimized with the Yoast SEO plugin v23.2 - https:\/\/yoast.com\/wordpress\/plugins\/seo\/ -->\n<title>Covid19-a-savoir, les articles pr\u00e9c\u00e9dents - Actualit\u00e9s, , .... Apr\u00e8s la p\u00e9riode &quot;covid19&quot;<\/title>\n<meta name=\"robots\" content=\"index, follow, max-snippet:-1, max-image-preview:large, max-video-preview:-1\" \/>\n<link rel=\"canonical\" href=\"https:\/\/covid19-a-savoir.net\/index.php\/covid19-a-savoir-les-articles-precedents\/\" \/>\n<meta property=\"og:locale\" content=\"fr_FR\" \/>\n<meta property=\"og:type\" content=\"article\" \/>\n<meta property=\"og:title\" content=\"Covid19-a-savoir, les articles pr\u00e9c\u00e9dents - Actualit\u00e9s, , .... Apr\u00e8s la p\u00e9riode &quot;covid19&quot;\" \/>\n<meta property=\"og:description\" content=\"Elever votre enfant et\u2026devenez un meilleur parent Enfants plus forts \u00a7&nbsp;&nbsp;Une g\u00e9n\u00e9ticienne vous dit que ce n\u2019est pas un vaccin... Read moreCovid19-a-savoir, les articles pr\u00e9c\u00e9dents\" \/>\n<meta property=\"og:url\" content=\"https:\/\/covid19-a-savoir.net\/index.php\/covid19-a-savoir-les-articles-precedents\/\" \/>\n<meta property=\"og:site_name\" content=\"Actualit\u00e9s, , .... Apr\u00e8s la p\u00e9riode &quot;covid19&quot;\" \/>\n<meta property=\"article:modified_time\" content=\"2022-10-09T18:29:55+00:00\" \/>\n<meta property=\"og:image\" content=\"https:\/\/covid19-a-savoir.net\/wp-content\/uploads\/2022\/05\/Find-a-COVID-19-vaccine-near-you-1-1024x577.png\" \/>\n<meta name=\"twitter:card\" content=\"summary_large_image\" \/>\n<meta name=\"twitter:label1\" content=\"Dur\u00e9e de lecture estim\u00e9e\" \/>\n\t<meta name=\"twitter:data1\" content=\"2 minutes\" \/>\n<script type=\"application\/ld+json\" class=\"yoast-schema-graph\">{\"@context\":\"https:\/\/schema.org\",\"@graph\":[{\"@type\":\"WebPage\",\"@id\":\"https:\/\/covid19-a-savoir.net\/index.php\/covid19-a-savoir-les-articles-precedents\/\",\"url\":\"https:\/\/covid19-a-savoir.net\/index.php\/covid19-a-savoir-les-articles-precedents\/\",\"name\":\"Covid19-a-savoir, les articles pr\u00e9c\u00e9dents - Actualit\u00e9s, , .... Apr\u00e8s la p\u00e9riode &quot;covid19&quot;\",\"isPartOf\":{\"@id\":\"https:\/\/covid19-a-savoir.net\/#website\"},\"primaryImageOfPage\":{\"@id\":\"https:\/\/covid19-a-savoir.net\/index.php\/covid19-a-savoir-les-articles-precedents\/#primaryimage\"},\"image\":{\"@id\":\"https:\/\/covid19-a-savoir.net\/index.php\/covid19-a-savoir-les-articles-precedents\/#primaryimage\"},\"thumbnailUrl\":\"https:\/\/covid19-a-savoir.net\/wp-content\/uploads\/2022\/05\/Find-a-COVID-19-vaccine-near-you-1-1024x577.png\",\"datePublished\":\"2022-10-09T18:00:07+00:00\",\"dateModified\":\"2022-10-09T18:29:55+00:00\",\"breadcrumb\":{\"@id\":\"https:\/\/covid19-a-savoir.net\/index.php\/covid19-a-savoir-les-articles-precedents\/#breadcrumb\"},\"inLanguage\":\"fr-FR\",\"potentialAction\":[{\"@type\":\"ReadAction\",\"target\":[\"https:\/\/covid19-a-savoir.net\/index.php\/covid19-a-savoir-les-articles-precedents\/\"]}]},{\"@type\":\"ImageObject\",\"inLanguage\":\"fr-FR\",\"@id\":\"https:\/\/covid19-a-savoir.net\/index.php\/covid19-a-savoir-les-articles-precedents\/#primaryimage\",\"url\":\"https:\/\/covid19-a-savoir.net\/wp-content\/uploads\/2022\/05\/Find-a-COVID-19-vaccine-near-you-1.png\",\"contentUrl\":\"https:\/\/covid19-a-savoir.net\/wp-content\/uploads\/2022\/05\/Find-a-COVID-19-vaccine-near-you-1.png\",\"width\":1640,\"height\":924},{\"@type\":\"BreadcrumbList\",\"@id\":\"https:\/\/covid19-a-savoir.net\/index.php\/covid19-a-savoir-les-articles-precedents\/#breadcrumb\",\"itemListElement\":[{\"@type\":\"ListItem\",\"position\":1,\"name\":\"Accueil\",\"item\":\"https:\/\/covid19-a-savoir.net\/\"},{\"@type\":\"ListItem\",\"position\":2,\"name\":\"Covid19-a-savoir, les articles pr\u00e9c\u00e9dents\"}]},{\"@type\":\"WebSite\",\"@id\":\"https:\/\/covid19-a-savoir.net\/#website\",\"url\":\"https:\/\/covid19-a-savoir.net\/\",\"name\":\"Actualit\u00e9s, , .... Apr\u00e8s la p\u00e9riode &quot;covid19&quot;\",\"description\":\"DES V\u00c9RIT\u00c9S QUI D\u00c9RANGENT\",\"publisher\":{\"@id\":\"https:\/\/covid19-a-savoir.net\/#\/schema\/person\/53265987e4424cc7dde2f857d2b378cf\"},\"potentialAction\":[{\"@type\":\"SearchAction\",\"target\":{\"@type\":\"EntryPoint\",\"urlTemplate\":\"https:\/\/covid19-a-savoir.net\/?s={search_term_string}\"},\"query-input\":\"required name=search_term_string\"}],\"inLanguage\":\"fr-FR\"},{\"@type\":[\"Person\",\"Organization\"],\"@id\":\"https:\/\/covid19-a-savoir.net\/#\/schema\/person\/53265987e4424cc7dde2f857d2b378cf\",\"name\":\"GS\",\"image\":{\"@type\":\"ImageObject\",\"inLanguage\":\"fr-FR\",\"@id\":\"https:\/\/covid19-a-savoir.net\/#\/schema\/person\/image\/\",\"url\":\"https:\/\/covid19-a-savoir.net\/wp-content\/uploads\/2022\/07\/dans-ce-monde-312x312-1.png\",\"contentUrl\":\"https:\/\/covid19-a-savoir.net\/wp-content\/uploads\/2022\/07\/dans-ce-monde-312x312-1.png\",\"width\":312,\"height\":312,\"caption\":\"GS\"},\"logo\":{\"@id\":\"https:\/\/covid19-a-savoir.net\/#\/schema\/person\/image\/\"},\"sameAs\":[\"http:\/\/covid19-a-savoir.net\"]}]}<\/script>\n<!-- \/ Yoast SEO plugin. -->","yoast_head_json":{"title":"Covid19-a-savoir, les articles pr\u00e9c\u00e9dents - Actualit\u00e9s, , .... Apr\u00e8s la p\u00e9riode &quot;covid19&quot;","robots":{"index":"index","follow":"follow","max-snippet":"max-snippet:-1","max-image-preview":"max-image-preview:large","max-video-preview":"max-video-preview:-1"},"canonical":"https:\/\/covid19-a-savoir.net\/index.php\/covid19-a-savoir-les-articles-precedents\/","og_locale":"fr_FR","og_type":"article","og_title":"Covid19-a-savoir, les articles pr\u00e9c\u00e9dents - Actualit\u00e9s, , .... Apr\u00e8s la p\u00e9riode &quot;covid19&quot;","og_description":"Elever votre enfant et\u2026devenez un meilleur parent Enfants plus forts \u00a7&nbsp;&nbsp;Une g\u00e9n\u00e9ticienne vous dit que ce n\u2019est pas un vaccin... Read moreCovid19-a-savoir, les articles pr\u00e9c\u00e9dents","og_url":"https:\/\/covid19-a-savoir.net\/index.php\/covid19-a-savoir-les-articles-precedents\/","og_site_name":"Actualit\u00e9s, , .... Apr\u00e8s la p\u00e9riode &quot;covid19&quot;","article_modified_time":"2022-10-09T18:29:55+00:00","og_image":[{"url":"https:\/\/covid19-a-savoir.net\/wp-content\/uploads\/2022\/05\/Find-a-COVID-19-vaccine-near-you-1-1024x577.png"}],"twitter_card":"summary_large_image","twitter_misc":{"Dur\u00e9e de lecture estim\u00e9e":"2 minutes"},"schema":{"@context":"https:\/\/schema.org","@graph":[{"@type":"WebPage","@id":"https:\/\/covid19-a-savoir.net\/index.php\/covid19-a-savoir-les-articles-precedents\/","url":"https:\/\/covid19-a-savoir.net\/index.php\/covid19-a-savoir-les-articles-precedents\/","name":"Covid19-a-savoir, les articles pr\u00e9c\u00e9dents - Actualit\u00e9s, , .... Apr\u00e8s la p\u00e9riode &quot;covid19&quot;","isPartOf":{"@id":"https:\/\/covid19-a-savoir.net\/#website"},"primaryImageOfPage":{"@id":"https:\/\/covid19-a-savoir.net\/index.php\/covid19-a-savoir-les-articles-precedents\/#primaryimage"},"image":{"@id":"https:\/\/covid19-a-savoir.net\/index.php\/covid19-a-savoir-les-articles-precedents\/#primaryimage"},"thumbnailUrl":"https:\/\/covid19-a-savoir.net\/wp-content\/uploads\/2022\/05\/Find-a-COVID-19-vaccine-near-you-1-1024x577.png","datePublished":"2022-10-09T18:00:07+00:00","dateModified":"2022-10-09T18:29:55+00:00","breadcrumb":{"@id":"https:\/\/covid19-a-savoir.net\/index.php\/covid19-a-savoir-les-articles-precedents\/#breadcrumb"},"inLanguage":"fr-FR","potentialAction":[{"@type":"ReadAction","target":["https:\/\/covid19-a-savoir.net\/index.php\/covid19-a-savoir-les-articles-precedents\/"]}]},{"@type":"ImageObject","inLanguage":"fr-FR","@id":"https:\/\/covid19-a-savoir.net\/index.php\/covid19-a-savoir-les-articles-precedents\/#primaryimage","url":"https:\/\/covid19-a-savoir.net\/wp-content\/uploads\/2022\/05\/Find-a-COVID-19-vaccine-near-you-1.png","contentUrl":"https:\/\/covid19-a-savoir.net\/wp-content\/uploads\/2022\/05\/Find-a-COVID-19-vaccine-near-you-1.png","width":1640,"height":924},{"@type":"BreadcrumbList","@id":"https:\/\/covid19-a-savoir.net\/index.php\/covid19-a-savoir-les-articles-precedents\/#breadcrumb","itemListElement":[{"@type":"ListItem","position":1,"name":"Accueil","item":"https:\/\/covid19-a-savoir.net\/"},{"@type":"ListItem","position":2,"name":"Covid19-a-savoir, les articles pr\u00e9c\u00e9dents"}]},{"@type":"WebSite","@id":"https:\/\/covid19-a-savoir.net\/#website","url":"https:\/\/covid19-a-savoir.net\/","name":"Actualit\u00e9s, , .... Apr\u00e8s la p\u00e9riode &quot;covid19&quot;","description":"DES V\u00c9RIT\u00c9S QUI D\u00c9RANGENT","publisher":{"@id":"https:\/\/covid19-a-savoir.net\/#\/schema\/person\/53265987e4424cc7dde2f857d2b378cf"},"potentialAction":[{"@type":"SearchAction","target":{"@type":"EntryPoint","urlTemplate":"https:\/\/covid19-a-savoir.net\/?s={search_term_string}"},"query-input":"required name=search_term_string"}],"inLanguage":"fr-FR"},{"@type":["Person","Organization"],"@id":"https:\/\/covid19-a-savoir.net\/#\/schema\/person\/53265987e4424cc7dde2f857d2b378cf","name":"GS","image":{"@type":"ImageObject","inLanguage":"fr-FR","@id":"https:\/\/covid19-a-savoir.net\/#\/schema\/person\/image\/","url":"https:\/\/covid19-a-savoir.net\/wp-content\/uploads\/2022\/07\/dans-ce-monde-312x312-1.png","contentUrl":"https:\/\/covid19-a-savoir.net\/wp-content\/uploads\/2022\/07\/dans-ce-monde-312x312-1.png","width":312,"height":312,"caption":"GS"},"logo":{"@id":"https:\/\/covid19-a-savoir.net\/#\/schema\/person\/image\/"},"sameAs":["http:\/\/covid19-a-savoir.net"]}]}},"jetpack_sharing_enabled":true,"_links":{"self":[{"href":"https:\/\/covid19-a-savoir.net\/index.php\/wp-json\/wp\/v2\/pages\/1774"}],"collection":[{"href":"https:\/\/covid19-a-savoir.net\/index.php\/wp-json\/wp\/v2\/pages"}],"about":[{"href":"https:\/\/covid19-a-savoir.net\/index.php\/wp-json\/wp\/v2\/types\/page"}],"author":[{"embeddable":true,"href":"https:\/\/covid19-a-savoir.net\/index.php\/wp-json\/wp\/v2\/users\/1"}],"replies":[{"embeddable":true,"href":"https:\/\/covid19-a-savoir.net\/index.php\/wp-json\/wp\/v2\/comments?post=1774"}],"version-history":[{"count":2,"href":"https:\/\/covid19-a-savoir.net\/index.php\/wp-json\/wp\/v2\/pages\/1774\/revisions"}],"predecessor-version":[{"id":1788,"href":"https:\/\/covid19-a-savoir.net\/index.php\/wp-json\/wp\/v2\/pages\/1774\/revisions\/1788"}],"wp:attachment":[{"href":"https:\/\/covid19-a-savoir.net\/index.php\/wp-json\/wp\/v2\/media?parent=1774"}],"curies":[{"name":"wp","href":"https:\/\/api.w.org\/{rel}","templated":true}]}}