{"id":1682,"date":"2022-10-01T00:12:17","date_gmt":"2022-10-01T00:12:17","guid":{"rendered":"https:\/\/covid19-a-savoir.net\/?page_id=1682"},"modified":"2025-11-27T00:17:52","modified_gmt":"2025-11-27T00:17:52","slug":"accueil","status":"publish","type":"page","link":"https:\/\/covid19-a-savoir.net\/","title":{"rendered":"ACCUEIL"},"content":{"rendered":"<div id=\"dslc-theme-content\"><div id=\"dslc-theme-content-inner\">\n<figure class=\"wp-block-image size-large is-resized\"><img decoding=\"async\" width=\"1024\" height=\"35\" src=\"https:\/\/covid19-a-savoir.net\/wp-content\/uploads\/2022\/11\/Sans-titre-32-7-1024x35.png\" alt=\"\" class=\"wp-image-2087\" style=\"width:907px;height:auto\" srcset=\"https:\/\/covid19-a-savoir.net\/wp-content\/uploads\/2022\/11\/Sans-titre-32-7-1024x35.png 1024w, https:\/\/covid19-a-savoir.net\/wp-content\/uploads\/2022\/11\/Sans-titre-32-7-300x10.png 300w, https:\/\/covid19-a-savoir.net\/wp-content\/uploads\/2022\/11\/Sans-titre-32-7-768x26.png 768w, https:\/\/covid19-a-savoir.net\/wp-content\/uploads\/2022\/11\/Sans-titre-32-7.png 1170w\" sizes=\"(max-width: 1024px) 100vw, 1024px\" \/><\/figure>\n\n\n\n<ul>\n<li><a href=\"https:\/\/covid19-a-savoir.net\/index.php\/la-societe-de-consommation-tue-notre-planete-et-toi-tu-fais-quoi\/\">La soci\u00e9t\u00e9 de consommation tue notre plan\u00e8te. Et toi, tu fais quoi ?<\/a><\/li>\n\n\n\n<li><a href=\"https:\/\/covid19-a-savoir.net\/index.php\/les-medias-manipulent-lopinion-publique-a-grande-echelle\/\">Les m\u00e9dias manipulent l\u2019opinion publique \u00e0 grande \u00e9chelle<\/a><\/li>\n\n\n\n<li><a href=\"https:\/\/covid19-a-savoir.net\/index.php\/le-travail-acharne-ne-mene-pas-forcement-au-succes-mais-a-lepuisement\/\">Le travail acharn\u00e9 ne m\u00e8ne pas forc\u00e9ment au succ\u00e8s, mais \u00e0 l\u2019\u00e9puisement.<\/a><\/li>\n\n\n\n<li><strong><a href=\"https:\/\/covid19-a-savoir.net\/index.php\/du-cancer-a-la-vie-eviter-les-pieges-et-mensonges-de-big-pharma\/\">DU CANCER \u00c0 LA VIE : \u00c9VITER LES PI\u00c8GES ET MENSONGES DE BIG PHARMA<\/a><\/strong><\/li>\n<\/ul>\n\n\n\n<figure class=\"wp-block-image size-large is-resized\"><img decoding=\"async\" width=\"1024\" height=\"35\" src=\"https:\/\/covid19-a-savoir.net\/wp-content\/uploads\/2022\/11\/Sans-titre-32-7-1024x35.png\" alt=\"\" class=\"wp-image-2087\" style=\"width:907px;height:auto\" srcset=\"https:\/\/covid19-a-savoir.net\/wp-content\/uploads\/2022\/11\/Sans-titre-32-7-1024x35.png 1024w, https:\/\/covid19-a-savoir.net\/wp-content\/uploads\/2022\/11\/Sans-titre-32-7-300x10.png 300w, https:\/\/covid19-a-savoir.net\/wp-content\/uploads\/2022\/11\/Sans-titre-32-7-768x26.png 768w, https:\/\/covid19-a-savoir.net\/wp-content\/uploads\/2022\/11\/Sans-titre-32-7.png 1170w\" sizes=\"(max-width: 1024px) 100vw, 1024px\" \/><\/figure>\n\n\n\n<p class=\"has-text-align-center has-white-color has-vivid-red-background-color has-text-color has-background has-link-color has-medium-font-size wp-elements-cf947a73624f77d439c29e13985ded20\"><strong><a href=\"https:\/\/covid19-a-savoir.net\/index.php\/covid-incroyable-coup-de-tonnerre-en-france-et-aux-etats-unis\/\">Covid : incroyable coup de tonnerre en France et aux \u00c9tats-Unis !<\/a><\/strong><\/p>\n\n\n\n<p class=\"has-white-color has-vivid-red-background-color has-text-color has-background has-link-color wp-elements-85da00349ced518db04ff628880fbd65\"><strong><a href=\"https:\/\/covid19-a-savoir.net\/index.php\/cov-ido-les-vaccins-ne-sont-pas-des-vaccins-decision-revolutionnaire-de-la-cour-supreme-des-etats-unis\/\">Excellente d\u00e9cision r\u00e9volutionnaire de la Cour supr\u00eame des \u00c9tats-Unis : Cov&#8211;ido&#8211; les vaccins ne sont PAS des vaccins. Robert F. Kennedy Jr. a gagn\u00e9 un proc\u00e8s contre tous les lobbyistes pharmaceutiques.<\/a><\/strong><\/p>\n\n\n\n<iframe src=\"https:\/\/www.facebook.com\/plugins\/post.php?href=https%3A%2F%2Fwww.facebook.com%2Fcompare.belgio%2Fposts%2Fpfbid02aRApgXjBGejWyfGgXcWHpq6hK7tFYkwYfkU3sRu5bt2DYu7gFZs53WJ8Gc1urTal&#038;show_text=true&#038;width=500\" width=\"500\" height=\"657\" style=\"border:none;overflow:hidden\" scrolling=\"no\" frameborder=\"0\" allowfullscreen=\"true\" allow=\"autoplay; clipboard-write; encrypted-media; picture-in-picture; web-share\"><\/iframe>\n\n\n\n<figure class=\"wp-block-image size-large is-resized\"><img decoding=\"async\" width=\"1024\" height=\"35\" src=\"https:\/\/covid19-a-savoir.net\/wp-content\/uploads\/2022\/11\/Sans-titre-32-7-1024x35.png\" alt=\"\" class=\"wp-image-2087\" style=\"width:907px;height:auto\" srcset=\"https:\/\/covid19-a-savoir.net\/wp-content\/uploads\/2022\/11\/Sans-titre-32-7-1024x35.png 1024w, https:\/\/covid19-a-savoir.net\/wp-content\/uploads\/2022\/11\/Sans-titre-32-7-300x10.png 300w, https:\/\/covid19-a-savoir.net\/wp-content\/uploads\/2022\/11\/Sans-titre-32-7-768x26.png 768w, https:\/\/covid19-a-savoir.net\/wp-content\/uploads\/2022\/11\/Sans-titre-32-7.png 1170w\" sizes=\"(max-width: 1024px) 100vw, 1024px\" \/><\/figure>\n\n\n\n<div class=\"wp-block-columns is-layout-flex wp-container-core-columns-is-layout-1 wp-block-columns-is-layout-flex\">\n<div class=\"wp-block-column is-layout-flow wp-block-column-is-layout-flow\">\n<iframe id=\"odysee-iframe\" style=\"width:80%; aspect-ratio:16 \/ 9;\" src=\"https:\/\/odysee.com\/$\/embed\/@Jean-Jacques-Crevecoeur:f\/DLV67:a?r=BfBQXr6PQDoxciwwA21qrqyn61ub8QKL\" allowfullscreen><\/iframe>\n\n\n\n<p><strong>Cr\u00e9er des br\u00e8ches dans le totalitarisme<\/strong><\/p>\n<\/div>\n\n\n\n<div class=\"wp-block-column is-layout-flow wp-block-column-is-layout-flow\"><\/div>\n<\/div>\n\n\n\n<div class=\"wp-block-columns is-layout-flex wp-container-core-columns-is-layout-2 wp-block-columns-is-layout-flex\">\n<div class=\"wp-block-column is-layout-flow wp-block-column-is-layout-flow\">\n<figure class=\"wp-block-image size-large is-resized\"><img decoding=\"async\" width=\"1024\" height=\"35\" src=\"https:\/\/covid19-a-savoir.net\/wp-content\/uploads\/2022\/11\/Sans-titre-32-7-1024x35.png\" alt=\"\" class=\"wp-image-2087\" style=\"width:907px;height:auto\" srcset=\"https:\/\/covid19-a-savoir.net\/wp-content\/uploads\/2022\/11\/Sans-titre-32-7-1024x35.png 1024w, https:\/\/covid19-a-savoir.net\/wp-content\/uploads\/2022\/11\/Sans-titre-32-7-300x10.png 300w, https:\/\/covid19-a-savoir.net\/wp-content\/uploads\/2022\/11\/Sans-titre-32-7-768x26.png 768w, https:\/\/covid19-a-savoir.net\/wp-content\/uploads\/2022\/11\/Sans-titre-32-7.png 1170w\" sizes=\"(max-width: 1024px) 100vw, 1024px\" \/><\/figure>\n<\/div>\n<\/div>\n\n\n\n<div class=\"wp-block-columns is-layout-flex wp-container-core-columns-is-layout-3 wp-block-columns-is-layout-flex\">\n<div class=\"wp-block-column is-layout-flow wp-block-column-is-layout-flow\">\n<iframe id=\"odysee-iframe\" style=\"width:80%; aspect-ratio:16 \/ 9;\" src=\"https:\/\/odysee.com\/$\/embed\/@EpochTimesFrance:b\/vaccins-covid-\u00ab-j\u2019ai-d\u00e9couvert-la:a?r=BfBQXr6PQDoxciwwA21qrqyn61ub8QKL\" allowfullscreen><\/iframe>\n\n\n\n<p><strong>Vaccins Covid : \u00ab J\u2019ai d\u00e9couvert la face cach\u00e9e de l\u2019industrie pharmaceutique \u00bb \u2013 Christine Cotton<\/strong><\/p>\n<\/div>\n\n\n\n<div class=\"wp-block-column is-vertically-aligned-center is-layout-flow wp-block-column-is-layout-flow\">\n<iframe id=\"odysee-iframe\" style=\"width:80%; aspect-ratio:16 \/ 9;\" src=\"https:\/\/odysee.com\/$\/embed\/@Jean-Jacques-Crevecoeur:f\/LIB31B:c?r=BfBQXr6PQDoxciwwA21qrqyn61ub8QKL\" allowfullscreen><\/iframe>\n\n\n\n<p><strong>CHRONIQUE : Le contenu des vaccins et la menace des nanotechnologies<\/strong><\/p>\n<\/div>\n<\/div>\n\n\n\n<div class=\"wp-block-columns is-layout-flex wp-container-core-columns-is-layout-4 wp-block-columns-is-layout-flex\">\n<div class=\"wp-block-column is-layout-flow wp-block-column-is-layout-flow\">\n<iframe id=\"odysee-iframe\" style=\"width:90%; aspect-ratio:16 \/ 9;\" src=\"https:\/\/odysee.com\/$\/embed\/@Covidbel:5\/Mary--Ana-DUB-final:b?r=BfBQXr6PQDoxciwwA21qrqyn61ub8QKL\" allowfullscreen><\/iframe>\n\n\n\n<p><strong>Nanotechnologies, Morgellons, Injections et G\u00e9oing\u00e9nierie ~ Ana Mihalcea<\/strong><\/p>\n<\/div>\n\n\n\n<div class=\"wp-block-column is-layout-flow wp-block-column-is-layout-flow\"><\/div>\n<\/div>\n\n\n\n<div class=\"wp-block-columns is-layout-flex wp-container-core-columns-is-layout-5 wp-block-columns-is-layout-flex\">\n<div class=\"wp-block-column is-layout-flow wp-block-column-is-layout-flow\">\n<figure class=\"wp-block-image size-large\"><img decoding=\"async\" width=\"1024\" height=\"35\" src=\"https:\/\/covid19-a-savoir.net\/wp-content\/uploads\/2022\/11\/Sans-titre-32-7-1024x35.png\" alt=\"\" class=\"wp-image-2087\" srcset=\"https:\/\/covid19-a-savoir.net\/wp-content\/uploads\/2022\/11\/Sans-titre-32-7-1024x35.png 1024w, https:\/\/covid19-a-savoir.net\/wp-content\/uploads\/2022\/11\/Sans-titre-32-7-300x10.png 300w, https:\/\/covid19-a-savoir.net\/wp-content\/uploads\/2022\/11\/Sans-titre-32-7-768x26.png 768w, https:\/\/covid19-a-savoir.net\/wp-content\/uploads\/2022\/11\/Sans-titre-32-7.png 1170w\" sizes=\"(max-width: 1024px) 100vw, 1024px\" \/><\/figure>\n<\/div>\n<\/div>\n\n\n\n<p class=\"has-text-align-center has-vivid-red-color has-text-color has-medium-font-size\"><\/p>\n\n\n\n<div class=\"wp-block-columns is-layout-flex wp-container-core-columns-is-layout-6 wp-block-columns-is-layout-flex\">\n<div class=\"wp-block-column is-layout-flow wp-block-column-is-layout-flow\">\n<iframe width=\"360\" height=\"215\" src=\"https:\/\/www.youtube.com\/embed\/r0Z3kUs_bnY?si=_aJRIiWFQvwpKYVB\" title=\"YouTube video player\" frameborder=\"0\" allow=\"accelerometer; autoplay; clipboard-write; encrypted-media; gyroscope; picture-in-picture; web-share\" referrerpolicy=\"strict-origin-when-cross-origin\" allowfullscreen><\/iframe>\n\n\n\n<p><strong>Victime de l&rsquo;injection : Le coup de gueule de Mathieu Dubois interview\u00e9 par Corinne Lalo.<\/strong><\/p>\n<\/div>\n\n\n\n<div class=\"wp-block-column is-layout-flow wp-block-column-is-layout-flow\">\n<iframe width=\"360\" height=\"215\" src=\"https:\/\/www.youtube.com\/embed\/ju3FCA0LBM4?si=TKUc6OFBoGhiLGgF\" title=\"YouTube video player\" frameborder=\"0\" allow=\"accelerometer; autoplay; clipboard-write; encrypted-media; gyroscope; picture-in-picture; web-share\" referrerpolicy=\"strict-origin-when-cross-origin\" allowfullscreen><\/iframe>\n\n\n\n<p><strong>Victime du vaccin anti-COVID ?<\/strong><\/p>\n<\/div>\n<\/div>\n\n\n\n<div class=\"wp-block-columns is-layout-flex wp-container-core-columns-is-layout-7 wp-block-columns-is-layout-flex\">\n<div class=\"wp-block-column is-layout-flow wp-block-column-is-layout-flow\">\n<iframe width=\"360\" height=\"215\" src=\"https:\/\/www.youtube.com\/embed\/EHsZ9hUSPRs?si=O1D-0HkJLLWeaJTv\" title=\"YouTube video player\" frameborder=\"0\" allow=\"accelerometer; autoplay; clipboard-write; encrypted-media; gyroscope; picture-in-picture; web-share\" referrerpolicy=\"strict-origin-when-cross-origin\" allowfullscreen><\/iframe>\n\n\n\n<p><strong>Victime des injections Covid19\u00a0|\u00a0Effets post-vaccinaux durables | Obligation vaccinale |\u00a0Christelle<\/strong><\/p>\n<\/div>\n\n\n\n<div class=\"wp-block-column is-layout-flow wp-block-column-is-layout-flow\">\n<iframe width=\"360\" height=\"215\" src=\"https:\/\/www.youtube.com\/embed\/Z37DKdfM85A?si=Cyh96sUbeK7Tfv2c\" title=\"YouTube video player\" frameborder=\"0\" allow=\"accelerometer; autoplay; clipboard-write; encrypted-media; gyroscope; picture-in-picture; web-share\" referrerpolicy=\"strict-origin-when-cross-origin\" allowfullscreen><\/iframe>\n\n\n\n<p><strong>T\u00e9moignage : il estime que la vaccination contre le Covid-19 a fortement d\u00e9grad\u00e9 son \u00e9tat de sant\u00e9<\/strong><\/p>\n<\/div>\n<\/div>\n<\/div><\/div>","protected":false},"excerpt":{"rendered":"<p>Covid : incroyable coup de tonnerre en France et aux \u00c9tats-Unis ! Excellente d\u00e9cision r\u00e9volutionnaire de la Cour supr\u00eame des&#8230; <a href=\"https:\/\/covid19-a-savoir.net\/\" class=\"readmore\">Read more<span class=\"screen-reader-text\">ACCUEIL<\/span><span class=\"fa fa-angle-double-right\" aria-hidden=\"true\"><\/span><\/a><\/p>\n","protected":false},"author":1,"featured_media":0,"parent":0,"menu_order":0,"comment_status":"closed","ping_status":"closed","template":"","meta":{"footnotes":""},"yoast_head":"<!-- This site is optimized with the Yoast SEO plugin v23.2 - https:\/\/yoast.com\/wordpress\/plugins\/seo\/ -->\n<title>ACCUEIL - Actualit\u00e9s, , .... Apr\u00e8s la p\u00e9riode &quot;covid19&quot;<\/title>\n<meta name=\"robots\" content=\"index, follow, max-snippet:-1, max-image-preview:large, max-video-preview:-1\" \/>\n<link rel=\"canonical\" href=\"https:\/\/covid19-a-savoir.net\/\" \/>\n<meta property=\"og:locale\" content=\"fr_FR\" \/>\n<meta property=\"og:type\" content=\"article\" \/>\n<meta property=\"og:title\" content=\"ACCUEIL - Actualit\u00e9s, , .... Apr\u00e8s la p\u00e9riode &quot;covid19&quot;\" \/>\n<meta property=\"og:description\" content=\"Covid : incroyable coup de tonnerre en France et aux \u00c9tats-Unis ! Excellente d\u00e9cision r\u00e9volutionnaire de la Cour supr\u00eame des... Read moreACCUEIL\" \/>\n<meta property=\"og:url\" content=\"https:\/\/covid19-a-savoir.net\/\" \/>\n<meta property=\"og:site_name\" content=\"Actualit\u00e9s, , .... Apr\u00e8s la p\u00e9riode &quot;covid19&quot;\" \/>\n<meta property=\"article:modified_time\" content=\"2025-11-27T00:17:52+00:00\" \/>\n<meta property=\"og:image\" content=\"https:\/\/covid19-a-savoir.net\/wp-content\/uploads\/2022\/11\/Sans-titre-32-7-1024x35.png\" \/>\n<meta name=\"twitter:card\" content=\"summary_large_image\" \/>\n<meta name=\"twitter:label1\" content=\"Dur\u00e9e de lecture estim\u00e9e\" \/>\n\t<meta name=\"twitter:data1\" content=\"2 minutes\" \/>\n<script type=\"application\/ld+json\" class=\"yoast-schema-graph\">{\"@context\":\"https:\/\/schema.org\",\"@graph\":[{\"@type\":\"WebPage\",\"@id\":\"https:\/\/covid19-a-savoir.net\/\",\"url\":\"https:\/\/covid19-a-savoir.net\/\",\"name\":\"ACCUEIL - Actualit\u00e9s, , .... Apr\u00e8s la p\u00e9riode &quot;covid19&quot;\",\"isPartOf\":{\"@id\":\"https:\/\/covid19-a-savoir.net\/#website\"},\"primaryImageOfPage\":{\"@id\":\"https:\/\/covid19-a-savoir.net\/#primaryimage\"},\"image\":{\"@id\":\"https:\/\/covid19-a-savoir.net\/#primaryimage\"},\"thumbnailUrl\":\"https:\/\/covid19-a-savoir.net\/wp-content\/uploads\/2022\/11\/Sans-titre-32-7-1024x35.png\",\"datePublished\":\"2022-10-01T00:12:17+00:00\",\"dateModified\":\"2025-11-27T00:17:52+00:00\",\"breadcrumb\":{\"@id\":\"https:\/\/covid19-a-savoir.net\/#breadcrumb\"},\"inLanguage\":\"fr-FR\",\"potentialAction\":[{\"@type\":\"ReadAction\",\"target\":[\"https:\/\/covid19-a-savoir.net\/\"]}]},{\"@type\":\"ImageObject\",\"inLanguage\":\"fr-FR\",\"@id\":\"https:\/\/covid19-a-savoir.net\/#primaryimage\",\"url\":\"https:\/\/covid19-a-savoir.net\/wp-content\/uploads\/2022\/11\/Sans-titre-32-7.png\",\"contentUrl\":\"https:\/\/covid19-a-savoir.net\/wp-content\/uploads\/2022\/11\/Sans-titre-32-7.png\",\"width\":1170,\"height\":40},{\"@type\":\"BreadcrumbList\",\"@id\":\"https:\/\/covid19-a-savoir.net\/#breadcrumb\",\"itemListElement\":[{\"@type\":\"ListItem\",\"position\":1,\"name\":\"Accueil\",\"item\":\"https:\/\/covid19-a-savoir.net\/\"},{\"@type\":\"ListItem\",\"position\":2,\"name\":\"ACCUEIL\"}]},{\"@type\":\"WebSite\",\"@id\":\"https:\/\/covid19-a-savoir.net\/#website\",\"url\":\"https:\/\/covid19-a-savoir.net\/\",\"name\":\"Actualit\u00e9s, , .... Apr\u00e8s la p\u00e9riode &quot;covid19&quot;\",\"description\":\"DES V\u00c9RIT\u00c9S QUI D\u00c9RANGENT\",\"publisher\":{\"@id\":\"https:\/\/covid19-a-savoir.net\/#\/schema\/person\/53265987e4424cc7dde2f857d2b378cf\"},\"potentialAction\":[{\"@type\":\"SearchAction\",\"target\":{\"@type\":\"EntryPoint\",\"urlTemplate\":\"https:\/\/covid19-a-savoir.net\/?s={search_term_string}\"},\"query-input\":\"required name=search_term_string\"}],\"inLanguage\":\"fr-FR\"},{\"@type\":[\"Person\",\"Organization\"],\"@id\":\"https:\/\/covid19-a-savoir.net\/#\/schema\/person\/53265987e4424cc7dde2f857d2b378cf\",\"name\":\"GS\",\"image\":{\"@type\":\"ImageObject\",\"inLanguage\":\"fr-FR\",\"@id\":\"https:\/\/covid19-a-savoir.net\/#\/schema\/person\/image\/\",\"url\":\"https:\/\/covid19-a-savoir.net\/wp-content\/uploads\/2022\/07\/dans-ce-monde-312x312-1.png\",\"contentUrl\":\"https:\/\/covid19-a-savoir.net\/wp-content\/uploads\/2022\/07\/dans-ce-monde-312x312-1.png\",\"width\":312,\"height\":312,\"caption\":\"GS\"},\"logo\":{\"@id\":\"https:\/\/covid19-a-savoir.net\/#\/schema\/person\/image\/\"},\"sameAs\":[\"http:\/\/covid19-a-savoir.net\"]}]}<\/script>\n<!-- \/ Yoast SEO plugin. -->","yoast_head_json":{"title":"ACCUEIL - Actualit\u00e9s, , .... Apr\u00e8s la p\u00e9riode &quot;covid19&quot;","robots":{"index":"index","follow":"follow","max-snippet":"max-snippet:-1","max-image-preview":"max-image-preview:large","max-video-preview":"max-video-preview:-1"},"canonical":"https:\/\/covid19-a-savoir.net\/","og_locale":"fr_FR","og_type":"article","og_title":"ACCUEIL - Actualit\u00e9s, , .... Apr\u00e8s la p\u00e9riode &quot;covid19&quot;","og_description":"Covid : incroyable coup de tonnerre en France et aux \u00c9tats-Unis ! Excellente d\u00e9cision r\u00e9volutionnaire de la Cour supr\u00eame des... Read moreACCUEIL","og_url":"https:\/\/covid19-a-savoir.net\/","og_site_name":"Actualit\u00e9s, , .... Apr\u00e8s la p\u00e9riode &quot;covid19&quot;","article_modified_time":"2025-11-27T00:17:52+00:00","og_image":[{"url":"https:\/\/covid19-a-savoir.net\/wp-content\/uploads\/2022\/11\/Sans-titre-32-7-1024x35.png"}],"twitter_card":"summary_large_image","twitter_misc":{"Dur\u00e9e de lecture estim\u00e9e":"2 minutes"},"schema":{"@context":"https:\/\/schema.org","@graph":[{"@type":"WebPage","@id":"https:\/\/covid19-a-savoir.net\/","url":"https:\/\/covid19-a-savoir.net\/","name":"ACCUEIL - Actualit\u00e9s, , .... Apr\u00e8s la p\u00e9riode &quot;covid19&quot;","isPartOf":{"@id":"https:\/\/covid19-a-savoir.net\/#website"},"primaryImageOfPage":{"@id":"https:\/\/covid19-a-savoir.net\/#primaryimage"},"image":{"@id":"https:\/\/covid19-a-savoir.net\/#primaryimage"},"thumbnailUrl":"https:\/\/covid19-a-savoir.net\/wp-content\/uploads\/2022\/11\/Sans-titre-32-7-1024x35.png","datePublished":"2022-10-01T00:12:17+00:00","dateModified":"2025-11-27T00:17:52+00:00","breadcrumb":{"@id":"https:\/\/covid19-a-savoir.net\/#breadcrumb"},"inLanguage":"fr-FR","potentialAction":[{"@type":"ReadAction","target":["https:\/\/covid19-a-savoir.net\/"]}]},{"@type":"ImageObject","inLanguage":"fr-FR","@id":"https:\/\/covid19-a-savoir.net\/#primaryimage","url":"https:\/\/covid19-a-savoir.net\/wp-content\/uploads\/2022\/11\/Sans-titre-32-7.png","contentUrl":"https:\/\/covid19-a-savoir.net\/wp-content\/uploads\/2022\/11\/Sans-titre-32-7.png","width":1170,"height":40},{"@type":"BreadcrumbList","@id":"https:\/\/covid19-a-savoir.net\/#breadcrumb","itemListElement":[{"@type":"ListItem","position":1,"name":"Accueil","item":"https:\/\/covid19-a-savoir.net\/"},{"@type":"ListItem","position":2,"name":"ACCUEIL"}]},{"@type":"WebSite","@id":"https:\/\/covid19-a-savoir.net\/#website","url":"https:\/\/covid19-a-savoir.net\/","name":"Actualit\u00e9s, , .... Apr\u00e8s la p\u00e9riode &quot;covid19&quot;","description":"DES V\u00c9RIT\u00c9S QUI D\u00c9RANGENT","publisher":{"@id":"https:\/\/covid19-a-savoir.net\/#\/schema\/person\/53265987e4424cc7dde2f857d2b378cf"},"potentialAction":[{"@type":"SearchAction","target":{"@type":"EntryPoint","urlTemplate":"https:\/\/covid19-a-savoir.net\/?s={search_term_string}"},"query-input":"required name=search_term_string"}],"inLanguage":"fr-FR"},{"@type":["Person","Organization"],"@id":"https:\/\/covid19-a-savoir.net\/#\/schema\/person\/53265987e4424cc7dde2f857d2b378cf","name":"GS","image":{"@type":"ImageObject","inLanguage":"fr-FR","@id":"https:\/\/covid19-a-savoir.net\/#\/schema\/person\/image\/","url":"https:\/\/covid19-a-savoir.net\/wp-content\/uploads\/2022\/07\/dans-ce-monde-312x312-1.png","contentUrl":"https:\/\/covid19-a-savoir.net\/wp-content\/uploads\/2022\/07\/dans-ce-monde-312x312-1.png","width":312,"height":312,"caption":"GS"},"logo":{"@id":"https:\/\/covid19-a-savoir.net\/#\/schema\/person\/image\/"},"sameAs":["http:\/\/covid19-a-savoir.net"]}]}},"jetpack_sharing_enabled":true,"_links":{"self":[{"href":"https:\/\/covid19-a-savoir.net\/index.php\/wp-json\/wp\/v2\/pages\/1682"}],"collection":[{"href":"https:\/\/covid19-a-savoir.net\/index.php\/wp-json\/wp\/v2\/pages"}],"about":[{"href":"https:\/\/covid19-a-savoir.net\/index.php\/wp-json\/wp\/v2\/types\/page"}],"author":[{"embeddable":true,"href":"https:\/\/covid19-a-savoir.net\/index.php\/wp-json\/wp\/v2\/users\/1"}],"replies":[{"embeddable":true,"href":"https:\/\/covid19-a-savoir.net\/index.php\/wp-json\/wp\/v2\/comments?post=1682"}],"version-history":[{"count":170,"href":"https:\/\/covid19-a-savoir.net\/index.php\/wp-json\/wp\/v2\/pages\/1682\/revisions"}],"predecessor-version":[{"id":3463,"href":"https:\/\/covid19-a-savoir.net\/index.php\/wp-json\/wp\/v2\/pages\/1682\/revisions\/3463"}],"wp:attachment":[{"href":"https:\/\/covid19-a-savoir.net\/index.php\/wp-json\/wp\/v2\/media?parent=1682"}],"curies":[{"name":"wp","href":"https:\/\/api.w.org\/{rel}","templated":true}]}}