{"id":166,"date":"2021-02-07T12:11:43","date_gmt":"2021-02-07T12:11:43","guid":{"rendered":"http:\/\/covid19-a-savoir.net\/?page_id=166"},"modified":"2021-02-07T12:11:43","modified_gmt":"2021-02-07T12:11:43","slug":"covid-19-distance-sociale-gestes-barrieres-masques-peut-on-vivre-sans-contact","status":"publish","type":"page","link":"https:\/\/covid19-a-savoir.net\/index.php\/covid-19-distance-sociale-gestes-barrieres-masques-peut-on-vivre-sans-contact\/","title":{"rendered":"Covid-19 : distance sociale, gestes barri\u00e8res, masques\u2026 peut-on vivre sans contact ?"},"content":{"rendered":"<div id=\"dslc-theme-content\"><div id=\"dslc-theme-content-inner\">\n<figure class=\"wp-block-embed is-type-video is-provider-youtube wp-block-embed-youtube wp-embed-aspect-16-9 wp-has-aspect-ratio\"><div class=\"wp-block-embed__wrapper\">\n<iframe title=\"Covid-19 : distance sociale, gestes barri\u00e8res, masques\u2026 peut-on vivre sans contact ?\" width=\"800\" height=\"450\" src=\"https:\/\/www.youtube.com\/embed\/rntYajtgnIM?feature=oembed\" frameborder=\"0\" allow=\"accelerometer; autoplay; clipboard-write; encrypted-media; gyroscope; picture-in-picture\" allowfullscreen><\/iframe>\n<\/div><\/figure>\n\n\n\n<p>Avec le d\u00e9confinement, les populations doivent s\u2019habituer \u00e0 vivre en respectant les mesures sanitaires destin\u00e9es \u00e0 emp\u00eacher un sursaut de l\u2019\u00e9pid\u00e9mie de Covid-19\u2026 Autant de contraintes qui malm\u00e8nent les fondements de nos soci\u00e9t\u00e9s, explique Fabienne Martin-Juchat, professeure en sciences de la communication et chercheuse en anthropologie.<\/p>\n<\/div><\/div>","protected":false},"excerpt":{"rendered":"<p>Avec le d\u00e9confinement, les populations doivent s\u2019habituer \u00e0 vivre en respectant les mesures sanitaires destin\u00e9es \u00e0 emp\u00eacher un sursaut de&#8230; <a href=\"https:\/\/covid19-a-savoir.net\/index.php\/covid-19-distance-sociale-gestes-barrieres-masques-peut-on-vivre-sans-contact\/\" class=\"readmore\">Read more<span class=\"screen-reader-text\">Covid-19 : distance sociale, gestes barri\u00e8res, masques\u2026 peut-on vivre sans contact ?<\/span><span class=\"fa fa-angle-double-right\" aria-hidden=\"true\"><\/span><\/a><\/p>\n","protected":false},"author":1,"featured_media":0,"parent":0,"menu_order":0,"comment_status":"closed","ping_status":"closed","template":"","meta":{"footnotes":""},"yoast_head":"<!-- This site is optimized with the Yoast SEO plugin v23.2 - https:\/\/yoast.com\/wordpress\/plugins\/seo\/ -->\n<title>Covid-19 : distance sociale, gestes barri\u00e8res, masques\u2026 peut-on vivre sans contact ? - Actualit\u00e9s, , .... Apr\u00e8s la p\u00e9riode &quot;covid19&quot;<\/title>\n<meta name=\"robots\" content=\"index, follow, max-snippet:-1, max-image-preview:large, max-video-preview:-1\" \/>\n<link rel=\"canonical\" href=\"https:\/\/covid19-a-savoir.net\/index.php\/covid-19-distance-sociale-gestes-barrieres-masques-peut-on-vivre-sans-contact\/\" \/>\n<meta property=\"og:locale\" content=\"fr_FR\" \/>\n<meta property=\"og:type\" content=\"article\" \/>\n<meta property=\"og:title\" content=\"Covid-19 : distance sociale, gestes barri\u00e8res, masques\u2026 peut-on vivre sans contact ? - Actualit\u00e9s, , .... Apr\u00e8s la p\u00e9riode &quot;covid19&quot;\" \/>\n<meta property=\"og:description\" content=\"Avec le d\u00e9confinement, les populations doivent s\u2019habituer \u00e0 vivre en respectant les mesures sanitaires destin\u00e9es \u00e0 emp\u00eacher un sursaut de... Read moreCovid-19 : distance sociale, gestes barri\u00e8res, masques\u2026 peut-on vivre sans contact ?\" \/>\n<meta property=\"og:url\" content=\"https:\/\/covid19-a-savoir.net\/index.php\/covid-19-distance-sociale-gestes-barrieres-masques-peut-on-vivre-sans-contact\/\" \/>\n<meta property=\"og:site_name\" content=\"Actualit\u00e9s, , .... Apr\u00e8s la p\u00e9riode &quot;covid19&quot;\" \/>\n<meta name=\"twitter:card\" content=\"summary_large_image\" \/>\n<script type=\"application\/ld+json\" class=\"yoast-schema-graph\">{\"@context\":\"https:\/\/schema.org\",\"@graph\":[{\"@type\":\"WebPage\",\"@id\":\"https:\/\/covid19-a-savoir.net\/index.php\/covid-19-distance-sociale-gestes-barrieres-masques-peut-on-vivre-sans-contact\/\",\"url\":\"https:\/\/covid19-a-savoir.net\/index.php\/covid-19-distance-sociale-gestes-barrieres-masques-peut-on-vivre-sans-contact\/\",\"name\":\"Covid-19 : distance sociale, gestes barri\u00e8res, masques\u2026 peut-on vivre sans contact ? - Actualit\u00e9s, , .... Apr\u00e8s la p\u00e9riode &quot;covid19&quot;\",\"isPartOf\":{\"@id\":\"https:\/\/covid19-a-savoir.net\/#website\"},\"datePublished\":\"2021-02-07T12:11:43+00:00\",\"dateModified\":\"2021-02-07T12:11:43+00:00\",\"breadcrumb\":{\"@id\":\"https:\/\/covid19-a-savoir.net\/index.php\/covid-19-distance-sociale-gestes-barrieres-masques-peut-on-vivre-sans-contact\/#breadcrumb\"},\"inLanguage\":\"fr-FR\",\"potentialAction\":[{\"@type\":\"ReadAction\",\"target\":[\"https:\/\/covid19-a-savoir.net\/index.php\/covid-19-distance-sociale-gestes-barrieres-masques-peut-on-vivre-sans-contact\/\"]}]},{\"@type\":\"BreadcrumbList\",\"@id\":\"https:\/\/covid19-a-savoir.net\/index.php\/covid-19-distance-sociale-gestes-barrieres-masques-peut-on-vivre-sans-contact\/#breadcrumb\",\"itemListElement\":[{\"@type\":\"ListItem\",\"position\":1,\"name\":\"Accueil\",\"item\":\"https:\/\/covid19-a-savoir.net\/\"},{\"@type\":\"ListItem\",\"position\":2,\"name\":\"Covid-19 : distance sociale, gestes barri\u00e8res, masques\u2026 peut-on vivre sans contact ?\"}]},{\"@type\":\"WebSite\",\"@id\":\"https:\/\/covid19-a-savoir.net\/#website\",\"url\":\"https:\/\/covid19-a-savoir.net\/\",\"name\":\"Actualit\u00e9s, , .... Apr\u00e8s la p\u00e9riode &quot;covid19&quot;\",\"description\":\"DES V\u00c9RIT\u00c9S QUI D\u00c9RANGENT\",\"publisher\":{\"@id\":\"https:\/\/covid19-a-savoir.net\/#\/schema\/person\/53265987e4424cc7dde2f857d2b378cf\"},\"potentialAction\":[{\"@type\":\"SearchAction\",\"target\":{\"@type\":\"EntryPoint\",\"urlTemplate\":\"https:\/\/covid19-a-savoir.net\/?s={search_term_string}\"},\"query-input\":\"required name=search_term_string\"}],\"inLanguage\":\"fr-FR\"},{\"@type\":[\"Person\",\"Organization\"],\"@id\":\"https:\/\/covid19-a-savoir.net\/#\/schema\/person\/53265987e4424cc7dde2f857d2b378cf\",\"name\":\"GS\",\"image\":{\"@type\":\"ImageObject\",\"inLanguage\":\"fr-FR\",\"@id\":\"https:\/\/covid19-a-savoir.net\/#\/schema\/person\/image\/\",\"url\":\"https:\/\/covid19-a-savoir.net\/wp-content\/uploads\/2022\/07\/dans-ce-monde-312x312-1.png\",\"contentUrl\":\"https:\/\/covid19-a-savoir.net\/wp-content\/uploads\/2022\/07\/dans-ce-monde-312x312-1.png\",\"width\":312,\"height\":312,\"caption\":\"GS\"},\"logo\":{\"@id\":\"https:\/\/covid19-a-savoir.net\/#\/schema\/person\/image\/\"},\"sameAs\":[\"http:\/\/covid19-a-savoir.net\"]}]}<\/script>\n<!-- \/ Yoast SEO plugin. -->","yoast_head_json":{"title":"Covid-19 : distance sociale, gestes barri\u00e8res, masques\u2026 peut-on vivre sans contact ? - Actualit\u00e9s, , .... Apr\u00e8s la p\u00e9riode &quot;covid19&quot;","robots":{"index":"index","follow":"follow","max-snippet":"max-snippet:-1","max-image-preview":"max-image-preview:large","max-video-preview":"max-video-preview:-1"},"canonical":"https:\/\/covid19-a-savoir.net\/index.php\/covid-19-distance-sociale-gestes-barrieres-masques-peut-on-vivre-sans-contact\/","og_locale":"fr_FR","og_type":"article","og_title":"Covid-19 : distance sociale, gestes barri\u00e8res, masques\u2026 peut-on vivre sans contact ? - Actualit\u00e9s, , .... Apr\u00e8s la p\u00e9riode &quot;covid19&quot;","og_description":"Avec le d\u00e9confinement, les populations doivent s\u2019habituer \u00e0 vivre en respectant les mesures sanitaires destin\u00e9es \u00e0 emp\u00eacher un sursaut de... Read moreCovid-19 : distance sociale, gestes barri\u00e8res, masques\u2026 peut-on vivre sans contact ?","og_url":"https:\/\/covid19-a-savoir.net\/index.php\/covid-19-distance-sociale-gestes-barrieres-masques-peut-on-vivre-sans-contact\/","og_site_name":"Actualit\u00e9s, , .... Apr\u00e8s la p\u00e9riode &quot;covid19&quot;","twitter_card":"summary_large_image","schema":{"@context":"https:\/\/schema.org","@graph":[{"@type":"WebPage","@id":"https:\/\/covid19-a-savoir.net\/index.php\/covid-19-distance-sociale-gestes-barrieres-masques-peut-on-vivre-sans-contact\/","url":"https:\/\/covid19-a-savoir.net\/index.php\/covid-19-distance-sociale-gestes-barrieres-masques-peut-on-vivre-sans-contact\/","name":"Covid-19 : distance sociale, gestes barri\u00e8res, masques\u2026 peut-on vivre sans contact ? - Actualit\u00e9s, , .... Apr\u00e8s la p\u00e9riode &quot;covid19&quot;","isPartOf":{"@id":"https:\/\/covid19-a-savoir.net\/#website"},"datePublished":"2021-02-07T12:11:43+00:00","dateModified":"2021-02-07T12:11:43+00:00","breadcrumb":{"@id":"https:\/\/covid19-a-savoir.net\/index.php\/covid-19-distance-sociale-gestes-barrieres-masques-peut-on-vivre-sans-contact\/#breadcrumb"},"inLanguage":"fr-FR","potentialAction":[{"@type":"ReadAction","target":["https:\/\/covid19-a-savoir.net\/index.php\/covid-19-distance-sociale-gestes-barrieres-masques-peut-on-vivre-sans-contact\/"]}]},{"@type":"BreadcrumbList","@id":"https:\/\/covid19-a-savoir.net\/index.php\/covid-19-distance-sociale-gestes-barrieres-masques-peut-on-vivre-sans-contact\/#breadcrumb","itemListElement":[{"@type":"ListItem","position":1,"name":"Accueil","item":"https:\/\/covid19-a-savoir.net\/"},{"@type":"ListItem","position":2,"name":"Covid-19 : distance sociale, gestes barri\u00e8res, masques\u2026 peut-on vivre sans contact ?"}]},{"@type":"WebSite","@id":"https:\/\/covid19-a-savoir.net\/#website","url":"https:\/\/covid19-a-savoir.net\/","name":"Actualit\u00e9s, , .... Apr\u00e8s la p\u00e9riode &quot;covid19&quot;","description":"DES V\u00c9RIT\u00c9S QUI D\u00c9RANGENT","publisher":{"@id":"https:\/\/covid19-a-savoir.net\/#\/schema\/person\/53265987e4424cc7dde2f857d2b378cf"},"potentialAction":[{"@type":"SearchAction","target":{"@type":"EntryPoint","urlTemplate":"https:\/\/covid19-a-savoir.net\/?s={search_term_string}"},"query-input":"required name=search_term_string"}],"inLanguage":"fr-FR"},{"@type":["Person","Organization"],"@id":"https:\/\/covid19-a-savoir.net\/#\/schema\/person\/53265987e4424cc7dde2f857d2b378cf","name":"GS","image":{"@type":"ImageObject","inLanguage":"fr-FR","@id":"https:\/\/covid19-a-savoir.net\/#\/schema\/person\/image\/","url":"https:\/\/covid19-a-savoir.net\/wp-content\/uploads\/2022\/07\/dans-ce-monde-312x312-1.png","contentUrl":"https:\/\/covid19-a-savoir.net\/wp-content\/uploads\/2022\/07\/dans-ce-monde-312x312-1.png","width":312,"height":312,"caption":"GS"},"logo":{"@id":"https:\/\/covid19-a-savoir.net\/#\/schema\/person\/image\/"},"sameAs":["http:\/\/covid19-a-savoir.net"]}]}},"jetpack_sharing_enabled":true,"_links":{"self":[{"href":"https:\/\/covid19-a-savoir.net\/index.php\/wp-json\/wp\/v2\/pages\/166"}],"collection":[{"href":"https:\/\/covid19-a-savoir.net\/index.php\/wp-json\/wp\/v2\/pages"}],"about":[{"href":"https:\/\/covid19-a-savoir.net\/index.php\/wp-json\/wp\/v2\/types\/page"}],"author":[{"embeddable":true,"href":"https:\/\/covid19-a-savoir.net\/index.php\/wp-json\/wp\/v2\/users\/1"}],"replies":[{"embeddable":true,"href":"https:\/\/covid19-a-savoir.net\/index.php\/wp-json\/wp\/v2\/comments?post=166"}],"version-history":[{"count":1,"href":"https:\/\/covid19-a-savoir.net\/index.php\/wp-json\/wp\/v2\/pages\/166\/revisions"}],"predecessor-version":[{"id":167,"href":"https:\/\/covid19-a-savoir.net\/index.php\/wp-json\/wp\/v2\/pages\/166\/revisions\/167"}],"wp:attachment":[{"href":"https:\/\/covid19-a-savoir.net\/index.php\/wp-json\/wp\/v2\/media?parent=166"}],"curies":[{"name":"wp","href":"https:\/\/api.w.org\/{rel}","templated":true}]}}