{"id":1333,"date":"2022-06-01T12:44:09","date_gmt":"2022-06-01T12:44:09","guid":{"rendered":"https:\/\/covid19-a-savoir.net\/?page_id=1333"},"modified":"2023-03-12T13:01:20","modified_gmt":"2023-03-12T13:01:20","slug":"comment-avoir-une-super-memoire","status":"publish","type":"page","link":"https:\/\/covid19-a-savoir.net\/index.php\/comment-avoir-une-super-memoire\/","title":{"rendered":"Comment Avoir une Super M\u00e9moire"},"content":{"rendered":"<div id=\"dslc-theme-content\"><div id=\"dslc-theme-content-inner\">\n<p>R\u00e9veillez les potentialit\u00e9s illimit\u00e9es pour m\u00e9moriser sans effort<\/p>\n\n\n\n<p><strong>Les plus grands sp\u00e9cialistes&nbsp;de la m\u00e9moire ont r\u00e9uni leurs savoirs&nbsp; pour vous doter d\u2019une&nbsp;PUISSANTE M\u00c9MOIRE<\/strong><\/p>\n\n\n\n<figure class=\"wp-block-image size-large\"><a href=\"https:\/\/bit.ly\/38T8qXk\"><img fetchpriority=\"high\" decoding=\"async\" width=\"1024\" height=\"577\" src=\"https:\/\/covid19-a-savoir.net\/wp-content\/uploads\/2022\/06\/Avoir-une-Super-Memoire-1-1024x577.png\" alt=\"\" class=\"wp-image-1335\" srcset=\"https:\/\/covid19-a-savoir.net\/wp-content\/uploads\/2022\/06\/Avoir-une-Super-Memoire-1-1024x577.png 1024w, https:\/\/covid19-a-savoir.net\/wp-content\/uploads\/2022\/06\/Avoir-une-Super-Memoire-1-300x169.png 300w, https:\/\/covid19-a-savoir.net\/wp-content\/uploads\/2022\/06\/Avoir-une-Super-Memoire-1-768x433.png 768w, https:\/\/covid19-a-savoir.net\/wp-content\/uploads\/2022\/06\/Avoir-une-Super-Memoire-1-1536x865.png 1536w, https:\/\/covid19-a-savoir.net\/wp-content\/uploads\/2022\/06\/Avoir-une-Super-Memoire-1.png 1640w\" sizes=\"(max-width: 1024px) 100vw, 1024px\" \/><\/a><figcaption><a href=\"https:\/\/bit.ly\/38T8qXk\">CLIQUE ICI<\/a><\/figcaption><\/figure>\n\n\n\n<p>Il existe plusieurs techniques et habitudes que vous pouvez adopter pour am\u00e9liorer votre m\u00e9moire :<\/p>\n\n\n\n<ol><li>La r\u00e9p\u00e9tition : r\u00e9p\u00e9tez r\u00e9guli\u00e8rement les informations que vous souhaitez retenir. Plus vous les r\u00e9p\u00e9tez, plus elles resteront en m\u00e9moire.<\/li><li>La visualisation : essayez de visualiser les informations que vous souhaitez retenir sous forme d&rsquo;images mentales. Cela peut vous aider \u00e0 les m\u00e9moriser plus facilement.<\/li><li>La pratique r\u00e9guli\u00e8re : pratiquez r\u00e9guli\u00e8rement des activit\u00e9s qui stimulent votre m\u00e9moire, comme les jeux de m\u00e9moire, les puzzles, les mots crois\u00e9s ou les quiz.<\/li><li>La concentration : concentrez-vous sur les informations que vous souhaitez retenir. \u00c9vitez les distractions et essayez de vous immerger compl\u00e8tement dans la t\u00e2che \u00e0 accomplir.<\/li><li>Le sommeil : un sommeil de qualit\u00e9 est essentiel pour une bonne m\u00e9moire. Essayez de dormir suffisamment et r\u00e9guli\u00e8rement pour am\u00e9liorer votre capacit\u00e9 \u00e0 retenir les informations.<\/li><li>La gestion du stress : le stress peut avoir un impact n\u00e9gatif sur la m\u00e9moire. Essayez de g\u00e9rer votre stress par la m\u00e9ditation, la respiration profonde, ou des exercices de relaxation.<\/li><li>La nutrition : une alimentation saine et \u00e9quilibr\u00e9e peut aider \u00e0 maintenir une bonne m\u00e9moire. Assurez-vous de consommer suffisamment de fruits et l\u00e9gumes, ainsi que de gras sains comme les om\u00e9ga-3.<\/li><\/ol>\n\n\n\n<p>En adoptant ces habitudes et techniques, vous pouvez am\u00e9liorer consid\u00e9rablement votre m\u00e9moire et retenir plus facilement les informations que vous souhaitez.<\/p>\n<\/div><\/div>","protected":false},"excerpt":{"rendered":"<p>R\u00e9veillez les potentialit\u00e9s illimit\u00e9es pour m\u00e9moriser sans effort Les plus grands sp\u00e9cialistes&nbsp;de la m\u00e9moire ont r\u00e9uni leurs savoirs&nbsp; pour vous&#8230; <a href=\"https:\/\/covid19-a-savoir.net\/index.php\/comment-avoir-une-super-memoire\/\" class=\"readmore\">Read more<span class=\"screen-reader-text\">Comment Avoir une Super M\u00e9moire<\/span><span class=\"fa fa-angle-double-right\" aria-hidden=\"true\"><\/span><\/a><\/p>\n","protected":false},"author":1,"featured_media":0,"parent":0,"menu_order":0,"comment_status":"closed","ping_status":"closed","template":"","meta":{"footnotes":""},"yoast_head":"<!-- This site is optimized with the Yoast SEO plugin v23.2 - https:\/\/yoast.com\/wordpress\/plugins\/seo\/ -->\n<title>Comment Avoir une Super M\u00e9moire - Actualit\u00e9s, , .... Apr\u00e8s la p\u00e9riode &quot;covid19&quot;<\/title>\n<meta name=\"robots\" content=\"index, follow, max-snippet:-1, max-image-preview:large, max-video-preview:-1\" \/>\n<link rel=\"canonical\" href=\"https:\/\/covid19-a-savoir.net\/index.php\/comment-avoir-une-super-memoire\/\" \/>\n<meta property=\"og:locale\" content=\"fr_FR\" \/>\n<meta property=\"og:type\" content=\"article\" \/>\n<meta property=\"og:title\" content=\"Comment Avoir une Super M\u00e9moire - Actualit\u00e9s, , .... Apr\u00e8s la p\u00e9riode &quot;covid19&quot;\" \/>\n<meta property=\"og:description\" content=\"R\u00e9veillez les potentialit\u00e9s illimit\u00e9es pour m\u00e9moriser sans effort Les plus grands sp\u00e9cialistes&nbsp;de la m\u00e9moire ont r\u00e9uni leurs savoirs&nbsp; pour vous... Read moreComment Avoir une Super M\u00e9moire\" \/>\n<meta property=\"og:url\" content=\"https:\/\/covid19-a-savoir.net\/index.php\/comment-avoir-une-super-memoire\/\" \/>\n<meta property=\"og:site_name\" content=\"Actualit\u00e9s, , .... Apr\u00e8s la p\u00e9riode &quot;covid19&quot;\" \/>\n<meta property=\"article:modified_time\" content=\"2023-03-12T13:01:20+00:00\" \/>\n<meta property=\"og:image\" content=\"https:\/\/covid19-a-savoir.net\/wp-content\/uploads\/2022\/06\/Avoir-une-Super-Memoire-1-1024x577.png\" \/>\n<meta name=\"twitter:card\" content=\"summary_large_image\" \/>\n<meta name=\"twitter:label1\" content=\"Dur\u00e9e de lecture estim\u00e9e\" \/>\n\t<meta name=\"twitter:data1\" content=\"2 minutes\" \/>\n<script type=\"application\/ld+json\" class=\"yoast-schema-graph\">{\"@context\":\"https:\/\/schema.org\",\"@graph\":[{\"@type\":\"WebPage\",\"@id\":\"https:\/\/covid19-a-savoir.net\/index.php\/comment-avoir-une-super-memoire\/\",\"url\":\"https:\/\/covid19-a-savoir.net\/index.php\/comment-avoir-une-super-memoire\/\",\"name\":\"Comment Avoir une Super M\u00e9moire - Actualit\u00e9s, , .... Apr\u00e8s la p\u00e9riode &quot;covid19&quot;\",\"isPartOf\":{\"@id\":\"https:\/\/covid19-a-savoir.net\/#website\"},\"primaryImageOfPage\":{\"@id\":\"https:\/\/covid19-a-savoir.net\/index.php\/comment-avoir-une-super-memoire\/#primaryimage\"},\"image\":{\"@id\":\"https:\/\/covid19-a-savoir.net\/index.php\/comment-avoir-une-super-memoire\/#primaryimage\"},\"thumbnailUrl\":\"https:\/\/covid19-a-savoir.net\/wp-content\/uploads\/2022\/06\/Avoir-une-Super-Memoire-1-1024x577.png\",\"datePublished\":\"2022-06-01T12:44:09+00:00\",\"dateModified\":\"2023-03-12T13:01:20+00:00\",\"breadcrumb\":{\"@id\":\"https:\/\/covid19-a-savoir.net\/index.php\/comment-avoir-une-super-memoire\/#breadcrumb\"},\"inLanguage\":\"fr-FR\",\"potentialAction\":[{\"@type\":\"ReadAction\",\"target\":[\"https:\/\/covid19-a-savoir.net\/index.php\/comment-avoir-une-super-memoire\/\"]}]},{\"@type\":\"ImageObject\",\"inLanguage\":\"fr-FR\",\"@id\":\"https:\/\/covid19-a-savoir.net\/index.php\/comment-avoir-une-super-memoire\/#primaryimage\",\"url\":\"https:\/\/covid19-a-savoir.net\/wp-content\/uploads\/2022\/06\/Avoir-une-Super-Memoire-1.png\",\"contentUrl\":\"https:\/\/covid19-a-savoir.net\/wp-content\/uploads\/2022\/06\/Avoir-une-Super-Memoire-1.png\",\"width\":1640,\"height\":924},{\"@type\":\"BreadcrumbList\",\"@id\":\"https:\/\/covid19-a-savoir.net\/index.php\/comment-avoir-une-super-memoire\/#breadcrumb\",\"itemListElement\":[{\"@type\":\"ListItem\",\"position\":1,\"name\":\"Accueil\",\"item\":\"https:\/\/covid19-a-savoir.net\/\"},{\"@type\":\"ListItem\",\"position\":2,\"name\":\"Comment Avoir une Super M\u00e9moire\"}]},{\"@type\":\"WebSite\",\"@id\":\"https:\/\/covid19-a-savoir.net\/#website\",\"url\":\"https:\/\/covid19-a-savoir.net\/\",\"name\":\"Actualit\u00e9s, , .... Apr\u00e8s la p\u00e9riode &quot;covid19&quot;\",\"description\":\"DES V\u00c9RIT\u00c9S QUI D\u00c9RANGENT\",\"publisher\":{\"@id\":\"https:\/\/covid19-a-savoir.net\/#\/schema\/person\/53265987e4424cc7dde2f857d2b378cf\"},\"potentialAction\":[{\"@type\":\"SearchAction\",\"target\":{\"@type\":\"EntryPoint\",\"urlTemplate\":\"https:\/\/covid19-a-savoir.net\/?s={search_term_string}\"},\"query-input\":\"required name=search_term_string\"}],\"inLanguage\":\"fr-FR\"},{\"@type\":[\"Person\",\"Organization\"],\"@id\":\"https:\/\/covid19-a-savoir.net\/#\/schema\/person\/53265987e4424cc7dde2f857d2b378cf\",\"name\":\"GS\",\"image\":{\"@type\":\"ImageObject\",\"inLanguage\":\"fr-FR\",\"@id\":\"https:\/\/covid19-a-savoir.net\/#\/schema\/person\/image\/\",\"url\":\"https:\/\/covid19-a-savoir.net\/wp-content\/uploads\/2022\/07\/dans-ce-monde-312x312-1.png\",\"contentUrl\":\"https:\/\/covid19-a-savoir.net\/wp-content\/uploads\/2022\/07\/dans-ce-monde-312x312-1.png\",\"width\":312,\"height\":312,\"caption\":\"GS\"},\"logo\":{\"@id\":\"https:\/\/covid19-a-savoir.net\/#\/schema\/person\/image\/\"},\"sameAs\":[\"http:\/\/covid19-a-savoir.net\"]}]}<\/script>\n<!-- \/ Yoast SEO plugin. -->","yoast_head_json":{"title":"Comment Avoir une Super M\u00e9moire - Actualit\u00e9s, , .... Apr\u00e8s la p\u00e9riode &quot;covid19&quot;","robots":{"index":"index","follow":"follow","max-snippet":"max-snippet:-1","max-image-preview":"max-image-preview:large","max-video-preview":"max-video-preview:-1"},"canonical":"https:\/\/covid19-a-savoir.net\/index.php\/comment-avoir-une-super-memoire\/","og_locale":"fr_FR","og_type":"article","og_title":"Comment Avoir une Super M\u00e9moire - Actualit\u00e9s, , .... Apr\u00e8s la p\u00e9riode &quot;covid19&quot;","og_description":"R\u00e9veillez les potentialit\u00e9s illimit\u00e9es pour m\u00e9moriser sans effort Les plus grands sp\u00e9cialistes&nbsp;de la m\u00e9moire ont r\u00e9uni leurs savoirs&nbsp; pour vous... Read moreComment Avoir une Super M\u00e9moire","og_url":"https:\/\/covid19-a-savoir.net\/index.php\/comment-avoir-une-super-memoire\/","og_site_name":"Actualit\u00e9s, , .... Apr\u00e8s la p\u00e9riode &quot;covid19&quot;","article_modified_time":"2023-03-12T13:01:20+00:00","og_image":[{"url":"https:\/\/covid19-a-savoir.net\/wp-content\/uploads\/2022\/06\/Avoir-une-Super-Memoire-1-1024x577.png"}],"twitter_card":"summary_large_image","twitter_misc":{"Dur\u00e9e de lecture estim\u00e9e":"2 minutes"},"schema":{"@context":"https:\/\/schema.org","@graph":[{"@type":"WebPage","@id":"https:\/\/covid19-a-savoir.net\/index.php\/comment-avoir-une-super-memoire\/","url":"https:\/\/covid19-a-savoir.net\/index.php\/comment-avoir-une-super-memoire\/","name":"Comment Avoir une Super M\u00e9moire - Actualit\u00e9s, , .... Apr\u00e8s la p\u00e9riode &quot;covid19&quot;","isPartOf":{"@id":"https:\/\/covid19-a-savoir.net\/#website"},"primaryImageOfPage":{"@id":"https:\/\/covid19-a-savoir.net\/index.php\/comment-avoir-une-super-memoire\/#primaryimage"},"image":{"@id":"https:\/\/covid19-a-savoir.net\/index.php\/comment-avoir-une-super-memoire\/#primaryimage"},"thumbnailUrl":"https:\/\/covid19-a-savoir.net\/wp-content\/uploads\/2022\/06\/Avoir-une-Super-Memoire-1-1024x577.png","datePublished":"2022-06-01T12:44:09+00:00","dateModified":"2023-03-12T13:01:20+00:00","breadcrumb":{"@id":"https:\/\/covid19-a-savoir.net\/index.php\/comment-avoir-une-super-memoire\/#breadcrumb"},"inLanguage":"fr-FR","potentialAction":[{"@type":"ReadAction","target":["https:\/\/covid19-a-savoir.net\/index.php\/comment-avoir-une-super-memoire\/"]}]},{"@type":"ImageObject","inLanguage":"fr-FR","@id":"https:\/\/covid19-a-savoir.net\/index.php\/comment-avoir-une-super-memoire\/#primaryimage","url":"https:\/\/covid19-a-savoir.net\/wp-content\/uploads\/2022\/06\/Avoir-une-Super-Memoire-1.png","contentUrl":"https:\/\/covid19-a-savoir.net\/wp-content\/uploads\/2022\/06\/Avoir-une-Super-Memoire-1.png","width":1640,"height":924},{"@type":"BreadcrumbList","@id":"https:\/\/covid19-a-savoir.net\/index.php\/comment-avoir-une-super-memoire\/#breadcrumb","itemListElement":[{"@type":"ListItem","position":1,"name":"Accueil","item":"https:\/\/covid19-a-savoir.net\/"},{"@type":"ListItem","position":2,"name":"Comment Avoir une Super M\u00e9moire"}]},{"@type":"WebSite","@id":"https:\/\/covid19-a-savoir.net\/#website","url":"https:\/\/covid19-a-savoir.net\/","name":"Actualit\u00e9s, , .... Apr\u00e8s la p\u00e9riode &quot;covid19&quot;","description":"DES V\u00c9RIT\u00c9S QUI D\u00c9RANGENT","publisher":{"@id":"https:\/\/covid19-a-savoir.net\/#\/schema\/person\/53265987e4424cc7dde2f857d2b378cf"},"potentialAction":[{"@type":"SearchAction","target":{"@type":"EntryPoint","urlTemplate":"https:\/\/covid19-a-savoir.net\/?s={search_term_string}"},"query-input":"required name=search_term_string"}],"inLanguage":"fr-FR"},{"@type":["Person","Organization"],"@id":"https:\/\/covid19-a-savoir.net\/#\/schema\/person\/53265987e4424cc7dde2f857d2b378cf","name":"GS","image":{"@type":"ImageObject","inLanguage":"fr-FR","@id":"https:\/\/covid19-a-savoir.net\/#\/schema\/person\/image\/","url":"https:\/\/covid19-a-savoir.net\/wp-content\/uploads\/2022\/07\/dans-ce-monde-312x312-1.png","contentUrl":"https:\/\/covid19-a-savoir.net\/wp-content\/uploads\/2022\/07\/dans-ce-monde-312x312-1.png","width":312,"height":312,"caption":"GS"},"logo":{"@id":"https:\/\/covid19-a-savoir.net\/#\/schema\/person\/image\/"},"sameAs":["http:\/\/covid19-a-savoir.net"]}]}},"jetpack_sharing_enabled":true,"_links":{"self":[{"href":"https:\/\/covid19-a-savoir.net\/index.php\/wp-json\/wp\/v2\/pages\/1333"}],"collection":[{"href":"https:\/\/covid19-a-savoir.net\/index.php\/wp-json\/wp\/v2\/pages"}],"about":[{"href":"https:\/\/covid19-a-savoir.net\/index.php\/wp-json\/wp\/v2\/types\/page"}],"author":[{"embeddable":true,"href":"https:\/\/covid19-a-savoir.net\/index.php\/wp-json\/wp\/v2\/users\/1"}],"replies":[{"embeddable":true,"href":"https:\/\/covid19-a-savoir.net\/index.php\/wp-json\/wp\/v2\/comments?post=1333"}],"version-history":[{"count":2,"href":"https:\/\/covid19-a-savoir.net\/index.php\/wp-json\/wp\/v2\/pages\/1333\/revisions"}],"predecessor-version":[{"id":2489,"href":"https:\/\/covid19-a-savoir.net\/index.php\/wp-json\/wp\/v2\/pages\/1333\/revisions\/2489"}],"wp:attachment":[{"href":"https:\/\/covid19-a-savoir.net\/index.php\/wp-json\/wp\/v2\/media?parent=1333"}],"curies":[{"name":"wp","href":"https:\/\/api.w.org\/{rel}","templated":true}]}}