{"id":1159,"date":"2022-02-28T21:17:43","date_gmt":"2022-02-28T21:17:43","guid":{"rendered":"https:\/\/covid19-a-savoir.net\/?page_id=1159"},"modified":"2022-02-28T22:05:52","modified_gmt":"2022-02-28T22:05:52","slug":"guerre-dukraine-a-savoir","status":"publish","type":"page","link":"https:\/\/covid19-a-savoir.net\/index.php\/guerre-dukraine-a-savoir\/","title":{"rendered":"Guerre d&rsquo;Ukraine &#8211; a savoir"},"content":{"rendered":"<div id=\"dslc-theme-content\"><div id=\"dslc-theme-content-inner\">\n<p>Jeudi 24 f\u00e9vrier 2020 d\u00e9but des frappes RUSSE sur l&rsquo;UKRAINE<\/p>\n\n\n\n<p class=\"has-vivid-red-color has-text-color has-large-font-size\"><strong>Je vous propose un parall\u00e8le avec l&rsquo;actualit\u00e9 de la crise ukrainienne\u2026<\/strong><\/p>\n\n\n\n<p class=\"has-vivid-red-color has-text-color\">Et, actualit\u00e9 oblige, je vous livrerai la synth\u00e8se de ce que j&rsquo;ai compris des v\u00e9ritables enjeux de la crise ukrainienne qui n&rsquo;a pas grand chose \u00e0 voir avec ce que tous les m\u00e9dias mainstream essaient de nous vendre, eux qui sont les sp\u00e9cialistes professionnels des fake news. D&rsquo;ailleurs, comme d&rsquo;habitude, je ne vous demande pas de me croire sur parole. <strong>Mais je vous invite \u00e0 tirer les enseignements de votre observation des m\u00e9dias depuis deux ans pour mettre en doute leur narratif qui, une fois de plus, chante d&rsquo;une seule et unique voix.<\/strong> <strong>\u00c7a ne vous rappelle pas le narrative d&rsquo;un certain coronavirus ?<\/strong><\/p>\n\n\n\n<p><\/p>\n\n\n\n<p class=\"has-vivid-purple-color has-text-color\"><strong><em>Ecoutez ces extraits , que vous ne trouverez pas dans les m\u00e9dias officiels<\/em><\/strong><\/p>\n\n\n\n<p> <\/p>\n\n\n\n<p class=\"has-vivid-green-cyan-color has-text-color has-small-font-size\">Je cite:  &#8211;<strong><em>Donald TRUMP ; D\u00e8s qu&rsquo;il a \u00e9t\u00e9 \u00e9lu PRESIDENT des USA \u00e0 dit: \u00ab\u00a0\u00eatre venu pour nettoyer le marais !\u00a0\u00bb<\/em><\/strong> <strong>+ BILL GATES a annonc\u00e9 que tr\u00e8s rapidement nous auront une nouvelle pand\u00e9mie plus virulente que celle qu&rsquo;on a eu + la RUSSIE a d\u00e9truit les laboratoires d&rsquo;UKRAINE fabriquant des armes de bioterrorisme&#8230;&#8230;..<\/strong><\/p>\n\n\n\n<p><\/p>\n\n\n\n<figure class=\"wp-block-audio\"><audio controls src=\"https:\/\/covid19-a-savoir.net\/wp-content\/uploads\/2022\/02\/JJC-28-02-2022-COM-S-GUERRE-UKRAINE.mp3\"><\/audio><figcaption>JJC 28 02 2022 &#8211; COM S GUERRE UKRAINE<\/figcaption><\/figure>\n\n\n\n<p class=\"has-white-color has-text-color\">x<\/p>\n\n\n\n<p class=\"has-vivid-green-cyan-color has-text-color has-small-font-size\">x Je cite: <strong>le fils de BIDEN recevait \u00e9norm\u00e9ment d&rsquo;argent de l&rsquo;UKRAINE et que les USA ont export\u00e9 \u00e9norm\u00e9ment d&rsquo;arme \u00e0 l&rsquo;UKRAINE<\/strong><\/p>\n\n\n\n<figure class=\"wp-block-audio\"><audio controls src=\"https:\/\/covid19-a-savoir.net\/wp-content\/uploads\/2022\/02\/JJC-28-02-2022-COM-S-GUERRE-UKRAINE-4-biden-et-fils.mp3\"><\/audio><figcaption>JJC 28 02 2022 &#8211; COM S GUERRE UKRAINE-4-biden et fils<\/figcaption><\/figure>\n\n\n\n<p class=\"has-white-color has-text-color\">x<\/p>\n\n\n\n<figure class=\"wp-block-audio\"><audio controls src=\"https:\/\/covid19-a-savoir.net\/wp-content\/uploads\/2022\/02\/JJC-28-02-2022-COM-S-GUERRE-UKRAINE-5-il-fo-se-mefier.mp3\"><\/audio><figcaption>JJC 28 02 2022 &#8211; COM S GUERRE UKRAINE-5&#8211;il faut se m\u00e9fier bien sur.<\/figcaption><\/figure>\n\n\n\n<p class=\"has-white-color has-text-color\">x<\/p>\n\n\n\n<p class=\"has-vivid-green-cyan-color has-text-color has-small-font-size\">Je cite: <strong>il ne faut pas tomber dans le pi\u00e8ge de dire (croire) que l&rsquo;un est un \u00ab\u00a0s&#8230;&#8230;\u00a0\u00bb et l&rsquo;autre est \u00ab\u00a0&#8230;&#8230;\u00a0\u00bb !!!<\/strong><\/p>\n\n\n\n<figure class=\"wp-block-audio\"><audio controls src=\"https:\/\/covid19-a-savoir.net\/wp-content\/uploads\/2022\/02\/JJC-28-02-2022-COM-S-GUERRE-UKRAINE-6-ne-pas-faire-choix-de-trump.mp3\"><\/audio><figcaption>JJC 28 02 2022 &#8211; COM S GUERRE UKRAINE-6&#8211;ne pas faire choix de trump<\/figcaption><\/figure>\n\n\n\n<p class=\"has-white-color has-text-color\">x<\/p>\n\n\n\n<p class=\"has-white-color has-text-color\">x<\/p>\n\n\n\n<figure class=\"wp-block-pullquote has-vivid-red-color has-text-color\"><blockquote><p><a href=\"https:\/\/covid19-a-savoir.net\/index.php\/2022\/02\/25\/guerre-en-ukraine-invasion-russe-en-ukraine\/\">D\u00c9CLARATION DE GUERRE de Vladimir Poutine -Op\u00e9ration militaire en Ukraine \u2013 \u201ca savoir\u201d<\/a><\/p><cite>Le 24 F\u00e9vrier 2022<\/cite><\/blockquote><\/figure>\n\n\n\n<p><strong><em>Voici des liens int\u00e9ressants<\/em><\/strong><\/p>\n\n\n\n<p>\u2014 L&rsquo;article le plus important, sur les laboratoires bio-terroristes :&nbsp;<a href=\"https:\/\/qactus.fr\/2022\/02\/27\/usa-poutine-dit-a-trump-nous-brulons-les-ordures-des-laboratoires-biologiques-detruits\/\" target=\"_blank\" rel=\"noreferrer noopener\">https:\/\/qactus.fr\/2022\/02\/27\/usa-poutine-dit-a-trump-nous-brulons-les-ordures-des-laboratoires-biologiques-detruits\/<\/a>&nbsp;<br>\u2014 Guerre d&rsquo;Ukraine &#8211; Jour 1 :&nbsp;<a href=\"https:\/\/lecourrierdesstrateges.fr\/2022\/02\/24\/bulletin-dinformations-sur-la-crise-russo-ukrainienne\/\" target=\"_blank\" rel=\"noreferrer noopener\">https:\/\/lecourrierdesstrateges.fr\/2022\/02\/24\/bulletin-dinformations-sur-la-crise-russo-ukrainienne\/<\/a>&nbsp;<br>\u2014&nbsp;Guerre d&rsquo;Ukraine &#8211; Jour&nbsp;2&nbsp;:&nbsp;<a href=\"https:\/\/lecourrierdesstrateges.fr\/2022\/02\/26\/guerre-dukraine-le-bilan-jour-2-point-a-la-mi-journee\/\" target=\"_blank\" rel=\"noreferrer noopener\">https:\/\/lecourrierdesstrateges.fr\/2022\/02\/26\/guerre-dukraine-le-bilan-jour-2-point-a-la-mi-journee\/<\/a>&nbsp;<br>\u2014 Guerre d&rsquo;Ukraine &#8211; Jour 3&nbsp;:&nbsp;<a href=\"https:\/\/lecourrierdesstrateges.fr\/2022\/02\/26\/guerre-en-ukraine-jour-3-bilan-de-mi-journee\/\" target=\"_blank\" rel=\"noreferrer noopener\">https:\/\/lecourrierdesstrateges.fr\/2022\/02\/26\/guerre-en-ukraine-jour-3-bilan-de-mi-journee\/<\/a>&nbsp;<br>\u2014 Guerre d&rsquo;Ukraine &#8211; Jour 4 :&nbsp;<a href=\"https:\/\/lecourrierdesstrateges.fr\/2022\/02\/27\/guerre-dukraine-jour-4-bilan-en-debut-de-soiree\/\" target=\"_blank\" rel=\"noreferrer noopener\">https:\/\/lecourrierdesstrateges.fr\/2022\/02\/27\/guerre-dukraine-jour-4-bilan-en-debut-de-soiree\/<\/a>&nbsp;<br>\u2014&nbsp;Le d\u00e9s\u00e9quilibre entre la Russie et l&rsquo;OTAN occidental s&rsquo;est invers\u00e9\u00a0\u00bb Emmanuel Leroy (France-Soir) :&nbsp;<a href=\"https:\/\/odysee.com\/@francesoir:2\/emmanuel-leroy:6\" target=\"_blank\" rel=\"noreferrer noopener\">https:\/\/odysee.com\/@francesoir:2\/emmanuel-leroy:6<\/a>&nbsp;<br>\u2014&nbsp;Soral, Poutine, Macron : Xavier Moreau imp\u00e9rial sur RT :&nbsp;<a href=\"https:\/\/odysee.com\/@ERTV:1\/Moreau-Quatreboeufs-guerre-Ukraine:9\" target=\"_blank\" rel=\"noreferrer noopener\">https:\/\/odysee.com\/@ERTV:1\/Moreau-Quatreboeufs-guerre-Ukraine:9<\/a>&nbsp;<br>\u2014&nbsp;Ukraine : les milices extr\u00e9mistes du bataillon Azov :&nbsp;<a href=\"https:\/\/www.lefigaro.fr\/international\/2018\/05\/18\/01003-20180518ARTFIG00007-ukraine-les-milices-extremistes-du-bataillon-azov.php\">https:\/\/www.lefigaro.fr\/international\/2018\/05\/18\/01003-20180518ARTFIG00007-ukraine-les-milices-extremistes-du-bataillon-azov.php<\/a>&nbsp;<br>\u2014&nbsp;Facebook donne son feu vert \u00e0 l\u2019\u00e9loge d\u2019un bataillon n\u00e9o-nazi ukrainien : The Intercept :&nbsp;<a href=\"https:\/\/www.anguillesousroche.com\/facebook\/facebook-donne-son-feu-vert-a-leloge-dun-bataillon-neo-nazi-ukrainien-the-intercept\/\" target=\"_blank\" rel=\"noreferrer noopener\">https:\/\/www.anguillesousroche.com\/facebook\/facebook-donne-son-feu-vert-a-leloge-dun-bataillon-neo-nazi-ukrainien-the-intercept\/<\/a>&nbsp;<br>\u2014 Sud-Radio &#8211; Charles Gave&nbsp;:&nbsp;<a href=\"https:\/\/youtu.be\/WxmNzcYzAic\" target=\"_blank\" rel=\"noreferrer noopener\">https:\/\/youtu.be\/WxmNzcYzAic<\/a>&nbsp;<br>\u2014 Sud-Radio &#8211;&nbsp;Romain Bressonnet :&nbsp;<a href=\"https:\/\/youtu.be\/Qv1-s0IYHeE\" target=\"_blank\" rel=\"noreferrer noopener\">https:\/\/youtu.be\/Qv1-s0IYHeE<\/a>&nbsp;<br>\u2014&nbsp;Thierry Meyssan sur l&rsquo;attaque russe en Ukraine :&nbsp;<a href=\"https:\/\/youtu.be\/aK696fO2IQo\" target=\"_blank\" rel=\"noreferrer noopener\">https:\/\/youtu.be\/aK696fO2IQo<\/a>&nbsp;<\/p>\n\n\n\n<p><\/p>\n\n\n\n<p><\/p>\n\n\n\n<p><\/p>\n\n\n\n<p><em>\u00ab&nbsp;Ne doutez jamais qu\u2019un petit groupe de personnes puisse changer le monde. En fait, c\u2019est toujours ainsi que le monde a chang\u00e9.&nbsp;\u00bb&nbsp;<\/em>Margaret Mead<\/p>\n\n\n\n<p>(source)<\/p>\n\n\n\n<p><strong><a href=\"https:\/\/formations.emergences.net\/iln0002-chaineprivee\">Acc\u00e9dez \u00e0 de pr\u00e9cieuses informations en toute libert\u00e9\u2026<\/a><\/strong><\/p>\n\n\n\n<p class=\"has-small-font-size\"><strong><a href=\"https:\/\/formations.emergences.net\/products\/chaine-privee-gratuite-de-jjc\/categories\/2149061535\/posts\/2154811198\">Publication de cette vid\u00e9o :&nbsp;lundi 28 f\u00e9vrier 2022 &#8211;&nbsp;Derni\u00e8re mise \u00e0 jour des fichiers : 28 f\u00e9vrier 2022.<\/a><\/strong><\/p>\n\n\n\n<p class=\"has-small-font-size\">CDL128 &#8211; Allier la Vie et l&rsquo;Amour pour nettoyer les \u00e9curies d&rsquo;Augias (NETTOYER II)<\/p>\n<\/div><\/div>","protected":false},"excerpt":{"rendered":"<p>Jeudi 24 f\u00e9vrier 2020 d\u00e9but des frappes RUSSE sur l&rsquo;UKRAINE Je vous propose un parall\u00e8le avec l&rsquo;actualit\u00e9 de la crise&#8230; <a href=\"https:\/\/covid19-a-savoir.net\/index.php\/guerre-dukraine-a-savoir\/\" class=\"readmore\">Read more<span class=\"screen-reader-text\">Guerre d&rsquo;Ukraine &#8211; a savoir<\/span><span class=\"fa fa-angle-double-right\" aria-hidden=\"true\"><\/span><\/a><\/p>\n","protected":false},"author":1,"featured_media":0,"parent":0,"menu_order":0,"comment_status":"closed","ping_status":"closed","template":"","meta":{"footnotes":""},"yoast_head":"<!-- This site is optimized with the Yoast SEO plugin v23.2 - https:\/\/yoast.com\/wordpress\/plugins\/seo\/ -->\n<title>Guerre d&#039;Ukraine - a savoir - Actualit\u00e9s, , .... Apr\u00e8s la p\u00e9riode &quot;covid19&quot;<\/title>\n<meta name=\"robots\" content=\"index, follow, max-snippet:-1, max-image-preview:large, max-video-preview:-1\" \/>\n<link rel=\"canonical\" href=\"https:\/\/covid19-a-savoir.net\/index.php\/guerre-dukraine-a-savoir\/\" \/>\n<meta property=\"og:locale\" content=\"fr_FR\" \/>\n<meta property=\"og:type\" content=\"article\" \/>\n<meta property=\"og:title\" content=\"Guerre d&#039;Ukraine - a savoir - Actualit\u00e9s, , .... Apr\u00e8s la p\u00e9riode &quot;covid19&quot;\" \/>\n<meta property=\"og:description\" content=\"Jeudi 24 f\u00e9vrier 2020 d\u00e9but des frappes RUSSE sur l&rsquo;UKRAINE Je vous propose un parall\u00e8le avec l&rsquo;actualit\u00e9 de la crise... Read moreGuerre d&rsquo;Ukraine &#8211; a savoir\" \/>\n<meta property=\"og:url\" content=\"https:\/\/covid19-a-savoir.net\/index.php\/guerre-dukraine-a-savoir\/\" \/>\n<meta property=\"og:site_name\" content=\"Actualit\u00e9s, , .... Apr\u00e8s la p\u00e9riode &quot;covid19&quot;\" \/>\n<meta property=\"article:modified_time\" content=\"2022-02-28T22:05:52+00:00\" \/>\n<meta name=\"twitter:card\" content=\"summary_large_image\" \/>\n<meta name=\"twitter:label1\" content=\"Dur\u00e9e de lecture estim\u00e9e\" \/>\n\t<meta name=\"twitter:data1\" content=\"3 minutes\" \/>\n<script type=\"application\/ld+json\" class=\"yoast-schema-graph\">{\"@context\":\"https:\/\/schema.org\",\"@graph\":[{\"@type\":\"WebPage\",\"@id\":\"https:\/\/covid19-a-savoir.net\/index.php\/guerre-dukraine-a-savoir\/\",\"url\":\"https:\/\/covid19-a-savoir.net\/index.php\/guerre-dukraine-a-savoir\/\",\"name\":\"Guerre d'Ukraine - a savoir - Actualit\u00e9s, , .... Apr\u00e8s la p\u00e9riode &quot;covid19&quot;\",\"isPartOf\":{\"@id\":\"https:\/\/covid19-a-savoir.net\/#website\"},\"datePublished\":\"2022-02-28T21:17:43+00:00\",\"dateModified\":\"2022-02-28T22:05:52+00:00\",\"breadcrumb\":{\"@id\":\"https:\/\/covid19-a-savoir.net\/index.php\/guerre-dukraine-a-savoir\/#breadcrumb\"},\"inLanguage\":\"fr-FR\",\"potentialAction\":[{\"@type\":\"ReadAction\",\"target\":[\"https:\/\/covid19-a-savoir.net\/index.php\/guerre-dukraine-a-savoir\/\"]}]},{\"@type\":\"BreadcrumbList\",\"@id\":\"https:\/\/covid19-a-savoir.net\/index.php\/guerre-dukraine-a-savoir\/#breadcrumb\",\"itemListElement\":[{\"@type\":\"ListItem\",\"position\":1,\"name\":\"Accueil\",\"item\":\"https:\/\/covid19-a-savoir.net\/\"},{\"@type\":\"ListItem\",\"position\":2,\"name\":\"Guerre d&#8217;Ukraine &#8211; a savoir\"}]},{\"@type\":\"WebSite\",\"@id\":\"https:\/\/covid19-a-savoir.net\/#website\",\"url\":\"https:\/\/covid19-a-savoir.net\/\",\"name\":\"Actualit\u00e9s, , .... Apr\u00e8s la p\u00e9riode &quot;covid19&quot;\",\"description\":\"DES V\u00c9RIT\u00c9S QUI D\u00c9RANGENT\",\"publisher\":{\"@id\":\"https:\/\/covid19-a-savoir.net\/#\/schema\/person\/53265987e4424cc7dde2f857d2b378cf\"},\"potentialAction\":[{\"@type\":\"SearchAction\",\"target\":{\"@type\":\"EntryPoint\",\"urlTemplate\":\"https:\/\/covid19-a-savoir.net\/?s={search_term_string}\"},\"query-input\":\"required name=search_term_string\"}],\"inLanguage\":\"fr-FR\"},{\"@type\":[\"Person\",\"Organization\"],\"@id\":\"https:\/\/covid19-a-savoir.net\/#\/schema\/person\/53265987e4424cc7dde2f857d2b378cf\",\"name\":\"GS\",\"image\":{\"@type\":\"ImageObject\",\"inLanguage\":\"fr-FR\",\"@id\":\"https:\/\/covid19-a-savoir.net\/#\/schema\/person\/image\/\",\"url\":\"https:\/\/covid19-a-savoir.net\/wp-content\/uploads\/2022\/07\/dans-ce-monde-312x312-1.png\",\"contentUrl\":\"https:\/\/covid19-a-savoir.net\/wp-content\/uploads\/2022\/07\/dans-ce-monde-312x312-1.png\",\"width\":312,\"height\":312,\"caption\":\"GS\"},\"logo\":{\"@id\":\"https:\/\/covid19-a-savoir.net\/#\/schema\/person\/image\/\"},\"sameAs\":[\"http:\/\/covid19-a-savoir.net\"]}]}<\/script>\n<!-- \/ Yoast SEO plugin. -->","yoast_head_json":{"title":"Guerre d'Ukraine - a savoir - Actualit\u00e9s, , .... Apr\u00e8s la p\u00e9riode &quot;covid19&quot;","robots":{"index":"index","follow":"follow","max-snippet":"max-snippet:-1","max-image-preview":"max-image-preview:large","max-video-preview":"max-video-preview:-1"},"canonical":"https:\/\/covid19-a-savoir.net\/index.php\/guerre-dukraine-a-savoir\/","og_locale":"fr_FR","og_type":"article","og_title":"Guerre d'Ukraine - a savoir - Actualit\u00e9s, , .... Apr\u00e8s la p\u00e9riode &quot;covid19&quot;","og_description":"Jeudi 24 f\u00e9vrier 2020 d\u00e9but des frappes RUSSE sur l&rsquo;UKRAINE Je vous propose un parall\u00e8le avec l&rsquo;actualit\u00e9 de la crise... Read moreGuerre d&rsquo;Ukraine &#8211; a savoir","og_url":"https:\/\/covid19-a-savoir.net\/index.php\/guerre-dukraine-a-savoir\/","og_site_name":"Actualit\u00e9s, , .... Apr\u00e8s la p\u00e9riode &quot;covid19&quot;","article_modified_time":"2022-02-28T22:05:52+00:00","twitter_card":"summary_large_image","twitter_misc":{"Dur\u00e9e de lecture estim\u00e9e":"3 minutes"},"schema":{"@context":"https:\/\/schema.org","@graph":[{"@type":"WebPage","@id":"https:\/\/covid19-a-savoir.net\/index.php\/guerre-dukraine-a-savoir\/","url":"https:\/\/covid19-a-savoir.net\/index.php\/guerre-dukraine-a-savoir\/","name":"Guerre d'Ukraine - a savoir - Actualit\u00e9s, , .... Apr\u00e8s la p\u00e9riode &quot;covid19&quot;","isPartOf":{"@id":"https:\/\/covid19-a-savoir.net\/#website"},"datePublished":"2022-02-28T21:17:43+00:00","dateModified":"2022-02-28T22:05:52+00:00","breadcrumb":{"@id":"https:\/\/covid19-a-savoir.net\/index.php\/guerre-dukraine-a-savoir\/#breadcrumb"},"inLanguage":"fr-FR","potentialAction":[{"@type":"ReadAction","target":["https:\/\/covid19-a-savoir.net\/index.php\/guerre-dukraine-a-savoir\/"]}]},{"@type":"BreadcrumbList","@id":"https:\/\/covid19-a-savoir.net\/index.php\/guerre-dukraine-a-savoir\/#breadcrumb","itemListElement":[{"@type":"ListItem","position":1,"name":"Accueil","item":"https:\/\/covid19-a-savoir.net\/"},{"@type":"ListItem","position":2,"name":"Guerre d&#8217;Ukraine &#8211; a savoir"}]},{"@type":"WebSite","@id":"https:\/\/covid19-a-savoir.net\/#website","url":"https:\/\/covid19-a-savoir.net\/","name":"Actualit\u00e9s, , .... Apr\u00e8s la p\u00e9riode &quot;covid19&quot;","description":"DES V\u00c9RIT\u00c9S QUI D\u00c9RANGENT","publisher":{"@id":"https:\/\/covid19-a-savoir.net\/#\/schema\/person\/53265987e4424cc7dde2f857d2b378cf"},"potentialAction":[{"@type":"SearchAction","target":{"@type":"EntryPoint","urlTemplate":"https:\/\/covid19-a-savoir.net\/?s={search_term_string}"},"query-input":"required name=search_term_string"}],"inLanguage":"fr-FR"},{"@type":["Person","Organization"],"@id":"https:\/\/covid19-a-savoir.net\/#\/schema\/person\/53265987e4424cc7dde2f857d2b378cf","name":"GS","image":{"@type":"ImageObject","inLanguage":"fr-FR","@id":"https:\/\/covid19-a-savoir.net\/#\/schema\/person\/image\/","url":"https:\/\/covid19-a-savoir.net\/wp-content\/uploads\/2022\/07\/dans-ce-monde-312x312-1.png","contentUrl":"https:\/\/covid19-a-savoir.net\/wp-content\/uploads\/2022\/07\/dans-ce-monde-312x312-1.png","width":312,"height":312,"caption":"GS"},"logo":{"@id":"https:\/\/covid19-a-savoir.net\/#\/schema\/person\/image\/"},"sameAs":["http:\/\/covid19-a-savoir.net"]}]}},"jetpack_sharing_enabled":true,"_links":{"self":[{"href":"https:\/\/covid19-a-savoir.net\/index.php\/wp-json\/wp\/v2\/pages\/1159"}],"collection":[{"href":"https:\/\/covid19-a-savoir.net\/index.php\/wp-json\/wp\/v2\/pages"}],"about":[{"href":"https:\/\/covid19-a-savoir.net\/index.php\/wp-json\/wp\/v2\/types\/page"}],"author":[{"embeddable":true,"href":"https:\/\/covid19-a-savoir.net\/index.php\/wp-json\/wp\/v2\/users\/1"}],"replies":[{"embeddable":true,"href":"https:\/\/covid19-a-savoir.net\/index.php\/wp-json\/wp\/v2\/comments?post=1159"}],"version-history":[{"count":2,"href":"https:\/\/covid19-a-savoir.net\/index.php\/wp-json\/wp\/v2\/pages\/1159\/revisions"}],"predecessor-version":[{"id":1169,"href":"https:\/\/covid19-a-savoir.net\/index.php\/wp-json\/wp\/v2\/pages\/1159\/revisions\/1169"}],"wp:attachment":[{"href":"https:\/\/covid19-a-savoir.net\/index.php\/wp-json\/wp\/v2\/media?parent=1159"}],"curies":[{"name":"wp","href":"https:\/\/api.w.org\/{rel}","templated":true}]}}